{"id":2026,"date":"2020-09-11T23:15:38","date_gmt":"2020-09-11T23:15:38","guid":{"rendered":"http:\/\/wordpress.hotel-zedernhof.de\/?page_id=2026"},"modified":"2022-01-11T12:12:17","modified_gmt":"2022-01-11T12:12:17","slug":"historie","status":"publish","type":"page","link":"https:\/\/hotel-zedernhof.de\/en\/historie\/","title":{"rendered":"History"},"content":{"rendered":"<div data-elementor-type=\"wp-post\" data-elementor-id=\"2026\" class=\"elementor elementor-2026\" data-elementor-post-type=\"page\">\n\t\t\t\t\t\t\t\t\t<section class=\"elementor-section elementor-top-section elementor-element elementor-element-634dbc5f elementor-section-full_width elementor-section-height-full elementor-section-height-default elementor-section-items-middle\" data-id=\"634dbc5f\" data-element_type=\"section\" data-settings=\"{&quot;background_background&quot;:&quot;classic&quot;}\">\n\t\t\t\t\t\t\t<div class=\"elementor-background-overlay\"><\/div>\n\t\t\t\t\t\t\t<div class=\"elementor-container elementor-column-gap-default\">\n\t\t\t\t\t<div class=\"elementor-column elementor-col-100 elementor-top-column elementor-element elementor-element-31c10fba\" data-id=\"31c10fba\" data-element_type=\"column\">\n\t\t\t<div class=\"elementor-widget-wrap elementor-element-populated\">\n\t\t\t\t\t\t\t\t<div class=\"elementor-element elementor-element-8ec1300 elementor-widget elementor-widget-heading\" data-id=\"8ec1300\" data-element_type=\"widget\" data-widget_type=\"heading.default\">\n\t\t\t\t<div class=\"elementor-widget-container\">\n\t\t\t<p class=\"elementor-heading-title elementor-size-xxl\">DIE GESCHICHTE DES HOTEL ZEDERNHOF IN STAMSRIED\n<\/p>\t\t<\/div>\n\t\t\t\t<\/div>\n\t\t\t\t\t<\/div>\n\t\t<\/div>\n\t\t\t\t\t\t\t<\/div>\n\t\t<\/section>\n\t\t\t\t<section class=\"elementor-section elementor-top-section elementor-element elementor-element-3d171d5 elementor-section-boxed elementor-section-height-default elementor-section-height-default\" data-id=\"3d171d5\" data-element_type=\"section\">\n\t\t\t\t\t\t<div class=\"elementor-container elementor-column-gap-default\">\n\t\t\t\t\t<div class=\"elementor-column elementor-col-100 elementor-top-column elementor-element elementor-element-5d9194a\" data-id=\"5d9194a\" data-element_type=\"column\">\n\t\t\t<div class=\"elementor-widget-wrap elementor-element-populated\">\n\t\t\t\t\t\t\t\t<div class=\"elementor-element elementor-element-698dc81 elementor-widget elementor-widget-spacer\" data-id=\"698dc81\" data-element_type=\"widget\" data-widget_type=\"spacer.default\">\n\t\t\t\t<div class=\"elementor-widget-container\">\n\t\t\t\t\t<div class=\"elementor-spacer\">\n\t\t\t<div class=\"elementor-spacer-inner\"><\/div>\n\t\t<\/div>\n\t\t\t\t<\/div>\n\t\t\t\t<\/div>\n\t\t\t\t\t<\/div>\n\t\t<\/div>\n\t\t\t\t\t\t\t<\/div>\n\t\t<\/section>\n\t\t\t\t<section class=\"elementor-section elementor-top-section elementor-element elementor-element-473d3c7 elementor-section-boxed elementor-section-height-default elementor-section-height-default\" data-id=\"473d3c7\" data-element_type=\"section\">\n\t\t\t\t\t\t<div class=\"elementor-container elementor-column-gap-default\">\n\t\t\t\t\t<div class=\"elementor-column elementor-col-100 elementor-top-column elementor-element elementor-element-3b97281\" data-id=\"3b97281\" data-element_type=\"column\">\n\t\t\t<div class=\"elementor-widget-wrap elementor-element-populated\">\n\t\t\t\t\t\t\t\t<div class=\"elementor-element elementor-element-ed54826 elementor-widget elementor-widget-image-gallery\" data-id=\"ed54826\" data-element_type=\"widget\" data-widget_type=\"image-gallery.default\">\n\t\t\t\t<div class=\"elementor-widget-container\">\n\t\t\t\t\t<div class=\"elementor-image-gallery\">\n\t\t\t\n\t\t<style type=\"text\/css\">\n\t\t\t#gallery-1 {\n\t\t\t\tmargin: auto;\n\t\t\t}\n\t\t\t#gallery-1 .gallery-item {\n\t\t\t\tfloat: left;\n\t\t\t\tmargin-top: 10px;\n\t\t\t\ttext-align: center;\n\t\t\t\twidth: 33%;\n\t\t\t}\n\t\t\t#gallery-1 img {\n\t\t\t\tborder: 2px solid #cfcfcf;\n\t\t\t}\n\t\t\t#gallery-1 .gallery-caption {\n\t\t\t\tmargin-left: 0;\n\t\t\t}\n\t\t\t\/* see gallery_shortcode() in wp-includes\/media.php *\/\n\t\t<\/style>\n\t\t<div id='gallery-1' class='gallery galleryid-2026 gallery-columns-3 gallery-size-medium_large'><dl class='gallery-item'>\n\t\t\t<dt class='gallery-icon landscape'>\n\t\t\t\t<a data-elementor-open-lightbox=\"yes\" data-elementor-lightbox-slideshow=\"ed54826\" data-elementor-lightbox-title=\"bilderleiste4[b600]\" data-e-action-hash=\"#elementor-action%3Aaction%3Dlightbox%26settings%3DeyJpZCI6MjAzMSwidXJsIjoiaHR0cHM6XC9cL2hvdGVsLXplZGVybmhvZi5kZVwvd3AtY29udGVudFwvdXBsb2Fkc1wvMjAyMFwvMDlcL2JpbGRlcmxlaXN0ZTRiNjAwLmpwZyIsInNsaWRlc2hvdyI6ImVkNTQ4MjYifQ%3D%3D\" href='https:\/\/hotel-zedernhof.de\/wp-content\/uploads\/2020\/09\/bilderleiste4b600.jpg'><img decoding=\"async\" width=\"600\" height=\"360\" src=\"https:\/\/hotel-zedernhof.de\/wp-content\/uploads\/2020\/09\/bilderleiste4b600.jpg\" class=\"attachment-medium_large size-medium_large\" alt=\"\" srcset=\"https:\/\/hotel-zedernhof.de\/wp-content\/uploads\/2020\/09\/bilderleiste4b600.jpg 600w, https:\/\/hotel-zedernhof.de\/wp-content\/uploads\/2020\/09\/bilderleiste4b600-300x180.jpg 300w, https:\/\/hotel-zedernhof.de\/wp-content\/uploads\/2020\/09\/bilderleiste4b600-440x264.jpg 440w\" sizes=\"(max-width: 600px) 100vw, 600px\" \/><\/a>\n\t\t\t<\/dt><\/dl><dl class='gallery-item'>\n\t\t\t<dt class='gallery-icon landscape'>\n\t\t\t\t<a data-elementor-open-lightbox=\"yes\" data-elementor-lightbox-slideshow=\"ed54826\" data-elementor-lightbox-title=\"bilderleiste3[b600]\" data-e-action-hash=\"#elementor-action%3Aaction%3Dlightbox%26settings%3DeyJpZCI6MjAzMiwidXJsIjoiaHR0cHM6XC9cL2hvdGVsLXplZGVybmhvZi5kZVwvd3AtY29udGVudFwvdXBsb2Fkc1wvMjAyMFwvMDlcL2JpbGRlcmxlaXN0ZTNiNjAwLmpwZyIsInNsaWRlc2hvdyI6ImVkNTQ4MjYifQ%3D%3D\" href='https:\/\/hotel-zedernhof.de\/wp-content\/uploads\/2020\/09\/bilderleiste3b600.jpg'><img decoding=\"async\" width=\"600\" height=\"360\" src=\"https:\/\/hotel-zedernhof.de\/wp-content\/uploads\/2020\/09\/bilderleiste3b600.jpg\" class=\"attachment-medium_large size-medium_large\" alt=\"\" srcset=\"https:\/\/hotel-zedernhof.de\/wp-content\/uploads\/2020\/09\/bilderleiste3b600.jpg 600w, https:\/\/hotel-zedernhof.de\/wp-content\/uploads\/2020\/09\/bilderleiste3b600-300x180.jpg 300w, https:\/\/hotel-zedernhof.de\/wp-content\/uploads\/2020\/09\/bilderleiste3b600-440x264.jpg 440w\" sizes=\"(max-width: 600px) 100vw, 600px\" \/><\/a>\n\t\t\t<\/dt><\/dl><dl class='gallery-item'>\n\t\t\t<dt class='gallery-icon landscape'>\n\t\t\t\t<a data-elementor-open-lightbox=\"yes\" data-elementor-lightbox-slideshow=\"ed54826\" data-elementor-lightbox-title=\"bilderleiste2[b600]\" data-e-action-hash=\"#elementor-action%3Aaction%3Dlightbox%26settings%3DeyJpZCI6MjAzMywidXJsIjoiaHR0cHM6XC9cL2hvdGVsLXplZGVybmhvZi5kZVwvd3AtY29udGVudFwvdXBsb2Fkc1wvMjAyMFwvMDlcL2JpbGRlcmxlaXN0ZTJiNjAwLmpwZyIsInNsaWRlc2hvdyI6ImVkNTQ4MjYifQ%3D%3D\" href='https:\/\/hotel-zedernhof.de\/wp-content\/uploads\/2020\/09\/bilderleiste2b600.jpg'><img decoding=\"async\" width=\"600\" height=\"360\" src=\"https:\/\/hotel-zedernhof.de\/wp-content\/uploads\/2020\/09\/bilderleiste2b600.jpg\" class=\"attachment-medium_large size-medium_large\" alt=\"\" srcset=\"https:\/\/hotel-zedernhof.de\/wp-content\/uploads\/2020\/09\/bilderleiste2b600.jpg 600w, https:\/\/hotel-zedernhof.de\/wp-content\/uploads\/2020\/09\/bilderleiste2b600-300x180.jpg 300w, https:\/\/hotel-zedernhof.de\/wp-content\/uploads\/2020\/09\/bilderleiste2b600-440x264.jpg 440w\" sizes=\"(max-width: 600px) 100vw, 600px\" \/><\/a>\n\t\t\t<\/dt><\/dl><br style=\"clear: both\" \/>\n\t\t<\/div>\n\t\t<\/div>\n\t\t\t\t<\/div>\n\t\t\t\t<\/div>\n\t\t\t\t<div class=\"elementor-element elementor-element-0ebdcc6 elementor-widget elementor-widget-spacer\" data-id=\"0ebdcc6\" data-element_type=\"widget\" data-widget_type=\"spacer.default\">\n\t\t\t\t<div class=\"elementor-widget-container\">\n\t\t\t\t\t<div class=\"elementor-spacer\">\n\t\t\t<div class=\"elementor-spacer-inner\"><\/div>\n\t\t<\/div>\n\t\t\t\t<\/div>\n\t\t\t\t<\/div>\n\t\t\t\t<div class=\"elementor-element elementor-element-956742e elementor-widget elementor-widget-hoteller-timeline\" data-id=\"956742e\" data-element_type=\"widget\" data-widget_type=\"hoteller-timeline.default\">\n\t\t\t\t<div class=\"elementor-widget-container\">\n\t\t\t<div class=\"timeline_wrapper\">\n\t\t<div class=\"timeline_entry stellar\">\n\t\t\t<div class=\"timeline_title\">\n\t\t\t\t\t\t\t\t\t<div class=\"timeline_image\"><img decoding=\"async\" src=\"https:\/\/hotel-zedernhof.de\/wp-content\/uploads\/2020\/11\/1918.png\" alt=\"\"\/><\/div>\n\t\t\t\t\t\t\t\t<h3>1918 - Betriebsgr\u00fcndung<\/h3>\n\t\t\t<\/div>\n\t\t\t<div class=\"timeline_body\"><p>Heirat von Johan und Maria Pusl - Kauf des Hauses von Frau Abel (Schlossbesitzerin) Brau- und B\u00e4ckereirecht\nBetrieb der Land- und Gastwirtschaft - 4 Kinder drei T\u00f6chter und ein Sohn - dieser lernt Metzger in M\u00fcnchen<\/p><\/div>\n\t\t<\/div>\n\t\t<div class=\"timeline_entry\">\n\t\t\t<div class=\"timeline_title\">\n\t\t\t\t\t\t\t\t<h3>1954<\/h3>\n\t\t\t<\/div>\n\t\t\t<div class=\"timeline_body\"><p>Heirat Johann und Hildegard Pusl geb. Reisinger mit \u00dcbernahme des Betriebes\n<\/p><\/div>\n\t\t<\/div>\n\t\t<div class=\"timeline_entry stellar\">\n\t\t\t<div class=\"timeline_title\">\n\t\t\t\t\t\t\t\t\t<div class=\"timeline_image\"><img decoding=\"async\" src=\"https:\/\/hotel-zedernhof.de\/wp-content\/uploads\/2020\/11\/1955.png\" alt=\"\"\/><\/div>\n\t\t\t\t\t\t\t\t<h3>1955<\/h3>\n\t\t\t<\/div>\n\t\t\t<div class=\"timeline_body\"><p>Geburt von Heinz Pusl 3. Generation\n<\/p><\/div>\n\t\t<\/div>\n\t\t<div class=\"timeline_entry\">\n\t\t\t<div class=\"timeline_title\">\n\t\t\t\t\t\t\t\t<h3>1956<\/h3>\n\t\t\t<\/div>\n\t\t\t<div class=\"timeline_body\"><p>Umbau des Metzgereiladen, K\u00fchlanlage f\u00fcr Verkaufsladen und K\u00fcche\n<\/p><\/div>\n\t\t<\/div>\n\t\t<div class=\"timeline_entry stellar\">\n\t\t\t<div class=\"timeline_title\">\n\t\t\t\t\t\t\t\t\t<div class=\"timeline_image\"><img decoding=\"async\" src=\"https:\/\/hotel-zedernhof.de\/wp-content\/uploads\/2020\/11\/1958.png\" alt=\"\"\/><\/div>\n\t\t\t\t\t\t\t\t<h3>1958<\/h3>\n\t\t\t<\/div>\n\t\t\t<div class=\"timeline_body\"><p>Bau neuer Metzgerei (neu gefliest), K\u00fchl- und Gefrieranlagen\n<\/p><\/div>\n\t\t<\/div>\n\t\t<div class=\"timeline_entry\">\n\t\t\t<div class=\"timeline_title\">\n\t\t\t\t\t\t\t\t<h3>1961<\/h3>\n\t\t\t<\/div>\n\t\t\t<div class=\"timeline_body\"><p>Toilettenbau und Treppenhaus im Stammhaus 1. Stock. Lokal und im Keller eine Bar mit Glastanzdiele\n<\/p><\/div>\n\t\t<\/div>\n\t\t<div class=\"timeline_entry\">\n\t\t\t<div class=\"timeline_title\">\n\t\t\t\t\t\t\t\t<h3>1962<\/h3>\n\t\t\t<\/div>\n\t\t\t<div class=\"timeline_body\"><p>Zentralheizung f\u00fcr Restaurant und Bar\n<\/p><\/div>\n\t\t<\/div>\n\t\t<div class=\"timeline_entry\">\n\t\t\t<div class=\"timeline_title\">\n\t\t\t\t\t\t\t\t<h3>1963<\/h3>\n\t\t\t<\/div>\n\t\t\t<div class=\"timeline_body\"><p>Bau von 5 Fremdenzimmer mit Dusche im Stammhaus 1. Stock\n<\/p><\/div>\n\t\t<\/div>\n\t\t<div class=\"timeline_entry\">\n\t\t\t<div class=\"timeline_title\">\n\t\t\t\t\t\t\t\t<h3><\/h3>\n\t\t\t<\/div>\n\t\t\t<div class=\"timeline_body\"><p>\n<\/p><\/div>\n\t\t<\/div>\n\t\t<div class=\"timeline_entry stellar\">\n\t\t\t<div class=\"timeline_title\">\n\t\t\t\t\t\t\t\t\t<div class=\"timeline_image\"><img decoding=\"async\" src=\"https:\/\/hotel-zedernhof.de\/wp-content\/uploads\/2020\/11\/1964.png\" alt=\"\"\/><\/div>\n\t\t\t\t\t\t\t\t<h3>1964<\/h3>\n\t\t\t<\/div>\n\t\t\t<div class=\"timeline_body\"><p>Bau der Schnupferstube\n<\/p><\/div>\n\t\t<\/div>\n\t\t<div class=\"timeline_entry\">\n\t\t\t<div class=\"timeline_title\">\n\t\t\t\t\t\t\t\t<h3>1965<\/h3>\n\t\t\t<\/div>\n\t\t\t<div class=\"timeline_body\"><p>Neuanschaffung von Metzgereimaschinen\n<\/p><\/div>\n\t\t<\/div>\n\t\t<div class=\"timeline_entry\">\n\t\t\t<div class=\"timeline_title\">\n\t\t\t\t\t\t\t\t<h3>1966<\/h3>\n\t\t\t<\/div>\n\t\t\t<div class=\"timeline_body\"><p>Bau von 4 Fremdenzimmer im 2. Stock Stammhaus mit Dusche und WC - (21-24) Ausbau des Dachgeschosses\n<\/p><\/div>\n\t\t<\/div>\n\t\t<div class=\"timeline_entry\">\n\t\t\t<div class=\"timeline_title\">\n\t\t\t\t\t\t\t\t<h3>1969<\/h3>\n\t\t\t<\/div>\n\t\t\t<div class=\"timeline_body\"><p>K\u00fcchenumbau mit K\u00fchlanlagen, Sp\u00fclmaschine und Kaffeemaschine - Kauf eines Hauses in der Lukas-Rauffer-Str.\n<\/p><\/div>\n\t\t<\/div>\n\t\t<div class=\"timeline_entry\">\n\t\t\t<div class=\"timeline_title\">\n\t\t\t\t\t\t\t\t<h3>1970<\/h3>\n\t\t\t<\/div>\n\t\t\t<div class=\"timeline_body\"><p>Abriss des k\u00fcrzlich erworbenen Hauses und Neubau - mit 4 Ferienwohnungen\n<\/p><\/div>\n\t\t<\/div>\n\t\t<div class=\"timeline_entry stellar\">\n\t\t\t<div class=\"timeline_title\">\n\t\t\t\t\t\t\t\t\t<div class=\"timeline_image\"><img decoding=\"async\" src=\"https:\/\/hotel-zedernhof.de\/wp-content\/uploads\/2020\/11\/1972.png\" alt=\"\"\/><\/div>\n\t\t\t\t\t\t\t\t<h3>1972<\/h3>\n\t\t\t<\/div>\n\t\t\t<div class=\"timeline_body\"><p>Renovierung des Metzgereiladens und Eingangsbereiches\n<\/p><\/div>\n\t\t<\/div>\n\t\t<div class=\"timeline_entry\">\n\t\t\t<div class=\"timeline_title\">\n\t\t\t\t\t\t\t\t<h3>1975<\/h3>\n\t\t\t<\/div>\n\t\t\t<div class=\"timeline_body\"><p>Teichbau in den Dammwiesen\n<\/p><\/div>\n\t\t<\/div>\n\t\t<div class=\"timeline_entry stellar\">\n\t\t\t<div class=\"timeline_title\">\n\t\t\t\t\t\t\t\t\t<div class=\"timeline_image\"><img decoding=\"async\" src=\"https:\/\/hotel-zedernhof.de\/wp-content\/uploads\/2020\/11\/1976.png\" alt=\"\"\/><\/div>\n\t\t\t\t\t\t\t\t<h3>1976<\/h3>\n\t\t\t<\/div>\n\t\t\t<div class=\"timeline_body\"><p>Anfang des Schwimmbadbaus und Privathaus von Johann und Hildegart\n<\/p><\/div>\n\t\t<\/div>\n\t\t<div class=\"timeline_entry\">\n\t\t\t<div class=\"timeline_title\">\n\t\t\t\t\t\t\t\t<h3>1977<\/h3>\n\t\t\t<\/div>\n\t\t\t<div class=\"timeline_body\"><p>Nach Tod der Mutter von Johann Pusl Ausbau der Privatzimmer zu 5 Fremdenzimmer - 1. Stock Stammhaus\n<\/p><\/div>\n\t\t<\/div>\n\t\t<div class=\"timeline_entry\">\n\t\t\t<div class=\"timeline_title\">\n\t\t\t\t\t\t\t\t<h3>1978<\/h3>\n\t\t\t<\/div>\n\t\t\t<div class=\"timeline_body\"><p>Fertigstellung des Schwimmbades mit Sonnenheizung\n<\/p><\/div>\n\t\t<\/div>\n\t\t<div class=\"timeline_entry stellar\">\n\t\t\t<div class=\"timeline_title\">\n\t\t\t\t\t\t\t\t\t<div class=\"timeline_image\"><img decoding=\"async\" src=\"https:\/\/hotel-zedernhof.de\/wp-content\/uploads\/2020\/11\/1981.png\" alt=\"\"\/><\/div>\n\t\t\t\t\t\t\t\t<h3>1981<\/h3>\n\t\t\t<\/div>\n\t\t\t<div class=\"timeline_body\"><p>Lokalrenovierung mit neuen M\u00f6bel\n<\/p><\/div>\n\t\t<\/div>\n\t\t<div class=\"timeline_entry\">\n\t\t\t<div class=\"timeline_title\">\n\t\t\t\t\t\t\t\t<h3>1982<\/h3>\n\t\t\t<\/div>\n\t\t\t<div class=\"timeline_body\"><p>Renovierung der K\u00fcche mit Abzugshaube\n<\/p><\/div>\n\t\t<\/div>\n\t\t<div class=\"timeline_entry\">\n\t\t\t<div class=\"timeline_title\">\n\t\t\t\t\t\t\t\t<h3>1983<\/h3>\n\t\t\t<\/div>\n\t\t\t<div class=\"timeline_body\"><p>Bau von 5 Ferienwohnungen mit Dusche\/WC 2. Stock Stammhaus\n<\/p><\/div>\n\t\t<\/div>\n\t\t<div class=\"timeline_entry\">\n\t\t\t<div class=\"timeline_title\">\n\t\t\t\t\t\t\t\t<h3>1984<\/h3>\n\t\t\t<\/div>\n\t\t\t<div class=\"timeline_body\"><p>Umbau Hausgang mit Rezeption\n<\/p><\/div>\n\t\t<\/div>\n\t\t<div class=\"timeline_entry\">\n\t\t\t<div class=\"timeline_title\">\n\t\t\t\t\t\t\t\t<h3>1985<\/h3>\n\t\t\t<\/div>\n\t\t\t<div class=\"timeline_body\"><p>Bau der Sonnenterrase und Fluchttreppe\n<\/p><\/div>\n\t\t<\/div>\n\t\t<div class=\"timeline_entry\">\n\t\t\t<div class=\"timeline_title\">\n\t\t\t\t\t\t\t\t<h3>1987<\/h3>\n\t\t\t<\/div>\n\t\t\t<div class=\"timeline_body\"><p>Bau von 5 Fremdenzimmer und Ferienwohnung im 2. Stock Stammhaus - Kauf eines Kochschrankes f\u00fcr die Metzgerei\n<\/p><\/div>\n\t\t<\/div>\n\t\t<div class=\"timeline_entry\">\n\t\t\t<div class=\"timeline_title\">\n\t\t\t\t\t\t\t\t<h3>1991<\/h3>\n\t\t\t<\/div>\n\t\t\t<div class=\"timeline_body\"><p>Abriss des Stalls hinter dem Hotelgeb\u00e4ude\n<\/p><\/div>\n\t\t<\/div>\n\t\t<div class=\"timeline_entry stellar\">\n\t\t\t<div class=\"timeline_title\">\n\t\t\t\t\t\t\t\t\t<div class=\"timeline_image\"><img decoding=\"async\" src=\"https:\/\/hotel-zedernhof.de\/wp-content\/uploads\/2020\/11\/1992.png\" alt=\"\"\/><\/div>\n\t\t\t\t\t\t\t\t<h3>1992<\/h3>\n\t\t\t<\/div>\n\t\t\t<div class=\"timeline_body\"><p>Bau des Bettenhauses mit 17 Zimmern (meistens mit Balkon)\n<\/p><\/div>\n\t\t<\/div>\n\t\t<div class=\"timeline_entry\">\n\t\t\t<div class=\"timeline_title\">\n\t\t\t\t\t\t\t\t<h3>1994<\/h3>\n\t\t\t<\/div>\n\t\t\t<div class=\"timeline_body\"><p>Bau der Theke mit modernen Computerschankanlage\n<\/p><\/div>\n\t\t<\/div>\n\t\t<div class=\"timeline_entry\">\n\t\t\t<div class=\"timeline_title\">\n\t\t\t\t\t\t\t\t<h3>1995<\/h3>\n\t\t\t<\/div>\n\t\t\t<div class=\"timeline_body\"><p>Modernisierung des Treppenhauses\n<\/p><\/div>\n\t\t<\/div>\n\t\t<div class=\"timeline_entry\">\n\t\t\t<div class=\"timeline_title\">\n\t\t\t\t\t\t\t\t<h3>1996<\/h3>\n\t\t\t<\/div>\n\t\t\t<div class=\"timeline_body\"><p>K\u00fcchenvergr\u00f6\u00dferung und Renovierung des Gastzimmers - Bau der hauseigenen Minigolfanlage\n<\/p><\/div>\n\t\t<\/div>\n\t\t<div class=\"timeline_entry\">\n\t\t\t<div class=\"timeline_title\">\n\t\t\t\t\t\t\t\t<h3>1999<\/h3>\n\t\t\t<\/div>\n\t\t\t<div class=\"timeline_body\"><p>Kauf des alten Gasthauses und Grundst\u00fccks der Familie Seidel\n<\/p><\/div>\n\t\t<\/div>\n\t\t<div class=\"timeline_entry stellar\">\n\t\t\t<div class=\"timeline_title\">\n\t\t\t\t\t\t\t\t\t<div class=\"timeline_image\"><img decoding=\"async\" src=\"https:\/\/hotel-zedernhof.de\/wp-content\/uploads\/2020\/11\/2000.png\" alt=\"\"\/><\/div>\n\t\t\t\t\t\t\t\t<h3>2000<\/h3>\n\t\t\t<\/div>\n\t\t\t<div class=\"timeline_body\"><p>Renovierung der Au\u00dfenfassade, Eingangsbereiches, Metzgereiladen wird zur neuen Rezeption\n<\/p><\/div>\n\t\t<\/div>\n\t\t<div class=\"timeline_entry\">\n\t\t\t<div class=\"timeline_title\">\n\t\t\t\t\t\t\t\t<h3>2005<\/h3>\n\t\t\t<\/div>\n\t\t\t<div class=\"timeline_body\"><p>Bau des ersten Wellnessbereiches mit 3 Saunen, Behandlungs- und Ruher\u00e4umen\n<\/p><\/div>\n\t\t<\/div>\n\t\t<div class=\"timeline_entry\">\n\t\t\t<div class=\"timeline_title\">\n\t\t\t\t\t\t\t\t<h3>2008<\/h3>\n\t\t\t<\/div>\n\t\t\t<div class=\"timeline_body\"><p>Anbau des 2. Wellnessbereiches mit Whirlpool und zus\u00e4tzlichen Behandlungsr\u00e4umen\n<\/p><\/div>\n\t\t<\/div>\n\t\t<div class=\"timeline_entry\">\n\t\t\t<div class=\"timeline_title\">\n\t\t\t\t\t\t\t\t<h3>2009<\/h3>\n\t\t\t<\/div>\n\t\t\t<div class=\"timeline_body\"><p>Renovierung von 14 Fremdenzimmern im Stammhaus - 1. und 2. Stock\n<\/p><\/div>\n\t\t<\/div>\n\t\t<div class=\"timeline_entry\">\n\t\t\t<div class=\"timeline_title\">\n\t\t\t\t\t\t\t\t<h3>2013<\/h3>\n\t\t\t<\/div>\n\t\t\t<div class=\"timeline_body\"><p>Renovierung des Restaurants, Flure, Schnupferstube und Schwimmbades mit neuer L\u00fcftungsanlage - Kauf eines weiteren Fischteiches\n\n<\/p><\/div>\n\t\t<\/div>\n\t\t<div class=\"timeline_entry\">\n\t\t\t<div class=\"timeline_title\">\n\t\t\t\t\t\t\t\t<h3>2018 - ZEDERNHOF<\/h3>\n\t\t\t<\/div>\n\t\t\t<div class=\"timeline_body\"><p>Zum 100 J\u00e4hrigen Jubil\u00e4um neue Namensgebung Zedernhof Gesundheits- &amp; Wellnesshotel\nKernsanierung 14 Zimmer mit Suiten.\nRenovierung der Hotelk\u00fcche.\n<\/p><\/div>\n\t\t<\/div>\n\t\t<div class=\"timeline_entry\">\n\t\t\t<div class=\"timeline_title\">\n\t\t\t\t\t\t\t\t<h3>2020<\/h3>\n\t\t\t<\/div>\n\t\t\t<div class=\"timeline_body\"><p>Sohn Benedikt (4. Generation) tritt in die Gesch\u00e4ftsf\u00fchrung mit ein<\/p><\/div>\n\t\t<\/div>\n\t\t<div class=\"timeline_entry\">\n\t\t\t<div class=\"timeline_title\">\n\t\t\t\t\t\t\t\t<h3>2021<\/h3>\n\t\t\t<\/div>\n\t\t\t<div class=\"timeline_body\"><p>Bau der neuen Heizungsanlage mit eigenem Blockheizkraftwerk\n           Renovierung der Finnischen- und Biosauna\n<\/p><\/div>\n\t\t<\/div>\n<\/div><br class=\"clear\"\/>\n\t\t<\/div>\n\t\t\t\t<\/div>\n\t\t\t\t<div class=\"elementor-element elementor-element-8ba173e elementor-widget elementor-widget-spacer\" data-id=\"8ba173e\" data-element_type=\"widget\" data-widget_type=\"spacer.default\">\n\t\t\t\t<div class=\"elementor-widget-container\">\n\t\t\t\t\t<div class=\"elementor-spacer\">\n\t\t\t<div class=\"elementor-spacer-inner\"><\/div>\n\t\t<\/div>\n\t\t\t\t<\/div>\n\t\t\t\t<\/div>\n\t\t\t\t\t<\/div>\n\t\t<\/div>\n\t\t\t\t\t\t\t<\/div>\n\t\t<\/section>\n\t\t\t\t\t\t\t<\/div>","protected":false},"excerpt":{"rendered":"<p>DIE GESCHICHTE DES HOTEL ZEDERNHOF IN STAMSRIED 1918 &#8211; Betriebsgr\u00fcndung Heirat von Johan und Maria Pusl &#8211; Kauf des Hauses von Frau Abel (Schlossbesitzerin) Brau- und B\u00e4ckereirecht Betrieb der Land- und Gastwirtschaft &#8211; 4 Kinder drei T\u00f6chter und ein Sohn [&hellip;]<\/p>","protected":false},"author":2,"featured_media":0,"parent":0,"menu_order":0,"comment_status":"closed","ping_status":"closed","template":"elementor_header_footer","meta":{"footnotes":""},"yoast_head":"<!-- This site is optimized with the Yoast SEO plugin v21.5 - https:\/\/yoast.com\/wordpress\/plugins\/seo\/ -->\n<title>Historie - Hotel Zedernhof<\/title>\n<meta name=\"robots\" content=\"index, follow, max-snippet:-1, max-image-preview:large, max-video-preview:-1\" \/>\n<link rel=\"canonical\" href=\"https:\/\/hotel-zedernhof.de\/en\/historie\/\" \/>\n<meta property=\"og:locale\" content=\"en_GB\" \/>\n<meta property=\"og:type\" content=\"article\" \/>\n<meta property=\"og:title\" content=\"Historie - Hotel Zedernhof\" \/>\n<meta property=\"og:description\" content=\"DIE GESCHICHTE DES HOTEL ZEDERNHOF IN STAMSRIED 1918 &#8211; Betriebsgr\u00fcndung Heirat von Johan und Maria Pusl &#8211; Kauf des Hauses von Frau Abel (Schlossbesitzerin) Brau- und B\u00e4ckereirecht Betrieb der Land- und Gastwirtschaft &#8211; 4 Kinder drei T\u00f6chter und ein Sohn [&hellip;]\" \/>\n<meta property=\"og:url\" content=\"https:\/\/hotel-zedernhof.de\/en\/historie\/\" \/>\n<meta property=\"og:site_name\" content=\"Hotel Zedernhof\" \/>\n<meta property=\"article:modified_time\" content=\"2022-01-11T12:12:17+00:00\" \/>\n<meta property=\"og:image\" content=\"https:\/\/hotel-zedernhof.de\/wp-content\/uploads\/2020\/09\/bilderleiste4b600.jpg\" \/>\n<meta name=\"twitter:card\" content=\"summary_large_image\" \/>\n<meta name=\"twitter:label1\" content=\"Estimated reading time\" \/>\n\t<meta name=\"twitter:data1\" content=\"5 minutes\" \/>\n<script type=\"application\/ld+json\" class=\"yoast-schema-graph\">{\"@context\":\"https:\/\/schema.org\",\"@graph\":[{\"@type\":\"WebPage\",\"@id\":\"https:\/\/hotel-zedernhof.de\/historie\/\",\"url\":\"https:\/\/hotel-zedernhof.de\/historie\/\",\"name\":\"Historie - Hotel Zedernhof\",\"isPartOf\":{\"@id\":\"https:\/\/hotel-zedernhof.de\/#website\"},\"datePublished\":\"2020-09-11T23:15:38+00:00\",\"dateModified\":\"2022-01-11T12:12:17+00:00\",\"breadcrumb\":{\"@id\":\"https:\/\/hotel-zedernhof.de\/historie\/#breadcrumb\"},\"inLanguage\":\"en-GB\",\"potentialAction\":[{\"@type\":\"ReadAction\",\"target\":[\"https:\/\/hotel-zedernhof.de\/historie\/\"]}]},{\"@type\":\"BreadcrumbList\",\"@id\":\"https:\/\/hotel-zedernhof.de\/historie\/#breadcrumb\",\"itemListElement\":[{\"@type\":\"ListItem\",\"position\":1,\"name\":\"Startseite\",\"item\":\"https:\/\/hotel-zedernhof.de\/\"},{\"@type\":\"ListItem\",\"position\":2,\"name\":\"Historie\"}]},{\"@type\":\"WebSite\",\"@id\":\"https:\/\/hotel-zedernhof.de\/#website\",\"url\":\"https:\/\/hotel-zedernhof.de\/\",\"name\":\"Hotel Zedernhof\",\"description\":\"Hotel Zedernhof\",\"potentialAction\":[{\"@type\":\"SearchAction\",\"target\":{\"@type\":\"EntryPoint\",\"urlTemplate\":\"https:\/\/hotel-zedernhof.de\/?s={search_term_string}\"},\"query-input\":\"required name=search_term_string\"}],\"inLanguage\":\"en-GB\"}]}<\/script>\n<!-- \/ Yoast SEO plugin. -->","yoast_head_json":{"title":"Historie - Hotel Zedernhof","robots":{"index":"index","follow":"follow","max-snippet":"max-snippet:-1","max-image-preview":"max-image-preview:large","max-video-preview":"max-video-preview:-1"},"canonical":"https:\/\/hotel-zedernhof.de\/en\/historie\/","og_locale":"en_GB","og_type":"article","og_title":"Historie - Hotel Zedernhof","og_description":"DIE GESCHICHTE DES HOTEL ZEDERNHOF IN STAMSRIED 1918 &#8211; Betriebsgr\u00fcndung Heirat von Johan und Maria Pusl &#8211; Kauf des Hauses von Frau Abel (Schlossbesitzerin) Brau- und B\u00e4ckereirecht Betrieb der Land- und Gastwirtschaft &#8211; 4 Kinder drei T\u00f6chter und ein Sohn [&hellip;]","og_url":"https:\/\/hotel-zedernhof.de\/en\/historie\/","og_site_name":"Hotel Zedernhof","article_modified_time":"2022-01-11T12:12:17+00:00","og_image":[{"url":"https:\/\/hotel-zedernhof.de\/wp-content\/uploads\/2020\/09\/bilderleiste4b600.jpg"}],"twitter_card":"summary_large_image","twitter_misc":{"Estimated reading time":"5 minutes"},"schema":{"@context":"https:\/\/schema.org","@graph":[{"@type":"WebPage","@id":"https:\/\/hotel-zedernhof.de\/historie\/","url":"https:\/\/hotel-zedernhof.de\/historie\/","name":"Historie - Hotel Zedernhof","isPartOf":{"@id":"https:\/\/hotel-zedernhof.de\/#website"},"datePublished":"2020-09-11T23:15:38+00:00","dateModified":"2022-01-11T12:12:17+00:00","breadcrumb":{"@id":"https:\/\/hotel-zedernhof.de\/historie\/#breadcrumb"},"inLanguage":"en-GB","potentialAction":[{"@type":"ReadAction","target":["https:\/\/hotel-zedernhof.de\/historie\/"]}]},{"@type":"BreadcrumbList","@id":"https:\/\/hotel-zedernhof.de\/historie\/#breadcrumb","itemListElement":[{"@type":"ListItem","position":1,"name":"Startseite","item":"https:\/\/hotel-zedernhof.de\/"},{"@type":"ListItem","position":2,"name":"Historie"}]},{"@type":"WebSite","@id":"https:\/\/hotel-zedernhof.de\/#website","url":"https:\/\/hotel-zedernhof.de\/","name":"Hotel Zedernhof","description":"Hotel Zedernhof","potentialAction":[{"@type":"SearchAction","target":{"@type":"EntryPoint","urlTemplate":"https:\/\/hotel-zedernhof.de\/?s={search_term_string}"},"query-input":"required name=search_term_string"}],"inLanguage":"en-GB"}]}},"_links":{"self":[{"href":"https:\/\/hotel-zedernhof.de\/en\/wp-json\/wp\/v2\/pages\/2026"}],"collection":[{"href":"https:\/\/hotel-zedernhof.de\/en\/wp-json\/wp\/v2\/pages"}],"about":[{"href":"https:\/\/hotel-zedernhof.de\/en\/wp-json\/wp\/v2\/types\/page"}],"author":[{"embeddable":true,"href":"https:\/\/hotel-zedernhof.de\/en\/wp-json\/wp\/v2\/users\/2"}],"replies":[{"embeddable":true,"href":"https:\/\/hotel-zedernhof.de\/en\/wp-json\/wp\/v2\/comments?post=2026"}],"version-history":[{"count":54,"href":"https:\/\/hotel-zedernhof.de\/en\/wp-json\/wp\/v2\/pages\/2026\/revisions"}],"predecessor-version":[{"id":4214,"href":"https:\/\/hotel-zedernhof.de\/en\/wp-json\/wp\/v2\/pages\/2026\/revisions\/4214"}],"wp:attachment":[{"href":"https:\/\/hotel-zedernhof.de\/en\/wp-json\/wp\/v2\/media?parent=2026"}],"curies":[{"name":"wp","href":"https:\/\/api.w.org\/{rel}","templated":true}]}}