{"id":2096,"date":"2020-09-15T13:41:51","date_gmt":"2020-09-15T13:41:51","guid":{"rendered":"http:\/\/wordpress.hotel-zedernhof.de\/?page_id=2096"},"modified":"2022-01-11T12:05:57","modified_gmt":"2022-01-11T12:05:57","slug":"philosophie","status":"publish","type":"page","link":"https:\/\/hotel-zedernhof.de\/en\/philosophie\/","title":{"rendered":"Philosophy"},"content":{"rendered":"<div data-elementor-type=\"wp-post\" data-elementor-id=\"2096\" class=\"elementor elementor-2096\" data-elementor-post-type=\"page\">\n\t\t\t\t\t\t\t\t\t<section class=\"elementor-section elementor-top-section elementor-element elementor-element-634dbc5f elementor-section-full_width elementor-section-height-full elementor-section-height-default elementor-section-items-middle\" data-id=\"634dbc5f\" data-element_type=\"section\" data-settings=\"{&quot;background_background&quot;:&quot;classic&quot;}\">\n\t\t\t\t\t\t\t<div class=\"elementor-background-overlay\"><\/div>\n\t\t\t\t\t\t\t<div class=\"elementor-container elementor-column-gap-default\">\n\t\t\t\t\t<div class=\"elementor-column elementor-col-100 elementor-top-column elementor-element elementor-element-31c10fba\" data-id=\"31c10fba\" data-element_type=\"column\">\n\t\t\t<div class=\"elementor-widget-wrap elementor-element-populated\">\n\t\t\t\t\t\t\t\t<div class=\"elementor-element elementor-element-8ec1300 elementor-widget elementor-widget-heading\" data-id=\"8ec1300\" data-element_type=\"widget\" data-widget_type=\"heading.default\">\n\t\t\t\t<div class=\"elementor-widget-container\">\n\t\t\t<p class=\"elementor-heading-title elementor-size-xxl\">PHILOSOPHIE IM HOTEL ZEDERNHOF<\/p>\t\t<\/div>\n\t\t\t\t<\/div>\n\t\t\t\t\t<\/div>\n\t\t<\/div>\n\t\t\t\t\t\t\t<\/div>\n\t\t<\/section>\n\t\t\t\t<section class=\"elementor-section elementor-top-section elementor-element elementor-element-3d171d5 elementor-section-boxed elementor-section-height-default elementor-section-height-default\" data-id=\"3d171d5\" data-element_type=\"section\">\n\t\t\t\t\t\t<div class=\"elementor-container elementor-column-gap-default\">\n\t\t\t\t\t<div class=\"elementor-column elementor-col-100 elementor-top-column elementor-element elementor-element-5d9194a\" data-id=\"5d9194a\" data-element_type=\"column\">\n\t\t\t<div class=\"elementor-widget-wrap elementor-element-populated\">\n\t\t\t\t\t\t\t\t<div class=\"elementor-element elementor-element-698dc81 elementor-widget elementor-widget-spacer\" data-id=\"698dc81\" data-element_type=\"widget\" data-widget_type=\"spacer.default\">\n\t\t\t\t<div class=\"elementor-widget-container\">\n\t\t\t\t\t<div class=\"elementor-spacer\">\n\t\t\t<div class=\"elementor-spacer-inner\"><\/div>\n\t\t<\/div>\n\t\t\t\t<\/div>\n\t\t\t\t<\/div>\n\t\t\t\t<div class=\"elementor-element elementor-element-317ef87 elementor-widget elementor-widget-text-editor\" data-id=\"317ef87\" data-element_type=\"widget\" data-widget_type=\"text-editor.default\">\n\t\t\t\t<div class=\"elementor-widget-container\">\n\t\t\t\t\t\t\t<p><strong>Die Natur im Zentrum<\/strong><\/p><p>Wer bei uns im Wellness- und Gesundheitshotel Zedernhof seinen Urlaub verbringt, stellt ganz schnell fest, wie eng verbunden wir mit der Natur sind. Bestimmt ist Ihnen beim Besuch unserer Homepage auch schon aufgefallen, dass dort immer wieder Symbole der Natur auftauchen: W\u00e4lder, Nebelschwaden, sattes Gr\u00fcn. Nat\u00fcrlich liegt das zum Teil an unserer Heimat, dem Bayerischen Wald. Wir sind umgeben von W\u00e4ldern und Wiesen und k\u00f6nnen jeden Tag daraus neue Kraft sch\u00f6pfen. Das beeinflusst sowohl unser Handeln, als auch unser Denken. Wie genau erfahren Sie hier.<\/p><p>\u00a0<\/p><p><strong>Regionales Handeln aus Verantwortung<\/strong><\/p><p><strong>\u00a0<\/strong><\/p><p>Nun, unser Handeln ist bestimmt von Regionalit\u00e4t. Darauf legen wir in unserem Hotel besonderen Wert. Wann immer m\u00f6glich kommen die Lebensmittel, die unser K\u00fcchenchef zubereitet, aus der nahen Umgebung. Die Br\u00f6tchen f\u00fcrs Fr\u00fchst\u00fcck holen wir vom B\u00e4cker im Dorf und die Wurst- und Fleischwaren vom ortsans\u00e4ssigen Metzger. So wollen wir unseren Beitrag zum Thema Umweltschutz und Nachhaltigkeit leisten und das bewahren, was uns am wertvollsten ist: unsere Natur.<\/p><p>\u00a0<\/p><p><strong>Naturverbundenes Denken aus Wertsch\u00e4tzung<\/strong><\/p><p><strong>\u00a0<\/strong><\/p><p>Aber auch unser Denken wird von dem bestimmt, was uns umgibt. In unserer Familie war der Bezug zur Natur immer schon tief verwurzelt. Kein Wunder also, dass sich diese Verbundenheit auch in unserer Philosophie widerspiegelt, sie sogar ausmacht. Das zentrale Element unserer Philosophie ist der Keltische Baumkreis. Sie werden bei Ihrem Besuch immer wieder auf diesen treffen und etwas dazu erfahren. F\u00fcr uns ganz pers\u00f6nlich bedeutet er einen vielschichtigen Bezug zur Natur und deren Auswirkungen auf uns und unser Leben. Hier die wichtigsten Eckdaten dazu:<\/p><p>\u00a0<\/p><p><strong>Der Keltische Baumkreis<\/strong><\/p><p><strong>\u00a0<\/strong><\/p><p>Wie der Name schon sagt, stammt der Baumkreis von den Kelten. Diese bev\u00f6lkerten vor langer Zeit unsere waldreiche Region und entwickelten eine Art Horoskop mit Hilfe der B\u00e4ume. Dabei wurden bestimmte menschliche Eigenschaften verschiedenen Baumarten zugeordnet, um ein Muster dahinter zu erkennen. So entstand \u00fcber die Jahre der Keltische Baumkreis bestehend aus 21 Baumarten, die das Jahr in 39 Dekaden aufteilen.<\/p><p>Nach diesem Vorbild ist das ganze Konzept unseres Hauses ausgerichtet. Es zieht sich wie ein gr\u00fcner Faden durchs ganze Hotel und begleitet unsere G\u00e4ste bei ihrem Aufenthalt. Der wertvollste Baum, die Zeder, findet sich sogar in unserem Namen wieder und verwurzelt damit unsere Philosophie noch ein St\u00fcckchen mehr. Hier ein kleiner Ausschnitt der Verteilung der Baumarten \u00fcbers Jahr:<\/p><p>\u00a0<\/p><p><a href=\"https:\/\/www.baumkreis.de\/der-lebensbaum\/02-01-11-01-tanne-lebensbaum-der-weitsicht\/\">02.01.-11.01. Tanne: Lebensbaum der Weitsicht<\/a><\/p><p><a href=\"https:\/\/www.baumkreis.de\/der-lebensbaum\/12-01-24-01-ulme-lebensbaum-des-erwachens\/\">12.01.-24.01. Ulme: Lebensbaum des Erwachens<\/a><\/p><p><a href=\"https:\/\/www.baumkreis.de\/der-lebensbaum\/25-01-03-02-zypresse-lebensbaum-der-ewigkeit\/\">25.01.-03.02. Zypresse: Lebensbaum der Ewigkeit<\/a><\/p><p><a href=\"https:\/\/www.baumkreis.de\/der-lebensbaum\/04-02-08-02-pappel-lebensbaum-der-selbsterkenntnis\/\">04.02.-08.02. Pappel: Lebensbaum der Selbsterkenntnis<\/a><\/p><p><a href=\"https:\/\/www.baumkreis.de\/der-lebensbaum\/09-02-18-02-zeder-lebensbaum-des-mysteriums\/\">09.02.-18.02. Zeder: Lebensbaum des Mysteriums<\/a><\/p><p><a href=\"https:\/\/www.baumkreis.de\/der-lebensbaum\/19-02-29-02-kiefer-lebensbaum-der-geduld\/\">19.02.-29.02. Kiefer: Lebensbaum der Geduld<\/a><\/p><p><a href=\"https:\/\/www.baumkreis.de\/der-lebensbaum\/01-03-10-03-weide-lebensbaum-der-vitalitaet\/\">01.03.-10.03. Weide: Lebensbaum der Vitalit\u00e4t<\/a><\/p><p>Ihr Geburtstag ist nicht dabei? Dann kommen Sie auf zu uns und finden Sie auch Ihr Baumsymbol heraus!<\/p><p>\u00a0<\/p><p><strong>Auf Entdeckungsreise durch unser Hotel <\/strong><\/p><p>Es war uns ein gro\u00dfes Anliegen, den Baumkreis f\u00fcr unsere Besucher nicht nur als reine Theorie darzustellen, sondern erlebbar zu gestalten. Darum haben wir auch unsere Zimmerkategorien an dieses Schema angepasst und jedem einen eigenen Baum zugeteilt. In dem jeweiligen Zimmer finden Sie dann neben einer Erkl\u00e4rung zum Baumkreis auch etwas zum Anfassen. Je nachdem haben wir ein M\u00f6belst\u00fcck aus dem entsprechenden Holz, ein Blatt oder die Frucht des namensgebenden Baumes im Zimmer eingebaut. So k\u00f6nnen Sie sich gleich ein Bild davon machen und mit etwas Gl\u00fcck auf dem n\u00e4chsten Spaziergang den Baum in natura erleben.<\/p><p>Die vorgestellten Baumarten haben wir nat\u00fcrlich nicht einfach nach dem Zufallsprinzip ausgew\u00e4hlt. Haupts\u00e4chlich finden Sie n\u00e4mlich die Baumsymbole unsere Familienmitglieder der 3. Generation. Dies soll ein Zeichen der Dankbarkeit und Anerkennung ihrer Leistungen darstellen und uns immer wieder daran erinnern, woher wir kommen. Werte wie Loyalit\u00e4t und Zusammenhalt spielen bei uns eine gro\u00dfe Rolle und werden entsprechend hochgehalten. Damit schlie\u00dft sich auch der Kreis unserer Philosophie, wie sich der Baumkreis jedes Jahr aufs Neue schlie\u00dft.<\/p><p>\u00a0<\/p><p><strong>Leben auch Sie unsere Philosophie<\/strong><\/p><p>Regionalit\u00e4t, Naturverbundenheit und ein tiefer, famili\u00e4rer Zusammenhalt zeichnen uns als Hotel Zedernhof aus. Lernen auch Sie unser Leitbild den keltischen Baumkreis kennen und lieben. Besuchen Sie uns im idyllischem Stamsried und gehen Sie auf Entdeckungstour zu den Kelten. Gewiss werden Sie dann auch auf Ihr pers\u00f6nliches Baumkreiszeichen sto\u00dfen und dessen Eigenschaften erfahren. Neugierig, ob der Baumkreis auch bei Ihnen richtig liegt? Dann nichts wie los ins Gesundheits- und Wellnesshotel Zedernhof!<\/p><p>Wir freuen uns schon auf Ihren Besuch und beraten Sie nat\u00fcrlich gerne vor Ort oder auch telefonisch vorab zu allen Fragen. Auf Wunsch stellen wir Ihnen auch ein individuelles Angebot zusammen mit allen Inhalten, die Ihnen besonders am Herzen liegen.<\/p><p>\u00a0<\/p><p>Zum Schluss wollen wir Ihnen noch ein kleines Zitat vom Dichter Leopold Schefer mit auf den Weg geben:<\/p><p>\u201eNur, wer die ganze Stimme der Natur heraush\u00f6rt, dem wird sie zur Harmonie.\u201c<\/p><p>Also lassen Sie die Natur in Ihr Herz und finden Sie damit innere Ruhe und Ausgeglichenheit.<\/p>\t\t\t\t\t\t<\/div>\n\t\t\t\t<\/div>\n\t\t\t\t\t<\/div>\n\t\t<\/div>\n\t\t\t\t\t\t\t<\/div>\n\t\t<\/section>\n\t\t\t\t\t\t\t<\/div>","protected":false},"excerpt":{"rendered":"<p>PHILOSOPHIE IM HOTEL ZEDERNHOF Die Natur im Zentrum Wer bei uns im Wellness- und Gesundheitshotel Zedernhof seinen Urlaub verbringt, stellt ganz schnell fest, wie eng verbunden wir mit der Natur sind. Bestimmt ist Ihnen beim Besuch unserer Homepage auch schon [&hellip;]<\/p>","protected":false},"author":2,"featured_media":0,"parent":0,"menu_order":0,"comment_status":"closed","ping_status":"closed","template":"elementor_header_footer","meta":{"footnotes":""},"yoast_head":"<!-- This site is optimized with the Yoast SEO plugin v21.5 - https:\/\/yoast.com\/wordpress\/plugins\/seo\/ -->\n<title>Philosophie - Hotel Zedernhof<\/title>\n<meta name=\"robots\" content=\"index, follow, max-snippet:-1, max-image-preview:large, max-video-preview:-1\" \/>\n<link rel=\"canonical\" href=\"https:\/\/hotel-zedernhof.de\/en\/philosophie\/\" \/>\n<meta property=\"og:locale\" content=\"en_GB\" \/>\n<meta property=\"og:type\" content=\"article\" \/>\n<meta property=\"og:title\" content=\"Philosophie - Hotel Zedernhof\" \/>\n<meta property=\"og:description\" content=\"PHILOSOPHIE IM HOTEL ZEDERNHOF Die Natur im Zentrum Wer bei uns im Wellness- und Gesundheitshotel Zedernhof seinen Urlaub verbringt, stellt ganz schnell fest, wie eng verbunden wir mit der Natur sind. Bestimmt ist Ihnen beim Besuch unserer Homepage auch schon [&hellip;]\" \/>\n<meta property=\"og:url\" content=\"https:\/\/hotel-zedernhof.de\/en\/philosophie\/\" \/>\n<meta property=\"og:site_name\" content=\"Hotel Zedernhof\" \/>\n<meta property=\"article:modified_time\" content=\"2022-01-11T12:05:57+00:00\" \/>\n<meta name=\"twitter:card\" content=\"summary_large_image\" \/>\n<meta name=\"twitter:label1\" content=\"Estimated reading time\" \/>\n\t<meta name=\"twitter:data1\" content=\"5 minutes\" \/>\n<script type=\"application\/ld+json\" class=\"yoast-schema-graph\">{\"@context\":\"https:\/\/schema.org\",\"@graph\":[{\"@type\":\"WebPage\",\"@id\":\"https:\/\/hotel-zedernhof.de\/philosophie\/\",\"url\":\"https:\/\/hotel-zedernhof.de\/philosophie\/\",\"name\":\"Philosophie - Hotel Zedernhof\",\"isPartOf\":{\"@id\":\"https:\/\/hotel-zedernhof.de\/#website\"},\"datePublished\":\"2020-09-15T13:41:51+00:00\",\"dateModified\":\"2022-01-11T12:05:57+00:00\",\"breadcrumb\":{\"@id\":\"https:\/\/hotel-zedernhof.de\/philosophie\/#breadcrumb\"},\"inLanguage\":\"en-GB\",\"potentialAction\":[{\"@type\":\"ReadAction\",\"target\":[\"https:\/\/hotel-zedernhof.de\/philosophie\/\"]}]},{\"@type\":\"BreadcrumbList\",\"@id\":\"https:\/\/hotel-zedernhof.de\/philosophie\/#breadcrumb\",\"itemListElement\":[{\"@type\":\"ListItem\",\"position\":1,\"name\":\"Startseite\",\"item\":\"https:\/\/hotel-zedernhof.de\/\"},{\"@type\":\"ListItem\",\"position\":2,\"name\":\"Philosophie\"}]},{\"@type\":\"WebSite\",\"@id\":\"https:\/\/hotel-zedernhof.de\/#website\",\"url\":\"https:\/\/hotel-zedernhof.de\/\",\"name\":\"Hotel Zedernhof\",\"description\":\"Hotel Zedernhof\",\"potentialAction\":[{\"@type\":\"SearchAction\",\"target\":{\"@type\":\"EntryPoint\",\"urlTemplate\":\"https:\/\/hotel-zedernhof.de\/?s={search_term_string}\"},\"query-input\":\"required name=search_term_string\"}],\"inLanguage\":\"en-GB\"}]}<\/script>\n<!-- \/ Yoast SEO plugin. -->","yoast_head_json":{"title":"Philosophie - Hotel Zedernhof","robots":{"index":"index","follow":"follow","max-snippet":"max-snippet:-1","max-image-preview":"max-image-preview:large","max-video-preview":"max-video-preview:-1"},"canonical":"https:\/\/hotel-zedernhof.de\/en\/philosophie\/","og_locale":"en_GB","og_type":"article","og_title":"Philosophie - Hotel Zedernhof","og_description":"PHILOSOPHIE IM HOTEL ZEDERNHOF Die Natur im Zentrum Wer bei uns im Wellness- und Gesundheitshotel Zedernhof seinen Urlaub verbringt, stellt ganz schnell fest, wie eng verbunden wir mit der Natur sind. Bestimmt ist Ihnen beim Besuch unserer Homepage auch schon [&hellip;]","og_url":"https:\/\/hotel-zedernhof.de\/en\/philosophie\/","og_site_name":"Hotel Zedernhof","article_modified_time":"2022-01-11T12:05:57+00:00","twitter_card":"summary_large_image","twitter_misc":{"Estimated reading time":"5 minutes"},"schema":{"@context":"https:\/\/schema.org","@graph":[{"@type":"WebPage","@id":"https:\/\/hotel-zedernhof.de\/philosophie\/","url":"https:\/\/hotel-zedernhof.de\/philosophie\/","name":"Philosophie - Hotel Zedernhof","isPartOf":{"@id":"https:\/\/hotel-zedernhof.de\/#website"},"datePublished":"2020-09-15T13:41:51+00:00","dateModified":"2022-01-11T12:05:57+00:00","breadcrumb":{"@id":"https:\/\/hotel-zedernhof.de\/philosophie\/#breadcrumb"},"inLanguage":"en-GB","potentialAction":[{"@type":"ReadAction","target":["https:\/\/hotel-zedernhof.de\/philosophie\/"]}]},{"@type":"BreadcrumbList","@id":"https:\/\/hotel-zedernhof.de\/philosophie\/#breadcrumb","itemListElement":[{"@type":"ListItem","position":1,"name":"Startseite","item":"https:\/\/hotel-zedernhof.de\/"},{"@type":"ListItem","position":2,"name":"Philosophie"}]},{"@type":"WebSite","@id":"https:\/\/hotel-zedernhof.de\/#website","url":"https:\/\/hotel-zedernhof.de\/","name":"Hotel Zedernhof","description":"Hotel Zedernhof","potentialAction":[{"@type":"SearchAction","target":{"@type":"EntryPoint","urlTemplate":"https:\/\/hotel-zedernhof.de\/?s={search_term_string}"},"query-input":"required name=search_term_string"}],"inLanguage":"en-GB"}]}},"_links":{"self":[{"href":"https:\/\/hotel-zedernhof.de\/en\/wp-json\/wp\/v2\/pages\/2096"}],"collection":[{"href":"https:\/\/hotel-zedernhof.de\/en\/wp-json\/wp\/v2\/pages"}],"about":[{"href":"https:\/\/hotel-zedernhof.de\/en\/wp-json\/wp\/v2\/types\/page"}],"author":[{"embeddable":true,"href":"https:\/\/hotel-zedernhof.de\/en\/wp-json\/wp\/v2\/users\/2"}],"replies":[{"embeddable":true,"href":"https:\/\/hotel-zedernhof.de\/en\/wp-json\/wp\/v2\/comments?post=2096"}],"version-history":[{"count":30,"href":"https:\/\/hotel-zedernhof.de\/en\/wp-json\/wp\/v2\/pages\/2096\/revisions"}],"predecessor-version":[{"id":4208,"href":"https:\/\/hotel-zedernhof.de\/en\/wp-json\/wp\/v2\/pages\/2096\/revisions\/4208"}],"wp:attachment":[{"href":"https:\/\/hotel-zedernhof.de\/en\/wp-json\/wp\/v2\/media?parent=2096"}],"curies":[{"name":"wp","href":"https:\/\/api.w.org\/{rel}","templated":true}]}}