{"id":2303,"date":"2020-10-25T11:38:53","date_gmt":"2020-10-25T11:38:53","guid":{"rendered":"http:\/\/wordpress.hotel-zedernhof.de\/?page_id=2303"},"modified":"2023-11-30T15:20:54","modified_gmt":"2023-11-30T15:20:54","slug":"silvesterangebote","status":"publish","type":"page","link":"https:\/\/hotel-zedernhof.de\/en\/silvesterangebote\/","title":{"rendered":"Silvesterangebote"},"content":{"rendered":"<div data-elementor-type=\"wp-post\" data-elementor-id=\"2303\" class=\"elementor elementor-2303\" data-elementor-post-type=\"page\">\n\t\t\t\t\t\t\t\t\t<section class=\"elementor-section elementor-top-section elementor-element elementor-element-634dbc5f elementor-section-full_width elementor-section-height-full elementor-section-height-default elementor-section-items-middle\" data-id=\"634dbc5f\" data-element_type=\"section\" data-settings=\"{&quot;background_background&quot;:&quot;classic&quot;}\">\n\t\t\t\t\t\t\t<div class=\"elementor-background-overlay\"><\/div>\n\t\t\t\t\t\t\t<div class=\"elementor-container elementor-column-gap-default\">\n\t\t\t\t\t<div class=\"elementor-column elementor-col-100 elementor-top-column elementor-element elementor-element-31c10fba\" data-id=\"31c10fba\" data-element_type=\"column\">\n\t\t\t<div class=\"elementor-widget-wrap elementor-element-populated\">\n\t\t\t\t\t\t\t\t<div class=\"elementor-element elementor-element-8ec1300 elementor-widget elementor-widget-heading\" data-id=\"8ec1300\" data-element_type=\"widget\" data-widget_type=\"heading.default\">\n\t\t\t\t<div class=\"elementor-widget-container\">\n\t\t\t<h1 class=\"elementor-heading-title elementor-size-xxl\">Silvester im Bayerischen Wald feiern <\/h1>\t\t<\/div>\n\t\t\t\t<\/div>\n\t\t\t\t\t<\/div>\n\t\t<\/div>\n\t\t\t\t\t\t\t<\/div>\n\t\t<\/section>\n\t\t\t\t<section class=\"elementor-section elementor-top-section elementor-element elementor-element-3d171d5 elementor-section-boxed elementor-section-height-default elementor-section-height-default\" data-id=\"3d171d5\" data-element_type=\"section\">\n\t\t\t\t\t\t<div class=\"elementor-container elementor-column-gap-default\">\n\t\t\t\t\t<div class=\"elementor-column elementor-col-100 elementor-top-column elementor-element elementor-element-5d9194a\" data-id=\"5d9194a\" data-element_type=\"column\">\n\t\t\t<div class=\"elementor-widget-wrap elementor-element-populated\">\n\t\t\t\t\t\t\t\t<div class=\"elementor-element elementor-element-698dc81 elementor-widget elementor-widget-spacer\" data-id=\"698dc81\" data-element_type=\"widget\" data-widget_type=\"spacer.default\">\n\t\t\t\t<div class=\"elementor-widget-container\">\n\t\t\t\t\t<div class=\"elementor-spacer\">\n\t\t\t<div class=\"elementor-spacer-inner\"><\/div>\n\t\t<\/div>\n\t\t\t\t<\/div>\n\t\t\t\t<\/div>\n\t\t\t\t\t<\/div>\n\t\t<\/div>\n\t\t\t\t\t\t\t<\/div>\n\t\t<\/section>\n\t\t\t\t<section class=\"elementor-section elementor-top-section elementor-element elementor-element-1b773a8 elementor-section-boxed elementor-section-height-default elementor-section-height-default\" data-id=\"1b773a8\" data-element_type=\"section\">\n\t\t\t\t\t\t<div class=\"elementor-container elementor-column-gap-default\">\n\t\t\t\t\t<div class=\"elementor-column elementor-col-100 elementor-top-column elementor-element elementor-element-1b9f251\" data-id=\"1b9f251\" data-element_type=\"column\">\n\t\t\t<div class=\"elementor-widget-wrap elementor-element-populated\">\n\t\t\t\t\t\t\t\t<div class=\"elementor-element elementor-element-59b2a4b elementor-widget elementor-widget-text-editor\" data-id=\"59b2a4b\" data-element_type=\"widget\" data-widget_type=\"text-editor.default\">\n\t\t\t\t<div class=\"elementor-widget-container\">\n\t\t\t\t\t\t\t<h2><span class=\"TextRun MacChromeBold SCXW85079397 BCX0\" lang=\"DE-DE\" xml:lang=\"DE-DE\" data-contrast=\"none\"><span class=\"NormalTextRun SCXW85079397 BCX0\">Einzigartige <\/span><span class=\"NormalTextRun SCXW85079397 BCX0\">Winter<\/span><span class=\"NormalTextRun SCXW85079397 BCX0\">kulisse im Bayerischen Wald<\/span><\/span><span class=\"EOP SCXW85079397 BCX0\" data-ccp-props=\"{}\">\u00a0<\/span><\/h2><p><span class=\"TextRun SCXW86394965 BCX0\" lang=\"DE-DE\" xml:lang=\"DE-DE\" data-contrast=\"auto\"><span class=\"NormalTextRun SCXW86394965 BCX0\">Genie\u00dfen Sie zum Jahreswechsel eine paar erholsame Tage im Wellnesshotel Zedernhof und feiern Sie mit uns den Beginn des neuen Jahres. Gerade im Winter hat der Bayerische Wald einiges zu bieten. Ob eine Wanderung im Schnee oder eine Kutschfahrt durch die verschneite Landschaft, der Bayerische Wald besticht im Winter mit einem <\/span><\/span><span class=\"TextRun SCXW86394965 BCX0\" lang=\"DE-DE\" xml:lang=\"DE-DE\" data-contrast=\"none\"><span class=\"NormalTextRun SCXW86394965 BCX0\">b<\/span><\/span><span class=\"TextRun SCXW86394965 BCX0\" lang=\"DE-DE\" xml:lang=\"DE-DE\" data-contrast=\"auto\"><span class=\"NormalTextRun SCXW86394965 BCX0\">esonderen Zauber.<\/span><\/span><span class=\"EOP SCXW86394965 BCX0\" data-ccp-props=\"{&quot;335559685&quot;:708}\">\u00a0<\/span><\/p><h2><span class=\"TextRun MacChromeBold SCXW96670370 BCX0\" lang=\"DE-DE\" xml:lang=\"DE-DE\" data-contrast=\"none\"><span class=\"NormalTextRun SCXW96670370 BCX0\">Silvester &amp; Wellness in Bayern<\/span><\/span><span class=\"EOP SCXW96670370 BCX0\" data-ccp-props=\"{&quot;335559685&quot;:708}\">\u00a0<\/span><\/h2><p><span data-contrast=\"auto\">F\u00fcr Entspannung &amp; Erholung sorgt unser \u00fcber 1200 qm gro\u00dfer <\/span><a href=\"https:\/\/hotel-zedernhof.de\/en\/wellness\/\"><span data-contrast=\"auto\">Wellnessbereich<\/span><\/a><span data-contrast=\"auto\">. Genie\u00dfen Sie die W\u00e4rme unserer Wellnessoase. Neben verschiedenen <\/span><a href=\"https:\/\/hotel-zedernhof.de\/en\/saunieren-bayerischer-wald\/\"><span data-contrast=\"auto\">Saunen<\/span><\/a><span data-contrast=\"auto\">, <\/span><a href=\"https:\/\/hotel-zedernhof.de\/en\/whirlpool\/\"><span data-contrast=\"auto\">Whirlpool <\/span><\/a><span data-contrast=\"auto\">, und <\/span><a href=\"https:\/\/hotel-zedernhof.de\/en\/wellness\/#bade\"><span data-contrast=\"auto\">Hallenbad<\/span><\/a><span data-contrast=\"auto\"> mit Gegenstromanlage verf\u00fcgt unser Wellnessbereich \u00fcber viele individuelle Ruher\u00e4ume die f\u00fcr perfekte Entspannung sorgen. Hierbei ist unsere komplette Hotelanlage mit der vitalisierenden \u201eGrander\u201c Wassertechnologie ausgestattet.<\/span><span data-ccp-props=\"{&quot;335559685&quot;:708}\">\u00a0<\/span><\/p><h2><span class=\"TextRun MacChromeBold SCXW122383761 BCX0\" lang=\"DE-DE\" xml:lang=\"DE-DE\" data-contrast=\"none\"><span class=\"NormalTextRun SCXW122383761 BCX0\">Hochwertige <\/span><span class=\"NormalTextRun SCXW122383761 BCX0\">Bewirtung<\/span><span class=\"NormalTextRun SCXW122383761 BCX0\"> in unseren Silvesterangeboten im Bayerischen Wald<\/span><\/span><span class=\"EOP SCXW122383761 BCX0\" data-ccp-props=\"{&quot;335559685&quot;:708}\">\u00a0<\/span><\/h2><p><span class=\"TextRun SCXW75096999 BCX0\" lang=\"DE-DE\" xml:lang=\"DE-DE\" data-contrast=\"auto\"><span class=\"NormalTextRun SCXW75096999 BCX0\">Auch die Kulinarik kommt im Gesundheits- und Wellnesshotel Zedernhof nicht zu kurz. In unseren Pauschalangeboten ist unser <\/span><\/span><a href=\"https:\/\/hotel-zedernhof.de\/en\/kulinarik\/\"><span class=\"TextRun Underlined SCXW75096999 BCX0\" lang=\"DE-DE\" xml:lang=\"DE-DE\" data-contrast=\"auto\"><span class=\"NormalTextRun SCXW75096999 BCX0\">Verw\u00f6hn-Dreiviertel-Pension<\/span><\/span><\/a><span class=\"TextRun SCXW75096999 BCX0\" lang=\"DE-DE\" xml:lang=\"DE-DE\" data-contrast=\"auto\"> <span class=\"NormalTextRun SCXW75096999 BCX0\">bereits enthalten und bietet viele verschiedene frische &amp; regionale Speisen sowie ein 4-Gang <\/span><span class=\"NormalTextRun SpellingErrorV2Themed SCXW75096999 BCX0\">Wahlmen\u00fc<\/span><span class=\"NormalTextRun SCXW75096999 BCX0\"> am Abend. Eine kostenlose Weinprobe mit unserem Oberkellner Peter ist ebenfalls in den Silvesterpauschalen enthalten.<\/span><\/span><span class=\"EOP SCXW75096999 BCX0\" data-ccp-props=\"{&quot;335559685&quot;:708}\">\u00a0<\/span><\/p><h2><span class=\"NormalTextRun SCXW129011143 BCX0\">Gro\u00dfes <\/span><span class=\"NormalTextRun SCXW129011143 BCX0\">Open Air <\/span><span class=\"NormalTextRun SCXW129011143 BCX0\">im Bayerischen Wald<\/span><\/h2><p><span class=\"TextRun SCXW166057834 BCX0\" lang=\"DE-DE\" xml:lang=\"DE-DE\" data-contrast=\"auto\"><span class=\"NormalTextRun SCXW166057834 BCX0\">Ebenfalls gro\u00dfer Beliebtheit erfreut sich das trad<\/span><\/span><span class=\"TextRun SCXW166057834 BCX0\" lang=\"DE-DE\" xml:lang=\"DE-DE\" data-contrast=\"none\"><span class=\"NormalTextRun SCXW166057834 BCX0\">i<\/span><\/span><span class=\"TextRun SCXW166057834 BCX0\" lang=\"DE-DE\" xml:lang=\"DE-DE\" data-contrast=\"auto\"><span class=\"NormalTextRun SCXW166057834 BCX0\">tionelle Winter Open-Air auf dem <\/span><span class=\"NormalTextRun SpellingErrorV2Themed SCXW166057834 BCX0\">Stamsrieder<\/span><span class=\"NormalTextRun SCXW166057834 BCX0\"> Marktplatz, welches bereits ein paar Tage vor dem Silvester <\/span><span class=\"NormalTextRun ContextualSpellingAndGrammarErrorV2Themed SCXW166057834 BCX0\">Abend<\/span><span class=\"NormalTextRun SCXW166057834 BCX0\"> und zwar am 28.12 findet in jedem Jahr das traditionelle Winter Open-Air auf dem <\/span><span class=\"NormalTextRun SpellingErrorV2Themed SCXW166057834 BCX0\">Stamsrieder<\/span><span class=\"NormalTextRun SCXW166057834 BCX0\"> Marktplatz statt. Diese Open-Air-Party ist in der Region bereits legend\u00e4r und erfreut sich auch bei unseren G\u00e4sten gro\u00dfer Beliebtheit.<\/span><\/span><span class=\"EOP SCXW166057834 BCX0\" data-ccp-props=\"{&quot;335559685&quot;:708}\">\u00a0<\/span><\/p><h2><span class=\"TextRun MacChromeBold SCXW21105919 BCX0\" lang=\"DE-DE\" xml:lang=\"DE-DE\" data-contrast=\"auto\"><span class=\"NormalTextRun SCXW21105919 BCX0\">Der Silvesterabend im Hotel Zedernhof<\/span><\/span><span class=\"EOP SCXW21105919 BCX0\" data-ccp-props=\"{&quot;335559685&quot;:708}\">\u00a0<\/span><\/h2><p><span data-contrast=\"auto\">Am Silvesterabend verw\u00f6hnt Sie unser K\u00fcchenchef dann mit einem hochwertigen Galamen\u00fc sowie kleineren Snacks um Mitternacht. <\/span><span data-contrast=\"none\">So k\u00f6nnen Sie gest\u00e4rkt und gl\u00fccklich nach einem wundervollen Abendessen Silvester im Bayerischen Wald feiern. <\/span><span data-contrast=\"auto\">Zus\u00e4tzlich l\u00e4dt Live Musik zum Tanzen und Feiern ein, sodass Sie bester Laune in das neue Jahr starten. <\/span><span data-contrast=\"none\">Sie wollen das neue Jahr privat und in vertrauter Zweisamkeit begr\u00fc\u00dfen? Dann betrachten Sie das wundersch\u00f6ne Feuerwerkgeschehen \u00fcber Stamsried von Ihrem Zimmerbalkon aus und genie\u00dfen dazu ein Glas Sekt, dass wir Ihnen gerne vorher in Ihrem Zimmer servieren.\u00a0<\/span><span data-ccp-props=\"{&quot;335559685&quot;:708}\">\u00a0<\/span><\/p><p><span data-contrast=\"none\">Werfen Sie gleich einen Blick in unsere <\/span><a href=\"https:\/\/hotel-zedernhof.de\/en\/wellnessangebote-im-bayerischen-wald-jetzt-im-3s-hotel-zedernhof-im-bayerischen-wald\/\"><span data-contrast=\"none\">Pauschalangebote<\/span><\/a><span data-contrast=\"none\">, um Ihren Wellnessurlaub an Silvester im Bayerischen Wald zu buchen und entspannt das neue Jahr einzul\u00e4uten.<\/span><span data-ccp-props=\"{&quot;335559685&quot;:708}\">\u00a0<\/span><\/p>\t\t\t\t\t\t<\/div>\n\t\t\t\t<\/div>\n\t\t\t\t\t<\/div>\n\t\t<\/div>\n\t\t\t\t\t\t\t<\/div>\n\t\t<\/section>\n\t\t\t\t<section class=\"elementor-section elementor-top-section elementor-element elementor-element-a569349 elementor-section-boxed elementor-section-height-default elementor-section-height-default\" data-id=\"a569349\" data-element_type=\"section\">\n\t\t\t\t\t\t<div class=\"elementor-container elementor-column-gap-default\">\n\t\t\t\t\t<div class=\"elementor-column elementor-col-50 elementor-top-column elementor-element elementor-element-0c127c3\" data-id=\"0c127c3\" data-element_type=\"column\">\n\t\t\t<div class=\"elementor-widget-wrap elementor-element-populated\">\n\t\t\t\t\t\t\t\t<div class=\"elementor-element elementor-element-faf25d4 elementor-widget elementor-widget-image\" data-id=\"faf25d4\" data-element_type=\"widget\" data-widget_type=\"image.default\">\n\t\t\t\t<div class=\"elementor-widget-container\">\n\t\t\t\t\t\t\t\t\t\t\t\t\t\t\t<img decoding=\"async\" width=\"300\" height=\"300\" src=\"https:\/\/hotel-zedernhof.de\/wp-content\/uploads\/2020\/11\/winter-300x300.jpg\" class=\"attachment-medium size-medium wp-image-2839\" alt=\"Langlaufen_Silvester-Bayerischer-Wald\" srcset=\"https:\/\/hotel-zedernhof.de\/wp-content\/uploads\/2020\/11\/winter-300x300.jpg 300w, https:\/\/hotel-zedernhof.de\/wp-content\/uploads\/2020\/11\/winter-1024x1024.jpg 1024w, https:\/\/hotel-zedernhof.de\/wp-content\/uploads\/2020\/11\/winter-150x150.jpg 150w, https:\/\/hotel-zedernhof.de\/wp-content\/uploads\/2020\/11\/winter-1536x1536.jpg 1536w, https:\/\/hotel-zedernhof.de\/wp-content\/uploads\/2020\/11\/winter-2048x2048.jpg 2048w, https:\/\/hotel-zedernhof.de\/wp-content\/uploads\/2020\/11\/winter-610x610.jpg 610w, https:\/\/hotel-zedernhof.de\/wp-content\/uploads\/2020\/11\/winter-20x20.jpg 20w\" sizes=\"(max-width: 300px) 100vw, 300px\" \/>\t\t\t\t\t\t\t\t\t\t\t\t\t\t\t<\/div>\n\t\t\t\t<\/div>\n\t\t\t\t\t<\/div>\n\t\t<\/div>\n\t\t\t\t<div class=\"elementor-column elementor-col-50 elementor-top-column elementor-element elementor-element-727871a\" data-id=\"727871a\" data-element_type=\"column\">\n\t\t\t<div class=\"elementor-widget-wrap elementor-element-populated\">\n\t\t\t\t\t\t\t\t<div class=\"elementor-element elementor-element-e303cc9 elementor-align-left elementor-widget elementor-widget-button\" data-id=\"e303cc9\" data-element_type=\"widget\" data-widget_type=\"button.default\">\n\t\t\t\t<div class=\"elementor-widget-container\">\n\t\t\t\t\t<div class=\"elementor-button-wrapper\">\n\t\t\t<a class=\"elementor-button elementor-button-link elementor-size-md\" href=\"https:\/\/ibev5.hotels-online-buchen.de\/ibe\/Stamsriedzedernhof\/?_gl=1*jojgm8*_ga*MTc5MTk3ODEwMy4xNjkzOTIxMjYz*_ga_NMEQSV00KB*MTcwMTM1NjE3OS44My4xLjE3MDEzNTczMzcuNDEuMC4w\">\n\t\t\t\t\t\t<span class=\"elementor-button-content-wrapper\">\n\t\t\t\t\t\t<span class=\"elementor-button-text\">Jetzt Silvester-Urlaub buchen<\/span>\n\t\t<\/span>\n\t\t\t\t\t<\/a>\n\t\t<\/div>\n\t\t\t\t<\/div>\n\t\t\t\t<\/div>\n\t\t\t\t\t<\/div>\n\t\t<\/div>\n\t\t\t\t\t\t\t<\/div>\n\t\t<\/section>\n\t\t\t\t\t\t\t<\/div>","protected":false},"excerpt":{"rendered":"<p>Silvester im Bayerischen Wald feiern Einzigartige Winterkulisse im Bayerischen Wald\u00a0 Genie\u00dfen Sie zum Jahreswechsel eine paar erholsame Tage im Wellnesshotel Zedernhof und feiern Sie mit uns den Beginn des neuen Jahres. Gerade im Winter hat der Bayerische Wald einiges zu [&hellip;]<\/p>","protected":false},"author":2,"featured_media":0,"parent":0,"menu_order":0,"comment_status":"closed","ping_status":"closed","template":"elementor_header_footer","meta":{"footnotes":""},"yoast_head":"<!-- This site is optimized with the Yoast SEO plugin v21.5 - https:\/\/yoast.com\/wordpress\/plugins\/seo\/ -->\n<title>Silvester im 3* Hotel Zedernhof im Bay. Wald feiern<\/title>\n<meta name=\"description\" content=\"Unvergesslich ins neue Jahr starten mit tollen Silvesterangeboten im 3* Hotel Zedernhof!\" \/>\n<meta name=\"robots\" content=\"index, follow, max-snippet:-1, max-image-preview:large, max-video-preview:-1\" \/>\n<link rel=\"canonical\" href=\"https:\/\/hotel-zedernhof.de\/en\/silvesterangebote\/\" \/>\n<meta property=\"og:locale\" content=\"en_GB\" \/>\n<meta property=\"og:type\" content=\"article\" \/>\n<meta property=\"og:title\" content=\"Silvester im 3* Hotel Zedernhof im Bay. Wald feiern\" \/>\n<meta property=\"og:description\" content=\"Unvergesslich ins neue Jahr starten mit tollen Silvesterangeboten im 3* Hotel Zedernhof!\" \/>\n<meta property=\"og:url\" content=\"https:\/\/hotel-zedernhof.de\/en\/silvesterangebote\/\" \/>\n<meta property=\"og:site_name\" content=\"Hotel Zedernhof\" \/>\n<meta property=\"article:modified_time\" content=\"2023-11-30T15:20:54+00:00\" \/>\n<meta property=\"og:image\" content=\"https:\/\/hotel-zedernhof.de\/wp-content\/uploads\/2020\/11\/winter-300x300.jpg\" \/>\n<meta name=\"twitter:card\" content=\"summary_large_image\" \/>\n<meta name=\"twitter:label1\" content=\"Estimated reading time\" \/>\n\t<meta name=\"twitter:data1\" content=\"3 minutes\" \/>\n<script type=\"application\/ld+json\" class=\"yoast-schema-graph\">{\"@context\":\"https:\/\/schema.org\",\"@graph\":[{\"@type\":\"WebPage\",\"@id\":\"https:\/\/hotel-zedernhof.de\/silvesterangebote\/\",\"url\":\"https:\/\/hotel-zedernhof.de\/silvesterangebote\/\",\"name\":\"Silvester im 3* Hotel Zedernhof im Bay. Wald feiern\",\"isPartOf\":{\"@id\":\"https:\/\/hotel-zedernhof.de\/#website\"},\"datePublished\":\"2020-10-25T11:38:53+00:00\",\"dateModified\":\"2023-11-30T15:20:54+00:00\",\"description\":\"Unvergesslich ins neue Jahr starten mit tollen Silvesterangeboten im 3* Hotel Zedernhof!\",\"breadcrumb\":{\"@id\":\"https:\/\/hotel-zedernhof.de\/silvesterangebote\/#breadcrumb\"},\"inLanguage\":\"en-GB\",\"potentialAction\":[{\"@type\":\"ReadAction\",\"target\":[\"https:\/\/hotel-zedernhof.de\/silvesterangebote\/\"]}]},{\"@type\":\"BreadcrumbList\",\"@id\":\"https:\/\/hotel-zedernhof.de\/silvesterangebote\/#breadcrumb\",\"itemListElement\":[{\"@type\":\"ListItem\",\"position\":1,\"name\":\"Startseite\",\"item\":\"https:\/\/hotel-zedernhof.de\/\"},{\"@type\":\"ListItem\",\"position\":2,\"name\":\"Silvesterangebote\"}]},{\"@type\":\"WebSite\",\"@id\":\"https:\/\/hotel-zedernhof.de\/#website\",\"url\":\"https:\/\/hotel-zedernhof.de\/\",\"name\":\"Hotel Zedernhof\",\"description\":\"Hotel Zedernhof\",\"potentialAction\":[{\"@type\":\"SearchAction\",\"target\":{\"@type\":\"EntryPoint\",\"urlTemplate\":\"https:\/\/hotel-zedernhof.de\/?s={search_term_string}\"},\"query-input\":\"required name=search_term_string\"}],\"inLanguage\":\"en-GB\"}]}<\/script>\n<!-- \/ Yoast SEO plugin. -->","yoast_head_json":{"title":"Silvester im 3* Hotel Zedernhof im Bay. Wald feiern","description":"Unvergesslich ins neue Jahr starten mit tollen Silvesterangeboten im 3* Hotel Zedernhof!","robots":{"index":"index","follow":"follow","max-snippet":"max-snippet:-1","max-image-preview":"max-image-preview:large","max-video-preview":"max-video-preview:-1"},"canonical":"https:\/\/hotel-zedernhof.de\/en\/silvesterangebote\/","og_locale":"en_GB","og_type":"article","og_title":"Silvester im 3* Hotel Zedernhof im Bay. Wald feiern","og_description":"Unvergesslich ins neue Jahr starten mit tollen Silvesterangeboten im 3* Hotel Zedernhof!","og_url":"https:\/\/hotel-zedernhof.de\/en\/silvesterangebote\/","og_site_name":"Hotel Zedernhof","article_modified_time":"2023-11-30T15:20:54+00:00","og_image":[{"url":"https:\/\/hotel-zedernhof.de\/wp-content\/uploads\/2020\/11\/winter-300x300.jpg"}],"twitter_card":"summary_large_image","twitter_misc":{"Estimated reading time":"3 minutes"},"schema":{"@context":"https:\/\/schema.org","@graph":[{"@type":"WebPage","@id":"https:\/\/hotel-zedernhof.de\/silvesterangebote\/","url":"https:\/\/hotel-zedernhof.de\/silvesterangebote\/","name":"Silvester im 3* Hotel Zedernhof im Bay. Wald feiern","isPartOf":{"@id":"https:\/\/hotel-zedernhof.de\/#website"},"datePublished":"2020-10-25T11:38:53+00:00","dateModified":"2023-11-30T15:20:54+00:00","description":"Unvergesslich ins neue Jahr starten mit tollen Silvesterangeboten im 3* Hotel Zedernhof!","breadcrumb":{"@id":"https:\/\/hotel-zedernhof.de\/silvesterangebote\/#breadcrumb"},"inLanguage":"en-GB","potentialAction":[{"@type":"ReadAction","target":["https:\/\/hotel-zedernhof.de\/silvesterangebote\/"]}]},{"@type":"BreadcrumbList","@id":"https:\/\/hotel-zedernhof.de\/silvesterangebote\/#breadcrumb","itemListElement":[{"@type":"ListItem","position":1,"name":"Startseite","item":"https:\/\/hotel-zedernhof.de\/"},{"@type":"ListItem","position":2,"name":"Silvesterangebote"}]},{"@type":"WebSite","@id":"https:\/\/hotel-zedernhof.de\/#website","url":"https:\/\/hotel-zedernhof.de\/","name":"Hotel Zedernhof","description":"Hotel Zedernhof","potentialAction":[{"@type":"SearchAction","target":{"@type":"EntryPoint","urlTemplate":"https:\/\/hotel-zedernhof.de\/?s={search_term_string}"},"query-input":"required name=search_term_string"}],"inLanguage":"en-GB"}]}},"_links":{"self":[{"href":"https:\/\/hotel-zedernhof.de\/en\/wp-json\/wp\/v2\/pages\/2303"}],"collection":[{"href":"https:\/\/hotel-zedernhof.de\/en\/wp-json\/wp\/v2\/pages"}],"about":[{"href":"https:\/\/hotel-zedernhof.de\/en\/wp-json\/wp\/v2\/types\/page"}],"author":[{"embeddable":true,"href":"https:\/\/hotel-zedernhof.de\/en\/wp-json\/wp\/v2\/users\/2"}],"replies":[{"embeddable":true,"href":"https:\/\/hotel-zedernhof.de\/en\/wp-json\/wp\/v2\/comments?post=2303"}],"version-history":[{"count":20,"href":"https:\/\/hotel-zedernhof.de\/en\/wp-json\/wp\/v2\/pages\/2303\/revisions"}],"predecessor-version":[{"id":4575,"href":"https:\/\/hotel-zedernhof.de\/en\/wp-json\/wp\/v2\/pages\/2303\/revisions\/4575"}],"wp:attachment":[{"href":"https:\/\/hotel-zedernhof.de\/en\/wp-json\/wp\/v2\/media?parent=2303"}],"curies":[{"name":"wp","href":"https:\/\/api.w.org\/{rel}","templated":true}]}}