{"id":3578,"date":"2021-02-03T12:56:28","date_gmt":"2021-02-03T12:56:28","guid":{"rendered":"https:\/\/hotel-zedernhof.de\/?page_id=3578"},"modified":"2026-04-27T14:12:38","modified_gmt":"2026-04-27T14:12:38","slug":"whirlpool","status":"publish","type":"page","link":"https:\/\/hotel-zedernhof.de\/en\/whirlpool\/","title":{"rendered":"Whirlpool"},"content":{"rendered":"<div data-elementor-type=\"wp-post\" data-elementor-id=\"3578\" class=\"elementor elementor-3578\" data-elementor-post-type=\"page\">\n\t\t\t\t\t\t\t\t\t<section class=\"elementor-section elementor-top-section elementor-element elementor-element-634dbc5f elementor-section-full_width elementor-section-height-full elementor-section-height-default elementor-section-items-middle\" data-id=\"634dbc5f\" data-element_type=\"section\" data-settings=\"{&quot;background_background&quot;:&quot;classic&quot;}\">\n\t\t\t\t\t\t\t<div class=\"elementor-background-overlay\"><\/div>\n\t\t\t\t\t\t\t<div class=\"elementor-container elementor-column-gap-default\">\n\t\t\t\t\t<div class=\"elementor-column elementor-col-100 elementor-top-column elementor-element elementor-element-31c10fba\" data-id=\"31c10fba\" data-element_type=\"column\">\n\t\t\t<div class=\"elementor-widget-wrap elementor-element-populated\">\n\t\t\t\t\t\t\t\t<div class=\"elementor-element elementor-element-8ec1300 elementor-widget elementor-widget-heading\" data-id=\"8ec1300\" data-element_type=\"widget\" data-widget_type=\"heading.default\">\n\t\t\t\t<div class=\"elementor-widget-container\">\n\t\t\t<h1 class=\"elementor-heading-title elementor-size-xxl\">Unser Whirlpool im 3* S Hotel Zedernhof<br>im Bayerischen Wald<\/h1>\t\t<\/div>\n\t\t\t\t<\/div>\n\t\t\t\t\t<\/div>\n\t\t<\/div>\n\t\t\t\t\t\t\t<\/div>\n\t\t<\/section>\n\t\t\t\t<section class=\"elementor-section elementor-top-section elementor-element elementor-element-3f69056 elementor-section-boxed elementor-section-height-default elementor-section-height-default\" data-id=\"3f69056\" data-element_type=\"section\">\n\t\t\t\t\t\t<div class=\"elementor-container elementor-column-gap-default\">\n\t\t\t\t\t<div class=\"elementor-column elementor-col-100 elementor-top-column elementor-element elementor-element-bf20222\" data-id=\"bf20222\" data-element_type=\"column\">\n\t\t\t<div class=\"elementor-widget-wrap elementor-element-populated\">\n\t\t\t\t\t\t\t\t<div class=\"elementor-element elementor-element-6498b54 elementor-widget elementor-widget-spacer\" data-id=\"6498b54\" data-element_type=\"widget\" data-widget_type=\"spacer.default\">\n\t\t\t\t<div class=\"elementor-widget-container\">\n\t\t\t\t\t<div class=\"elementor-spacer\">\n\t\t\t<div class=\"elementor-spacer-inner\"><\/div>\n\t\t<\/div>\n\t\t\t\t<\/div>\n\t\t\t\t<\/div>\n\t\t\t\t<div class=\"elementor-element elementor-element-bf1d0da elementor-widget elementor-widget-text-editor\" data-id=\"bf1d0da\" data-element_type=\"widget\" data-widget_type=\"text-editor.default\">\n\t\t\t\t<div class=\"elementor-widget-container\">\n\t\t\t\t\t\t\t<p><strong>Hotel Zedernhof \u2013 Geheimtipp mit \u00dcberraschungseffekt<\/strong><\/p><p>Auf den ersten Blick wirkt unser Gesundheits- und Wellnesshotel wie ein gem\u00fctliches Gasthaus irgendwo am Rande des Bayerischen Waldes. Der Eingang liegt direkt am Marktplatz von Stamsried, was eher auf eine zentrale Lage als auf eine Ruheoase im Gr\u00fcnen schlie\u00dfen l\u00e4sst. Was man auf den ersten Blick jedoch nicht ahnt: Hinter unserem wundervollen Hotel bietet sich Ihnen ein atemberaubender Ausblick \u00fcber Wiesen und W\u00e4lder. Und um diese Landschaft w\u00fcrdig betrachten zu k\u00f6nnen, haben wir noch eine kleine \u00dcberraschung f\u00fcr Sie: unseren Whirlpool mit der perfekten Aussicht.<\/p><p>Er befindet sich in der optimalen Lage, um ganz entspannt die unbebaute Landschaft zu genie\u00dfen und nebenbei im warmen Wasser sanft massiert zu werden. Genie\u00dfen Sie den Blick \u00fcber den Sattelberg und nehmen Sie das satte Gr\u00fcn der B\u00e4ume und Wiesen in sich auf. Nicht ohne Grund ist Gr\u00fcn die Farbe der Hoffnung: Wer sich die Zeit nimmt und die Natur betrachtet, merkt wie klein und unwichtig doch so manche Alltagssorgen sind. Der Blickwinkel \u00e4ndert sich: Von einer sehr Ich-bezogenen Sichtweise hat man die Chance nach au\u00dfen zu treten und das gro\u00dfe Ganze zu sehen. Und genau das ist es doch was \u201ezur Ruhe kommen\u201c ausmacht: zu merken, dass man auch einmal abschalten und loslassen kann, ohne, dass dadurch gleich die ganze Welt untergeht. Viel zu oft verlieren wir das aus den Augen und auch den Blick f\u00fcr die kleinen Freuden des Alltags, aber hier bei uns in diesem herrlichen Whirlpool werden Sie es wiederfinden.<\/p><p><strong>Ruhepol bei jedem Wetter <\/strong><\/p><p>Sollten Sie nun bef\u00fcrchten, dass unser Whirlpool durch seine au\u00dferordentlich sch\u00f6ne Lage nur zu bestimmten Jahreszeiten nutzbar ist, so k\u00f6nnen wir Sie beruhigen: Sie haben das ganze Jahr \u00fcber die M\u00f6glichkeit, diese Annehmlichkeit zu nutzen und k\u00f6nnen damit die verschiedenen Facetten des Bayerischen Waldes bequem vom Wasser aus betrachten. Beobachten Sie, wie sich langsam die Krokusse durch die d\u00fcnne Schneedecke nach oben arbeiten und die Sonne den letzten Rest Winter wegschmelzen l\u00e4sst. Erfreuen Sie sich an dem satten Gr\u00fcn der B\u00e4ume und den saftigen Wiesen unter strahlend blauem Himmel. Staunen Sie \u00fcber die Vielfalt der Rot-, Orange und Braunt\u00f6ne der Bl\u00e4tter. Oder genie\u00dfen Sie die W\u00e4rme des Pools w\u00e4hrend drau\u00dfen schon wieder die ersten Schneeflocken vom Himmel rieseln. Egal zu welcher Jahreszeit es Sie zu uns in den Bayerischen Wald verschl\u00e4gt, er hat Ihnen garantiert einige unvergessliche Augenblicke zu bieten.<\/p><p><strong>Offen oder geschlossen \u2013 Ihre Wahl<\/strong><\/p><p>Neben dem wundervollen Ausblick bietet unser Whirlpool aber noch ein weiteres Highlight: Er ist n\u00e4mlich rundum verglast. Sie denken sich jetzt bestimmt, dass das Ihre Aussicht einschr\u00e4nkt und das Naturerlebnis tr\u00fcbt \u2013 das Gegenteil ist aber der Fall. Denn Sie bestimmen ganz allein, ob Sie nun drau\u00dfen oder drinnen sitzen m\u00f6chten. Ganz nach Lust und Laune k\u00f6nnen unsere G\u00e4ste selbstst\u00e4ndig die Verglasung entfernen oder eben schlie\u00dfen. Rundum gibt es selbstverst\u00e4ndlich keine l\u00e4stigen St\u00fctzen, die den Panoramablick tr\u00fcben k\u00f6nnen. Wir haben uns ganz bewusst f\u00fcr diese Variante entschieden, um Ihnen das Maximum an Landschaft zu bieten. So steht einem einzigartigen Naturspektakel nun wortw\u00f6rtlich nichts mehr im Weg.<\/p><p><strong>Achtsamkeit \u00fcben leicht gemacht <\/strong><\/p><p>Wie oben bereits erw\u00e4hnt, \u00e4ndert sich die Perspektive, wenn man sich f\u00fcr eine gewisse Zeit in der Natur aufh\u00e4lt. Etwas moderner ausgedr\u00fcckt: Man trainiert sich in Achtsamkeit. Das bedeutet, dass sich unser Fokus, unsere Gedanken und damit auch unsere Gef\u00fchle von der Vergangenheit beziehungsweise Zukunft in die Gegenwart verlagern \u2013 da wo sie eigentlich auch hingeh\u00f6ren. Die Vergangenheit k\u00f6nnen wir nicht mehr \u00e4ndern, selbst wenn wir noch so angestrengt nachdenken. Und die Zukunft liegt \u2013 zumindest zu einem gro\u00dfen Teil \u2013 nicht in unserer Hand. Also sollten wir uns viel \u00f6fter in Achtsamkeit trainieren und das Hier und Jetzt genie\u00dfen. Welcher Ort w\u00e4re daf\u00fcr besser geeignet als ein Whirlpool inmitten der Natur, umgeben von Ruhe und Frieden. Lassen Sie Ihre Sorgen vor unserer Haust\u00fcr, wenn Sie ankommen und treten Sie durch unseren Eingangsbereich in eine Atmosph\u00e4re der Entspannung. Nat\u00fcrlich bieten wir Ihnen alle Wellnessangebote, die Sie f\u00fcr Ihre pers\u00f6nliche Auszeit brauchen und beraten Sie gerne bei der richtigen Auswahl.<\/p><p>Bei uns im Zedernhof lernen Sie das Loslassen auf eine neue Art und Weise und k\u00f6nnen dabei die Natur ums Ich herum v\u00f6llig neu aufnehmen. Machen Sie sich bereit f\u00fcr Naturgenuss der besonderen Art!<\/p><p>Ihr Team vom Zedernhof.<\/p>\t\t\t\t\t\t<\/div>\n\t\t\t\t<\/div>\n\t\t\t\t<div class=\"elementor-element elementor-element-22bd698 elementor-widget elementor-widget-spacer\" data-id=\"22bd698\" data-element_type=\"widget\" data-widget_type=\"spacer.default\">\n\t\t\t\t<div class=\"elementor-widget-container\">\n\t\t\t\t\t<div class=\"elementor-spacer\">\n\t\t\t<div class=\"elementor-spacer-inner\"><\/div>\n\t\t<\/div>\n\t\t\t\t<\/div>\n\t\t\t\t<\/div>\n\t\t\t\t\t<\/div>\n\t\t<\/div>\n\t\t\t\t\t\t\t<\/div>\n\t\t<\/section>\n\t\t\t\t<section class=\"elementor-section elementor-top-section elementor-element elementor-element-cc40681 elementor-section-boxed elementor-section-height-default elementor-section-height-default\" data-id=\"cc40681\" data-element_type=\"section\">\n\t\t\t\t\t\t<div class=\"elementor-container elementor-column-gap-default\">\n\t\t\t\t\t<div class=\"elementor-column elementor-col-100 elementor-top-column elementor-element elementor-element-3f278da\" data-id=\"3f278da\" data-element_type=\"column\">\n\t\t\t<div class=\"elementor-widget-wrap\">\n\t\t\t\t\t\t\t\t\t<\/div>\n\t\t<\/div>\n\t\t\t\t\t\t\t<\/div>\n\t\t<\/section>\n\t\t\t\t\t\t\t<\/div>","protected":false},"excerpt":{"rendered":"<p>Unser Whirlpool im 3* S Hotel Zedernhofim Bayerischen Wald Hotel Zedernhof \u2013 Geheimtipp mit \u00dcberraschungseffekt Auf den ersten Blick wirkt unser Gesundheits- und Wellnesshotel wie ein gem\u00fctliches Gasthaus irgendwo am Rande des Bayerischen Waldes. Der Eingang liegt direkt am Marktplatz [&hellip;]<\/p>","protected":false},"author":2,"featured_media":0,"parent":0,"menu_order":0,"comment_status":"closed","ping_status":"closed","template":"elementor_header_footer","meta":{"footnotes":""},"yoast_head":"<!-- This site is optimized with the Yoast SEO plugin v21.5 - https:\/\/yoast.com\/wordpress\/plugins\/seo\/ -->\n<title>Day Spa im 3*S Hotel Zedernhof - Tageswellness Bayerischer Wald<\/title>\n<meta name=\"description\" content=\"Tolle Tageswellnessangebote im 3*S Hotel Zedernhof f\u00fcr Ihren perfekten Spa-Day auf 1200qm. \u2665\ufe0f Jetzt buchen &amp; genie\u00dfen!\" \/>\n<meta name=\"robots\" content=\"index, follow, max-snippet:-1, max-image-preview:large, max-video-preview:-1\" \/>\n<link rel=\"canonical\" href=\"https:\/\/hotel-zedernhof.de\/en\/whirlpool\/\" \/>\n<meta property=\"og:locale\" content=\"en_GB\" \/>\n<meta property=\"og:type\" content=\"article\" \/>\n<meta property=\"og:title\" content=\"Day Spa im 3*S Hotel Zedernhof - Tageswellness Bayerischer Wald\" \/>\n<meta property=\"og:description\" content=\"Tolle Tageswellnessangebote im 3*S Hotel Zedernhof f\u00fcr Ihren perfekten Spa-Day auf 1200qm. \u2665\ufe0f Jetzt buchen &amp; genie\u00dfen!\" \/>\n<meta property=\"og:url\" content=\"https:\/\/hotel-zedernhof.de\/en\/whirlpool\/\" \/>\n<meta property=\"og:site_name\" content=\"Hotel Zedernhof\" \/>\n<meta property=\"article:modified_time\" content=\"2026-04-27T14:12:38+00:00\" \/>\n<meta name=\"twitter:card\" content=\"summary_large_image\" \/>\n<meta name=\"twitter:label1\" content=\"Estimated reading time\" \/>\n\t<meta name=\"twitter:data1\" content=\"4 minutes\" \/>\n<script type=\"application\/ld+json\" class=\"yoast-schema-graph\">{\"@context\":\"https:\/\/schema.org\",\"@graph\":[{\"@type\":\"WebPage\",\"@id\":\"https:\/\/hotel-zedernhof.de\/whirlpool\/\",\"url\":\"https:\/\/hotel-zedernhof.de\/whirlpool\/\",\"name\":\"Day Spa im 3*S Hotel Zedernhof - Tageswellness Bayerischer Wald\",\"isPartOf\":{\"@id\":\"https:\/\/hotel-zedernhof.de\/#website\"},\"datePublished\":\"2021-02-03T12:56:28+00:00\",\"dateModified\":\"2026-04-27T14:12:38+00:00\",\"description\":\"Tolle Tageswellnessangebote im 3*S Hotel Zedernhof f\u00fcr Ihren perfekten Spa-Day auf 1200qm. \u2665\ufe0f Jetzt buchen & genie\u00dfen!\",\"breadcrumb\":{\"@id\":\"https:\/\/hotel-zedernhof.de\/whirlpool\/#breadcrumb\"},\"inLanguage\":\"en-GB\",\"potentialAction\":[{\"@type\":\"ReadAction\",\"target\":[\"https:\/\/hotel-zedernhof.de\/whirlpool\/\"]}]},{\"@type\":\"BreadcrumbList\",\"@id\":\"https:\/\/hotel-zedernhof.de\/whirlpool\/#breadcrumb\",\"itemListElement\":[{\"@type\":\"ListItem\",\"position\":1,\"name\":\"Startseite\",\"item\":\"https:\/\/hotel-zedernhof.de\/\"},{\"@type\":\"ListItem\",\"position\":2,\"name\":\"Whirlpool\"}]},{\"@type\":\"WebSite\",\"@id\":\"https:\/\/hotel-zedernhof.de\/#website\",\"url\":\"https:\/\/hotel-zedernhof.de\/\",\"name\":\"Hotel Zedernhof\",\"description\":\"Hotel Zedernhof\",\"potentialAction\":[{\"@type\":\"SearchAction\",\"target\":{\"@type\":\"EntryPoint\",\"urlTemplate\":\"https:\/\/hotel-zedernhof.de\/?s={search_term_string}\"},\"query-input\":\"required name=search_term_string\"}],\"inLanguage\":\"en-GB\"}]}<\/script>\n<!-- \/ Yoast SEO plugin. -->","yoast_head_json":{"title":"Day Spa im 3*S Hotel Zedernhof - Tageswellness Bayerischer Wald","description":"Tolle Tageswellnessangebote im 3*S Hotel Zedernhof f\u00fcr Ihren perfekten Spa-Day auf 1200qm. \u2665\ufe0f Jetzt buchen & genie\u00dfen!","robots":{"index":"index","follow":"follow","max-snippet":"max-snippet:-1","max-image-preview":"max-image-preview:large","max-video-preview":"max-video-preview:-1"},"canonical":"https:\/\/hotel-zedernhof.de\/en\/whirlpool\/","og_locale":"en_GB","og_type":"article","og_title":"Day Spa im 3*S Hotel Zedernhof - Tageswellness Bayerischer Wald","og_description":"Tolle Tageswellnessangebote im 3*S Hotel Zedernhof f\u00fcr Ihren perfekten Spa-Day auf 1200qm. \u2665\ufe0f Jetzt buchen & genie\u00dfen!","og_url":"https:\/\/hotel-zedernhof.de\/en\/whirlpool\/","og_site_name":"Hotel Zedernhof","article_modified_time":"2026-04-27T14:12:38+00:00","twitter_card":"summary_large_image","twitter_misc":{"Estimated reading time":"4 minutes"},"schema":{"@context":"https:\/\/schema.org","@graph":[{"@type":"WebPage","@id":"https:\/\/hotel-zedernhof.de\/whirlpool\/","url":"https:\/\/hotel-zedernhof.de\/whirlpool\/","name":"Day Spa im 3*S Hotel Zedernhof - Tageswellness Bayerischer Wald","isPartOf":{"@id":"https:\/\/hotel-zedernhof.de\/#website"},"datePublished":"2021-02-03T12:56:28+00:00","dateModified":"2026-04-27T14:12:38+00:00","description":"Tolle Tageswellnessangebote im 3*S Hotel Zedernhof f\u00fcr Ihren perfekten Spa-Day auf 1200qm. \u2665\ufe0f Jetzt buchen & genie\u00dfen!","breadcrumb":{"@id":"https:\/\/hotel-zedernhof.de\/whirlpool\/#breadcrumb"},"inLanguage":"en-GB","potentialAction":[{"@type":"ReadAction","target":["https:\/\/hotel-zedernhof.de\/whirlpool\/"]}]},{"@type":"BreadcrumbList","@id":"https:\/\/hotel-zedernhof.de\/whirlpool\/#breadcrumb","itemListElement":[{"@type":"ListItem","position":1,"name":"Startseite","item":"https:\/\/hotel-zedernhof.de\/"},{"@type":"ListItem","position":2,"name":"Whirlpool"}]},{"@type":"WebSite","@id":"https:\/\/hotel-zedernhof.de\/#website","url":"https:\/\/hotel-zedernhof.de\/","name":"Hotel Zedernhof","description":"Hotel Zedernhof","potentialAction":[{"@type":"SearchAction","target":{"@type":"EntryPoint","urlTemplate":"https:\/\/hotel-zedernhof.de\/?s={search_term_string}"},"query-input":"required name=search_term_string"}],"inLanguage":"en-GB"}]}},"_links":{"self":[{"href":"https:\/\/hotel-zedernhof.de\/en\/wp-json\/wp\/v2\/pages\/3578"}],"collection":[{"href":"https:\/\/hotel-zedernhof.de\/en\/wp-json\/wp\/v2\/pages"}],"about":[{"href":"https:\/\/hotel-zedernhof.de\/en\/wp-json\/wp\/v2\/types\/page"}],"author":[{"embeddable":true,"href":"https:\/\/hotel-zedernhof.de\/en\/wp-json\/wp\/v2\/users\/2"}],"replies":[{"embeddable":true,"href":"https:\/\/hotel-zedernhof.de\/en\/wp-json\/wp\/v2\/comments?post=3578"}],"version-history":[{"count":14,"href":"https:\/\/hotel-zedernhof.de\/en\/wp-json\/wp\/v2\/pages\/3578\/revisions"}],"predecessor-version":[{"id":4001,"href":"https:\/\/hotel-zedernhof.de\/en\/wp-json\/wp\/v2\/pages\/3578\/revisions\/4001"}],"wp:attachment":[{"href":"https:\/\/hotel-zedernhof.de\/en\/wp-json\/wp\/v2\/media?parent=3578"}],"curies":[{"name":"wp","href":"https:\/\/api.w.org\/{rel}","templated":true}]}}