{"id":3601,"date":"2021-02-04T14:41:16","date_gmt":"2021-02-04T14:41:16","guid":{"rendered":"https:\/\/hotel-zedernhof.de\/?page_id=3601"},"modified":"2026-04-27T14:04:16","modified_gmt":"2026-04-27T14:04:16","slug":"last-minute-urlaub","status":"publish","type":"page","link":"https:\/\/hotel-zedernhof.de\/en\/last-minute-urlaub\/","title":{"rendered":"Last Minute Urlaub"},"content":{"rendered":"<div data-elementor-type=\"wp-post\" data-elementor-id=\"3601\" class=\"elementor elementor-3601\" data-elementor-post-type=\"page\">\n\t\t\t\t\t\t\t\t\t<section class=\"elementor-section elementor-top-section elementor-element elementor-element-634dbc5f elementor-section-full_width elementor-section-height-full elementor-section-height-default elementor-section-items-middle\" data-id=\"634dbc5f\" data-element_type=\"section\" data-settings=\"{&quot;background_background&quot;:&quot;classic&quot;}\">\n\t\t\t\t\t\t\t<div class=\"elementor-background-overlay\"><\/div>\n\t\t\t\t\t\t\t<div class=\"elementor-container elementor-column-gap-default\">\n\t\t\t\t\t<div class=\"elementor-column elementor-col-100 elementor-top-column elementor-element elementor-element-31c10fba\" data-id=\"31c10fba\" data-element_type=\"column\">\n\t\t\t<div class=\"elementor-widget-wrap elementor-element-populated\">\n\t\t\t\t\t\t\t\t<div class=\"elementor-element elementor-element-8ec1300 elementor-widget elementor-widget-heading\" data-id=\"8ec1300\" data-element_type=\"widget\" data-widget_type=\"heading.default\">\n\t\t\t\t<div class=\"elementor-widget-container\">\n\t\t\t<h1 class=\"elementor-heading-title elementor-size-xxl\">Last Minute Urlaub Bayerischer Wald<\/h1>\t\t<\/div>\n\t\t\t\t<\/div>\n\t\t\t\t\t<\/div>\n\t\t<\/div>\n\t\t\t\t\t\t\t<\/div>\n\t\t<\/section>\n\t\t\t\t<section class=\"elementor-section elementor-top-section elementor-element elementor-element-48aa0ee elementor-section-boxed elementor-section-height-default elementor-section-height-default\" data-id=\"48aa0ee\" data-element_type=\"section\">\n\t\t\t\t\t\t<div class=\"elementor-container elementor-column-gap-default\">\n\t\t\t\t\t<div class=\"elementor-column elementor-col-100 elementor-top-column elementor-element elementor-element-7dff3eb\" data-id=\"7dff3eb\" data-element_type=\"column\">\n\t\t\t<div class=\"elementor-widget-wrap elementor-element-populated\">\n\t\t\t\t\t\t\t\t<div class=\"elementor-element elementor-element-711fdcb elementor-widget elementor-widget-spacer\" data-id=\"711fdcb\" data-element_type=\"widget\" data-widget_type=\"spacer.default\">\n\t\t\t\t<div class=\"elementor-widget-container\">\n\t\t\t\t\t<div class=\"elementor-spacer\">\n\t\t\t<div class=\"elementor-spacer-inner\"><\/div>\n\t\t<\/div>\n\t\t\t\t<\/div>\n\t\t\t\t<\/div>\n\t\t\t\t<div class=\"elementor-element elementor-element-622332f elementor-widget elementor-widget-text-editor\" data-id=\"622332f\" data-element_type=\"widget\" data-widget_type=\"text-editor.default\">\n\t\t\t\t<div class=\"elementor-widget-container\">\n\t\t\t\t\t\t\t<h2><strong><span class=\"TextRun MacChromeBold SCXW34623105 BCX0\" lang=\"DE-DE\" xml:lang=\"DE-DE\" data-contrast=\"auto\"><span class=\"NormalTextRun SCXW34623105 BCX0\">Exklusive Angebote f\u00fcr Last Minute Urlaub in Bayern<\/span><\/span><\/strong><\/h2><p><span class=\"TextRun SCXW256311198 BCX0\" lang=\"DE-DE\" xml:lang=\"DE-DE\" data-contrast=\"auto\"><span class=\"NormalTextRun SCXW256311198 BCX0\">Was gibt es <\/span><span class=\"NormalTextRun ContextualSpellingAndGrammarErrorV2Themed SCXW256311198 BCX0\">sch\u00f6neres<\/span><span class=\"NormalTextRun SCXW256311198 BCX0\"> als einen spontanen Kurzurlaub? Im Hotel Zedernhof k\u00f6nnen Sie <\/span><span class=\"NormalTextRun SCXW256311198 BCX0\">ganz kurzfristig<\/span><span class=\"NormalTextRun SCXW256311198 BCX0\"> dem Alltag entfliehen und sparen dadurch auch deutlich bei Ihrem Wellnessurlaub. Erleben Sie erstklassige Wellnessbehandlungen und entspannen Sie inmitten der atemberaubenden bayerischen Landschaft. Nutzen Sie diese Chance, um sich selbst zu verw\u00f6hnen und neue Energie zu tanken. Z\u00f6gern Sie nicht, buchen Sie jetzt und genie\u00dfen Sie pure Entspannung zum Schn\u00e4ppchenpreis!<\/span><\/span><span class=\"EOP SCXW256311198 BCX0\" data-ccp-props=\"{&quot;335559685&quot;:708}\">\u00a0<\/span><\/p><h2><span class=\"TextRun MacChromeBold SCXW104654600 BCX0\" lang=\"DE-DE\" xml:lang=\"DE-DE\" data-contrast=\"auto\"><span class=\"NormalTextRun SCXW104654600 BCX0\">Entspannung pur im Bayerischen Wald erleben<\/span><\/span><\/h2><p><span class=\"TextRun SCXW228193383 BCX0\" lang=\"DE-DE\" xml:lang=\"DE-DE\" data-contrast=\"auto\"><span class=\"NormalTextRun SCXW228193383 BCX0\">Erleben Sie ultimative Entspannung im Bayerischen Wald mit &#8222;Last Minute <\/span><span class=\"NormalTextRun SpellingErrorV2Themed SCXW228193383 BCX0\">wellness<\/span> <span class=\"NormalTextRun SpellingErrorV2Themed SCXW228193383 BCX0\">bayern<\/span><span class=\"NormalTextRun SCXW228193383 BCX0\">&#8222;. Genie\u00dfen Sie wohltuende <\/span><span class=\"NormalTextRun SpellingErrorV2Themed SCXW228193383 BCX0\">Spa<\/span><span class=\"NormalTextRun SCXW228193383 BCX0\">-Behandlungen, wundersch\u00f6ne Landschaften und erstklassigen Service. Das Hotel Zedernhof hat vieles davon zu bieten<\/span><\/span><span class=\"EOP SCXW228193383 BCX0\" data-ccp-props=\"{&quot;335559685&quot;:708}\">\u00a0<\/span><\/p><h3><span class=\"TextRun MacChromeBold SCXW210406475 BCX0\" lang=\"DE-DE\" xml:lang=\"DE-DE\" data-contrast=\"auto\"><span class=\"NormalTextRun SCXW210406475 BCX0\">Erleben Sie kulinarische Highlights und regionale Spezialit\u00e4ten<\/span><\/span><span class=\"EOP SCXW210406475 BCX0\" data-ccp-props=\"{&quot;335559685&quot;:708,&quot;335559731&quot;:708}\">\u00a0<\/span><\/h3><p><span class=\"TextRun SCXW18057420 BCX0\" lang=\"DE-DE\" xml:lang=\"DE-DE\" data-contrast=\"auto\"><span class=\"NormalTextRun SCXW18057420 BCX0\">Kulinarische Gen\u00fcsse d\u00fcrfen in einem unvergesslichen Wellnessurlaub nicht fehlen. Unsere erfahrenen K\u00f6che bereiten jeden Tag eine Vielzahl von Gerichten zu, die die Gaumenfreuden Bayerns repr\u00e4sentieren. Dabei wird stets auf regionale und saisonale Zutaten geachtet, um regionale Erzeuger zu <\/span><span class=\"NormalTextRun SCXW18057420 BCX0\">unterst\u00fctzen<\/span><span class=\"NormalTextRun SCXW18057420 BCX0\"> und die Umwelt zu schonen. Erleben Sie die herzliche bayrische Gastfreundschaft und entspannen Sie in einer wundersch\u00f6nen Naturkulisse. Buchen Sie jetzt Ihren Last Minute Urlaub im Bayerischen Wald mit unserer <a href=\"https:\/\/hotel-zedernhof.de\/en\/kulinarik\/\">Dreiviertel-<\/a><\/span><span class=\"NormalTextRun SpellingErrorV2Themed SCXW18057420 BCX0\">Verw\u00f6hnpension<\/span><span class=\"NormalTextRun SCXW18057420 BCX0\">\u00a0und genie\u00dfen Sie abends unser 5 Gang <\/span><span class=\"NormalTextRun SpellingErrorV2Themed SCXW18057420 BCX0\">Wahlmen\u00fc<\/span><span class=\"NormalTextRun SCXW18057420 BCX0\"> inklusive.<\/span><\/span><span class=\"EOP SCXW18057420 BCX0\" data-ccp-props=\"{&quot;335559685&quot;:1416}\">\u00a0<\/span><\/p><h3><span class=\"TextRun MacChromeBold SCXW267493062 BCX0\" lang=\"DE-DE\" xml:lang=\"DE-DE\" data-contrast=\"auto\"><span class=\"NormalTextRun SCXW267493062 BCX0\">Entdecken Sie die Vielfalt Bayerns<\/span><\/span><\/h3><p><span data-contrast=\"auto\">Der Nationalpark Bayerischer Wald hat einiges zu bieten. So kommen nicht nur <a href=\"https:\/\/hotel-zedernhof.de\/en\/wandern-bayerischer-wald\/\">Wanderfreunde<\/a> auf Ihre Kosten. In unmittelbarer Umgebung des Hotels gibt es zahlreiche wundersch\u00f6ne Nordic Walking Strecken. Die passenden St\u00f6cke zu Ihrer Tour k\u00f6nnen Sie gerne bei uns ausleihen.\u00a0<\/span><span data-ccp-props=\"{&quot;335559685&quot;:1416}\">\u00a0<\/span><\/p><p><span data-contrast=\"auto\">Die beste Aussicht \u00fcber den Nationalpark haben Sie beim <a href=\"https:\/\/hotel-zedernhof.de\/en\/waldwipfelweg-bayerischer-wald\/\">Waldwipfelweg im Bayerischen Wald<\/a>. Dieser ist ca. 40 Fahrminuten mit dem Auto entfernt und nur eins von einigen Highlights in Bayern. Nutzen Sie Ihren Last-Minute Urlaub im Hotel Zedernhof, um den nahegelegen Waldwipfelweg ohne lange Autofahrt zu besuchen und sich danach bei uns im Hotel zu entspannen.\u00a0<\/span><\/p><h3><span data-ccp-props=\"{&quot;335559685&quot;:1416}\"><span class=\"TextRun MacChromeBold SCXW27893851 BCX0\" lang=\"DE-DE\" xml:lang=\"DE-DE\" data-contrast=\"auto\"><span class=\"NormalTextRun SCXW27893851 BCX0\">Neue Energie tanken im Wellnessbereich<\/span><\/span><span class=\"EOP SCXW27893851 BCX0\" data-ccp-props=\"{&quot;335559685&quot;:708,&quot;335559731&quot;:708}\">\u00a0<\/span>\u00a0<\/span><\/h3><p><span class=\"TextRun SCXW18748641 BCX0\" lang=\"DE-DE\" xml:lang=\"DE-DE\" data-contrast=\"auto\"><span class=\"NormalTextRun SCXW18748641 BCX0\">G\u00f6nnen Sie sich eine Auszeit mit Last Minute Wellnessangeboten. Genie\u00dfen Sie die Ruhe und Harmonie, w\u00e4hrend Sie in unserem gem\u00fctlichen <a href=\"https:\/\/hotel-zedernhof.de\/en\/wellness\/\">Wellnessbereich<\/a>\u00a0neue Energie tanken. Ob eine entspannende Massage, eine revitalisierende <a href=\"https:\/\/hotel-zedernhof.de\/en\/wellnessanwendungen\/\">Gesichtsbehandlung<\/a> oder ein erfrischendes <a href=\"https:\/\/hotel-zedernhof.de\/en\/wellnessanwendungen\/\">Bad<\/a> \u2013 wir bieten Ihnen das volle Programm. Nutzen Sie unsere Last-Minute-Angebote und erleben Sie pure Entspannung im Herzen Bayerns. Buchen Sie jetzt und lassen Sie Ihren Alltagsstress hinter sich. Last Minute Wellness Bayern &#8211; Ihr Tor zu einer Welt der Entspannung.<\/span><\/span><span class=\"EOP SCXW18748641 BCX0\" data-ccp-props=\"{&quot;335559685&quot;:1416}\">\u00a0<\/span><\/p><p><strong><span class=\"TextRun MacChromeBold SCXW254404448 BCX0\" lang=\"DE-DE\" xml:lang=\"DE-DE\" data-contrast=\"auto\"><span class=\"NormalTextRun SCXW254404448 BCX0\">Lassen Sie sich verw\u00f6hnen und g\u00f6nnen Sie sich eine Auszeit vom Alltag. Buchen Sie jetzt Ihren spontanen Last-Minute Urlaub im Bayerischen <\/span><span class=\"NormalTextRun SCXW254404448 BCX0\">Wald.\u00a0<\/span><\/span><\/strong><\/p>\t\t\t\t\t\t<\/div>\n\t\t\t\t<\/div>\n\t\t\t\t<div class=\"elementor-element elementor-element-86aefe0 elementor-widget elementor-widget-spacer\" data-id=\"86aefe0\" data-element_type=\"widget\" data-widget_type=\"spacer.default\">\n\t\t\t\t<div class=\"elementor-widget-container\">\n\t\t\t\t\t<div class=\"elementor-spacer\">\n\t\t\t<div class=\"elementor-spacer-inner\"><\/div>\n\t\t<\/div>\n\t\t\t\t<\/div>\n\t\t\t\t<\/div>\n\t\t\t\t\t<\/div>\n\t\t<\/div>\n\t\t\t\t\t\t\t<\/div>\n\t\t<\/section>\n\t\t\t\t<section class=\"elementor-section elementor-top-section elementor-element elementor-element-90e5f1e elementor-section-boxed elementor-section-height-default elementor-section-height-default\" data-id=\"90e5f1e\" data-element_type=\"section\">\n\t\t\t\t\t\t<div class=\"elementor-container elementor-column-gap-default\">\n\t\t\t\t\t<div class=\"elementor-column elementor-col-50 elementor-top-column elementor-element elementor-element-eebe01f\" data-id=\"eebe01f\" data-element_type=\"column\">\n\t\t\t<div class=\"elementor-widget-wrap elementor-element-populated\">\n\t\t\t\t\t\t\t\t<div class=\"elementor-element elementor-element-8c3a235 elementor-widget elementor-widget-image\" data-id=\"8c3a235\" data-element_type=\"widget\" data-widget_type=\"image.default\">\n\t\t\t\t<div class=\"elementor-widget-container\">\n\t\t\t\t\t\t\t\t\t\t\t\t\t\t\t<img decoding=\"async\" width=\"768\" height=\"460\" src=\"https:\/\/hotel-zedernhof.de\/wp-content\/uploads\/2020\/11\/radfahren-768x460.jpg\" class=\"attachment-medium_large size-medium_large wp-image-2835\" alt=\"Radfahrer\" srcset=\"https:\/\/hotel-zedernhof.de\/wp-content\/uploads\/2020\/11\/radfahren-768x460.jpg 768w, https:\/\/hotel-zedernhof.de\/wp-content\/uploads\/2020\/11\/radfahren-440x264.jpg 440w, https:\/\/hotel-zedernhof.de\/wp-content\/uploads\/2020\/11\/radfahren.jpg 1000w\" sizes=\"(max-width: 768px) 100vw, 768px\" \/>\t\t\t\t\t\t\t\t\t\t\t\t\t\t\t<\/div>\n\t\t\t\t<\/div>\n\t\t\t\t\t<\/div>\n\t\t<\/div>\n\t\t\t\t<div class=\"elementor-column elementor-col-50 elementor-top-column elementor-element elementor-element-3d37519\" data-id=\"3d37519\" data-element_type=\"column\">\n\t\t\t<div class=\"elementor-widget-wrap elementor-element-populated\">\n\t\t\t\t\t\t\t\t<div class=\"elementor-element elementor-element-dc75a81 elementor-widget elementor-widget-image\" data-id=\"dc75a81\" data-element_type=\"widget\" data-widget_type=\"image.default\">\n\t\t\t\t<div class=\"elementor-widget-container\">\n\t\t\t\t\t\t\t\t\t\t\t\t\t\t\t<img decoding=\"async\" width=\"1024\" height=\"622\" src=\"https:\/\/hotel-zedernhof.de\/wp-content\/uploads\/2020\/10\/Hotel-Pusl170619mf093-1024x622.jpg\" class=\"attachment-large size-large wp-image-2288\" alt=\"Personen in Sauna\" srcset=\"https:\/\/hotel-zedernhof.de\/wp-content\/uploads\/2020\/10\/Hotel-Pusl170619mf093-1024x622.jpg 1024w, https:\/\/hotel-zedernhof.de\/wp-content\/uploads\/2020\/10\/Hotel-Pusl170619mf093-300x182.jpg 300w, https:\/\/hotel-zedernhof.de\/wp-content\/uploads\/2020\/10\/Hotel-Pusl170619mf093-768x467.jpg 768w, https:\/\/hotel-zedernhof.de\/wp-content\/uploads\/2020\/10\/Hotel-Pusl170619mf093-1536x933.jpg 1536w, https:\/\/hotel-zedernhof.de\/wp-content\/uploads\/2020\/10\/Hotel-Pusl170619mf093-2048x1244.jpg 2048w, https:\/\/hotel-zedernhof.de\/wp-content\/uploads\/2020\/10\/Hotel-Pusl170619mf093-16x10.jpg 16w, https:\/\/hotel-zedernhof.de\/wp-content\/uploads\/2020\/10\/Hotel-Pusl170619mf093-440x267.jpg 440w, https:\/\/hotel-zedernhof.de\/wp-content\/uploads\/2020\/10\/Hotel-Pusl170619mf093-600x365.jpg 600w\" sizes=\"(max-width: 1024px) 100vw, 1024px\" \/>\t\t\t\t\t\t\t\t\t\t\t\t\t\t\t<\/div>\n\t\t\t\t<\/div>\n\t\t\t\t\t<\/div>\n\t\t<\/div>\n\t\t\t\t\t\t\t<\/div>\n\t\t<\/section>\n\t\t\t\t\t\t\t<\/div>","protected":false},"excerpt":{"rendered":"<p>Last Minute Urlaub Bayerischer Wald Exklusive Angebote f\u00fcr Last Minute Urlaub in Bayern Was gibt es sch\u00f6neres als einen spontanen Kurzurlaub? Im Hotel Zedernhof k\u00f6nnen Sie ganz kurzfristig dem Alltag entfliehen und sparen dadurch auch deutlich bei Ihrem Wellnessurlaub. Erleben [&hellip;]<\/p>","protected":false},"author":2,"featured_media":0,"parent":0,"menu_order":0,"comment_status":"closed","ping_status":"closed","template":"elementor_header_footer","meta":{"footnotes":""},"yoast_head":"<!-- This site is optimized with the Yoast SEO plugin v21.5 - https:\/\/yoast.com\/wordpress\/plugins\/seo\/ -->\n<title>Last Minute Angebote im Hotel Zedernhof im Bayer. Wald sichern<\/title>\n<meta name=\"description\" content=\"Jetzt Bayerischen Wald mit klassen Last Minute Angeboten entdecken &amp; deutlich sparen!\" \/>\n<meta name=\"robots\" content=\"index, follow, max-snippet:-1, max-image-preview:large, max-video-preview:-1\" \/>\n<link rel=\"canonical\" href=\"https:\/\/hotel-zedernhof.de\/en\/last-minute-urlaub\/\" \/>\n<meta property=\"og:locale\" content=\"en_GB\" \/>\n<meta property=\"og:type\" content=\"article\" \/>\n<meta property=\"og:title\" content=\"Last Minute Angebote im Hotel Zedernhof im Bayer. Wald sichern\" \/>\n<meta property=\"og:description\" content=\"Jetzt Bayerischen Wald mit klassen Last Minute Angeboten entdecken &amp; deutlich sparen!\" \/>\n<meta property=\"og:url\" content=\"https:\/\/hotel-zedernhof.de\/en\/last-minute-urlaub\/\" \/>\n<meta property=\"og:site_name\" content=\"Hotel Zedernhof\" \/>\n<meta property=\"article:modified_time\" content=\"2026-04-27T14:04:16+00:00\" \/>\n<meta property=\"og:image\" content=\"https:\/\/hotel-zedernhof.de\/wp-content\/uploads\/2020\/11\/radfahren-768x460.jpg\" \/>\n<meta name=\"twitter:card\" content=\"summary_large_image\" \/>\n<meta name=\"twitter:label1\" content=\"Estimated reading time\" \/>\n\t<meta name=\"twitter:data1\" content=\"3 minutes\" \/>\n<script type=\"application\/ld+json\" class=\"yoast-schema-graph\">{\"@context\":\"https:\/\/schema.org\",\"@graph\":[{\"@type\":\"WebPage\",\"@id\":\"https:\/\/hotel-zedernhof.de\/last-minute-urlaub\/\",\"url\":\"https:\/\/hotel-zedernhof.de\/last-minute-urlaub\/\",\"name\":\"Last Minute Angebote im Hotel Zedernhof im Bayer. Wald sichern\",\"isPartOf\":{\"@id\":\"https:\/\/hotel-zedernhof.de\/#website\"},\"datePublished\":\"2021-02-04T14:41:16+00:00\",\"dateModified\":\"2026-04-27T14:04:16+00:00\",\"description\":\"Jetzt Bayerischen Wald mit klassen Last Minute Angeboten entdecken & deutlich sparen!\",\"breadcrumb\":{\"@id\":\"https:\/\/hotel-zedernhof.de\/last-minute-urlaub\/#breadcrumb\"},\"inLanguage\":\"en-GB\",\"potentialAction\":[{\"@type\":\"ReadAction\",\"target\":[\"https:\/\/hotel-zedernhof.de\/last-minute-urlaub\/\"]}]},{\"@type\":\"BreadcrumbList\",\"@id\":\"https:\/\/hotel-zedernhof.de\/last-minute-urlaub\/#breadcrumb\",\"itemListElement\":[{\"@type\":\"ListItem\",\"position\":1,\"name\":\"Startseite\",\"item\":\"https:\/\/hotel-zedernhof.de\/\"},{\"@type\":\"ListItem\",\"position\":2,\"name\":\"Last Minute Urlaub\"}]},{\"@type\":\"WebSite\",\"@id\":\"https:\/\/hotel-zedernhof.de\/#website\",\"url\":\"https:\/\/hotel-zedernhof.de\/\",\"name\":\"Hotel Zedernhof\",\"description\":\"Hotel Zedernhof\",\"potentialAction\":[{\"@type\":\"SearchAction\",\"target\":{\"@type\":\"EntryPoint\",\"urlTemplate\":\"https:\/\/hotel-zedernhof.de\/?s={search_term_string}\"},\"query-input\":\"required name=search_term_string\"}],\"inLanguage\":\"en-GB\"}]}<\/script>\n<!-- \/ Yoast SEO plugin. -->","yoast_head_json":{"title":"Last Minute Angebote im Hotel Zedernhof im Bayer. Wald sichern","description":"Jetzt Bayerischen Wald mit klassen Last Minute Angeboten entdecken & deutlich sparen!","robots":{"index":"index","follow":"follow","max-snippet":"max-snippet:-1","max-image-preview":"max-image-preview:large","max-video-preview":"max-video-preview:-1"},"canonical":"https:\/\/hotel-zedernhof.de\/en\/last-minute-urlaub\/","og_locale":"en_GB","og_type":"article","og_title":"Last Minute Angebote im Hotel Zedernhof im Bayer. Wald sichern","og_description":"Jetzt Bayerischen Wald mit klassen Last Minute Angeboten entdecken & deutlich sparen!","og_url":"https:\/\/hotel-zedernhof.de\/en\/last-minute-urlaub\/","og_site_name":"Hotel Zedernhof","article_modified_time":"2026-04-27T14:04:16+00:00","og_image":[{"url":"https:\/\/hotel-zedernhof.de\/wp-content\/uploads\/2020\/11\/radfahren-768x460.jpg"}],"twitter_card":"summary_large_image","twitter_misc":{"Estimated reading time":"3 minutes"},"schema":{"@context":"https:\/\/schema.org","@graph":[{"@type":"WebPage","@id":"https:\/\/hotel-zedernhof.de\/last-minute-urlaub\/","url":"https:\/\/hotel-zedernhof.de\/last-minute-urlaub\/","name":"Last Minute Angebote im Hotel Zedernhof im Bayer. Wald sichern","isPartOf":{"@id":"https:\/\/hotel-zedernhof.de\/#website"},"datePublished":"2021-02-04T14:41:16+00:00","dateModified":"2026-04-27T14:04:16+00:00","description":"Jetzt Bayerischen Wald mit klassen Last Minute Angeboten entdecken & deutlich sparen!","breadcrumb":{"@id":"https:\/\/hotel-zedernhof.de\/last-minute-urlaub\/#breadcrumb"},"inLanguage":"en-GB","potentialAction":[{"@type":"ReadAction","target":["https:\/\/hotel-zedernhof.de\/last-minute-urlaub\/"]}]},{"@type":"BreadcrumbList","@id":"https:\/\/hotel-zedernhof.de\/last-minute-urlaub\/#breadcrumb","itemListElement":[{"@type":"ListItem","position":1,"name":"Startseite","item":"https:\/\/hotel-zedernhof.de\/"},{"@type":"ListItem","position":2,"name":"Last Minute Urlaub"}]},{"@type":"WebSite","@id":"https:\/\/hotel-zedernhof.de\/#website","url":"https:\/\/hotel-zedernhof.de\/","name":"Hotel Zedernhof","description":"Hotel Zedernhof","potentialAction":[{"@type":"SearchAction","target":{"@type":"EntryPoint","urlTemplate":"https:\/\/hotel-zedernhof.de\/?s={search_term_string}"},"query-input":"required name=search_term_string"}],"inLanguage":"en-GB"}]}},"_links":{"self":[{"href":"https:\/\/hotel-zedernhof.de\/en\/wp-json\/wp\/v2\/pages\/3601"}],"collection":[{"href":"https:\/\/hotel-zedernhof.de\/en\/wp-json\/wp\/v2\/pages"}],"about":[{"href":"https:\/\/hotel-zedernhof.de\/en\/wp-json\/wp\/v2\/types\/page"}],"author":[{"embeddable":true,"href":"https:\/\/hotel-zedernhof.de\/en\/wp-json\/wp\/v2\/users\/2"}],"replies":[{"embeddable":true,"href":"https:\/\/hotel-zedernhof.de\/en\/wp-json\/wp\/v2\/comments?post=3601"}],"version-history":[{"count":16,"href":"https:\/\/hotel-zedernhof.de\/en\/wp-json\/wp\/v2\/pages\/3601\/revisions"}],"predecessor-version":[{"id":4580,"href":"https:\/\/hotel-zedernhof.de\/en\/wp-json\/wp\/v2\/pages\/3601\/revisions\/4580"}],"wp:attachment":[{"href":"https:\/\/hotel-zedernhof.de\/en\/wp-json\/wp\/v2\/media?parent=3601"}],"curies":[{"name":"wp","href":"https:\/\/api.w.org\/{rel}","templated":true}]}}