{"id":3610,"date":"2021-02-04T14:53:47","date_gmt":"2021-02-04T14:53:47","guid":{"rendered":"https:\/\/hotel-zedernhof.de\/?page_id=3610"},"modified":"2026-04-27T13:43:09","modified_gmt":"2026-04-27T13:43:09","slug":"3-sterne-hotel-bayerischer-wald","status":"publish","type":"page","link":"https:\/\/hotel-zedernhof.de\/en\/3-sterne-hotel-bayerischer-wald\/","title":{"rendered":"3 Sterne Hotel Bayerischer Wald"},"content":{"rendered":"<div data-elementor-type=\"wp-post\" data-elementor-id=\"3610\" class=\"elementor elementor-3610\" data-elementor-post-type=\"page\">\n\t\t\t\t\t\t\t\t\t<section class=\"elementor-section elementor-top-section elementor-element elementor-element-634dbc5f elementor-section-full_width elementor-section-height-full elementor-hidden-tablet elementor-hidden-mobile elementor-section-height-default elementor-section-items-middle\" data-id=\"634dbc5f\" data-element_type=\"section\" data-settings=\"{&quot;background_background&quot;:&quot;classic&quot;}\">\n\t\t\t\t\t\t\t<div class=\"elementor-background-overlay\"><\/div>\n\t\t\t\t\t\t\t<div class=\"elementor-container elementor-column-gap-default\">\n\t\t\t\t\t<div class=\"elementor-column elementor-col-100 elementor-top-column elementor-element elementor-element-31c10fba\" data-id=\"31c10fba\" data-element_type=\"column\">\n\t\t\t<div class=\"elementor-widget-wrap elementor-element-populated\">\n\t\t\t\t\t\t\t\t<div class=\"elementor-element elementor-element-8ec1300 elementor-widget elementor-widget-heading\" data-id=\"8ec1300\" data-element_type=\"widget\" data-widget_type=\"heading.default\">\n\t\t\t\t<div class=\"elementor-widget-container\">\n\t\t\t<h1 class=\"elementor-heading-title elementor-size-xxl\">3 Sterne Superior Hotel in Stamsried <br>im Bayerischen Wald: Entspannung garantiert <\/h1>\t\t<\/div>\n\t\t\t\t<\/div>\n\t\t\t\t\t<\/div>\n\t\t<\/div>\n\t\t\t\t\t\t\t<\/div>\n\t\t<\/section>\n\t\t\t\t<section class=\"elementor-section elementor-top-section elementor-element elementor-element-9cd1da1 elementor-section-full_width elementor-section-height-full elementor-hidden-desktop elementor-section-height-default elementor-section-items-middle\" data-id=\"9cd1da1\" data-element_type=\"section\" data-settings=\"{&quot;background_background&quot;:&quot;classic&quot;}\">\n\t\t\t\t\t\t\t<div class=\"elementor-background-overlay\"><\/div>\n\t\t\t\t\t\t\t<div class=\"elementor-container elementor-column-gap-default\">\n\t\t\t\t\t<div class=\"elementor-column elementor-col-100 elementor-top-column elementor-element elementor-element-4bd269d\" data-id=\"4bd269d\" data-element_type=\"column\">\n\t\t\t<div class=\"elementor-widget-wrap elementor-element-populated\">\n\t\t\t\t\t\t\t\t<div class=\"elementor-element elementor-element-5460410 elementor-widget elementor-widget-heading\" data-id=\"5460410\" data-element_type=\"widget\" data-widget_type=\"heading.default\">\n\t\t\t\t<div class=\"elementor-widget-container\">\n\t\t\t<h1 class=\"elementor-heading-title elementor-size-xl\">3 Sterne Superior Hotel in Stamsried im Bayerischen Wald: Entspannung garantiert <\/h1>\t\t<\/div>\n\t\t\t\t<\/div>\n\t\t\t\t\t<\/div>\n\t\t<\/div>\n\t\t\t\t\t\t\t<\/div>\n\t\t<\/section>\n\t\t\t\t<section class=\"elementor-section elementor-top-section elementor-element elementor-element-48aa0ee elementor-section-boxed elementor-section-height-default elementor-section-height-default\" data-id=\"48aa0ee\" data-element_type=\"section\">\n\t\t\t\t\t\t<div class=\"elementor-container elementor-column-gap-default\">\n\t\t\t\t\t<div class=\"elementor-column elementor-col-100 elementor-top-column elementor-element elementor-element-7dff3eb\" data-id=\"7dff3eb\" data-element_type=\"column\">\n\t\t\t<div class=\"elementor-widget-wrap elementor-element-populated\">\n\t\t\t\t\t\t\t\t<div class=\"elementor-element elementor-element-711fdcb elementor-widget elementor-widget-spacer\" data-id=\"711fdcb\" data-element_type=\"widget\" data-widget_type=\"spacer.default\">\n\t\t\t\t<div class=\"elementor-widget-container\">\n\t\t\t\t\t<div class=\"elementor-spacer\">\n\t\t\t<div class=\"elementor-spacer-inner\"><\/div>\n\t\t<\/div>\n\t\t\t\t<\/div>\n\t\t\t\t<\/div>\n\t\t\t\t<div class=\"elementor-element elementor-element-622332f elementor-widget elementor-widget-text-editor\" data-id=\"622332f\" data-element_type=\"widget\" data-widget_type=\"text-editor.default\">\n\t\t\t\t<div class=\"elementor-widget-container\">\n\t\t\t\t\t\t\t<p>Sie suchen ein 3 Sterne Hotel im Bayerischen Wald, das Ihnen mehr bietet als nur eine \u00dcbernachtung? Dann sind Sie im Zedernhof genau richtig. Das 3 Sterne Superior <strong><a href=\"https:\/\/hotel-zedernhof.de\/en\/wellness\/\">Wellnesshotel <\/a><\/strong>in Stamsried im Bayerischen Wald ist ein Erwachsenenhotel ab 14 Jahren und f\u00fcr Alle, die sich eine Auszeit vom Alltag in einer idyllischen Landschaft w\u00fcnschen. Ob Sie sich im Wellnessbereich verw\u00f6hnen lassen, die Natur des Bayerischen Waldes erkunden oder die kulinarischen Gen\u00fcsse der regionalen K\u00fcche genie\u00dfen wollen \u2013 im Zedernhof finden Sie alles, was Sie f\u00fcr einen erholsamen Urlaub brauchen.<\/p><h2><strong>Der Zedernhof \u2013 Das beliebte 3*S Hotel in Bayern<\/strong><\/h2><p>Der Zedernhof ist ein familiengef\u00fchrtes 3*Superior-Hotel in Bayern, das seit \u00fcber 30 Jahren seine G\u00e4ste mit Herzlichkeit und Gastfreundschaft empf\u00e4ngt. Das Hotel liegt im malerischen Ort Stamsried, der zu den sch\u00f6nsten D\u00f6rfern Deutschlands geh\u00f6rt. Von hier aus haben Sie einen idealen Ausgangspunkt f\u00fcr Wanderungen, Radtouren oder Ausfl\u00fcge zu den Sehensw\u00fcrdigkeiten des Bayerischen Waldes, wie dem Nationalpark, dem Arber oder dem Glasdorf Weinfurtner.<\/p><h3>3* Wellnessoase<\/h3><p>Ein absolutes Highlight des 3 Sterne Superior Zedernhofs ist das Schwimmbad, das Ihnen ganzj\u00e4hrig zur Verf\u00fcgung steht. Das Schwimmbad ist mit einer Gegenstromanlage ausgestattet und herausfordernd f\u00fcr sportliche Schwimmer oder l\u00e4dt zum entspannten Baden ein. Das Hallenbad hat eine angenehme Wassertemperatur von 28\u00b0C und ist kostenlos f\u00fcr alle G\u00e4ste nutzbar.<\/p><p>Neben dem Schwimmbad bietet Ihnen der Zedernhof auch einen <a href=\"https:\/\/hotel-zedernhof.de\/en\/wellness\/\"><strong>Wellnessbereich<\/strong><\/a>, der keine W\u00fcnsche offenl\u00e4sst. Hier k\u00f6nnen Sie sich in der Sauna, im Dampfbad oder im Whirlpool aufw\u00e4rmen, eine wohltuende Massage oder eine <strong><a href=\"https:\/\/hotel-zedernhof.de\/en\/wellnessanwendungen\/\">Wellnessbehandlung<\/a> <\/strong>buchen oder sich in den Ruheoasen ausruhen. Der Wellnessbereich ist mit nat\u00fcrlichen Materialien wie Holz und Stein gestaltet und vermittelt Ihnen ein Gef\u00fchl von Harmonie und Wohlbefinden.<\/p>\t\t\t\t\t\t<\/div>\n\t\t\t\t<\/div>\n\t\t\t\t<div class=\"elementor-element elementor-element-86aefe0 elementor-widget elementor-widget-spacer\" data-id=\"86aefe0\" data-element_type=\"widget\" data-widget_type=\"spacer.default\">\n\t\t\t\t<div class=\"elementor-widget-container\">\n\t\t\t\t\t<div class=\"elementor-spacer\">\n\t\t\t<div class=\"elementor-spacer-inner\"><\/div>\n\t\t<\/div>\n\t\t\t\t<\/div>\n\t\t\t\t<\/div>\n\t\t\t\t\t<\/div>\n\t\t<\/div>\n\t\t\t\t\t\t\t<\/div>\n\t\t<\/section>\n\t\t\t\t<section class=\"elementor-section elementor-top-section elementor-element elementor-element-f2e9ada elementor-section-boxed elementor-section-height-default elementor-section-height-default\" data-id=\"f2e9ada\" data-element_type=\"section\">\n\t\t\t\t\t\t<div class=\"elementor-container elementor-column-gap-default\">\n\t\t\t\t\t<div class=\"elementor-column elementor-col-33 elementor-top-column elementor-element elementor-element-2aafac6\" data-id=\"2aafac6\" data-element_type=\"column\">\n\t\t\t<div class=\"elementor-widget-wrap elementor-element-populated\">\n\t\t\t\t\t\t\t\t<div class=\"elementor-element elementor-element-12a8cb0 elementor-widget elementor-widget-image\" data-id=\"12a8cb0\" data-element_type=\"widget\" data-widget_type=\"image.default\">\n\t\t\t\t<div class=\"elementor-widget-container\">\n\t\t\t\t\t\t\t\t\t\t\t\t\t\t\t<img decoding=\"async\" width=\"700\" height=\"466\" src=\"https:\/\/hotel-zedernhof.de\/wp-content\/uploads\/2020\/10\/bildwechsel4--700x466.jpg\" class=\"attachment-hoteller-gallery-grid size-hoteller-gallery-grid wp-image-2280\" alt=\"Paar\" \/>\t\t\t\t\t\t\t\t\t\t\t\t\t\t\t<\/div>\n\t\t\t\t<\/div>\n\t\t\t\t\t<\/div>\n\t\t<\/div>\n\t\t\t\t<div class=\"elementor-column elementor-col-33 elementor-top-column elementor-element elementor-element-eae33ec\" data-id=\"eae33ec\" data-element_type=\"column\">\n\t\t\t<div class=\"elementor-widget-wrap elementor-element-populated\">\n\t\t\t\t\t\t\t\t<div class=\"elementor-element elementor-element-256bc6f elementor-widget elementor-widget-image\" data-id=\"256bc6f\" data-element_type=\"widget\" data-widget_type=\"image.default\">\n\t\t\t\t<div class=\"elementor-widget-container\">\n\t\t\t\t\t\t\t\t\t\t\t\t\t\t\t<img decoding=\"async\" width=\"700\" height=\"466\" src=\"https:\/\/hotel-zedernhof.de\/wp-content\/uploads\/2020\/10\/Hotel-Pusl170615mf026-700x466.jpg\" class=\"attachment-hoteller-gallery-grid size-hoteller-gallery-grid wp-image-2435\" alt=\"Sauna\" srcset=\"https:\/\/hotel-zedernhof.de\/wp-content\/uploads\/2020\/10\/Hotel-Pusl170615mf026-700x466.jpg 700w, https:\/\/hotel-zedernhof.de\/wp-content\/uploads\/2020\/10\/Hotel-Pusl170615mf026-16x10.jpg 16w\" sizes=\"(max-width: 700px) 100vw, 700px\" \/>\t\t\t\t\t\t\t\t\t\t\t\t\t\t\t<\/div>\n\t\t\t\t<\/div>\n\t\t\t\t\t<\/div>\n\t\t<\/div>\n\t\t\t\t<div class=\"elementor-column elementor-col-33 elementor-top-column elementor-element elementor-element-1975e32\" data-id=\"1975e32\" data-element_type=\"column\">\n\t\t\t<div class=\"elementor-widget-wrap elementor-element-populated\">\n\t\t\t\t\t\t\t\t<div class=\"elementor-element elementor-element-c8468c0 elementor-widget elementor-widget-image\" data-id=\"c8468c0\" data-element_type=\"widget\" data-widget_type=\"image.default\">\n\t\t\t\t<div class=\"elementor-widget-container\">\n\t\t\t\t\t\t\t\t\t\t\t\t\t\t\t<img decoding=\"async\" width=\"1024\" height=\"683\" src=\"https:\/\/hotel-zedernhof.de\/wp-content\/uploads\/2020\/10\/19656-1024x683.jpg\" class=\"attachment-large size-large wp-image-2291\" alt=\"Ruheraum\" srcset=\"https:\/\/hotel-zedernhof.de\/wp-content\/uploads\/2020\/10\/19656-1024x683.jpg 1024w, https:\/\/hotel-zedernhof.de\/wp-content\/uploads\/2020\/10\/19656-300x200.jpg 300w, https:\/\/hotel-zedernhof.de\/wp-content\/uploads\/2020\/10\/19656-768x512.jpg 768w, https:\/\/hotel-zedernhof.de\/wp-content\/uploads\/2020\/10\/19656-16x12.jpg 16w, https:\/\/hotel-zedernhof.de\/wp-content\/uploads\/2020\/10\/19656-700x466.jpg 700w, https:\/\/hotel-zedernhof.de\/wp-content\/uploads\/2020\/10\/19656-440x293.jpg 440w, https:\/\/hotel-zedernhof.de\/wp-content\/uploads\/2020\/10\/19656-600x400.jpg 600w, https:\/\/hotel-zedernhof.de\/wp-content\/uploads\/2020\/10\/19656.jpg 1200w\" sizes=\"(max-width: 1024px) 100vw, 1024px\" \/>\t\t\t\t\t\t\t\t\t\t\t\t\t\t\t<\/div>\n\t\t\t\t<\/div>\n\t\t\t\t\t<\/div>\n\t\t<\/div>\n\t\t\t\t\t\t\t<\/div>\n\t\t<\/section>\n\t\t\t\t<section class=\"elementor-section elementor-top-section elementor-element elementor-element-14032d3 elementor-section-boxed elementor-section-height-default elementor-section-height-default\" data-id=\"14032d3\" data-element_type=\"section\">\n\t\t\t\t\t\t<div class=\"elementor-container elementor-column-gap-default\">\n\t\t\t\t\t<div class=\"elementor-column elementor-col-100 elementor-top-column elementor-element elementor-element-8b9adb3\" data-id=\"8b9adb3\" data-element_type=\"column\">\n\t\t\t<div class=\"elementor-widget-wrap elementor-element-populated\">\n\t\t\t\t\t\t\t\t<div class=\"elementor-element elementor-element-f2689f9 elementor-widget elementor-widget-text-editor\" data-id=\"f2689f9\" data-element_type=\"widget\" data-widget_type=\"text-editor.default\">\n\t\t\t\t<div class=\"elementor-widget-container\">\n\t\t\t\t\t\t\t<h2 style=\"font-weight: 400; font-style: normal; font-size: 15px; font-family: Renner, Helvetica, Arial, sans-serif;\"><span style=\"font-weight: 600; font-style: normal; font-size: 28px; font-family: Renner, Helvetica, Arial, sans-serif; letter-spacing: 0px;\">Ihr 3 Sterne Hotel im Bayerischen Wald mit erschwinglichen Preisen<\/span><\/h2><p style=\"font-weight: 400; font-style: normal; font-size: 15px; font-family: Renner, Helvetica, Arial, sans-serif;\">Wir bieten Ihnen nicht nur eine hochwertige Ausstattung und einen erstklassigen Service, sondern auch erschwingliche Preise f\u00fcr Ihren Urlaub im Bayerischen Wald. Sie k\u00f6nnen aus\u00a0<a style=\"font-size: 15px;\" href=\"https:\/\/hotel-zedernhof.de\/en\/wohnen-preise\/\"><strong>verschiedenen Zimmerkategorien<\/strong><\/a>\u00a0w\u00e4hlen, die alle gem\u00fctlich und stilvoll eingerichtet sind. Die Preise variieren je nach Saison und Zimmerkategorie und beinhalten ein reichhaltiges Fr\u00fchst\u00fccksbuffet mit regionalen Produkten. Wenn Sie sich f\u00fcr die Verw\u00f6hn-Dreiviertelpension entscheiden, erhalten Sie zus\u00e4tzlich ein Mittagsbuffet und ein 4-Gang-Wahlmen\u00fc mit Salatbuffet am Abend. Das Hotel Zedernhof bietet Ihnen auch attraktive\u00a0<strong><a style=\"font-size: 15px;\" href=\"https:\/\/hotel-zedernhof.de\/en\/wellnessangebote-im-bayerischen-wald-jetzt-im-3s-hotel-zedernhof-im-bayerischen-wald\/\">Wellnessangebote\u00a0<\/a><\/strong>f\u00fcr Kurzurlaube oder Wochenenden an.<\/p><h2 style=\"letter-spacing: normal;\">Erholsamer Urlaub im 3 Sterne Erwachsenenhotel<\/h2><p style=\"font-weight: 400; font-style: normal; font-size: 15px; font-family: Renner, Helvetica, Arial, sans-serif;\">Der Zedernhof ist ein Adults-Only-Hotel, das sich an G\u00e4ste ab 14 Jahren richtet. Das bedeutet, dass Sie hier einen ruhigen und erholsamen Urlaub ohne Kinderl\u00e4rm genie\u00dfen k\u00f6nnen. Also ideal f\u00fcr Paare, die eine\u00a0<a style=\"font-size: 15px;\" href=\"https:\/\/hotel-zedernhof.de\/en\/romantikhotel\/\"><strong>romantische Auszeit<\/strong>\u00a0<\/a>suchen, aber auch f\u00fcr Alleinreisende oder Freunde, die sich eine Auszeit vom Alltag g\u00f6nnen wollen. Und das Alles in einer famili\u00e4ren und freundlichen Atmosph\u00e4re, in der Sie sich wie zu Hause f\u00fchlen k\u00f6nnen.<\/p><p style=\"font-weight: 400; font-style: normal; font-size: 15px; font-family: Renner, Helvetica, Arial, sans-serif;\">Sie sind neugierig geworden? Dann\u00a0<a style=\"font-size: 15px;\" href=\"https:\/\/ibev5.hotels-online-buchen.de\/ibe\/Stamsriedzedernhof\/\"><strong>buchen<\/strong><\/a>\u00a0Sie noch heute Ihren Urlaub und erleben Sie selbst, warum das 3 Sterne Superior Hotel in Stamsried im Bayerischen Wald so beliebt ist. Wir freuen uns auf Sie!<\/p>\t\t\t\t\t\t<\/div>\n\t\t\t\t<\/div>\n\t\t\t\t\t<\/div>\n\t\t<\/div>\n\t\t\t\t\t\t\t<\/div>\n\t\t<\/section>\n\t\t\t\t<section class=\"elementor-section elementor-top-section elementor-element elementor-element-ed45438 elementor-section-boxed elementor-section-height-default elementor-section-height-default\" data-id=\"ed45438\" data-element_type=\"section\">\n\t\t\t\t\t\t<div class=\"elementor-container elementor-column-gap-default\">\n\t\t\t\t\t<div class=\"elementor-column elementor-col-100 elementor-top-column elementor-element elementor-element-a642a2d\" data-id=\"a642a2d\" data-element_type=\"column\">\n\t\t\t<div class=\"elementor-widget-wrap elementor-element-populated\">\n\t\t\t\t\t\t\t\t<div class=\"elementor-element elementor-element-6b20d28 elementor-widget elementor-widget-button\" data-id=\"6b20d28\" data-element_type=\"widget\" data-widget_type=\"button.default\">\n\t\t\t\t<div class=\"elementor-widget-container\">\n\t\t\t\t\t<div class=\"elementor-button-wrapper\">\n\t\t\t<a class=\"elementor-button elementor-button-link elementor-size-sm\" href=\"https:\/\/ibev5.hotels-online-buchen.de\/ibe\/Stamsriedzedernhof\/\">\n\t\t\t\t\t\t<span class=\"elementor-button-content-wrapper\">\n\t\t\t\t\t\t<span class=\"elementor-button-text\">Jetzt Wellnessurlaub buchen<\/span>\n\t\t<\/span>\n\t\t\t\t\t<\/a>\n\t\t<\/div>\n\t\t\t\t<\/div>\n\t\t\t\t<\/div>\n\t\t\t\t\t<\/div>\n\t\t<\/div>\n\t\t\t\t\t\t\t<\/div>\n\t\t<\/section>\n\t\t\t\t\t\t\t<\/div>","protected":false},"excerpt":{"rendered":"<p>3 Sterne Superior Hotel in Stamsried im Bayerischen Wald: Entspannung garantiert 3 Sterne Superior Hotel in Stamsried im Bayerischen Wald: Entspannung garantiert Sie suchen ein 3 Sterne Hotel im Bayerischen Wald, das Ihnen mehr bietet als nur eine \u00dcbernachtung? Dann [&hellip;]<\/p>","protected":false},"author":2,"featured_media":0,"parent":0,"menu_order":0,"comment_status":"closed","ping_status":"closed","template":"elementor_header_footer","meta":{"footnotes":""},"yoast_head":"<!-- This site is optimized with the Yoast SEO plugin v21.5 - https:\/\/yoast.com\/wordpress\/plugins\/seo\/ -->\n<title>3 Sterne Hotel im Bayerischer Wald - Erholung im Zedernhof<\/title>\n<meta name=\"description\" content=\"Das beliebte 3-Sterne Superior Hotel Zedernhof in Stamsried im Bayer. Wald \u2713erschwingliche Preise \u2713Wellnesshotel \u2713Adults Only \u2713Kulinarik\" \/>\n<meta name=\"robots\" content=\"index, follow, max-snippet:-1, max-image-preview:large, max-video-preview:-1\" \/>\n<link rel=\"canonical\" href=\"https:\/\/hotel-zedernhof.de\/en\/3-sterne-hotel-bayerischer-wald\/\" \/>\n<meta property=\"og:locale\" content=\"en_GB\" \/>\n<meta property=\"og:type\" content=\"article\" \/>\n<meta property=\"og:title\" content=\"3 Sterne Hotel im Bayerischer Wald - Erholung im Zedernhof\" \/>\n<meta property=\"og:description\" content=\"Das beliebte 3-Sterne Superior Hotel Zedernhof in Stamsried im Bayer. Wald \u2713erschwingliche Preise \u2713Wellnesshotel \u2713Adults Only \u2713Kulinarik\" \/>\n<meta property=\"og:url\" content=\"https:\/\/hotel-zedernhof.de\/en\/3-sterne-hotel-bayerischer-wald\/\" \/>\n<meta property=\"og:site_name\" content=\"Hotel Zedernhof\" \/>\n<meta property=\"article:modified_time\" content=\"2026-04-27T13:43:09+00:00\" \/>\n<meta property=\"og:image\" content=\"https:\/\/hotel-zedernhof.de\/wp-content\/uploads\/2020\/10\/bildwechsel4--700x466.jpg\" \/>\n<meta name=\"twitter:card\" content=\"summary_large_image\" \/>\n<meta name=\"twitter:label1\" content=\"Estimated reading time\" \/>\n\t<meta name=\"twitter:data1\" content=\"4 minutes\" \/>\n<script type=\"application\/ld+json\" class=\"yoast-schema-graph\">{\"@context\":\"https:\/\/schema.org\",\"@graph\":[{\"@type\":\"WebPage\",\"@id\":\"https:\/\/hotel-zedernhof.de\/3-sterne-hotel-bayerischer-wald\/\",\"url\":\"https:\/\/hotel-zedernhof.de\/3-sterne-hotel-bayerischer-wald\/\",\"name\":\"3 Sterne Hotel im Bayerischer Wald - Erholung im Zedernhof\",\"isPartOf\":{\"@id\":\"https:\/\/hotel-zedernhof.de\/#website\"},\"datePublished\":\"2021-02-04T14:53:47+00:00\",\"dateModified\":\"2026-04-27T13:43:09+00:00\",\"description\":\"Das beliebte 3-Sterne Superior Hotel Zedernhof in Stamsried im Bayer. Wald \u2713erschwingliche Preise \u2713Wellnesshotel \u2713Adults Only \u2713Kulinarik\",\"breadcrumb\":{\"@id\":\"https:\/\/hotel-zedernhof.de\/3-sterne-hotel-bayerischer-wald\/#breadcrumb\"},\"inLanguage\":\"en-GB\",\"potentialAction\":[{\"@type\":\"ReadAction\",\"target\":[\"https:\/\/hotel-zedernhof.de\/3-sterne-hotel-bayerischer-wald\/\"]}]},{\"@type\":\"BreadcrumbList\",\"@id\":\"https:\/\/hotel-zedernhof.de\/3-sterne-hotel-bayerischer-wald\/#breadcrumb\",\"itemListElement\":[{\"@type\":\"ListItem\",\"position\":1,\"name\":\"Startseite\",\"item\":\"https:\/\/hotel-zedernhof.de\/\"},{\"@type\":\"ListItem\",\"position\":2,\"name\":\"3 Sterne Hotel Bayerischer Wald\"}]},{\"@type\":\"WebSite\",\"@id\":\"https:\/\/hotel-zedernhof.de\/#website\",\"url\":\"https:\/\/hotel-zedernhof.de\/\",\"name\":\"Hotel Zedernhof\",\"description\":\"Hotel Zedernhof\",\"potentialAction\":[{\"@type\":\"SearchAction\",\"target\":{\"@type\":\"EntryPoint\",\"urlTemplate\":\"https:\/\/hotel-zedernhof.de\/?s={search_term_string}\"},\"query-input\":\"required name=search_term_string\"}],\"inLanguage\":\"en-GB\"}]}<\/script>\n<!-- \/ Yoast SEO plugin. -->","yoast_head_json":{"title":"3 Sterne Hotel im Bayerischer Wald - Erholung im Zedernhof","description":"Das beliebte 3-Sterne Superior Hotel Zedernhof in Stamsried im Bayer. Wald \u2713erschwingliche Preise \u2713Wellnesshotel \u2713Adults Only \u2713Kulinarik","robots":{"index":"index","follow":"follow","max-snippet":"max-snippet:-1","max-image-preview":"max-image-preview:large","max-video-preview":"max-video-preview:-1"},"canonical":"https:\/\/hotel-zedernhof.de\/en\/3-sterne-hotel-bayerischer-wald\/","og_locale":"en_GB","og_type":"article","og_title":"3 Sterne Hotel im Bayerischer Wald - Erholung im Zedernhof","og_description":"Das beliebte 3-Sterne Superior Hotel Zedernhof in Stamsried im Bayer. Wald \u2713erschwingliche Preise \u2713Wellnesshotel \u2713Adults Only \u2713Kulinarik","og_url":"https:\/\/hotel-zedernhof.de\/en\/3-sterne-hotel-bayerischer-wald\/","og_site_name":"Hotel Zedernhof","article_modified_time":"2026-04-27T13:43:09+00:00","og_image":[{"url":"https:\/\/hotel-zedernhof.de\/wp-content\/uploads\/2020\/10\/bildwechsel4--700x466.jpg"}],"twitter_card":"summary_large_image","twitter_misc":{"Estimated reading time":"4 minutes"},"schema":{"@context":"https:\/\/schema.org","@graph":[{"@type":"WebPage","@id":"https:\/\/hotel-zedernhof.de\/3-sterne-hotel-bayerischer-wald\/","url":"https:\/\/hotel-zedernhof.de\/3-sterne-hotel-bayerischer-wald\/","name":"3 Sterne Hotel im Bayerischer Wald - Erholung im Zedernhof","isPartOf":{"@id":"https:\/\/hotel-zedernhof.de\/#website"},"datePublished":"2021-02-04T14:53:47+00:00","dateModified":"2026-04-27T13:43:09+00:00","description":"Das beliebte 3-Sterne Superior Hotel Zedernhof in Stamsried im Bayer. Wald \u2713erschwingliche Preise \u2713Wellnesshotel \u2713Adults Only \u2713Kulinarik","breadcrumb":{"@id":"https:\/\/hotel-zedernhof.de\/3-sterne-hotel-bayerischer-wald\/#breadcrumb"},"inLanguage":"en-GB","potentialAction":[{"@type":"ReadAction","target":["https:\/\/hotel-zedernhof.de\/3-sterne-hotel-bayerischer-wald\/"]}]},{"@type":"BreadcrumbList","@id":"https:\/\/hotel-zedernhof.de\/3-sterne-hotel-bayerischer-wald\/#breadcrumb","itemListElement":[{"@type":"ListItem","position":1,"name":"Startseite","item":"https:\/\/hotel-zedernhof.de\/"},{"@type":"ListItem","position":2,"name":"3 Sterne Hotel Bayerischer Wald"}]},{"@type":"WebSite","@id":"https:\/\/hotel-zedernhof.de\/#website","url":"https:\/\/hotel-zedernhof.de\/","name":"Hotel Zedernhof","description":"Hotel Zedernhof","potentialAction":[{"@type":"SearchAction","target":{"@type":"EntryPoint","urlTemplate":"https:\/\/hotel-zedernhof.de\/?s={search_term_string}"},"query-input":"required name=search_term_string"}],"inLanguage":"en-GB"}]}},"_links":{"self":[{"href":"https:\/\/hotel-zedernhof.de\/en\/wp-json\/wp\/v2\/pages\/3610"}],"collection":[{"href":"https:\/\/hotel-zedernhof.de\/en\/wp-json\/wp\/v2\/pages"}],"about":[{"href":"https:\/\/hotel-zedernhof.de\/en\/wp-json\/wp\/v2\/types\/page"}],"author":[{"embeddable":true,"href":"https:\/\/hotel-zedernhof.de\/en\/wp-json\/wp\/v2\/users\/2"}],"replies":[{"embeddable":true,"href":"https:\/\/hotel-zedernhof.de\/en\/wp-json\/wp\/v2\/comments?post=3610"}],"version-history":[{"count":22,"href":"https:\/\/hotel-zedernhof.de\/en\/wp-json\/wp\/v2\/pages\/3610\/revisions"}],"predecessor-version":[{"id":4785,"href":"https:\/\/hotel-zedernhof.de\/en\/wp-json\/wp\/v2\/pages\/3610\/revisions\/4785"}],"wp:attachment":[{"href":"https:\/\/hotel-zedernhof.de\/en\/wp-json\/wp\/v2\/media?parent=3610"}],"curies":[{"name":"wp","href":"https:\/\/api.w.org\/{rel}","templated":true}]}}