{"id":3643,"date":"2021-02-09T11:30:31","date_gmt":"2021-02-09T11:30:31","guid":{"rendered":"https:\/\/hotel-zedernhof.de\/?page_id=3643"},"modified":"2021-05-10T09:53:55","modified_gmt":"2021-05-10T09:53:55","slug":"ebike-bayerischer-wald","status":"publish","type":"page","link":"https:\/\/hotel-zedernhof.de\/en\/ebike-bayerischer-wald\/","title":{"rendered":"E-Bike Bayerischer Wald"},"content":{"rendered":"<div data-elementor-type=\"wp-post\" data-elementor-id=\"3643\" class=\"elementor elementor-3643\" data-elementor-post-type=\"page\">\n\t\t\t\t\t\t\t\t\t<section class=\"elementor-section elementor-top-section elementor-element elementor-element-634dbc5f elementor-section-full_width elementor-section-height-full elementor-section-height-default elementor-section-items-middle\" data-id=\"634dbc5f\" data-element_type=\"section\" data-settings=\"{&quot;background_background&quot;:&quot;classic&quot;}\">\n\t\t\t\t\t\t\t<div class=\"elementor-background-overlay\"><\/div>\n\t\t\t\t\t\t\t<div class=\"elementor-container elementor-column-gap-default\">\n\t\t\t\t\t<div class=\"elementor-column elementor-col-100 elementor-top-column elementor-element elementor-element-31c10fba\" data-id=\"31c10fba\" data-element_type=\"column\">\n\t\t\t<div class=\"elementor-widget-wrap elementor-element-populated\">\n\t\t\t\t\t\t\t\t<div class=\"elementor-element elementor-element-8ec1300 elementor-widget elementor-widget-heading\" data-id=\"8ec1300\" data-element_type=\"widget\" data-widget_type=\"heading.default\">\n\t\t\t\t<div class=\"elementor-widget-container\">\n\t\t\t<h1 class=\"elementor-heading-title elementor-size-xxl\">E-Bike fahren Bayerischer Wald<\/h1>\t\t<\/div>\n\t\t\t\t<\/div>\n\t\t\t\t\t<\/div>\n\t\t<\/div>\n\t\t\t\t\t\t\t<\/div>\n\t\t<\/section>\n\t\t\t\t<section class=\"elementor-section elementor-top-section elementor-element elementor-element-48aa0ee elementor-section-boxed elementor-section-height-default elementor-section-height-default\" data-id=\"48aa0ee\" data-element_type=\"section\">\n\t\t\t\t\t\t<div class=\"elementor-container elementor-column-gap-default\">\n\t\t\t\t\t<div class=\"elementor-column elementor-col-100 elementor-top-column elementor-element elementor-element-7dff3eb\" data-id=\"7dff3eb\" data-element_type=\"column\">\n\t\t\t<div class=\"elementor-widget-wrap elementor-element-populated\">\n\t\t\t\t\t\t\t\t<div class=\"elementor-element elementor-element-711fdcb elementor-widget elementor-widget-spacer\" data-id=\"711fdcb\" data-element_type=\"widget\" data-widget_type=\"spacer.default\">\n\t\t\t\t<div class=\"elementor-widget-container\">\n\t\t\t\t\t<div class=\"elementor-spacer\">\n\t\t\t<div class=\"elementor-spacer-inner\"><\/div>\n\t\t<\/div>\n\t\t\t\t<\/div>\n\t\t\t\t<\/div>\n\t\t\t\t<div class=\"elementor-element elementor-element-622332f elementor-widget elementor-widget-text-editor\" data-id=\"622332f\" data-element_type=\"widget\" data-widget_type=\"text-editor.default\">\n\t\t\t\t<div class=\"elementor-widget-container\">\n\t\t\t\t\t\t\t<p><strong>E-Bike fahren: Bayerischer Wald <\/strong><\/p><p>Sie lieben das E-Bike fahren und suchen nach einer neuen Kulisse f\u00fcr Ihre Touren? Wie w\u00e4re es mit dem Bayerischen Wald? Gerade in Zeiten des Heimaturlaubs, kann man hier zahlreiche wundersch\u00f6ne Orte entdecken und dabei einen erholsamen, aktiven Urlaub verbringen. Egal ob Sie nun von weit her oder aus der Region kommen \u2013 wir, das Gesundheits- und Wellnesshotel Zedernhof, bieten Ihnen alles was das Herz begehrt und lassen Sie den bayerischen Wald mit anderen Augen sehen.<\/p><p><strong>Natur pur, viel Wald und mehr <\/strong><\/p><p>Unser Haus liegt im beschaulichen \u00d6rtchen Stamsried am Rande des bayerischen Waldes. Von hier aus haben Sie zahlreiche Ausflugsm\u00f6glichkeiten, die Sie in kurzer Zeit erreichen k\u00f6nnen. Wandern Sie durch den bayerischen Wald oder biken Sie gen\u00fcsslich auf dem Radweg den Regen oder die Donau entlang. Unser Service-Team steht Ihnen gerne bei der Planung Ihrer Tour zur Seite und gibt wertvolle Tipps zu Sehensw\u00fcrdigkeiten und kulinarischen Highlights. Nach einem sportlichen Tag voller neuer Eindr\u00fccke, l\u00e4dt Sie unser gro\u00dfz\u00fcgiger Wellnessbereich zum Verweilen und Entspannen ein. Hier k\u00f6nnen Sie mit Blick auf den Bayerwald Ihre F\u00fc\u00dfe hochlegen und eine wohlverdiente Pause machen. Sollten Sie sich f\u00fcr unsere Dreiviertel-Verw\u00f6hn-Pension entschieden haben, so verzaubert Sie unser K\u00fcchenchef am Abend noch mit einem 5-Gang-Wahlmen\u00fc. Das klingt nach einem perfekten Urlaub f\u00fcr Sie? Dann z\u00f6gern Sie nicht l\u00e4nger und nehmen Sie Kontakt zu unserem Service-Team auf. Wir freuen uns Sie beraten zu d\u00fcrfen und gestalten einen Aufenthalt ganz nach Ihren W\u00fcnschen und Vorstellungen f\u00fcr Sie. Selbstverst\u00e4ndlichen beachten wir beim Buchen und der Datenverarbeitung den geltenden Datenschutz.<\/p><p><strong>E-Bike, Mountainbike und Wander-Touren rund um den Bayerischen Wald <\/strong><\/p><p>Im Bayerischen Wald, rund um dem Nationalpark, finden Sie zahlreiche Anbieter, die einen Verleih von verschiedenen Fahrr\u00e4dern anbieten: vom sportlichen Mountainbike, \u00fcber das g\u00e4ngige Trekkingrad bis zum Highend-E-Bike. Da ist f\u00fcr jeden das Richtige dabei! Gerne k\u00f6nnen Sie vorab Kontakt zu unserem Service aufnehmen, um einen geeigneten Verleih zu finden. Selbstverst\u00e4ndlich k\u00f6nnen Sie auch mit Ihren eigenen Bikes anreisen und diese nach Ihrer Tour in unserem Hotel gegebenenfalls aufladen. Sind die R\u00e4der organisiert, geht es einen Schritt weiter zur Touren-Planung. Hier haben Sie eine F\u00fclle an Auswahlm\u00f6glichkeiten, bei der bestimmt jeder Biker-Typ auf seine Kosten kommt. Von leichten Anf\u00e4ngerrouten bis zu wirklich fordernden Mountainbike-Touren ist im Bayerischen Wald alles vertreten. Zur sicheren Navigation empfehlen wir die NAVIKI App, welche sowohl f\u00fcr iPhones als auch f\u00fcr Android-Ger\u00e4te erh\u00e4ltlich ist. Damit k\u00f6nnen Sie nicht nur Ihre gefahrenen Touren aufzeichnen und vermessen, sondern auch fertig geplante Routen hochladen und diese dann nachfahren. Grunds\u00e4tzlich ist es immer ratsam eine Karte des Gebiets in dem man unterwegs ist bei sich zu haben \u2013 sei dies nun in der klassischen Variante oder Offline-Kartendaten auf dem Smartphone. Bei der Orientierung kann auch ein GPS-Empf\u00e4nger helfen, der den aktuellen Standort angibt.<\/p><p><em>Biken: Von Zwiesel zum Gro\u00dfen Falkenstein auf 44,2 km Radweg<\/em><\/p><p>Die Beispiel-Tour k\u00f6nnte malerischer nicht sein, ist aber definitiv f\u00fcr Fortgeschrittene gedacht. Wir starten im Ortskern von Zwiesel und biken gem\u00fctlich den Radweg entlang zur n\u00e4chsten Ortschaft nach Lindberg. Von hier aus geht es durch das kleine \u00d6rtchen Lindbergm\u00fchle bis nach Zwieslerwaldhaus. Wir folgen der Stra\u00dfe bis wir ein St\u00fcck weiter auf die tschechische Grenze sto\u00dfen. Ab hier geht es den sogenannten Salzweg entlang bis zum Gipfel des Gro\u00dfen Falkensteins. Dieser befindet sich auf 1.315 m H\u00f6he und bietet einen atemberaubenden Blick \u00fcber den Nationalpark Bayerischer Wald. Das Schutzhaus Falkenstein wurde 2019 komplett neu errichtet und bringt naturnahen Tourismus auf eine neue Ebene. Die Besucher k\u00f6nnen im Inneren die einmalige Aussicht durch die Panoramafensterwand genie\u00dfen w\u00e4hrend sie sich typisch bayerische Gerichte schmecken lassen. Hier kommt nicht nur H\u00fctten- sondern vor allem Urlaubs-Feeling auf! Wenn Sie richtig Gl\u00fcck haben und einen besonders klaren Tag f\u00fcr Ihre Tour erwischen, dann k\u00f6nnen Sie von hier aus sogar bis zu den Alpen blicken und die Macht des Gebirgsmassivs sp\u00fcren. Ein St\u00fcck m\u00fcssen wir denselben Weg zur\u00fcck von dem wir gekommen sind und danach geht es unterhalb des Ruckowitzbergs weiter die H\u00f6llbachstra\u00dfe entlang bis nach Scheuereck. Von hier aus geht es \u00fcber Spiegelh\u00fctte, Jungmeierh\u00fctte, Rieshaus, Beihof wieder nach Lindberg von wo aus uns der gleiche Weg wie zu Beginn nach Zwiesel zur\u00fcckf\u00fchrt. Ein intensives Wald- und Natur-Erlebnis, das man sich nicht entgehen lassen sollte.<\/p><p><em>Wandern: Von Zwieslerwaldhaus zum Gro\u00dfen Falkenstein auf 14,5 km<\/em><\/p><p>Sollten Sie nicht so der Typ f\u00fcrs Biken, sondern eher f\u00fcrs Wandern sein, haben wir auch hier eine empfehlenswerte Tour f\u00fcr Sie. Diese startet am Wanderparkplatz \u201eZwieslerwaldhaus\u201c. Sie erreichen ihn entweder mit dem Auto oder etwas natur- und umweltfreundlicher mit dem Igel-Bus. Die Tour ist mit dem Symbol der Heidelbeere gekennzeichnet und f\u00fchrt zun\u00e4chst leicht bergauf durch einen wundersch\u00f6nen Buchenwald. Gerade im Herbst leuchten hier die Bl\u00e4tter in fast schon unwirklichen Gelb-, Orange- und Rott\u00f6nen. Immer der Heidelbeere folgend gelangen Sie an einen kleinen See mitten im Wald \u2013 die sogenannte H\u00f6llbachschwelle. Hier flie\u00dfen mehrere kleine B\u00e4che vom Berg herab zusammen und sammeln sich in der Senke. Weiter geht es steil bergauf \u00fcber das H\u00f6llbachgspreng, wo immer wieder solche kleinen B\u00e4che \u00fcberquert werden m\u00fcssen. Sollten Sie nicht sehr trittfest sein oder keine wasserdichten Schuhe haben, gibt es einen Nebenweg, welcher das Gspreng umgeht. Immer weiter schraubt sich der Weg serpentinenartig den Falkenstein hinauf. Oben angekommen gehen Sie noch ein kleines St\u00fcck auf der Ebene entlang bis Sie auch hier das Schutzhaus Falkenstein erreichen. Sind Sie morgens gestartet, m\u00fcsste jetzt die perfekte Zeit f\u00fcr ein deftiges Mittagessen sein. Anschlie\u00dfend k\u00f6nnen Sie noch ein Erinnerungsfoto mit dem Gipfelkreuz schie\u00dfen, bevor uns der Weg weiter \u00fcber die Ruckowitzschachten zur\u00fcck nach Zwieslerwaldhaus f\u00fchrt. Erleben Sie die Region Bayerwald und den Nationalpark Bayerischen Wald so authentisch und naturnah wie nur m\u00f6glich: Zu Fu\u00df oder mit dem Rad!<\/p><p><strong>Verdiente Auszeit im Gesundheits- und Wellnesshotel Zedernhof <\/strong><\/p><p>Damit Sie sich auch nach Ihrem sportlich aktiven Tag eine Ruhepause g\u00f6nnen k\u00f6nnen, bietet Ihnen unser Hause allerhand Annehmlichkeiten zum Entspannen. Um einen vollkommen sorgenfreien Urlaub bei uns genie\u00dfen zu k\u00f6nnen, empfehlen wir Ihnen unser Paket \u201eWandern und Verw\u00f6hnen\u201c.<\/p><p><em>Paket: Wandern und Verw\u00f6hnen <\/em><\/p><p>Dieses enth\u00e4lt 7 \u00dcbernachtungen im Doppelzimmer inklusive Verw\u00f6hn-Dreiviertel-Pension. Sie starten mit einem reichhaltigen Fr\u00fchst\u00fcckbuffet in den Tag und genie\u00dfen unter anderem eine Auswahl an hausgemachten Marmeladen und Br\u00f6tchen von B\u00e4cker nebenan. Mittags tischen wir Ihnen ein Buffet mit verschiedenen kleinen Snacks zur St\u00e4rkung zwischendurch auf. Um jeden Tag das Kr\u00f6nchen aufzusetzen gibt es abends ein 4-Gang-Wahlmen\u00fc mit Salatbuffet. Da schl\u00e4gt jedes Genie\u00dferherz h\u00f6her! Um Ihre wertvolle Zeit nicht mit dem Buchen von Wellness-Arrangements zu vergeuden, haben wir Ihnen ein paar Leistungen bereits in dieses Paket inkludiert. Ohne Aufpreis erhalten Sie von uns eine Fu\u00dfzonenmassage, welche vor allem nach einem Wandertag besonders wohltuend ist. Zudem verw\u00f6hnen wir Sie mit einer klassischen Ganzk\u00f6rpermassage und einer Kopfmassage mit Aroma-\u00d6len, welche stressreduzierend und beruhigend wirkt. Eine neue Art den Kopf, im wahrsten Sinnen des Wortes, frei zu bekommen! Um Ihr Wandererlebnis so erfolgreich wie m\u00f6glich zu gestalten, bekommen Sie von uns eine Wanderkarte geschenkt und ein Brotzeitpaket mit auf den Weg. Damit steht dem Wandern oder Biken nicht mehr im Weg. F\u00fcr die Zeit Ihres Aufenthalts stellen wir Ihnen selbstverst\u00e4ndlich einen kuscheligen Leihbademantel und Saunat\u00fccher zur Verf\u00fcgung.<\/p><p><em>Unser Wellnessbereich<\/em><\/p><p>G\u00f6nnen Sie sich etwas Gutes und lassen Sie in unserem Wellnessbereich Ihre Seele baumeln. 1.200 qm Wohlf\u00fchloase warten auf Sie und begeistern mit verschiedenen Saunen, Whirlpool, Salzstollen, Erlebnisduschen und einem Hallenschwimmbad. Sollte das Wetter Ihren sportlichen Ambitionen im Weg stehen k\u00f6nnen Sie sich mit unserer Gegenstromanlage so richtig auspowern. Wenn Sie es lieber etwas ruhiger angehen m\u00f6chten, steht Ihnen auch unser Meditationsraum f\u00fcr Yoga und Pilates offen. So oder so werden Sie mit einem Aufenthalt bei uns im Bayerwald nichts verkehrt machen und garantiert auf Ihre Kosten kommen.<\/p><p><em>Kurz-Urlaub in der Heimat<\/em><\/p><p>Sollten Sie aus der Region kommen und den Wunsch nach etwas Erholung versp\u00fcren, haben wir auch f\u00fcr Sie genau die richtigen Angebote. Erleben Sie doch mal den Nationalpark Bayerischen Wald aus den Augen eines Urlaubers. Ver\u00e4ndern Sie Ihren Blickwinkel und verbringen Sie eine oder zwei entspannte N\u00e4chte in unserem Hotel. So ein Heimat-Urlaub kann die Augen f\u00fcr die allt\u00e4gliche Sch\u00f6nheit wieder \u00f6ffnen und lehrt die kleinen Dinge wertzusch\u00e4tzen. Ob Sie nun eine Tour durch den Bayerwald wandern oder mehrere Touren mit dem (E)-Bike durch die Natur geplant haben: Sie kommen definitiv auf Ihre Kosten! Schauen Sie gerne auf unserer Homepage vorbei und entdecken Sie unsere Kurz-Urlaub-Angebote. Bei Fragen k\u00f6nnen Sie Kontakt zu unserem Service aufnehmen oder Sie buchen ganz einfach und unkompliziert \u00fcber unsere Webseite. Auf Wunsch empfehlen wir Ihnen einen Mountainbike-Verleih und geben wertvolle Tipps an Sie weiter. Selbstverst\u00e4ndlich beachten wir immer den aktuell g\u00fcltigen Datenschutz beim Umgang mit Ihren personenbezogenen Daten.<\/p><p><strong>Heimat neu erleben<\/strong><\/p><p>Zum Schluss bleibt uns nur noch zu sagen, dass auch Urlaub in der Region und auf bekanntem Terrain seinen Reiz haben kann. Auch wenn den meisten die Sch\u00f6nheit um sie herum nicht bewusst ist, kann das Auge f\u00fcr einen solchen Blick wieder geschult werden. Gerade durch achtsame Erlebnisse in der Natur (vor allem im Wald), lernen wir unsere Umgebung neu kennen und somit wertsch\u00e4tzen. Ein netter Nebeneffekt entsteht durch das Vermeiden von Fl\u00fcgen und damit einer gro\u00dfen Einsparung von CO\u00b2. Tun Sie sich und Ihrer Umgebung etwas Gutes und buchen Sie einen Urlaub voller Ruhe und Entspannung im Bayerischen Wald. Kulinarische Gen\u00fcsse, staufreie Stra\u00dfen, endlose Weiten, viel Wald und weit und breit kein Stress in Sicht \u2013 so und nicht anders stellen wir uns einen gelungenen Wellnessurlaub im Bayerwald vor. Das gesamte Team vom Zedernhof freut sich auf Ihren Besuch und bem\u00fcht sich Ihren Aufenthalt so individuell und wohltuend wie nur m\u00f6glich f\u00fcr Sie zu gestalten.<\/p>\t\t\t\t\t\t<\/div>\n\t\t\t\t<\/div>\n\t\t\t\t<div class=\"elementor-element elementor-element-86aefe0 elementor-widget elementor-widget-spacer\" data-id=\"86aefe0\" data-element_type=\"widget\" data-widget_type=\"spacer.default\">\n\t\t\t\t<div class=\"elementor-widget-container\">\n\t\t\t\t\t<div class=\"elementor-spacer\">\n\t\t\t<div class=\"elementor-spacer-inner\"><\/div>\n\t\t<\/div>\n\t\t\t\t<\/div>\n\t\t\t\t<\/div>\n\t\t\t\t\t<\/div>\n\t\t<\/div>\n\t\t\t\t\t\t\t<\/div>\n\t\t<\/section>\n\t\t\t\t\t\t\t<\/div>","protected":false},"excerpt":{"rendered":"<p>E-Bike fahren Bayerischer Wald E-Bike fahren: Bayerischer Wald Sie lieben das E-Bike fahren und suchen nach einer neuen Kulisse f\u00fcr Ihre Touren? Wie w\u00e4re es mit dem Bayerischen Wald? Gerade in Zeiten des Heimaturlaubs, kann man hier zahlreiche wundersch\u00f6ne Orte [&hellip;]<\/p>","protected":false},"author":2,"featured_media":0,"parent":0,"menu_order":0,"comment_status":"closed","ping_status":"closed","template":"elementor_header_footer","meta":{"footnotes":""},"yoast_head":"<!-- This site is optimized with the Yoast SEO plugin v21.5 - https:\/\/yoast.com\/wordpress\/plugins\/seo\/ -->\n<title>E-Bike fahren im Bayerischen Wald - 3* Superior Hotel Zedernhof<\/title>\n<meta name=\"description\" content=\"Biken in der Natur des Bayerischen Waldes &amp; tolle Wellnessangebote sowie Sport-&amp; Freizeitm\u00f6glichkeiten im 3* S Wellneshotel Zedernhof\" \/>\n<meta name=\"robots\" content=\"index, follow, max-snippet:-1, max-image-preview:large, max-video-preview:-1\" \/>\n<link rel=\"canonical\" href=\"https:\/\/hotel-zedernhof.de\/en\/wohnen-preise\/\" \/>\n<meta property=\"og:locale\" content=\"en_GB\" \/>\n<meta property=\"og:type\" content=\"article\" \/>\n<meta property=\"og:title\" content=\"E-Bike fahren im Bayerischen Wald - 3* Superior Hotel Zedernhof\" \/>\n<meta property=\"og:description\" content=\"Biken in der Natur des Bayerischen Waldes &amp; tolle Wellnessangebote sowie Sport-&amp; Freizeitm\u00f6glichkeiten im 3* S Wellneshotel Zedernhof\" \/>\n<meta property=\"og:url\" content=\"https:\/\/hotel-zedernhof.de\/en\/wohnen-preise\/\" \/>\n<meta property=\"og:site_name\" content=\"Hotel Zedernhof\" \/>\n<meta property=\"article:modified_time\" content=\"2021-05-10T09:53:55+00:00\" \/>\n<meta name=\"twitter:card\" content=\"summary_large_image\" \/>\n<meta name=\"twitter:label1\" content=\"Estimated reading time\" \/>\n\t<meta name=\"twitter:data1\" content=\"7 minutes\" \/>\n<script type=\"application\/ld+json\" class=\"yoast-schema-graph\">{\"@context\":\"https:\/\/schema.org\",\"@graph\":[{\"@type\":\"WebPage\",\"@id\":\"https:\/\/hotel-zedernhof.de\/ebike-bayerischer-wald\/\",\"url\":\"https:\/\/hotel-zedernhof.de\/wohnen-preise\/\",\"name\":\"E-Bike fahren im Bayerischen Wald - 3* Superior Hotel Zedernhof\",\"isPartOf\":{\"@id\":\"https:\/\/hotel-zedernhof.de\/#website\"},\"datePublished\":\"2021-02-09T11:30:31+00:00\",\"dateModified\":\"2021-05-10T09:53:55+00:00\",\"description\":\"Biken in der Natur des Bayerischen Waldes & tolle Wellnessangebote sowie Sport-& Freizeitm\u00f6glichkeiten im 3* S Wellneshotel Zedernhof\",\"breadcrumb\":{\"@id\":\"https:\/\/hotel-zedernhof.de\/wohnen-preise\/#breadcrumb\"},\"inLanguage\":\"en-GB\",\"potentialAction\":[{\"@type\":\"ReadAction\",\"target\":[\"https:\/\/hotel-zedernhof.de\/wohnen-preise\/\"]}]},{\"@type\":\"BreadcrumbList\",\"@id\":\"https:\/\/hotel-zedernhof.de\/wohnen-preise\/#breadcrumb\",\"itemListElement\":[{\"@type\":\"ListItem\",\"position\":1,\"name\":\"Startseite\",\"item\":\"https:\/\/hotel-zedernhof.de\/\"},{\"@type\":\"ListItem\",\"position\":2,\"name\":\"E-Bike Bayerischer Wald\"}]},{\"@type\":\"WebSite\",\"@id\":\"https:\/\/hotel-zedernhof.de\/#website\",\"url\":\"https:\/\/hotel-zedernhof.de\/\",\"name\":\"Hotel Zedernhof\",\"description\":\"Hotel Zedernhof\",\"potentialAction\":[{\"@type\":\"SearchAction\",\"target\":{\"@type\":\"EntryPoint\",\"urlTemplate\":\"https:\/\/hotel-zedernhof.de\/?s={search_term_string}\"},\"query-input\":\"required name=search_term_string\"}],\"inLanguage\":\"en-GB\"}]}<\/script>\n<!-- \/ Yoast SEO plugin. -->","yoast_head_json":{"title":"E-Bike fahren im Bayerischen Wald - 3* Superior Hotel Zedernhof","description":"Biken in der Natur des Bayerischen Waldes & tolle Wellnessangebote sowie Sport-& Freizeitm\u00f6glichkeiten im 3* S Wellneshotel Zedernhof","robots":{"index":"index","follow":"follow","max-snippet":"max-snippet:-1","max-image-preview":"max-image-preview:large","max-video-preview":"max-video-preview:-1"},"canonical":"https:\/\/hotel-zedernhof.de\/en\/wohnen-preise\/","og_locale":"en_GB","og_type":"article","og_title":"E-Bike fahren im Bayerischen Wald - 3* Superior Hotel Zedernhof","og_description":"Biken in der Natur des Bayerischen Waldes & tolle Wellnessangebote sowie Sport-& Freizeitm\u00f6glichkeiten im 3* S Wellneshotel Zedernhof","og_url":"https:\/\/hotel-zedernhof.de\/en\/wohnen-preise\/","og_site_name":"Hotel Zedernhof","article_modified_time":"2021-05-10T09:53:55+00:00","twitter_card":"summary_large_image","twitter_misc":{"Estimated reading time":"7 minutes"},"schema":{"@context":"https:\/\/schema.org","@graph":[{"@type":"WebPage","@id":"https:\/\/hotel-zedernhof.de\/ebike-bayerischer-wald\/","url":"https:\/\/hotel-zedernhof.de\/wohnen-preise\/","name":"E-Bike fahren im Bayerischen Wald - 3* Superior Hotel Zedernhof","isPartOf":{"@id":"https:\/\/hotel-zedernhof.de\/#website"},"datePublished":"2021-02-09T11:30:31+00:00","dateModified":"2021-05-10T09:53:55+00:00","description":"Biken in der Natur des Bayerischen Waldes & tolle Wellnessangebote sowie Sport-& Freizeitm\u00f6glichkeiten im 3* S Wellneshotel Zedernhof","breadcrumb":{"@id":"https:\/\/hotel-zedernhof.de\/wohnen-preise\/#breadcrumb"},"inLanguage":"en-GB","potentialAction":[{"@type":"ReadAction","target":["https:\/\/hotel-zedernhof.de\/wohnen-preise\/"]}]},{"@type":"BreadcrumbList","@id":"https:\/\/hotel-zedernhof.de\/wohnen-preise\/#breadcrumb","itemListElement":[{"@type":"ListItem","position":1,"name":"Startseite","item":"https:\/\/hotel-zedernhof.de\/"},{"@type":"ListItem","position":2,"name":"E-Bike Bayerischer Wald"}]},{"@type":"WebSite","@id":"https:\/\/hotel-zedernhof.de\/#website","url":"https:\/\/hotel-zedernhof.de\/","name":"Hotel Zedernhof","description":"Hotel Zedernhof","potentialAction":[{"@type":"SearchAction","target":{"@type":"EntryPoint","urlTemplate":"https:\/\/hotel-zedernhof.de\/?s={search_term_string}"},"query-input":"required name=search_term_string"}],"inLanguage":"en-GB"}]}},"_links":{"self":[{"href":"https:\/\/hotel-zedernhof.de\/en\/wp-json\/wp\/v2\/pages\/3643"}],"collection":[{"href":"https:\/\/hotel-zedernhof.de\/en\/wp-json\/wp\/v2\/pages"}],"about":[{"href":"https:\/\/hotel-zedernhof.de\/en\/wp-json\/wp\/v2\/types\/page"}],"author":[{"embeddable":true,"href":"https:\/\/hotel-zedernhof.de\/en\/wp-json\/wp\/v2\/users\/2"}],"replies":[{"embeddable":true,"href":"https:\/\/hotel-zedernhof.de\/en\/wp-json\/wp\/v2\/comments?post=3643"}],"version-history":[{"count":8,"href":"https:\/\/hotel-zedernhof.de\/en\/wp-json\/wp\/v2\/pages\/3643\/revisions"}],"predecessor-version":[{"id":3911,"href":"https:\/\/hotel-zedernhof.de\/en\/wp-json\/wp\/v2\/pages\/3643\/revisions\/3911"}],"wp:attachment":[{"href":"https:\/\/hotel-zedernhof.de\/en\/wp-json\/wp\/v2\/media?parent=3643"}],"curies":[{"name":"wp","href":"https:\/\/api.w.org\/{rel}","templated":true}]}}