{"id":3688,"date":"2021-02-09T12:48:18","date_gmt":"2021-02-09T12:48:18","guid":{"rendered":"https:\/\/hotel-zedernhof.de\/?page_id=3688"},"modified":"2026-04-27T14:05:57","modified_gmt":"2026-04-27T14:05:57","slug":"saunieren-bayerischer-wald","status":"publish","type":"page","link":"https:\/\/hotel-zedernhof.de\/en\/saunieren-bayerischer-wald\/","title":{"rendered":"Saunieren Bayerischer Wald"},"content":{"rendered":"<div data-elementor-type=\"wp-post\" data-elementor-id=\"3688\" class=\"elementor elementor-3688\" data-elementor-post-type=\"page\">\n\t\t\t\t\t\t\t\t\t<section class=\"elementor-section elementor-top-section elementor-element elementor-element-634dbc5f elementor-section-full_width elementor-section-height-full elementor-section-height-default elementor-section-items-middle\" data-id=\"634dbc5f\" data-element_type=\"section\" data-settings=\"{&quot;background_background&quot;:&quot;classic&quot;}\">\n\t\t\t\t\t\t\t<div class=\"elementor-background-overlay\"><\/div>\n\t\t\t\t\t\t\t<div class=\"elementor-container elementor-column-gap-default\">\n\t\t\t\t\t<div class=\"elementor-column elementor-col-100 elementor-top-column elementor-element elementor-element-31c10fba\" data-id=\"31c10fba\" data-element_type=\"column\">\n\t\t\t<div class=\"elementor-widget-wrap elementor-element-populated\">\n\t\t\t\t\t\t\t\t<div class=\"elementor-element elementor-element-8ec1300 elementor-widget elementor-widget-heading\" data-id=\"8ec1300\" data-element_type=\"widget\" data-widget_type=\"heading.default\">\n\t\t\t\t<div class=\"elementor-widget-container\">\n\t\t\t<h1 class=\"elementor-heading-title elementor-size-xxl\">Sauna im Bayerischen Wald <\/h1>\t\t<\/div>\n\t\t\t\t<\/div>\n\t\t\t\t\t<\/div>\n\t\t<\/div>\n\t\t\t\t\t\t\t<\/div>\n\t\t<\/section>\n\t\t\t\t<section class=\"elementor-section elementor-top-section elementor-element elementor-element-3f69056 elementor-section-boxed elementor-section-height-default elementor-section-height-default\" data-id=\"3f69056\" data-element_type=\"section\">\n\t\t\t\t\t\t<div class=\"elementor-container elementor-column-gap-default\">\n\t\t\t\t\t<div class=\"elementor-column elementor-col-100 elementor-top-column elementor-element elementor-element-bf20222\" data-id=\"bf20222\" data-element_type=\"column\">\n\t\t\t<div class=\"elementor-widget-wrap elementor-element-populated\">\n\t\t\t\t\t\t\t\t<div class=\"elementor-element elementor-element-6498b54 elementor-widget elementor-widget-spacer\" data-id=\"6498b54\" data-element_type=\"widget\" data-widget_type=\"spacer.default\">\n\t\t\t\t<div class=\"elementor-widget-container\">\n\t\t\t\t\t<div class=\"elementor-spacer\">\n\t\t\t<div class=\"elementor-spacer-inner\"><\/div>\n\t\t<\/div>\n\t\t\t\t<\/div>\n\t\t\t\t<\/div>\n\t\t\t\t<div class=\"elementor-element elementor-element-bf1d0da elementor-widget elementor-widget-text-editor\" data-id=\"bf1d0da\" data-element_type=\"widget\" data-widget_type=\"text-editor.default\">\n\t\t\t\t<div class=\"elementor-widget-container\">\n\t\t\t\t\t\t\t<h2><b><span data-contrast=\"none\">Entspannung Pur in unserer <\/span><\/b><b><span data-contrast=\"none\">Sauna im Bayerischen Wald\u00a0<\/span><\/b><span data-ccp-props=\"{&quot;335557856&quot;:16777215,&quot;335559731&quot;:708}\">\u00a0<\/span><\/h2><p><span data-contrast=\"none\">Perfekte Auszeit vom Alltag im Hotel Zedernhof, wo sich unser exklusives Saunaangebot perfekt in die malerische Ruhe des Bayerischen Waldes einbettet. <\/span><span data-contrast=\"none\">Unsere Sauna im Bayerischen Wald <\/span><span data-contrast=\"none\">bietet Ihnen ein unvergleichliches Wellness-Erlebnis, bei dem Sie entspannen und neue Kr\u00e4fte sammeln k\u00f6nnen. <\/span><span class=\"TextRun Highlight SCXW253117064 BCX0\" lang=\"DE-DE\" xml:lang=\"DE-DE\" data-contrast=\"none\"><span class=\"NormalTextRun SCXW253117064 BCX0\">Unsere <\/span><\/span><span class=\"TextRun Highlight SCXW253117064 BCX0\" lang=\"DE-DE\" xml:lang=\"DE-DE\" data-contrast=\"none\"><span class=\"NormalTextRun SCXW253117064 BCX0\">Sauna im Bayerischen Wald <\/span><\/span><span class=\"TextRun Highlight SCXW253117064 BCX0\" lang=\"DE-DE\" xml:lang=\"DE-DE\" data-contrast=\"none\"><span class=\"NormalTextRun SCXW253117064 BCX0\">ist mit allem ausgestattet, was Sie f\u00fcr eine vollkommene Auszeit ben\u00f6tigen. Von der Bio-Sauna \u00fcber die <\/span><span class=\"NormalTextRun ContextualSpellingAndGrammarErrorV2Themed SCXW253117064 BCX0\">Finnische<\/span><span class=\"NormalTextRun SCXW253117064 BCX0\"> Sauna bis hin zum Dampfbad \u2013 jede Saunaerfahrung wird zu einem unvergesslichen Erlebnis. Genie\u00dfen Sie die Aussicht auf die unber\u00fchrte Natur des Bayerischen <\/span><span class=\"NormalTextRun SCXW253117064 BCX0\">Waldes<\/span><span class=\"NormalTextRun SCXW253117064 BCX0\">!<\/span><\/span><span class=\"EOP SCXW253117064 BCX0\" data-ccp-props=\"{&quot;335559685&quot;:708}\">\u00a0<\/span><\/p><h2><strong>Ab in die Sauna \u2013 aber wie?<\/strong><\/h2><p>Urlaub in einem Wellnesshotel zu machen ist im Trend: Aber was tun, wenn Sie noch nie in einer Sauna waren und nicht wissen wie Saunieren \u201erichtig\u201c funktioniert? Kein Problem, wir helfen Ihnen gerne. Im Folgenden erfahren Sie alles rund um die Wirkung der Sauna, wie Sie Schritt f\u00fcr Schritt beim Saunieren vorgehen und worauf Sie unbedingt achten sollten. Sollten danach noch Fragen offenbleiben, k\u00f6nnen Sie gerne Kontakt zu uns aufnehmen und sich von unserem Team beraten lassen (Tel. +49 (0) 9466\/ 326).<\/p><h2><strong>Was bewirkt die Sauna in meinem K\u00f6rper?<\/strong><\/h2><p>Sobald Sie die hei\u00dfe Sauna betreten, wird Ihr Kreislauf aktiv und beginnt auf Hochtouren zu arbeiten. Das bedeutet auf der rein k\u00f6rperlichen Seite eigentlich puren Stress \u2013 die Blutgef\u00e4\u00dfe weiten sich, das Herz beginnt schneller zu schlagen und der Blutdruck sinkt. Aber zugleich entspannen sich Ihre Muskeln aufgrund der hohen Temperaturen in der Sauna und die Durchblutung der Schleimhaut (Nase, Mund, Rachen) verbessert sich. Der Stoffwechsel und das Immunsystem werden angeregt und aktiviert.<\/p><p><span class=\"TextRun Highlight SCXW251445979 BCX0\" lang=\"DE-DE\" xml:lang=\"DE-DE\" data-contrast=\"none\"><span class=\"NormalTextRun SCXW251445979 BCX0\">Nicht nur Entspannung, auch Ihre <\/span><\/span><a href=\"https:\/\/hotel-zedernhof.de\/en\/gesundheitshotel\/\"><span class=\"TextRun Highlight Underlined SCXW251445979 BCX0\" lang=\"DE-DE\" xml:lang=\"DE-DE\" data-contrast=\"none\"><span class=\"NormalTextRun SCXW251445979 BCX0\">Gesundheit <\/span><\/span><\/a><span class=\"TextRun Highlight SCXW251445979 BCX0\" lang=\"DE-DE\" xml:lang=\"DE-DE\" data-contrast=\"none\"><span class=\"NormalTextRun SCXW251445979 BCX0\">\u00a0<\/span><span class=\"NormalTextRun SCXW251445979 BCX0\">profitiert von einem Besuch in unserer <\/span><\/span><span class=\"TextRun Highlight SCXW251445979 BCX0\" lang=\"DE-DE\" xml:lang=\"DE-DE\" data-contrast=\"none\"><span class=\"NormalTextRun SCXW251445979 BCX0\">Sauna im Bayerischen Wald<\/span><\/span><span class=\"TextRun Highlight SCXW251445979 BCX0\" lang=\"DE-DE\" xml:lang=\"DE-DE\" data-contrast=\"none\"><span class=\"NormalTextRun SCXW251445979 BCX0\">. Regelm\u00e4\u00dfige Saunag\u00e4nge k\u00f6nnen das Immunsystem st\u00e4rken, die Durchblutung f\u00f6rdern und zur Entgiftung des K\u00f6rpers beitragen. Lassen Sie den Alltag hinter sich und g\u00f6nnen Sie sich die heilende Wirkung unserer exklusiven Sauna.<\/span><\/span><span class=\"EOP SCXW251445979 BCX0\" data-ccp-props=\"{&quot;335559685&quot;:708}\">\u00a0<\/span><\/p><p>Leider ist es mit dem \u201egem\u00fctlich in die hei\u00dfe Sauna legen\u201c aber nicht getan. Um wirklich einen positiven Effekt auf die Gesundheit zu erzielen, muss nach dem Saunagang ein K\u00e4lteschock erfolgen. Dieser sorgt daf\u00fcr, dass sich die geweiteten Blutgef\u00e4\u00dfe schlagartig wieder zusammenziehen, der Blutdruck steigt und Adrenalin ausgesch\u00fcttet wird. So \u201etrainieren\u201c Sie quasi Ihr Herz und die damit verbundene Muskulatur, regen die Durchblutung an und entspannen gleichzeitig den Rest Ihres K\u00f6rpers. Um diesen wieder zur Ruhe zu bringen, sollte an die Sauna anschlie\u00dfend unbedingt eine Entspannungsphase kommen. Packen Sie sich warm ein und legen Sie die F\u00fc\u00dfe hoch. Falls Sie sich lieber drau\u00dfen entspannen wollen, k\u00f6nnen Sie bei uns im Wellnesshotel Zedernhof den Duft vom Wald nebenan und die absolute Stille des Landlebens genie\u00dfen.<\/p><h2><strong>Schritt-f\u00fcr-Schritt Sauna-Anleitung f\u00fcr Ihren Aufenthalt im Wellnesshotel Zedernhof<\/strong><\/h2><ol><li><h3>Vorbereitung<\/h3><\/li><\/ol><p>Zu Beginn Ihres wohlverdienten Sauna-Besuchs im Bayerischen Wald (aber auch \u00fcberall sonst nat\u00fcrlich) sollten Sie sich in der Umkleide komplett entkleiden. Der Sauna-Bereich ist textilfrei und Sie ben\u00f6tigen nur ein Handtuch. Die Hitze in der Sauna regt die Nierenfunktion an, weswegen es ratsam ist zuvor noch einmal die Toilette aufzusuchen. Anschlie\u00dfend reinigen Sie Ihre Haut von \u00fcbersch\u00fcssigen Fettresten, die das Schwitzen erschweren. Bevor Sie nun die Sauna Ihrer Wahl betreten bitte abtrocknen nicht vergessen!<\/p><ol start=\"2\"><li><h3>Der Saunagang \u201eAufheizen\u201c<\/h3><\/li><\/ol><p>Nun sind Sie startklar: Betreten Sie die Sauna unbekleidet und barfu\u00df mit einem Handtuch. Breiten Sie auf der Fl\u00e4che, die Sie ber\u00fchren, Ihr Handtuch aus, um nicht unmittelbar mit dem Holz in Kontakt zu kommen. Je weiter oben Sie liegen, desto h\u00f6her sind auch die Temperaturen. Zus\u00e4tzlich sollten Sie darauf achten, dass Ihr Kopf etwas h\u00f6her liegt oder Sie setzen sich einfach entspannt hin. In der Regel sollten Sie zwischen acht und zw\u00f6lf Minuten in der Sauna bleiben. H\u00e4ufig finden Sie dort auch Sanduhren zur Orientierung. Zwei Minuten bevor Sie die Hitze endg\u00fcltig verlassen, empfiehlt es sich aufzusetzen, damit Ihr Kreislauf wieder in Schwung kommt und sich an die aufrechte Position gew\u00f6hnt.<\/p><ol start=\"3\"><li><h3>Nach der Sauna: Abk\u00fchlen<\/h3><\/li><\/ol><p>Nun folgt die Ruhe- und Abk\u00fchlphase, die mindestens zehn bis 15 Minuten dauern sollte. Hier haben Sie mehrere M\u00f6glichkeiten und k\u00f6nnen ganz nach pers\u00f6nlichem Geschmack entscheiden. Sie k\u00f6nnen einen kalten Schlauchguss, eine kalte K\u00f6rperdusche oder ein Eintauchbad nehmen. Anschlie\u00dfend w\u00e4re der perfekte Zeitpunkt f\u00fcr eine <a href=\"https:\/\/hotel-zedernhof.de\/en\/wellnessanwendungen\/\">Massage<\/a>, da Ihre Muskulatur nun schon etwas gelockert und warm ist. Selbstverst\u00e4ndlich bietet unser Hotel Zedernhof im Bayerischen Wald diesen Service.<\/p><ol start=\"4\"><li><h3>Wiederholungen und Ruhe<\/h3><\/li><\/ol><p>Nun k\u00f6nnen Sie wieder mit einem Saunagang starten, dabei gehen Sie vor wie im Schritt \u201eAufheizen\u201c und \u201eAbk\u00fchlen\u201c oben beschrieben. Je nach pers\u00f6nlichem Geschmack k\u00f6nnen Sie einen Gang ins Solarium und l\u00e4ngere Ruhephasen einlegen.<\/p><h2><strong>Sauna: Das gilt es zu beachten <\/strong><\/h2><p>Ihr K\u00f6rper befindet sich w\u00e4hrend des Saunierens in einem Ausnahmezustand \u2013 achten Sie deshalb ganz besonders auf ihn und trinken Sie zum Beispiel gen\u00fcgend, um Dehydration zu vermeiden. Sie sollten weder hungrig noch direkt nach dem Essen in die Sauna gehen. Auch sofort nach dem Sport, in einer Stresssituation oder nur zum Aufw\u00e4rmen, sollte eine Sauna nicht aufgesucht werden. Nutzen Sie da lieber die anderen Annehmlichkeiten unseres <a href=\"https:\/\/hotel-zedernhof.de\/en\/wellness\/\">Wellness-Bereichs<\/a> und lassen Sie sich vom Service-Team beraten. Bei uns kommen Sie in den Genuss bayerischer Gem\u00fctlichkeit und k\u00f6nnen Natur, Wald und Wiesen auf sich wirken lassen. Unser <a href=\"https:\/\/hotel-zedernhof.de\/en\/wellness\/\">Wellness-Bereich<\/a> punktet unter anderem mit einer 60 \u00b0C Bio-Sauna, einer 85 \u00b0C Finnischen Sauna, einem Rasulbad und einem orientalischen Hamambad. F\u00fcr die n\u00f6tige Abk\u00fchlung sorgt unsere Erlebnisdusche mit Tropen- und Eisregenfunktion. Eines unserer Zimmer verf\u00fcgt sogar \u00fcber eine eigene Sauna, damit der romantischen Zweisamkeit nichts mehr im Wege steht.<\/p><h2>Weitere Leistungen im Zedernhof<\/h2><p><span data-contrast=\"none\">Unsere <\/span><span data-contrast=\"none\">Sauna im Bayerischen Wald <\/span><span data-contrast=\"none\">ist der perfekte Ort, um Wellness und Natur zu kombinieren. Nach einem Saunagang laden die umliegenden <\/span><a href=\"https:\/\/hotel-zedernhof.de\/en\/wandern-bayerischer-wald\/\"><span data-contrast=\"none\">Wanderwege<\/span><\/a><span data-contrast=\"none\">\u00a0des Bayerischen Waldes zu einem Spaziergang ein, bei dem Sie die frische Luft und die idyllische Landschaft genie\u00dfen k\u00f6nnen. Dieser ganzheitliche Ansatz sorgt nicht nur f\u00fcr k\u00f6rperliches, sondern auch f\u00fcr seelisches Wohlbefinden.<\/span><span data-ccp-props=\"{&quot;335557856&quot;:16777215,&quot;335559685&quot;:708}\">\u00a0<\/span><\/p><p><span data-contrast=\"none\">Nach einem erholsamen Tag in der <\/span><span data-contrast=\"none\">Sauna im Bayerischen Wald <\/span><span data-contrast=\"none\">k\u00f6nnen Sie sich in unserem <\/span><a href=\"https:\/\/hotel-zedernhof.de\/en\/kulinarik\/\"><span data-contrast=\"none\">Hotelrestaurant<\/span><\/a><span data-contrast=\"none\">\u00a0mit lokalen Delikatessen verw\u00f6hnen lassen. Genie\u00dfen Sie gesunde, von der regionalen K\u00fcche inspirierte Gerichte, die perfekt darauf abgestimmt sind, Ihre Erholung nach dem Saunagang zu unterst\u00fctzen und Ihren Aufenthalt im Bayerischen Wald abzurunden.<\/span><span data-ccp-props=\"{&quot;335557856&quot;:16777215,&quot;335559685&quot;:708}\">\u00a0<\/span><\/p><p><span class=\"TextRun Highlight SCXW197514758 BCX0\" lang=\"DE-DE\" xml:lang=\"DE-DE\" data-contrast=\"none\"><span class=\"NormalTextRun SCXW197514758 BCX0\">Planen Sie Ihren n\u00e4chsten Entspannungsurlaub im Hotel Zedernhof und erleben Sie, wie <\/span><\/span><span class=\"TextRun Highlight SCXW197514758 BCX0\" lang=\"DE-DE\" xml:lang=\"DE-DE\" data-contrast=\"none\"><span class=\"NormalTextRun SCXW197514758 BCX0\">unsere Sauna im Bayerischen Wald<\/span><\/span><span class=\"TextRun Highlight SCXW197514758 BCX0\" lang=\"DE-DE\" xml:lang=\"DE-DE\" data-contrast=\"none\"><span class=\"NormalTextRun SCXW197514758 BCX0\"> Ihr Wohlbefinden steigert. Buchen Sie jetzt, um sich einen Platz in unserem Wellness-Paradies zu sichern.\u00a0<\/span><\/span><span class=\"EOP SCXW197514758 BCX0\" data-ccp-props=\"{&quot;335557856&quot;:16777215,&quot;335559685&quot;:708}\">\u00a0<\/span><\/p>\t\t\t\t\t\t<\/div>\n\t\t\t\t<\/div>\n\t\t\t\t<div class=\"elementor-element elementor-element-afef3e4 elementor-widget elementor-widget-spacer\" data-id=\"afef3e4\" data-element_type=\"widget\" data-widget_type=\"spacer.default\">\n\t\t\t\t<div class=\"elementor-widget-container\">\n\t\t\t\t\t<div class=\"elementor-spacer\">\n\t\t\t<div class=\"elementor-spacer-inner\"><\/div>\n\t\t<\/div>\n\t\t\t\t<\/div>\n\t\t\t\t<\/div>\n\t\t\t\t\t<\/div>\n\t\t<\/div>\n\t\t\t\t\t\t\t<\/div>\n\t\t<\/section>\n\t\t\t\t\t\t\t<\/div>","protected":false},"excerpt":{"rendered":"<p>Sauna im Bayerischen Wald Entspannung Pur in unserer Sauna im Bayerischen Wald\u00a0\u00a0 Perfekte Auszeit vom Alltag im Hotel Zedernhof, wo sich unser exklusives Saunaangebot perfekt in die malerische Ruhe des Bayerischen Waldes einbettet. Unsere Sauna im Bayerischen Wald bietet Ihnen [&hellip;]<\/p>","protected":false},"author":2,"featured_media":0,"parent":0,"menu_order":0,"comment_status":"closed","ping_status":"closed","template":"elementor_header_footer","meta":{"footnotes":""},"yoast_head":"<!-- This site is optimized with the Yoast SEO plugin v21.5 - https:\/\/yoast.com\/wordpress\/plugins\/seo\/ -->\n<title>Saunieren im 3* Superior Wellnesshotel Zedernhof im Bayerischen Wald<\/title>\n<meta name=\"description\" content=\"1200qm Wellnessbereich mit Bio-Sauna, Finnischer Sauna, Dampfsauna, Rasulbad, orientalischem Hamambad, Erlebnisdusche &amp; mehr.\" \/>\n<meta name=\"robots\" content=\"index, follow, max-snippet:-1, max-image-preview:large, max-video-preview:-1\" \/>\n<link rel=\"canonical\" href=\"https:\/\/hotel-zedernhof.de\/en\/saunieren-bayerischer-wald\/\" \/>\n<meta property=\"og:locale\" content=\"en_GB\" \/>\n<meta property=\"og:type\" content=\"article\" \/>\n<meta property=\"og:title\" content=\"Saunieren im 3* Superior Wellnesshotel Zedernhof im Bayerischen Wald\" \/>\n<meta property=\"og:description\" content=\"1200qm Wellnessbereich mit Bio-Sauna, Finnischer Sauna, Dampfsauna, Rasulbad, orientalischem Hamambad, Erlebnisdusche &amp; mehr.\" \/>\n<meta property=\"og:url\" content=\"https:\/\/hotel-zedernhof.de\/en\/saunieren-bayerischer-wald\/\" \/>\n<meta property=\"og:site_name\" content=\"Hotel Zedernhof\" \/>\n<meta property=\"article:modified_time\" content=\"2026-04-27T14:05:57+00:00\" \/>\n<meta name=\"twitter:card\" content=\"summary_large_image\" \/>\n<meta name=\"twitter:label1\" content=\"Estimated reading time\" \/>\n\t<meta name=\"twitter:data1\" content=\"6 minutes\" \/>\n<script type=\"application\/ld+json\" class=\"yoast-schema-graph\">{\"@context\":\"https:\/\/schema.org\",\"@graph\":[{\"@type\":\"WebPage\",\"@id\":\"https:\/\/hotel-zedernhof.de\/saunieren-bayerischer-wald\/\",\"url\":\"https:\/\/hotel-zedernhof.de\/saunieren-bayerischer-wald\/\",\"name\":\"Saunieren im 3* Superior Wellnesshotel Zedernhof im Bayerischen Wald\",\"isPartOf\":{\"@id\":\"https:\/\/hotel-zedernhof.de\/#website\"},\"datePublished\":\"2021-02-09T12:48:18+00:00\",\"dateModified\":\"2026-04-27T14:05:57+00:00\",\"description\":\"1200qm Wellnessbereich mit Bio-Sauna, Finnischer Sauna, Dampfsauna, Rasulbad, orientalischem Hamambad, Erlebnisdusche & mehr.\",\"breadcrumb\":{\"@id\":\"https:\/\/hotel-zedernhof.de\/saunieren-bayerischer-wald\/#breadcrumb\"},\"inLanguage\":\"en-GB\",\"potentialAction\":[{\"@type\":\"ReadAction\",\"target\":[\"https:\/\/hotel-zedernhof.de\/saunieren-bayerischer-wald\/\"]}]},{\"@type\":\"BreadcrumbList\",\"@id\":\"https:\/\/hotel-zedernhof.de\/saunieren-bayerischer-wald\/#breadcrumb\",\"itemListElement\":[{\"@type\":\"ListItem\",\"position\":1,\"name\":\"Startseite\",\"item\":\"https:\/\/hotel-zedernhof.de\/\"},{\"@type\":\"ListItem\",\"position\":2,\"name\":\"Saunieren Bayerischer Wald\"}]},{\"@type\":\"WebSite\",\"@id\":\"https:\/\/hotel-zedernhof.de\/#website\",\"url\":\"https:\/\/hotel-zedernhof.de\/\",\"name\":\"Hotel Zedernhof\",\"description\":\"Hotel Zedernhof\",\"potentialAction\":[{\"@type\":\"SearchAction\",\"target\":{\"@type\":\"EntryPoint\",\"urlTemplate\":\"https:\/\/hotel-zedernhof.de\/?s={search_term_string}\"},\"query-input\":\"required name=search_term_string\"}],\"inLanguage\":\"en-GB\"}]}<\/script>\n<!-- \/ Yoast SEO plugin. -->","yoast_head_json":{"title":"Saunieren im 3* Superior Wellnesshotel Zedernhof im Bayerischen Wald","description":"1200qm Wellnessbereich mit Bio-Sauna, Finnischer Sauna, Dampfsauna, Rasulbad, orientalischem Hamambad, Erlebnisdusche & mehr.","robots":{"index":"index","follow":"follow","max-snippet":"max-snippet:-1","max-image-preview":"max-image-preview:large","max-video-preview":"max-video-preview:-1"},"canonical":"https:\/\/hotel-zedernhof.de\/en\/saunieren-bayerischer-wald\/","og_locale":"en_GB","og_type":"article","og_title":"Saunieren im 3* Superior Wellnesshotel Zedernhof im Bayerischen Wald","og_description":"1200qm Wellnessbereich mit Bio-Sauna, Finnischer Sauna, Dampfsauna, Rasulbad, orientalischem Hamambad, Erlebnisdusche & mehr.","og_url":"https:\/\/hotel-zedernhof.de\/en\/saunieren-bayerischer-wald\/","og_site_name":"Hotel Zedernhof","article_modified_time":"2026-04-27T14:05:57+00:00","twitter_card":"summary_large_image","twitter_misc":{"Estimated reading time":"6 minutes"},"schema":{"@context":"https:\/\/schema.org","@graph":[{"@type":"WebPage","@id":"https:\/\/hotel-zedernhof.de\/saunieren-bayerischer-wald\/","url":"https:\/\/hotel-zedernhof.de\/saunieren-bayerischer-wald\/","name":"Saunieren im 3* Superior Wellnesshotel Zedernhof im Bayerischen Wald","isPartOf":{"@id":"https:\/\/hotel-zedernhof.de\/#website"},"datePublished":"2021-02-09T12:48:18+00:00","dateModified":"2026-04-27T14:05:57+00:00","description":"1200qm Wellnessbereich mit Bio-Sauna, Finnischer Sauna, Dampfsauna, Rasulbad, orientalischem Hamambad, Erlebnisdusche & mehr.","breadcrumb":{"@id":"https:\/\/hotel-zedernhof.de\/saunieren-bayerischer-wald\/#breadcrumb"},"inLanguage":"en-GB","potentialAction":[{"@type":"ReadAction","target":["https:\/\/hotel-zedernhof.de\/saunieren-bayerischer-wald\/"]}]},{"@type":"BreadcrumbList","@id":"https:\/\/hotel-zedernhof.de\/saunieren-bayerischer-wald\/#breadcrumb","itemListElement":[{"@type":"ListItem","position":1,"name":"Startseite","item":"https:\/\/hotel-zedernhof.de\/"},{"@type":"ListItem","position":2,"name":"Saunieren Bayerischer Wald"}]},{"@type":"WebSite","@id":"https:\/\/hotel-zedernhof.de\/#website","url":"https:\/\/hotel-zedernhof.de\/","name":"Hotel Zedernhof","description":"Hotel Zedernhof","potentialAction":[{"@type":"SearchAction","target":{"@type":"EntryPoint","urlTemplate":"https:\/\/hotel-zedernhof.de\/?s={search_term_string}"},"query-input":"required name=search_term_string"}],"inLanguage":"en-GB"}]}},"_links":{"self":[{"href":"https:\/\/hotel-zedernhof.de\/en\/wp-json\/wp\/v2\/pages\/3688"}],"collection":[{"href":"https:\/\/hotel-zedernhof.de\/en\/wp-json\/wp\/v2\/pages"}],"about":[{"href":"https:\/\/hotel-zedernhof.de\/en\/wp-json\/wp\/v2\/types\/page"}],"author":[{"embeddable":true,"href":"https:\/\/hotel-zedernhof.de\/en\/wp-json\/wp\/v2\/users\/2"}],"replies":[{"embeddable":true,"href":"https:\/\/hotel-zedernhof.de\/en\/wp-json\/wp\/v2\/comments?post=3688"}],"version-history":[{"count":14,"href":"https:\/\/hotel-zedernhof.de\/en\/wp-json\/wp\/v2\/pages\/3688\/revisions"}],"predecessor-version":[{"id":4662,"href":"https:\/\/hotel-zedernhof.de\/en\/wp-json\/wp\/v2\/pages\/3688\/revisions\/4662"}],"wp:attachment":[{"href":"https:\/\/hotel-zedernhof.de\/en\/wp-json\/wp\/v2\/media?parent=3688"}],"curies":[{"name":"wp","href":"https:\/\/api.w.org\/{rel}","templated":true}]}}