{"id":3702,"date":"2021-02-10T12:22:55","date_gmt":"2021-02-10T12:22:55","guid":{"rendered":"https:\/\/hotel-zedernhof.de\/?page_id=3702"},"modified":"2021-05-10T10:37:00","modified_gmt":"2021-05-10T10:37:00","slug":"waldwipfelweg-bayerischer-wald","status":"publish","type":"page","link":"https:\/\/hotel-zedernhof.de\/en\/waldwipfelweg-bayerischer-wald\/","title":{"rendered":"Waldwipfelweg Bayerischer Wald"},"content":{"rendered":"<div data-elementor-type=\"wp-post\" data-elementor-id=\"3702\" class=\"elementor elementor-3702\" data-elementor-post-type=\"page\">\n\t\t\t\t\t\t\t\t\t<section class=\"elementor-section elementor-top-section elementor-element elementor-element-634dbc5f elementor-section-full_width elementor-section-height-full elementor-section-height-default elementor-section-items-middle\" data-id=\"634dbc5f\" data-element_type=\"section\" data-settings=\"{&quot;background_background&quot;:&quot;classic&quot;}\">\n\t\t\t\t\t\t\t<div class=\"elementor-background-overlay\"><\/div>\n\t\t\t\t\t\t\t<div class=\"elementor-container elementor-column-gap-default\">\n\t\t\t\t\t<div class=\"elementor-column elementor-col-100 elementor-top-column elementor-element elementor-element-31c10fba\" data-id=\"31c10fba\" data-element_type=\"column\">\n\t\t\t<div class=\"elementor-widget-wrap elementor-element-populated\">\n\t\t\t\t\t\t\t\t<div class=\"elementor-element elementor-element-8ec1300 elementor-widget elementor-widget-heading\" data-id=\"8ec1300\" data-element_type=\"widget\" data-widget_type=\"heading.default\">\n\t\t\t\t<div class=\"elementor-widget-container\">\n\t\t\t<h1 class=\"elementor-heading-title elementor-size-xxl\">Waldwipfelweg Bayerischer Wald <\/h1>\t\t<\/div>\n\t\t\t\t<\/div>\n\t\t\t\t\t<\/div>\n\t\t<\/div>\n\t\t\t\t\t\t\t<\/div>\n\t\t<\/section>\n\t\t\t\t<section class=\"elementor-section elementor-top-section elementor-element elementor-element-48aa0ee elementor-section-boxed elementor-section-height-default elementor-section-height-default\" data-id=\"48aa0ee\" data-element_type=\"section\">\n\t\t\t\t\t\t<div class=\"elementor-container elementor-column-gap-default\">\n\t\t\t\t\t<div class=\"elementor-column elementor-col-100 elementor-top-column elementor-element elementor-element-7dff3eb\" data-id=\"7dff3eb\" data-element_type=\"column\">\n\t\t\t<div class=\"elementor-widget-wrap elementor-element-populated\">\n\t\t\t\t\t\t\t\t<div class=\"elementor-element elementor-element-711fdcb elementor-widget elementor-widget-spacer\" data-id=\"711fdcb\" data-element_type=\"widget\" data-widget_type=\"spacer.default\">\n\t\t\t\t<div class=\"elementor-widget-container\">\n\t\t\t\t\t<div class=\"elementor-spacer\">\n\t\t\t<div class=\"elementor-spacer-inner\"><\/div>\n\t\t<\/div>\n\t\t\t\t<\/div>\n\t\t\t\t<\/div>\n\t\t\t\t<div class=\"elementor-element elementor-element-622332f elementor-widget elementor-widget-text-editor\" data-id=\"622332f\" data-element_type=\"widget\" data-widget_type=\"text-editor.default\">\n\t\t\t\t<div class=\"elementor-widget-container\">\n\t\t\t\t\t\t\t<p><strong>Natur erleben mit dem Waldwipfelweg Bayerischer Wald <\/strong><\/p><p>Von unserem idyllischen Wellnesshotel aus trennen Sie nur ca. 40 Fahrminuten vom Waldwipfelweg Bayerischer Wald. Hier werden den Besuchern in eindrucksvoller Form Flora und Fauna des Bayerischen Waldes n\u00e4hergebracht. Die zahlreichen Informationen sind in unterschiedlichster Weise aufgearbeitet und bieten somit Kindern und Erwachsenen gleicherma\u00dfen einen Mehrwert. Viele Attraktionen und Erlebnisstationen entlang des Weges sorgen f\u00fcr Abwechslung und machen den Waldwipfelweg in Sankt Englmar zu einer einmaligen Urlaubserinnerung. Heute wollen wir Sie mit auf einen virtuellen Ausflug nehmen, um Ihnen dieses Highlight unserer Heimat etwas n\u00e4her zu bringen \u2013 und vielleicht tun Sie es uns ja demn\u00e4chst gleich und erkunden den Bayerischen Wald von oben.<\/p><p><strong>Auge in Auge mit den Baumwipfeln<\/strong><\/p><p>Ein Ausflug zum Waldwipfelweg beginnt mit dem Betreten des Pfads direkt am Eingang. Langsam schl\u00e4ngelt sich der Baumwipfelpfad durch den Wald nach oben, auf bis zu 30 Meter H\u00f6he. Von da an befinden Sie sich auf derselben H\u00f6he wie die Baumwipfel, die Sie umgeben. Hier bietet sich eine spektakul\u00e4re Aussicht! \u00dcber die Weite des Bayerischen Waldes k\u00f6nnen Sie Ihren Blick schweifen lassen und dabei die Natur um Sie herum in vollen Z\u00fcgen genie\u00dfen. Vom Donautal aus, \u00fcber die G\u00e4uboden-Ebene, sehen Sie mit etwas Gl\u00fcck sogar bis in die Alpen. Eine solche Perspektive ist selbstverst\u00e4ndlich nicht allt\u00e4glich und f\u00fcr den ein oder anderen anfangs auch durchaus gew\u00f6hnungsbed\u00fcrftig \u2013 aber es lohnt sich allemal! Sollten Sie dennoch Bedenken haben oder zum Beispiel unter H\u00f6henangst leiden, gibt es einen Pfad unter dem Waldwipfelweg, wo Sie problemlos auf sicherem Grund und Boden alle Attraktionen erreichen k\u00f6nnen. Nat\u00fcrlich soll niemand von der wunderbaren Aussicht ausgeschlossen werden, darum ist auch der komplette Weg mit einer Breite von 2,50 m barrierefrei gestaltet und perfekt geeignet f\u00fcr Familien mit Kinderwagen und Rollstuhlfahrer. Sollte Ihnen der \u201enormale\u201c Pfad noch nicht genug sein, haben Sie auch die M\u00f6glichkeit einen Alternativweg \u00fcber eine H\u00e4ngebr\u00fccke in 25 m H\u00f6he zu w\u00e4hlen. So oder so werden Sie im Waldwipfelweg Bayerischer Wald definitiv auf Ihre Kosten kommen.<\/p><p><strong>Lernen f\u00fcrs Leben entlang des Baumwipfelpfads <\/strong><\/p><p>Auf Ihren Weg durch das Gel\u00e4nde passieren Sie zahlreiche Informationsstellen, die Ihnen interessante Fakten \u00fcber den Wald und seine Bewohner n\u00e4herbringen. Durch interaktive V\u00f6gel k\u00f6nnen Sie beispielsweise die heimischen Vogelarten besser kennenlernen. Oder Sie untersuchen die verschiedenen Baumarten des Bayerischen Waldes auf ihre Merkmale wie Rinde, Bl\u00e4tter und Fr\u00fcchte. Immer wieder sehr lehrreich (auch f\u00fcr Erwachsene) ist die Station, an der die Verrottung von M\u00fcll dargestellt wird. Dabei erf\u00e4hrt man wie lange es wirklich dauert, bis zum Beispiel achtlos weggeworfene Taschent\u00fccher oder Zigarettenstummel g\u00e4nzlich verschwunden sind. Soviel ist sicher: Die Fakten werden Sie \u00fcberraschen und Sie werden in Zukunft zweimal \u00fcberlegen, was Sie wohin werfen. Vor allem Kinder saugen dieses Wissen f\u00f6rmlich auf und lassen sich auf diese Weise wesentlich leichter f\u00fcr ihre direkte Umgebung begeistern. Freizeitbesch\u00e4ftigungen wie Wandern k\u00f6nnen so deutlich attraktiver dargestellt werden und der \u201elangweilige\u201c Familienausflug wird zum Abenteuer f\u00fcr Gro\u00df und Klein.<\/p><p><strong>Um den Waldwipfelweg in Sankt Englmar herum <\/strong><\/p><p>Nat\u00fcrlich ist der Pfad nicht das Einzige, was das Areal zu bieten hat. Sie finden zum Beispiel noch einen zwei Kilometer langen NaturErlebnisPfad mit vielen Stationen, die zum Anfassen und Mitmachen anregen. Oder Sie machen einen Abstecher zu den Gehegen der Alpakas, K\u00e4ngurus, Lamas und Schwarznasenschafe \u2013 die definitiv einen Besuch wert sind. Neben den zahlreichen Naturthemen werden aber auch noch ganz andere Impulse gesetzt: Der Pfad der Optischen Ph\u00e4nomene zum Beispiel entf\u00fchrt Sie in eine andere Welt. Dort werden Sie sich nicht mehr sicher sein, was Sie nun eigentlich gerade betrachten und wahrscheinlich auch fr\u00fcher oder sp\u00e4ter Ihren eigenen Augen nicht mehr trauen. Auch die H\u00f6hle der Illusionen versetzt Besucher in Staunen und fesselt Alt und Jung.<\/p><p><strong>Ein Haus steht Kopf mitten im Wald<\/strong><\/p><p>So unwirklich es sich anh\u00f6rt, es stimmt: Im Waldwipfelweg Sankt Englmar finden Sie ein Haus, das im wahrsten Sinne des Wortes kopfsteht! Vom Giebel bis zum Fundament wurde das Holzbauwerk gepackt und um 180 Grad gedreht. Wenn Sie es betreten kann es durchaus passieren, dass Ihnen erstmal etwas schwindelig wird und Sie sich neu orientieren m\u00fcssen. Hat man sich aber erst an die ungew\u00f6hnliche Architektur gew\u00f6hnt, ist es ein absolutes Highlight. Jedes noch so kleine Detail, von der typisch bayerischen Eckbank bis zum Kartenspiel auf dem Tisch ist auf den Kopf gestellt. In einem Raum haben Sie sogar die M\u00f6glichkeit ein einzigartiges Erinnerungsfoto schie\u00dfen zu lassen, bevor Sie dieses bizarre Haus wieder verlassen.<\/p><p><strong>Bestens versorgt in und um Sankt Englmar herum <\/strong><\/p><p>Selbstverst\u00e4ndlich befindet sich auf dem Gel\u00e4nde des Waldwipfelwegs auch eine Einkehrm\u00f6glichkeit, die Ihnen nach all den Eindr\u00fccken eine willkommene Pause beschert. Lassen Sie den Tag bei einer gem\u00fctlichen Tasse Kaffee mit Blick \u00fcber den Bayerischen Wald ausklingen oder st\u00e4rken Sie sich f\u00fcr die n\u00e4chste Erkundungstour. Zu entdecken gibt es noch einiges: Wie w\u00e4re es mit einem Abstecher nach Maibrunn oder Neusch\u00f6nau? Diese malerischen D\u00f6rfer punkten mit ihrer bayerischen Gem\u00fctlichkeit und z\u00fcnftigen Wirtsh\u00e4usern. Gerne beraten wir Sie nat\u00fcrlich, wie Sie Ihre Ausfl\u00fcge am besten planen und was Sie alles an einem Tag schaffen k\u00f6nnen. Je nach pers\u00f6nlichem Wunsch stellen wir dann mit Ihnen gemeinsam ein individuelles Ausflugsangebot zusammen. Nehmen Sie bei Fragen einfach Kontakt zu unserem Service-Personal auf und teilen Sie uns Ihre W\u00fcnsche mit.<\/p><p><strong>Die \u00d6ffnungszeiten des Waldwipfelwegs im Bayerischen Wald<\/strong><\/p><p>Der Waldwipfelweg ist ganzj\u00e4hrig f\u00fcr Besucher ge\u00f6ffnet und stellt auch zu jeder Jahreszeit eine Attraktion dar. Einlass ist jeweils bis eine Stunde vor Ende der angegebenen \u00d6ffnungszeiten. Im Februar, M\u00e4rz und Oktober ist von 9 bis 17 Uhr ge\u00f6ffnet. Von April bis September \u00f6ffnet der Pfad von 9 bis 19 Uhr die Pforten und von November bis Januar von 9 bis 16 Uhr. Normalerweise findet auch jedes Jahr in der Adventszeit ein Christkindlmarkt und nach Heilig Abend ein Wintermarkt statt, dieser musste aber im Jahr 2020 leider abgesagt werden. Nichtsdestotrotz kommt auf dem schneebedeckten Weg in der D\u00e4mmerung Weihnachtsstimmung auf. Also lassen Sie sich davon nicht unterkriegen und genie\u00dfen Sie trotzdem Ihren Ausflug zum Waldwipfelweg in Sankt Englmar.<\/p><p><strong>Ihr Gesundheits- und Wellnesshotel Zedernhof <\/strong><\/p><p>Gerne stehen wir Ihnen bei etwaigen Fragen mit Rat und Tat zur Seite. Wenn Sie weitere Informationen zu Ausflugsm\u00f6glichkeiten ben\u00f6tigen, nehmen Sie einfach Kontakt zu uns auf. Unser Service-Team ber\u00e4t Sie gerne und hilft Ihnen bei jedem Anliegen weiter. Wenn Sie wandern m\u00f6chten, stellen wir Ihnen kostenfrei Kartenmaterial zur Verf\u00fcgung, damit Sie Ihre Route nach Belieben planen k\u00f6nnen. Selbstverst\u00e4ndlich beachten wir bei jeglicher Korrespondenz den aktuell g\u00fcltigen Datenschutz und geben keinerlei Informationen an Dritte weiter. Unsere aktuellen Preise und Zimmer finden Sie auf unserer Homepage, genau wie s\u00e4mtliche Wellnessangebote und Arrangements. Das gesamte Team vom Zedernhof freut sich schon darauf Sie bald als G\u00e4ste willkommen zu hei\u00dfen und Ihnen die besten Seiten unserer Heimat n\u00e4her zu bringen \u2013 angefangen nat\u00fcrlich beim Waldwipfelweg Bayerischer Wald.\u00a0<\/p>\t\t\t\t\t\t<\/div>\n\t\t\t\t<\/div>\n\t\t\t\t<div class=\"elementor-element elementor-element-86aefe0 elementor-widget elementor-widget-spacer\" data-id=\"86aefe0\" data-element_type=\"widget\" data-widget_type=\"spacer.default\">\n\t\t\t\t<div class=\"elementor-widget-container\">\n\t\t\t\t\t<div class=\"elementor-spacer\">\n\t\t\t<div class=\"elementor-spacer-inner\"><\/div>\n\t\t<\/div>\n\t\t\t\t<\/div>\n\t\t\t\t<\/div>\n\t\t\t\t\t<\/div>\n\t\t<\/div>\n\t\t\t\t\t\t\t<\/div>\n\t\t<\/section>\n\t\t\t\t\t\t\t<\/div>","protected":false},"excerpt":{"rendered":"<p>Waldwipfelweg Bayerischer Wald Natur erleben mit dem Waldwipfelweg Bayerischer Wald Von unserem idyllischen Wellnesshotel aus trennen Sie nur ca. 40 Fahrminuten vom Waldwipfelweg Bayerischer Wald. Hier werden den Besuchern in eindrucksvoller Form Flora und Fauna des Bayerischen Waldes n\u00e4hergebracht. Die [&hellip;]<\/p>","protected":false},"author":2,"featured_media":0,"parent":0,"menu_order":0,"comment_status":"closed","ping_status":"closed","template":"elementor_header_footer","meta":{"footnotes":""},"yoast_head":"<!-- This site is optimized with the Yoast SEO plugin v21.5 - https:\/\/yoast.com\/wordpress\/plugins\/seo\/ -->\n<title>Waldwipfelweg im Bayerischen Wald - 3* Superior Hotel Zedernhof<\/title>\n<meta name=\"description\" content=\"Wandern in der Natur des Bayerischen Waldes &amp; tolle Wellnessangebote sowie Sport-&amp; Freizeitm\u00f6glichkeiten im 3* S Wellneshotel Zedernhof\" \/>\n<meta name=\"robots\" content=\"index, follow, max-snippet:-1, max-image-preview:large, max-video-preview:-1\" \/>\n<link rel=\"canonical\" href=\"https:\/\/hotel-zedernhof.de\/en\/wohnen-preise\/\" \/>\n<meta property=\"og:locale\" content=\"en_GB\" \/>\n<meta property=\"og:type\" content=\"article\" \/>\n<meta property=\"og:title\" content=\"Waldwipfelweg im Bayerischen Wald - 3* Superior Hotel Zedernhof\" \/>\n<meta property=\"og:description\" content=\"Wandern in der Natur des Bayerischen Waldes &amp; tolle Wellnessangebote sowie Sport-&amp; Freizeitm\u00f6glichkeiten im 3* S Wellneshotel Zedernhof\" \/>\n<meta property=\"og:url\" content=\"https:\/\/hotel-zedernhof.de\/en\/wohnen-preise\/\" \/>\n<meta property=\"og:site_name\" content=\"Hotel Zedernhof\" \/>\n<meta property=\"article:modified_time\" content=\"2021-05-10T10:37:00+00:00\" \/>\n<meta name=\"twitter:card\" content=\"summary_large_image\" \/>\n<meta name=\"twitter:label1\" content=\"Estimated reading time\" \/>\n\t<meta name=\"twitter:data1\" content=\"5 minutes\" \/>\n<script type=\"application\/ld+json\" class=\"yoast-schema-graph\">{\"@context\":\"https:\/\/schema.org\",\"@graph\":[{\"@type\":\"WebPage\",\"@id\":\"https:\/\/hotel-zedernhof.de\/waldwipfelweg-bayerischer-wald\/\",\"url\":\"https:\/\/hotel-zedernhof.de\/wohnen-preise\/\",\"name\":\"Waldwipfelweg im Bayerischen Wald - 3* Superior Hotel Zedernhof\",\"isPartOf\":{\"@id\":\"https:\/\/hotel-zedernhof.de\/#website\"},\"datePublished\":\"2021-02-10T12:22:55+00:00\",\"dateModified\":\"2021-05-10T10:37:00+00:00\",\"description\":\"Wandern in der Natur des Bayerischen Waldes & tolle Wellnessangebote sowie Sport-& Freizeitm\u00f6glichkeiten im 3* S Wellneshotel Zedernhof\",\"breadcrumb\":{\"@id\":\"https:\/\/hotel-zedernhof.de\/wohnen-preise\/#breadcrumb\"},\"inLanguage\":\"en-GB\",\"potentialAction\":[{\"@type\":\"ReadAction\",\"target\":[\"https:\/\/hotel-zedernhof.de\/wohnen-preise\/\"]}]},{\"@type\":\"BreadcrumbList\",\"@id\":\"https:\/\/hotel-zedernhof.de\/wohnen-preise\/#breadcrumb\",\"itemListElement\":[{\"@type\":\"ListItem\",\"position\":1,\"name\":\"Startseite\",\"item\":\"https:\/\/hotel-zedernhof.de\/\"},{\"@type\":\"ListItem\",\"position\":2,\"name\":\"Waldwipfelweg Bayerischer Wald\"}]},{\"@type\":\"WebSite\",\"@id\":\"https:\/\/hotel-zedernhof.de\/#website\",\"url\":\"https:\/\/hotel-zedernhof.de\/\",\"name\":\"Hotel Zedernhof\",\"description\":\"Hotel Zedernhof\",\"potentialAction\":[{\"@type\":\"SearchAction\",\"target\":{\"@type\":\"EntryPoint\",\"urlTemplate\":\"https:\/\/hotel-zedernhof.de\/?s={search_term_string}\"},\"query-input\":\"required name=search_term_string\"}],\"inLanguage\":\"en-GB\"}]}<\/script>\n<!-- \/ Yoast SEO plugin. -->","yoast_head_json":{"title":"Waldwipfelweg im Bayerischen Wald - 3* Superior Hotel Zedernhof","description":"Wandern in der Natur des Bayerischen Waldes & tolle Wellnessangebote sowie Sport-& Freizeitm\u00f6glichkeiten im 3* S Wellneshotel Zedernhof","robots":{"index":"index","follow":"follow","max-snippet":"max-snippet:-1","max-image-preview":"max-image-preview:large","max-video-preview":"max-video-preview:-1"},"canonical":"https:\/\/hotel-zedernhof.de\/en\/wohnen-preise\/","og_locale":"en_GB","og_type":"article","og_title":"Waldwipfelweg im Bayerischen Wald - 3* Superior Hotel Zedernhof","og_description":"Wandern in der Natur des Bayerischen Waldes & tolle Wellnessangebote sowie Sport-& Freizeitm\u00f6glichkeiten im 3* S Wellneshotel Zedernhof","og_url":"https:\/\/hotel-zedernhof.de\/en\/wohnen-preise\/","og_site_name":"Hotel Zedernhof","article_modified_time":"2021-05-10T10:37:00+00:00","twitter_card":"summary_large_image","twitter_misc":{"Estimated reading time":"5 minutes"},"schema":{"@context":"https:\/\/schema.org","@graph":[{"@type":"WebPage","@id":"https:\/\/hotel-zedernhof.de\/waldwipfelweg-bayerischer-wald\/","url":"https:\/\/hotel-zedernhof.de\/wohnen-preise\/","name":"Waldwipfelweg im Bayerischen Wald - 3* Superior Hotel Zedernhof","isPartOf":{"@id":"https:\/\/hotel-zedernhof.de\/#website"},"datePublished":"2021-02-10T12:22:55+00:00","dateModified":"2021-05-10T10:37:00+00:00","description":"Wandern in der Natur des Bayerischen Waldes & tolle Wellnessangebote sowie Sport-& Freizeitm\u00f6glichkeiten im 3* S Wellneshotel Zedernhof","breadcrumb":{"@id":"https:\/\/hotel-zedernhof.de\/wohnen-preise\/#breadcrumb"},"inLanguage":"en-GB","potentialAction":[{"@type":"ReadAction","target":["https:\/\/hotel-zedernhof.de\/wohnen-preise\/"]}]},{"@type":"BreadcrumbList","@id":"https:\/\/hotel-zedernhof.de\/wohnen-preise\/#breadcrumb","itemListElement":[{"@type":"ListItem","position":1,"name":"Startseite","item":"https:\/\/hotel-zedernhof.de\/"},{"@type":"ListItem","position":2,"name":"Waldwipfelweg Bayerischer Wald"}]},{"@type":"WebSite","@id":"https:\/\/hotel-zedernhof.de\/#website","url":"https:\/\/hotel-zedernhof.de\/","name":"Hotel Zedernhof","description":"Hotel Zedernhof","potentialAction":[{"@type":"SearchAction","target":{"@type":"EntryPoint","urlTemplate":"https:\/\/hotel-zedernhof.de\/?s={search_term_string}"},"query-input":"required name=search_term_string"}],"inLanguage":"en-GB"}]}},"_links":{"self":[{"href":"https:\/\/hotel-zedernhof.de\/en\/wp-json\/wp\/v2\/pages\/3702"}],"collection":[{"href":"https:\/\/hotel-zedernhof.de\/en\/wp-json\/wp\/v2\/pages"}],"about":[{"href":"https:\/\/hotel-zedernhof.de\/en\/wp-json\/wp\/v2\/types\/page"}],"author":[{"embeddable":true,"href":"https:\/\/hotel-zedernhof.de\/en\/wp-json\/wp\/v2\/users\/2"}],"replies":[{"embeddable":true,"href":"https:\/\/hotel-zedernhof.de\/en\/wp-json\/wp\/v2\/comments?post=3702"}],"version-history":[{"count":8,"href":"https:\/\/hotel-zedernhof.de\/en\/wp-json\/wp\/v2\/pages\/3702\/revisions"}],"predecessor-version":[{"id":3976,"href":"https:\/\/hotel-zedernhof.de\/en\/wp-json\/wp\/v2\/pages\/3702\/revisions\/3976"}],"wp:attachment":[{"href":"https:\/\/hotel-zedernhof.de\/en\/wp-json\/wp\/v2\/media?parent=3702"}],"curies":[{"name":"wp","href":"https:\/\/api.w.org\/{rel}","templated":true}]}}