{"id":3723,"date":"2021-02-10T12:42:27","date_gmt":"2021-02-10T12:42:27","guid":{"rendered":"https:\/\/hotel-zedernhof.de\/?page_id=3723"},"modified":"2026-04-27T13:59:11","modified_gmt":"2026-04-27T13:59:11","slug":"gesundheitshotel","status":"publish","type":"page","link":"https:\/\/hotel-zedernhof.de\/en\/gesundheitshotel\/","title":{"rendered":"Gesundheitshotel"},"content":{"rendered":"<div data-elementor-type=\"wp-post\" data-elementor-id=\"3723\" class=\"elementor elementor-3723\" data-elementor-post-type=\"page\">\n\t\t\t\t\t\t\t\t\t<section class=\"elementor-section elementor-top-section elementor-element elementor-element-634dbc5f elementor-section-full_width elementor-section-height-full elementor-section-height-default elementor-section-items-middle\" data-id=\"634dbc5f\" data-element_type=\"section\" data-settings=\"{&quot;background_background&quot;:&quot;classic&quot;}\">\n\t\t\t\t\t\t\t<div class=\"elementor-background-overlay\"><\/div>\n\t\t\t\t\t\t\t<div class=\"elementor-container elementor-column-gap-default\">\n\t\t\t\t\t<div class=\"elementor-column elementor-col-100 elementor-top-column elementor-element elementor-element-31c10fba\" data-id=\"31c10fba\" data-element_type=\"column\">\n\t\t\t<div class=\"elementor-widget-wrap elementor-element-populated\">\n\t\t\t\t\t\t\t\t<div class=\"elementor-element elementor-element-8ec1300 elementor-widget elementor-widget-heading\" data-id=\"8ec1300\" data-element_type=\"widget\" data-widget_type=\"heading.default\">\n\t\t\t\t<div class=\"elementor-widget-container\">\n\t\t\t<h1 class=\"elementor-heading-title elementor-size-xxl\">Gesundheitshotel Bayern<\/h1>\t\t<\/div>\n\t\t\t\t<\/div>\n\t\t\t\t\t<\/div>\n\t\t<\/div>\n\t\t\t\t\t\t\t<\/div>\n\t\t<\/section>\n\t\t\t\t<section class=\"elementor-section elementor-top-section elementor-element elementor-element-3f69056 elementor-section-boxed elementor-section-height-default elementor-section-height-default\" data-id=\"3f69056\" data-element_type=\"section\">\n\t\t\t\t\t\t<div class=\"elementor-container elementor-column-gap-default\">\n\t\t\t\t\t<div class=\"elementor-column elementor-col-100 elementor-top-column elementor-element elementor-element-bf20222\" data-id=\"bf20222\" data-element_type=\"column\">\n\t\t\t<div class=\"elementor-widget-wrap elementor-element-populated\">\n\t\t\t\t\t\t\t\t<div class=\"elementor-element elementor-element-6498b54 elementor-widget elementor-widget-spacer\" data-id=\"6498b54\" data-element_type=\"widget\" data-widget_type=\"spacer.default\">\n\t\t\t\t<div class=\"elementor-widget-container\">\n\t\t\t\t\t<div class=\"elementor-spacer\">\n\t\t\t<div class=\"elementor-spacer-inner\"><\/div>\n\t\t<\/div>\n\t\t\t\t<\/div>\n\t\t\t\t<\/div>\n\t\t\t\t<div class=\"elementor-element elementor-element-bf1d0da elementor-widget elementor-widget-text-editor\" data-id=\"bf1d0da\" data-element_type=\"widget\" data-widget_type=\"text-editor.default\">\n\t\t\t\t<div class=\"elementor-widget-container\">\n\t\t\t\t\t\t\t<h2><strong>Erstklassige Lage des Gesundheitshotels in Bayern inmitten der idyllischen Natur des Bayerischen Waldes<\/strong><\/h2><p>Entdecken Sie das Gesundheitshotel in Bayern, wo die erstklassige Lage inmitten der idyllischen Natur pure Erholung bietet. Genie\u00dfen Sie die atemberaubende Aussicht und die frische Luft des Bayerischen Waldes, w\u00e4hrend wir uns um Ihr Wohlbefinden k\u00fcmmern. Unsere spezialisierten Anwendungen und Therapien sind darauf ausgelegt, Ihre Gesundheit und Vitalit\u00e4t zu st\u00e4rken. Lassen Sie im Wellness- &amp; Gesundheitshotel den Alltag hinter sich und tauchen Sie ein in eine Welt der Entspannung und Regeneration. Buchen Sie jetzt Ihr Erlebnis im Gesundheitshotel in Bayern und erleben Sie den Unterschied. Ihr Wohlbefinden ist unsere Priorit\u00e4t.<\/p><h2><strong>Entspannen und Wohlf\u00fchlen im Gesundheitshotel Bayerischer Wald:<\/strong><\/h2><p>Genie\u00dfen Sie eine Auszeit im Herzen der Natur im Gesundheitshotel Zedernhof im Bayerischen Wald. Erleben Sie eine Oase der Ruhe und Erholung, wo Gesundheit und Wohlbefinden an erster Stelle stehen. Ob <strong><a href=\"https:\/\/hotel-zedernhof.de\/en\/wellness\/\">Wellness<\/a><\/strong>, Entspannung oder aktive Erholung &#8211; unser Gesundheitshotel in Bayern bietet f\u00fcr jeden das Passende. Lassen Sie sich von unseren hochwertigen Gesundheitsangeboten und der einzigartigen Landschaft des Bayerischen Waldes begeistern. Buchen Sie jetzt Ihren Gesundheitsurlaub und erleben Sie unvergessliche Momente im Gesundheitshotel Bayerischer Wald. Es erwartet Sie eine ganzheitliche Erholung und ein unvergleichliches Naturerlebnis. Erleben Sie es selbst &#8211; wir freuen uns auf Ihren Besuch!<\/p><h3><strong>Vielf\u00e4ltiges Wellnessangebot mit Sauna, Pool und Massage<\/strong><\/h3><p>Verw\u00f6hnen Sie sich im Hotel Zedernhof, das Gesundheitshotel im Bayerischer Wald, wo Sie in den Genuss unseres vielf\u00e4ltigen Wellnessangebots kommen. Entspannen Sie in unserer wohltuenden <strong><a href=\"https:\/\/hotel-zedernhof.de\/en\/saunieren-bayerischer-wald\/\">Sauna<\/a><\/strong>, erfrischen Sie sich in unserem modernem <strong><a href=\"https:\/\/hotel-zedernhof.de\/en\/wellness\/#bade\">Pool<\/a><\/strong>\u00a0und lassen Sie sich von unseren Experten mit einer beruhigenden <strong><a href=\"https:\/\/hotel-zedernhof.de\/en\/wellnessanwendungen\/\">Massage <\/a><\/strong>verw\u00f6hnen. Unsere erfahrenen Therapeuten sind spezialisiert auf verschiedene Techniken, um Ihre Gesundheit und Ihr Wohlbefinden zu f\u00f6rdern. G\u00f6nnen Sie sich im Wellness- &amp; Gesundheitshotel eine Auszeit vom Alltag und erleben Sie pure Entspannung inmitten der atemberaubenden Landschaft des Bayerischen Waldes. Buchen Sie jetzt Ihren Aufenthalt in unserem Gesundheitshotel in Bayern und erleben Sie unvergessliche Wellnessmomente!<\/p><h3><strong>Aktive \u00dcbungen in Ihrem Gesundheitshotel in Bayern<\/strong><\/h3><p>Erleben Sie im Gesundheitshotel Bayerischer Wald einen Vitalurlaub wie nie zuvor! Unser Hotel bietet eine Vielzahl an aktiven \u00dcbungen, die speziell darauf ausgerichtet sind, Ihr Wohlbefinden zu steigern. Von sanften Yoga-Kursen \u00fcber belebende <strong><a href=\"https:\/\/hotel-zedernhof.de\/en\/wandern-bayerischer-wald\/\">Wanderungen<\/a><\/strong>, befreiende Radtouren oder wohltuenden Joggingrunden in der atemberaubenden Natur bis hin zu ma\u00dfgeschneiderten Fitnessprogrammen &#8211; wir haben f\u00fcr jeden etwas dabei. Machen Sie das Beste aus Ihrem Aufenthalt bei uns und steigern Sie Ihre Gesundheit auf angenehme Weise. Buchen Sie jetzt Ihren Vitalurlaub im Gesundheitshotel Bayerischer Wald und entdecken Sie, wie gut aktive Erholung sich anf\u00fchlen kann!<\/p><h3><strong>Gesunde und schmackhafte Gastronomie f\u00fcr Ihr Wohlbefinden<\/strong><\/h3><p>Lassen Sie sich von der erfrischenden K\u00fcche im Gesundheitshotel Bayerischer Wald verw\u00f6hnen! Unsere K\u00f6che zaubern mit frischen, regionalen Zutaten gesunde und schmackhafte Gerichte, die Ihr Wohlbefinden steigern. Von <strong><a href=\"https:\/\/hotel-zedernhof.de\/en\/kulinarik\/\">vitalisierenden Fr\u00fchst\u00fccken<\/a><\/strong> bis hin zu <strong><a href=\"https:\/\/hotel-zedernhof.de\/en\/kulinarik\/\">nahrhaften Abendessen<\/a><\/strong> &#8211; unsere Speisekarte ist so konzipiert, dass sie Ihre Gesundheit f\u00f6rdert. G\u00f6nnen Sie sich eine Auszeit im Bayerischen Wald und erleben Sie kulinarische Gen\u00fcsse, die gut f\u00fcr Sie sind.<\/p><p><strong>Buchen Sie jetzt Ihren Aufenthalt im Gesundheitshotel Zedernhof im Bayerischer Wald<\/strong><\/p>\t\t\t\t\t\t<\/div>\n\t\t\t\t<\/div>\n\t\t\t\t<div class=\"elementor-element elementor-element-afef3e4 elementor-widget elementor-widget-spacer\" data-id=\"afef3e4\" data-element_type=\"widget\" data-widget_type=\"spacer.default\">\n\t\t\t\t<div class=\"elementor-widget-container\">\n\t\t\t\t\t<div class=\"elementor-spacer\">\n\t\t\t<div class=\"elementor-spacer-inner\"><\/div>\n\t\t<\/div>\n\t\t\t\t<\/div>\n\t\t\t\t<\/div>\n\t\t\t\t\t<\/div>\n\t\t<\/div>\n\t\t\t\t\t\t\t<\/div>\n\t\t<\/section>\n\t\t\t\t\t\t\t<\/div>","protected":false},"excerpt":{"rendered":"<p>Gesundheitshotel Bayern Erstklassige Lage des Gesundheitshotels in Bayern inmitten der idyllischen Natur des Bayerischen Waldes Entdecken Sie das Gesundheitshotel in Bayern, wo die erstklassige Lage inmitten der idyllischen Natur pure Erholung bietet. Genie\u00dfen Sie die atemberaubende Aussicht und die frische [&hellip;]<\/p>","protected":false},"author":2,"featured_media":0,"parent":0,"menu_order":0,"comment_status":"closed","ping_status":"closed","template":"elementor_header_footer","meta":{"footnotes":""},"yoast_head":"<!-- This site is optimized with the Yoast SEO plugin v21.5 - https:\/\/yoast.com\/wordpress\/plugins\/seo\/ -->\n<title>Gesundheitshotel im Bayerischen Wald - Erholung &amp; Heilung pur<\/title>\n<meta name=\"description\" content=\"Jetzt Angebote im Gesundheitshotel Zedernhof im Bayerischen Wald buchen! \u2713Erholung \u2713Entspannung \u2713ganzheitliche Therapie \u2713Wellness\" \/>\n<meta name=\"robots\" content=\"index, follow, max-snippet:-1, max-image-preview:large, max-video-preview:-1\" \/>\n<link rel=\"canonical\" href=\"https:\/\/hotel-zedernhof.de\/en\/gesundheitshotel\/\" \/>\n<meta property=\"og:locale\" content=\"en_GB\" \/>\n<meta property=\"og:type\" content=\"article\" \/>\n<meta property=\"og:title\" content=\"Gesundheitshotel im Bayerischen Wald - Erholung &amp; Heilung pur\" \/>\n<meta property=\"og:description\" content=\"Jetzt Angebote im Gesundheitshotel Zedernhof im Bayerischen Wald buchen! \u2713Erholung \u2713Entspannung \u2713ganzheitliche Therapie \u2713Wellness\" \/>\n<meta property=\"og:url\" content=\"https:\/\/hotel-zedernhof.de\/en\/gesundheitshotel\/\" \/>\n<meta property=\"og:site_name\" content=\"Hotel Zedernhof\" \/>\n<meta property=\"article:modified_time\" content=\"2026-04-27T13:59:11+00:00\" \/>\n<meta name=\"twitter:card\" content=\"summary_large_image\" \/>\n<meta name=\"twitter:label1\" content=\"Estimated reading time\" \/>\n\t<meta name=\"twitter:data1\" content=\"3 minutes\" \/>\n<script type=\"application\/ld+json\" class=\"yoast-schema-graph\">{\"@context\":\"https:\/\/schema.org\",\"@graph\":[{\"@type\":\"WebPage\",\"@id\":\"https:\/\/hotel-zedernhof.de\/gesundheitshotel\/\",\"url\":\"https:\/\/hotel-zedernhof.de\/gesundheitshotel\/\",\"name\":\"Gesundheitshotel im Bayerischen Wald - Erholung & Heilung pur\",\"isPartOf\":{\"@id\":\"https:\/\/hotel-zedernhof.de\/#website\"},\"datePublished\":\"2021-02-10T12:42:27+00:00\",\"dateModified\":\"2026-04-27T13:59:11+00:00\",\"description\":\"Jetzt Angebote im Gesundheitshotel Zedernhof im Bayerischen Wald buchen! \u2713Erholung \u2713Entspannung \u2713ganzheitliche Therapie \u2713Wellness\",\"breadcrumb\":{\"@id\":\"https:\/\/hotel-zedernhof.de\/gesundheitshotel\/#breadcrumb\"},\"inLanguage\":\"en-GB\",\"potentialAction\":[{\"@type\":\"ReadAction\",\"target\":[\"https:\/\/hotel-zedernhof.de\/gesundheitshotel\/\"]}]},{\"@type\":\"BreadcrumbList\",\"@id\":\"https:\/\/hotel-zedernhof.de\/gesundheitshotel\/#breadcrumb\",\"itemListElement\":[{\"@type\":\"ListItem\",\"position\":1,\"name\":\"Startseite\",\"item\":\"https:\/\/hotel-zedernhof.de\/\"},{\"@type\":\"ListItem\",\"position\":2,\"name\":\"Gesundheitshotel\"}]},{\"@type\":\"WebSite\",\"@id\":\"https:\/\/hotel-zedernhof.de\/#website\",\"url\":\"https:\/\/hotel-zedernhof.de\/\",\"name\":\"Hotel Zedernhof\",\"description\":\"Hotel Zedernhof\",\"potentialAction\":[{\"@type\":\"SearchAction\",\"target\":{\"@type\":\"EntryPoint\",\"urlTemplate\":\"https:\/\/hotel-zedernhof.de\/?s={search_term_string}\"},\"query-input\":\"required name=search_term_string\"}],\"inLanguage\":\"en-GB\"}]}<\/script>\n<!-- \/ Yoast SEO plugin. -->","yoast_head_json":{"title":"Gesundheitshotel im Bayerischen Wald - Erholung & Heilung pur","description":"Jetzt Angebote im Gesundheitshotel Zedernhof im Bayerischen Wald buchen! \u2713Erholung \u2713Entspannung \u2713ganzheitliche Therapie \u2713Wellness","robots":{"index":"index","follow":"follow","max-snippet":"max-snippet:-1","max-image-preview":"max-image-preview:large","max-video-preview":"max-video-preview:-1"},"canonical":"https:\/\/hotel-zedernhof.de\/en\/gesundheitshotel\/","og_locale":"en_GB","og_type":"article","og_title":"Gesundheitshotel im Bayerischen Wald - Erholung & Heilung pur","og_description":"Jetzt Angebote im Gesundheitshotel Zedernhof im Bayerischen Wald buchen! \u2713Erholung \u2713Entspannung \u2713ganzheitliche Therapie \u2713Wellness","og_url":"https:\/\/hotel-zedernhof.de\/en\/gesundheitshotel\/","og_site_name":"Hotel Zedernhof","article_modified_time":"2026-04-27T13:59:11+00:00","twitter_card":"summary_large_image","twitter_misc":{"Estimated reading time":"3 minutes"},"schema":{"@context":"https:\/\/schema.org","@graph":[{"@type":"WebPage","@id":"https:\/\/hotel-zedernhof.de\/gesundheitshotel\/","url":"https:\/\/hotel-zedernhof.de\/gesundheitshotel\/","name":"Gesundheitshotel im Bayerischen Wald - Erholung & Heilung pur","isPartOf":{"@id":"https:\/\/hotel-zedernhof.de\/#website"},"datePublished":"2021-02-10T12:42:27+00:00","dateModified":"2026-04-27T13:59:11+00:00","description":"Jetzt Angebote im Gesundheitshotel Zedernhof im Bayerischen Wald buchen! \u2713Erholung \u2713Entspannung \u2713ganzheitliche Therapie \u2713Wellness","breadcrumb":{"@id":"https:\/\/hotel-zedernhof.de\/gesundheitshotel\/#breadcrumb"},"inLanguage":"en-GB","potentialAction":[{"@type":"ReadAction","target":["https:\/\/hotel-zedernhof.de\/gesundheitshotel\/"]}]},{"@type":"BreadcrumbList","@id":"https:\/\/hotel-zedernhof.de\/gesundheitshotel\/#breadcrumb","itemListElement":[{"@type":"ListItem","position":1,"name":"Startseite","item":"https:\/\/hotel-zedernhof.de\/"},{"@type":"ListItem","position":2,"name":"Gesundheitshotel"}]},{"@type":"WebSite","@id":"https:\/\/hotel-zedernhof.de\/#website","url":"https:\/\/hotel-zedernhof.de\/","name":"Hotel Zedernhof","description":"Hotel Zedernhof","potentialAction":[{"@type":"SearchAction","target":{"@type":"EntryPoint","urlTemplate":"https:\/\/hotel-zedernhof.de\/?s={search_term_string}"},"query-input":"required name=search_term_string"}],"inLanguage":"en-GB"}]}},"_links":{"self":[{"href":"https:\/\/hotel-zedernhof.de\/en\/wp-json\/wp\/v2\/pages\/3723"}],"collection":[{"href":"https:\/\/hotel-zedernhof.de\/en\/wp-json\/wp\/v2\/pages"}],"about":[{"href":"https:\/\/hotel-zedernhof.de\/en\/wp-json\/wp\/v2\/types\/page"}],"author":[{"embeddable":true,"href":"https:\/\/hotel-zedernhof.de\/en\/wp-json\/wp\/v2\/users\/2"}],"replies":[{"embeddable":true,"href":"https:\/\/hotel-zedernhof.de\/en\/wp-json\/wp\/v2\/comments?post=3723"}],"version-history":[{"count":16,"href":"https:\/\/hotel-zedernhof.de\/en\/wp-json\/wp\/v2\/pages\/3723\/revisions"}],"predecessor-version":[{"id":4585,"href":"https:\/\/hotel-zedernhof.de\/en\/wp-json\/wp\/v2\/pages\/3723\/revisions\/4585"}],"wp:attachment":[{"href":"https:\/\/hotel-zedernhof.de\/en\/wp-json\/wp\/v2\/media?parent=3723"}],"curies":[{"name":"wp","href":"https:\/\/api.w.org\/{rel}","templated":true}]}}