{"id":3736,"date":"2021-02-10T12:52:43","date_gmt":"2021-02-10T12:52:43","guid":{"rendered":"https:\/\/hotel-zedernhof.de\/?page_id=3736"},"modified":"2021-05-10T09:53:22","modified_gmt":"2021-05-10T09:53:22","slug":"dreiviertelpension","status":"publish","type":"page","link":"https:\/\/hotel-zedernhof.de\/en\/dreiviertelpension\/","title":{"rendered":"Dreiviertelpension"},"content":{"rendered":"<div data-elementor-type=\"wp-post\" data-elementor-id=\"3736\" class=\"elementor elementor-3736\" data-elementor-post-type=\"page\">\n\t\t\t\t\t\t\t\t\t<section class=\"elementor-section elementor-top-section elementor-element elementor-element-634dbc5f elementor-section-full_width elementor-section-height-full elementor-section-height-default elementor-section-items-middle\" data-id=\"634dbc5f\" data-element_type=\"section\" data-settings=\"{&quot;background_background&quot;:&quot;classic&quot;}\">\n\t\t\t\t\t\t\t<div class=\"elementor-background-overlay\"><\/div>\n\t\t\t\t\t\t\t<div class=\"elementor-container elementor-column-gap-default\">\n\t\t\t\t\t<div class=\"elementor-column elementor-col-100 elementor-top-column elementor-element elementor-element-31c10fba\" data-id=\"31c10fba\" data-element_type=\"column\">\n\t\t\t<div class=\"elementor-widget-wrap elementor-element-populated\">\n\t\t\t\t\t\t\t\t<div class=\"elementor-element elementor-element-8ec1300 elementor-widget elementor-widget-heading\" data-id=\"8ec1300\" data-element_type=\"widget\" data-widget_type=\"heading.default\">\n\t\t\t\t<div class=\"elementor-widget-container\">\n\t\t\t<h1 class=\"elementor-heading-title elementor-size-xxl\">Was ist die Dreiviertelpension? <\/h1>\t\t<\/div>\n\t\t\t\t<\/div>\n\t\t\t\t\t<\/div>\n\t\t<\/div>\n\t\t\t\t\t\t\t<\/div>\n\t\t<\/section>\n\t\t\t\t<section class=\"elementor-section elementor-top-section elementor-element elementor-element-48aa0ee elementor-section-boxed elementor-section-height-default elementor-section-height-default\" data-id=\"48aa0ee\" data-element_type=\"section\">\n\t\t\t\t\t\t<div class=\"elementor-container elementor-column-gap-default\">\n\t\t\t\t\t<div class=\"elementor-column elementor-col-100 elementor-top-column elementor-element elementor-element-7dff3eb\" data-id=\"7dff3eb\" data-element_type=\"column\">\n\t\t\t<div class=\"elementor-widget-wrap elementor-element-populated\">\n\t\t\t\t\t\t\t\t<div class=\"elementor-element elementor-element-711fdcb elementor-widget elementor-widget-spacer\" data-id=\"711fdcb\" data-element_type=\"widget\" data-widget_type=\"spacer.default\">\n\t\t\t\t<div class=\"elementor-widget-container\">\n\t\t\t\t\t<div class=\"elementor-spacer\">\n\t\t\t<div class=\"elementor-spacer-inner\"><\/div>\n\t\t<\/div>\n\t\t\t\t<\/div>\n\t\t\t\t<\/div>\n\t\t\t\t<div class=\"elementor-element elementor-element-622332f elementor-widget elementor-widget-text-editor\" data-id=\"622332f\" data-element_type=\"widget\" data-widget_type=\"text-editor.default\">\n\t\t\t\t<div class=\"elementor-widget-container\">\n\t\t\t\t\t\t\t<p>Wir vom Hotel Zedernhof in Stamsried wollen Ihnen einen unvergesslichen Urlaub bescheren \u2013 egal ob im Sommer oder im Winter. Dazu geh\u00f6ren f\u00fcr uns nicht nur die klassischen Wellness-Angebote, sondern auch eine k\u00f6stliche und hochwertige Verpflegung. Denn was n\u00fctzt einem eine entspannende Massage, wenn man eigentlich Hunger hat?\u00a0 Gutes Essen geh\u00f6rt nun mal zu einer gelungenen Auszeit dazu und ist gerade bei sportlicher Bet\u00e4tigung nicht wegzudenken. Eine z\u00fcnftige Brotzeit sorgt gleich f\u00fcr neue Energie, ein gesunder Snack unterst\u00fctzt den Effekt der Entschleunigung beim entspannten Wellnessen \u2013 aber welche Art Pension darf es nun f\u00fcr Sie sein? Dreiviertel-Pension oder nur Fr\u00fchst\u00fcck? Bei uns im Hotel Zedernhof haben Sie die Wahl:<\/p><p><strong>\u00dcbernachtung inkl. Fr\u00fchst\u00fcck in unserem Hotel<\/strong><\/p><p><em>Fr\u00fchst\u00fcck<\/em><\/p><p>Hier beginnt Ihr Tag bereits mit einem ausgewogenen und reichhaltigen Fr\u00fchst\u00fccksbuffet, das sich sehen lassen kann. Ab acht Uhr morgens servieren wir Ihnen alles was das Herz begehrt: Probieren Sie sich durch die Auswahl an regionalen Wurstwaren, K\u00e4sesorten, hausgemachten Marmeladen aus Fr\u00fcchten des hoteleigenen Gartens, selbstverst\u00e4ndlich auf Brot, Geb\u00e4ck oder Vollkornprodukten vom B\u00e4cker vor Ort. Eier bereiten wir genau nach Ihrem Wunsch f\u00fcr Sie zu. Abgerundet wird unser Fr\u00fchst\u00fcck mit einer Auswahl an Cornflakes und M\u00fcsli, dazu frisches Obst. S\u00e4fte und Tees stehen f\u00fcr Sie bereit und alle Kaffeespezialit\u00e4ten k\u00f6nnen Sie bei unserem Team bestellen.<\/p><p>Jeden Freitag arrangieren wir ein typisch bayerisches Wei\u00dfwurstfr\u00fchst\u00fcck f\u00fcr Sie \u2013 ganz traditionell mit Brezen und Wei\u00dfbier. Nat\u00fcrlich bieten wir aber auch hier wieder reichlich Alternativen, damit jeder unserer G\u00e4ste zufrieden in den Tag starten kann.<\/p><p>Gut zu wissen: Sonntags servieren wir als kleines Highlight Sekt zum Fr\u00fchst\u00fcck.<\/p><p><strong>\u00dcbernachtung inkl. Dreiviertel-Pension in unserem Hotel<\/strong><\/p><p>Sollten Sie sich f\u00fcr die Variante Dreiviertel-Pension entscheiden, wird die Verpflegung wie folgt erweitert:<\/p><p><em>Mittagessen<\/em><\/p><p>Unser Mittagsbuffet ist t\u00e4glich von 13 bis 15 Uhr, an Sonn- und Feiertagen von 14 bis 16 Uhr f\u00fcr Sie aufgebaut. Hier finden Sie allerlei Snacks, Kuchen und kalte Platten \u2013 der optimale Happen gegen den Hunger zwischendurch.<\/p><p><em>Abendessen mit 5-Gang-Wahlmen\u00fc<\/em><\/p><p>Um Ihnen einen stimmungsvollen Abschluss des Tages zu bereiten, verw\u00f6hnen wir Sie t\u00e4glich zwischen 18 und 21 Uhr mit unserem 5-Gang-Wahlmen\u00fc. Jeden Freitag findet ein Themenabend mit besonderen Gerichten statt. Selbstverst\u00e4ndlich bieten wir nach Absprache auch gerne vegetarische und allergikervertr\u00e4gliche Gerichte an. Die verwendeten Kr\u00e4uter stammen aus unserem Garten und s\u00e4mtliche Fleisch- und Wurstwaren von Metzgern unserer Region. Wir legen gro\u00dfen Wert auf regionale Produkte und kaufen daher weitestgehend von Partnern des Vereines LandGenuss Bayerwald ein.<\/p><p>Unsere Dreiviertel-Pension versorgt Sie den ganzen Tag \u00fcber mit allem was Sie brauchen. Unser Haus bietet keine Halbpension an. Sie k\u00f6nnen sich zwischen der Dreiviertel-Pension und einer klassischen \u00dcbernachtung mit Fr\u00fchst\u00fcck entscheiden. Sollten Sie noch weitere Informationen zu unserem Hotel oder der richtigen Verpflegungswahl haben, k\u00f6nnen Sie gerne per Mail oder Telefon Kontakt zu uns aufnehmen. Der Preis f\u00fcr 2020 variiert je nach Verpflegung und Zimmer. Angaben dazu finden Sie auf unserer Homepage unter \u201eWohnen &amp; Preise\u201c, weiter auf \u201eAngebote\u201c unter dem entsprechenden Reiter.<\/p><p><strong>Hotel Zedernhof in Stamsried: Unser Qualit\u00e4tsversprechen an Sie<\/strong><\/p><p>Wir als Gesundheits- und Wellnesshotel legen gro\u00dfen Wert auf eine gesunde und ausgewogene Ern\u00e4hrung. Nat\u00fcrlich soll dabei aber der Geschmack und die Regionalit\u00e4t nicht zu kurz kommen. Daher kommen fast ausschlie\u00dflich Zutaten aus der Region oder aus unserem hoteleigenen Garten in die K\u00fcche. Der Verein LandGenuss Bayerwald hat ein Netzwerk aus Partnerbetrieben in der Region Oberbayerischer Wald, welche frische und hochwertige Produkte anbieten. Haupts\u00e4chlich beziehen wir unsere Zutaten \u00fcber diese Betriebe und unterst\u00fctzen so die regionalen Anbieter.<\/p><p>Egal ob Fr\u00fchst\u00fcck, Mittagessen oder Abendessen \u2013 der Geschmack ist f\u00fcr uns besonders wichtig. Daf\u00fcr gibt unser K\u00fcchenchef t\u00e4glich sein Bestes. Er ist ein Koch mit Leib und Seele und erf\u00fcllt unseren G\u00e4sten gerne auch individuelle W\u00fcnsche. Lassen Sie sich kulinarisch von uns verzaubern!<\/p><p>F\u00fcr die richtige Atmosph\u00e4re ist bei uns im Hotel selbstverst\u00e4ndlich auch gesorgt. Sie k\u00f6nnen w\u00e4hlen zwischen einem modernen, gro\u00dfz\u00fcgigen Restaurant mit angrenzender Sonnenterrasse oder einem urigen, bayerischen St\u00fcberl. Zum Ausklang des Abends k\u00f6nnen Sie auch an unserer gem\u00fctlichen Hotelbar Platz nehmen und entspannt ein Glas Wein, ein Bierchen oder einen Cocktail schl\u00fcrfen.<\/p><p><strong>Bayerischer Wald: Ein Traum im Sommer wie im Winter<\/strong><\/p><p>Sie sehen: Es braucht nicht immer die teuren, weit entfernten Hotels in S\u00fcdtirol und Co. f\u00fcr einen gelungenen Urlaub. Das Gute kann so nah sein! Nehmen Sie sich eine Auszeit in Bayern und lassen Sie sich von uns verw\u00f6hnen. Unschlagbare Angebote finden Sie auf unserer Homepage. Bitte beachten Sie, dass unserer Preise pro Person und nicht pro Zimmer gelten! Bei weiteren Fragen kontaktieren Sie uns gerne per Mail oder Telefon. Selbstverst\u00e4ndlich beachten wir bei der Verarbeitung Ihrer Daten die Datenschutz-Richtlinien 2020. Das ganze Team vom Hotel Zedernhof freut sich schon auf Sie!<\/p>\t\t\t\t\t\t<\/div>\n\t\t\t\t<\/div>\n\t\t\t\t<div class=\"elementor-element elementor-element-86aefe0 elementor-widget elementor-widget-spacer\" data-id=\"86aefe0\" data-element_type=\"widget\" data-widget_type=\"spacer.default\">\n\t\t\t\t<div class=\"elementor-widget-container\">\n\t\t\t\t\t<div class=\"elementor-spacer\">\n\t\t\t<div class=\"elementor-spacer-inner\"><\/div>\n\t\t<\/div>\n\t\t\t\t<\/div>\n\t\t\t\t<\/div>\n\t\t\t\t\t<\/div>\n\t\t<\/div>\n\t\t\t\t\t\t\t<\/div>\n\t\t<\/section>\n\t\t\t\t\t\t\t<\/div>","protected":false},"excerpt":{"rendered":"<p>Was ist die Dreiviertelpension? Wir vom Hotel Zedernhof in Stamsried wollen Ihnen einen unvergesslichen Urlaub bescheren \u2013 egal ob im Sommer oder im Winter. Dazu geh\u00f6ren f\u00fcr uns nicht nur die klassischen Wellness-Angebote, sondern auch eine k\u00f6stliche und hochwertige Verpflegung. [&hellip;]<\/p>","protected":false},"author":2,"featured_media":0,"parent":0,"menu_order":0,"comment_status":"closed","ping_status":"closed","template":"elementor_header_footer","meta":{"footnotes":""},"yoast_head":"<!-- This site is optimized with the Yoast SEO plugin v21.5 - https:\/\/yoast.com\/wordpress\/plugins\/seo\/ -->\n<title>Verw\u00f6hn-Dreiviertel Pension im 3* Superior Hotel Zedernhof<\/title>\n<meta name=\"description\" content=\"Reichhaltiges Fr\u00fchst\u00fccksbuffet, Mittagsbuffet mit Snacks, Kuchen &amp; kalten Platten sowie genussvolles 5-Gang-Wahlmen\u00fc am Abend\" \/>\n<meta name=\"robots\" content=\"index, follow, max-snippet:-1, max-image-preview:large, max-video-preview:-1\" \/>\n<link rel=\"canonical\" href=\"https:\/\/hotel-zedernhof.de\/en\/wohnen-preise\/\" \/>\n<meta property=\"og:locale\" content=\"en_GB\" \/>\n<meta property=\"og:type\" content=\"article\" \/>\n<meta property=\"og:title\" content=\"Verw\u00f6hn-Dreiviertel Pension im 3* Superior Hotel Zedernhof\" \/>\n<meta property=\"og:description\" content=\"Reichhaltiges Fr\u00fchst\u00fccksbuffet, Mittagsbuffet mit Snacks, Kuchen &amp; kalten Platten sowie genussvolles 5-Gang-Wahlmen\u00fc am Abend\" \/>\n<meta property=\"og:url\" content=\"https:\/\/hotel-zedernhof.de\/en\/wohnen-preise\/\" \/>\n<meta property=\"og:site_name\" content=\"Hotel Zedernhof\" \/>\n<meta property=\"article:modified_time\" content=\"2021-05-10T09:53:22+00:00\" \/>\n<meta name=\"twitter:card\" content=\"summary_large_image\" \/>\n<meta name=\"twitter:label1\" content=\"Estimated reading time\" \/>\n\t<meta name=\"twitter:data1\" content=\"4 minutes\" \/>\n<script type=\"application\/ld+json\" class=\"yoast-schema-graph\">{\"@context\":\"https:\/\/schema.org\",\"@graph\":[{\"@type\":\"WebPage\",\"@id\":\"https:\/\/hotel-zedernhof.de\/dreiviertelpension\/\",\"url\":\"https:\/\/hotel-zedernhof.de\/wohnen-preise\/\",\"name\":\"Verw\u00f6hn-Dreiviertel Pension im 3* Superior Hotel Zedernhof\",\"isPartOf\":{\"@id\":\"https:\/\/hotel-zedernhof.de\/#website\"},\"datePublished\":\"2021-02-10T12:52:43+00:00\",\"dateModified\":\"2021-05-10T09:53:22+00:00\",\"description\":\"Reichhaltiges Fr\u00fchst\u00fccksbuffet, Mittagsbuffet mit Snacks, Kuchen & kalten Platten sowie genussvolles 5-Gang-Wahlmen\u00fc am Abend\",\"breadcrumb\":{\"@id\":\"https:\/\/hotel-zedernhof.de\/wohnen-preise\/#breadcrumb\"},\"inLanguage\":\"en-GB\",\"potentialAction\":[{\"@type\":\"ReadAction\",\"target\":[\"https:\/\/hotel-zedernhof.de\/wohnen-preise\/\"]}]},{\"@type\":\"BreadcrumbList\",\"@id\":\"https:\/\/hotel-zedernhof.de\/wohnen-preise\/#breadcrumb\",\"itemListElement\":[{\"@type\":\"ListItem\",\"position\":1,\"name\":\"Startseite\",\"item\":\"https:\/\/hotel-zedernhof.de\/\"},{\"@type\":\"ListItem\",\"position\":2,\"name\":\"Dreiviertelpension\"}]},{\"@type\":\"WebSite\",\"@id\":\"https:\/\/hotel-zedernhof.de\/#website\",\"url\":\"https:\/\/hotel-zedernhof.de\/\",\"name\":\"Hotel Zedernhof\",\"description\":\"Hotel Zedernhof\",\"potentialAction\":[{\"@type\":\"SearchAction\",\"target\":{\"@type\":\"EntryPoint\",\"urlTemplate\":\"https:\/\/hotel-zedernhof.de\/?s={search_term_string}\"},\"query-input\":\"required name=search_term_string\"}],\"inLanguage\":\"en-GB\"}]}<\/script>\n<!-- \/ Yoast SEO plugin. -->","yoast_head_json":{"title":"Verw\u00f6hn-Dreiviertel Pension im 3* Superior Hotel Zedernhof","description":"Reichhaltiges Fr\u00fchst\u00fccksbuffet, Mittagsbuffet mit Snacks, Kuchen & kalten Platten sowie genussvolles 5-Gang-Wahlmen\u00fc am Abend","robots":{"index":"index","follow":"follow","max-snippet":"max-snippet:-1","max-image-preview":"max-image-preview:large","max-video-preview":"max-video-preview:-1"},"canonical":"https:\/\/hotel-zedernhof.de\/en\/wohnen-preise\/","og_locale":"en_GB","og_type":"article","og_title":"Verw\u00f6hn-Dreiviertel Pension im 3* Superior Hotel Zedernhof","og_description":"Reichhaltiges Fr\u00fchst\u00fccksbuffet, Mittagsbuffet mit Snacks, Kuchen & kalten Platten sowie genussvolles 5-Gang-Wahlmen\u00fc am Abend","og_url":"https:\/\/hotel-zedernhof.de\/en\/wohnen-preise\/","og_site_name":"Hotel Zedernhof","article_modified_time":"2021-05-10T09:53:22+00:00","twitter_card":"summary_large_image","twitter_misc":{"Estimated reading time":"4 minutes"},"schema":{"@context":"https:\/\/schema.org","@graph":[{"@type":"WebPage","@id":"https:\/\/hotel-zedernhof.de\/dreiviertelpension\/","url":"https:\/\/hotel-zedernhof.de\/wohnen-preise\/","name":"Verw\u00f6hn-Dreiviertel Pension im 3* Superior Hotel Zedernhof","isPartOf":{"@id":"https:\/\/hotel-zedernhof.de\/#website"},"datePublished":"2021-02-10T12:52:43+00:00","dateModified":"2021-05-10T09:53:22+00:00","description":"Reichhaltiges Fr\u00fchst\u00fccksbuffet, Mittagsbuffet mit Snacks, Kuchen & kalten Platten sowie genussvolles 5-Gang-Wahlmen\u00fc am Abend","breadcrumb":{"@id":"https:\/\/hotel-zedernhof.de\/wohnen-preise\/#breadcrumb"},"inLanguage":"en-GB","potentialAction":[{"@type":"ReadAction","target":["https:\/\/hotel-zedernhof.de\/wohnen-preise\/"]}]},{"@type":"BreadcrumbList","@id":"https:\/\/hotel-zedernhof.de\/wohnen-preise\/#breadcrumb","itemListElement":[{"@type":"ListItem","position":1,"name":"Startseite","item":"https:\/\/hotel-zedernhof.de\/"},{"@type":"ListItem","position":2,"name":"Dreiviertelpension"}]},{"@type":"WebSite","@id":"https:\/\/hotel-zedernhof.de\/#website","url":"https:\/\/hotel-zedernhof.de\/","name":"Hotel Zedernhof","description":"Hotel Zedernhof","potentialAction":[{"@type":"SearchAction","target":{"@type":"EntryPoint","urlTemplate":"https:\/\/hotel-zedernhof.de\/?s={search_term_string}"},"query-input":"required name=search_term_string"}],"inLanguage":"en-GB"}]}},"_links":{"self":[{"href":"https:\/\/hotel-zedernhof.de\/en\/wp-json\/wp\/v2\/pages\/3736"}],"collection":[{"href":"https:\/\/hotel-zedernhof.de\/en\/wp-json\/wp\/v2\/pages"}],"about":[{"href":"https:\/\/hotel-zedernhof.de\/en\/wp-json\/wp\/v2\/types\/page"}],"author":[{"embeddable":true,"href":"https:\/\/hotel-zedernhof.de\/en\/wp-json\/wp\/v2\/users\/2"}],"replies":[{"embeddable":true,"href":"https:\/\/hotel-zedernhof.de\/en\/wp-json\/wp\/v2\/comments?post=3736"}],"version-history":[{"count":8,"href":"https:\/\/hotel-zedernhof.de\/en\/wp-json\/wp\/v2\/pages\/3736\/revisions"}],"predecessor-version":[{"id":3908,"href":"https:\/\/hotel-zedernhof.de\/en\/wp-json\/wp\/v2\/pages\/3736\/revisions\/3908"}],"wp:attachment":[{"href":"https:\/\/hotel-zedernhof.de\/en\/wp-json\/wp\/v2\/media?parent=3736"}],"curies":[{"name":"wp","href":"https:\/\/api.w.org\/{rel}","templated":true}]}}