{"id":4663,"date":"2024-04-26T08:31:58","date_gmt":"2024-04-26T08:31:58","guid":{"rendered":"https:\/\/hotel-zedernhof.de\/?page_id=4663"},"modified":"2024-10-15T13:22:02","modified_gmt":"2024-10-15T13:22:02","slug":"aktivurlaub-bayern","status":"publish","type":"page","link":"https:\/\/hotel-zedernhof.de\/en\/aktivurlaub-bayern\/","title":{"rendered":"Aktivurlaub Bayern"},"content":{"rendered":"<div data-elementor-type=\"wp-post\" data-elementor-id=\"4663\" class=\"elementor elementor-4663\" data-elementor-post-type=\"page\">\n\t\t\t\t\t\t\t\t\t<section class=\"elementor-section elementor-top-section elementor-element elementor-element-634dbc5f elementor-section-full_width elementor-section-height-full elementor-section-height-default elementor-section-items-middle\" data-id=\"634dbc5f\" data-element_type=\"section\" data-settings=\"{&quot;background_background&quot;:&quot;classic&quot;}\">\n\t\t\t\t\t\t\t<div class=\"elementor-background-overlay\"><\/div>\n\t\t\t\t\t\t\t<div class=\"elementor-container elementor-column-gap-default\">\n\t\t\t\t\t<div class=\"elementor-column elementor-col-100 elementor-top-column elementor-element elementor-element-31c10fba\" data-id=\"31c10fba\" data-element_type=\"column\">\n\t\t\t<div class=\"elementor-widget-wrap elementor-element-populated\">\n\t\t\t\t\t\t\t\t<div class=\"elementor-element elementor-element-8ec1300 elementor-widget elementor-widget-heading\" data-id=\"8ec1300\" data-element_type=\"widget\" data-widget_type=\"heading.default\">\n\t\t\t\t<div class=\"elementor-widget-container\">\n\t\t\t<h1 class=\"elementor-heading-title elementor-size-xxl\">Aktivurlaub in Bayern<\/h1>\t\t<\/div>\n\t\t\t\t<\/div>\n\t\t\t\t\t<\/div>\n\t\t<\/div>\n\t\t\t\t\t\t\t<\/div>\n\t\t<\/section>\n\t\t\t\t<section class=\"elementor-section elementor-top-section elementor-element elementor-element-48aa0ee elementor-section-boxed elementor-section-height-default elementor-section-height-default\" data-id=\"48aa0ee\" data-element_type=\"section\">\n\t\t\t\t\t\t<div class=\"elementor-container elementor-column-gap-default\">\n\t\t\t\t\t<div class=\"elementor-column elementor-col-100 elementor-top-column elementor-element elementor-element-7dff3eb\" data-id=\"7dff3eb\" data-element_type=\"column\">\n\t\t\t<div class=\"elementor-widget-wrap elementor-element-populated\">\n\t\t\t\t\t\t\t\t<div class=\"elementor-element elementor-element-711fdcb elementor-widget elementor-widget-spacer\" data-id=\"711fdcb\" data-element_type=\"widget\" data-widget_type=\"spacer.default\">\n\t\t\t\t<div class=\"elementor-widget-container\">\n\t\t\t\t\t<div class=\"elementor-spacer\">\n\t\t\t<div class=\"elementor-spacer-inner\"><\/div>\n\t\t<\/div>\n\t\t\t\t<\/div>\n\t\t\t\t<\/div>\n\t\t\t\t<div class=\"elementor-element elementor-element-622332f elementor-widget elementor-widget-text-editor\" data-id=\"622332f\" data-element_type=\"widget\" data-widget_type=\"text-editor.default\">\n\t\t\t\t<div class=\"elementor-widget-container\">\n\t\t\t\t\t\t\t<h2><span class=\"TextRun MacChromeBold SCXW19095477 BCX0\" lang=\"DE-DE\" xml:lang=\"DE-DE\" data-contrast=\"auto\"><span class=\"NormalTextRun SCXW19095477 BCX0\">Ihr 3*<\/span><span class=\"NormalTextRun SCXW19095477 BCX0\"> S<\/span> <\/span><span class=\"TextRun MacChromeBold SCXW19095477 BCX0\" lang=\"DE-DE\" xml:lang=\"DE-DE\" data-contrast=\"none\"><span class=\"NormalTextRun SCXW19095477 BCX0\">Aktivhotel Zedernhof<\/span><\/span><\/h2><p><span class=\"TextRun SCXW230790316 BCX0\" lang=\"DE-DE\" xml:lang=\"DE-DE\" data-contrast=\"none\"><span class=\"NormalTextRun SCXW230790316 BCX0\">Planen Sie Ihren n\u00e4chsten <\/span><\/span><span class=\"TextRun SCXW230790316 BCX0\" lang=\"DE-DE\" xml:lang=\"DE-DE\" data-contrast=\"none\"><span class=\"NormalTextRun SCXW230790316 BCX0\">Aktivurlaub im Bayerischen Wald <\/span><\/span><span class=\"TextRun SCXW230790316 BCX0\" lang=\"DE-DE\" xml:lang=\"DE-DE\" data-contrast=\"none\"><span class=\"NormalTextRun SCXW230790316 BCX0\">und erleben Sie<\/span><span class=\"NormalTextRun SCXW230790316 BCX0\"> die <\/span><span class=\"NormalTextRun SCXW230790316 BCX0\">unz\u00e4hligen M\u00f6glichkeiten im <\/span><\/span><span class=\"TextRun SCXW230790316 BCX0\" lang=\"DE-DE\" xml:lang=\"DE-DE\" data-contrast=\"none\"><span class=\"NormalTextRun SCXW230790316 BCX0\">Aktivhotel <\/span><\/span><span class=\"TextRun SCXW230790316 BCX0\" lang=\"DE-DE\" xml:lang=\"DE-DE\" data-contrast=\"none\"><span class=\"NormalTextRun SCXW230790316 BCX0\">Zedernhof<\/span><span class=\"NormalTextRun SCXW230790316 BCX0\">. Ob <\/span><\/span><a href=\"https:\/\/hotel-zedernhof.de\/en\/wandern-bayerischer-wald\/\"><span class=\"TextRun Underlined SCXW230790316 BCX0\" lang=\"DE-DE\" xml:lang=\"DE-DE\" data-contrast=\"none\"><span class=\"NormalTextRun SCXW230790316 BCX0\">Wandern<\/span><\/span><\/a><span class=\"TextRun SCXW230790316 BCX0\" lang=\"DE-DE\" xml:lang=\"DE-DE\" data-contrast=\"none\"><span class=\"NormalTextRun SCXW230790316 BCX0\">, <\/span><\/span><a href=\"https:\/\/hotel-zedernhof.de\/en\/fahrradurlaub\/\"><span class=\"TextRun Underlined SCXW230790316 BCX0\" lang=\"DE-DE\" xml:lang=\"DE-DE\" data-contrast=\"none\"><span class=\"NormalTextRun SCXW230790316 BCX0\">Radfahren<\/span><\/span><\/a><span class=\"TextRun SCXW230790316 BCX0\" lang=\"DE-DE\" xml:lang=\"DE-DE\" data-contrast=\"none\"><span class=\"NormalTextRun SCXW230790316 BCX0\">\u00a0<\/span><span class=\"NormalTextRun SCXW230790316 BCX0\">oder entspannte Tage in der Natur \u2013 unser <a href=\"https:\/\/hotel-zedernhof.de\/en\/adults-only\/\">Aults only <\/a><\/span><\/span><span class=\"TextRun SCXW230790316 BCX0\" lang=\"DE-DE\" xml:lang=\"DE-DE\" data-contrast=\"none\"><span class=\"NormalTextRun SCXW230790316 BCX0\">Aktivhotel im Bayerischen Wald<\/span><\/span><span class=\"TextRun SCXW230790316 BCX0\" lang=\"DE-DE\" xml:lang=\"DE-DE\" data-contrast=\"none\"><span class=\"NormalTextRun SCXW230790316 BCX0\"> ist der perfekte Ausgangspunkt f\u00fcr Ihre Abenteuer.<\/span> <span class=\"NormalTextRun SCXW230790316 BCX0\">D<\/span><span class=\"NormalTextRun SCXW230790316 BCX0\">as <\/span><\/span><a href=\"https:\/\/hotel-zedernhof.de\/en\/3-sterne-hotel-bayerischer-wald\/\"><span class=\"TextRun Underlined SCXW230790316 BCX0\" lang=\"DE-DE\" xml:lang=\"DE-DE\" data-contrast=\"none\"><span class=\"NormalTextRun SCXW230790316 BCX0\">3 Sterne S Hotel<\/span><\/span><\/a><span class=\"TextRun SCXW230790316 BCX0\" lang=\"DE-DE\" xml:lang=\"DE-DE\" data-contrast=\"none\"><span class=\"NormalTextRun SCXW230790316 BCX0\"> Zedernhof<\/span>\u00a0<span class=\"NormalTextRun SCXW230790316 BCX0\">liegt <\/span><span class=\"NormalTextRun SCXW230790316 BCX0\">in<\/span><span class=\"NormalTextRun SCXW230790316 BCX0\">mitten der idyllischen Landschaft des <\/span><\/span><span class=\"TextRun SCXW230790316 BCX0\" lang=\"DE-DE\" xml:lang=\"DE-DE\" data-contrast=\"none\"><span class=\"NormalTextRun SCXW230790316 BCX0\">Bayerischen Waldes<\/span><\/span><span class=\"TextRun SCXW230790316 BCX0\" lang=\"DE-DE\" xml:lang=\"DE-DE\" data-contrast=\"none\"><span class=\"NormalTextRun SCXW230790316 BCX0\">. D<\/span><span class=\"NormalTextRun SCXW230790316 BCX0\">urch die <\/span><span class=\"NormalTextRun SCXW230790316 BCX0\">einzigartige Lage unseres <\/span><\/span><span class=\"TextRun SCXW230790316 BCX0\" lang=\"DE-DE\" xml:lang=\"DE-DE\" data-contrast=\"none\"><span class=\"NormalTextRun SCXW230790316 BCX0\">Aktivhotels <\/span><\/span><span class=\"TextRun SCXW230790316 BCX0\" lang=\"DE-DE\" xml:lang=\"DE-DE\" data-contrast=\"none\"><span class=\"NormalTextRun SCXW230790316 BCX0\">k\u00f6nnen Sie ein <\/span><span class=\"NormalTextRun SCXW230790316 BCX0\">umfangreiches Angebot an Freizeitaktivit\u00e4ten<\/span><span class=\"NormalTextRun SCXW230790316 BCX0\"> erleben<\/span><span class=\"NormalTextRun SCXW230790316 BCX0\">, die Ihren <a href=\"https:\/\/hotel-zedernhof.de\/en\/gesundheitsurlaub-bayern\/\">Gesundheitsurlaub<\/a> unvergesslich machen.<\/span><\/span><span class=\"EOP SCXW230790316 BCX0\" data-ccp-props=\"{&quot;335551550&quot;:6,&quot;335551620&quot;:6,&quot;335559685&quot;:708}\">\u00a0<\/span><\/p><h2><span class=\"TextRun MacChromeBold SCXW63452173 BCX0\" lang=\"DE-DE\" xml:lang=\"DE-DE\" data-contrast=\"none\"><span class=\"NormalTextRun SCXW63452173 BCX0\">Aktivit\u00e4ten w\u00e4hrend Ihres<\/span> <\/span><span class=\"TextRun MacChromeBold SCXW63452173 BCX0\" lang=\"DE-DE\" xml:lang=\"DE-DE\" data-contrast=\"none\"><span class=\"NormalTextRun SCXW63452173 BCX0\">Aktivurlaub<\/span><span class=\"NormalTextRun SCXW63452173 BCX0\">s<\/span><span class=\"NormalTextRun SCXW63452173 BCX0\"> im Bayerischen Wald<\/span><\/span><span class=\"EOP SCXW63452173 BCX0\" data-ccp-props=\"{&quot;335551550&quot;:6,&quot;335551620&quot;:6,&quot;335559731&quot;:708}\">\u00a0<\/span><\/h2><p><span data-contrast=\"none\">Im <\/span><span data-contrast=\"none\">Aktivhotel <\/span><span data-contrast=\"none\">Zedernhof bieten wir eine breite Palette an Aktivit\u00e4ten:<\/span><\/p><ul><li><span data-contrast=\"none\">Von <\/span><a href=\"https:\/\/hotel-zedernhof.de\/en\/wandern-bayerischer-wald\/\"><span data-contrast=\"none\">Wanderungen<\/span><\/a><span data-contrast=\"none\">\u00a0durch die malerischen W\u00e4lder Bayerns bis hin zu <\/span><a href=\"https:\/\/hotel-zedernhof.de\/en\/fahrradurlaub\/\"><span data-contrast=\"none\">Radtouren<\/span><\/a><span data-contrast=\"none\">\u00a0und <a href=\"https:\/\/hotel-zedernhof.de\/en\/waldwipfelweg-bayerischer-wald\/\">kulturellen <\/a><\/span><span data-contrast=\"none\">Ausfl\u00fcgen mit beeindruckenden <a href=\"https:\/\/hotel-zedernhof.de\/en\/waldwipfelweg-bayerischer-wald\/\">Aussichtspunkten<\/a><\/span><span data-contrast=\"none\">, unser <\/span><span data-contrast=\"none\">Aktivhotel in Bayern <\/span><span data-contrast=\"none\">ist Ihre Basis f\u00fcr Erholung und Abenteuer.<\/span><span data-ccp-props=\"{&quot;335551550&quot;:6,&quot;335551620&quot;:6,&quot;335559685&quot;:708}\">\u00a0<\/span><\/li><li><span data-contrast=\"none\">Auch f\u00fcr Nordic-Walking auf ausgewiesenen Strecken oder Inlineskaten ist der Bayerwald sehr bekannt. <\/span><span data-contrast=\"none\">Deutschlands erster Nationalpark hat auf einer Fl\u00e4che von \u00fcber 24.000 hat einiges zu bieten: eine unber\u00fchrte Natur, seltene und vom Aussterben bedrohte Pflanzenarten sowie einige Gipfel von bis zu \u00fcber 1400 m bringen jeden zum aktiv werden und den <\/span><span data-contrast=\"none\">Aktivurlaub im Bayerischen Wald<\/span><span data-contrast=\"none\"> richtig zu genie\u00dfen. Auch die zahlreichen Tierarten sind es wert, ihnen einen Besuch abzustatten.\u00a0<\/span><\/li><li>Im Naturpark Bayerischer Wald finden Sie 1.200 km <a href=\"https:\/\/hotel-zedernhof.de\/en\/fahrradurlaub\/\">Radwege<\/a> in einer der sch\u00f6nsten Landschaften Bayerns: gem\u00fctliche Touren entlang von drei Fl\u00fcssen, grenz\u00fcberschreitende Wege nach Tschechien und \u00d6sterreich, aber auch Bergtouren f\u00fcr <a href=\"https:\/\/hotel-zedernhof.de\/en\/fahrradurlaub\/\">Aktiv-Radler<\/a>.<\/li><li>Wasserliebhaber k\u00f6nnen beim Bootswandern am Regen die Natur aus einer anderen Perspektive entdecken. Mit dem Kanu oder Schlauchboot kann man auf dem Fluss entlangfahren und die herrliche Umgebung genie\u00dfen. Eine perfekte Aktivit\u00e4t f\u00fcr die ganze Familie oder auch f\u00fcr eine Gruppe von Freunden.<span data-ccp-props=\"{&quot;335551550&quot;:6,&quot;335551620&quot;:6,&quot;335559685&quot;:708}\">\u00a0<\/span><\/li><\/ul><h3>\u00a0<\/h3><h3><b><span data-contrast=\"none\">Wellness- und Aktivhotel im Bayerischen Wald<\/span><\/b><span data-ccp-props=\"{&quot;335551550&quot;:6,&quot;335551620&quot;:6,&quot;335559685&quot;:1416}\">\u00a0<\/span><\/h3><p><span data-contrast=\"none\">Nach einem ereignisreichen Tag in der Natur bietet unser Wellness- und <\/span><span data-contrast=\"none\">Aktivhotel im Bayerischen Wald <\/span><span data-contrast=\"none\">komfortable <a href=\"https:\/\/hotel-zedernhof.de\/en\/wohnen-preise\/\">Zimmer<\/a><\/span><span data-contrast=\"none\">\u00a0und einen <\/span><a href=\"https:\/\/hotel-zedernhof.de\/en\/wellness\/\"><span data-contrast=\"none\">Wellnessbereich <\/span><\/a><span data-contrast=\"none\">zum entspannen. Genie\u00dfen Sie eine Vielzahl von Entspannungsm\u00f6glichkeiten, wie eine <\/span><a href=\"https:\/\/hotel-zedernhof.de\/en\/saunieren-bayerischer-wald\/\"><span data-contrast=\"none\">Sauna<\/span><\/a><span data-contrast=\"none\">, ein Dampfbad, ein <\/span><a href=\"https:\/\/hotel-zedernhof.de\/en\/wellness\/#bade\"><span data-contrast=\"none\">Indoorpool<\/span><\/a><span data-contrast=\"none\">\u00a0und einen Ruheraum. Au\u00dferdem bieten wir auch eine Auswahl an <\/span><a href=\"https:\/\/hotel-zedernhof.de\/en\/wellnessanwendungen\/\"><span data-contrast=\"none\">Massagen<\/span><\/a><span data-contrast=\"none\">\u00a0und Sch\u00f6nheitsbehandlungen an, die darauf abgestimmt sind, K\u00f6rper und Geist zu verw\u00f6hnen.<\/span><span data-ccp-props=\"{&quot;335551550&quot;:6,&quot;335551620&quot;:6,&quot;335559685&quot;:1416}\">\u00a0<\/span><\/p><h3><b><span data-contrast=\"none\">Kulinarik im Aktivhotel Zedernhof<\/span><\/b><span data-ccp-props=\"{&quot;335551550&quot;:6,&quot;335551620&quot;:6,&quot;335559685&quot;:1416}\">\u00a0<\/span><\/h3><p><span data-contrast=\"none\">In unserem <\/span><span data-contrast=\"none\">Aktivhotel im Bayerischen Wald<\/span><span data-contrast=\"none\"> erwartet Sie nicht nur ein abwechslungsreicher Aktivurlaub, sondern auch ein kulinarisches Erlebnis der Extraklasse. Unsere <\/span><a href=\"https:\/\/hotel-zedernhof.de\/en\/kulinarik\/\"><span data-contrast=\"none\">K\u00fcche<\/span><\/a><span data-contrast=\"none\">\u00a0verw\u00f6hnt Sie mit regionalen Spezialit\u00e4ten und\u00a0vegetarische sowie allergikervertr\u00e4gliche\u00a0K\u00f6stlichkeiten, die Ihre Energiereserven nach einem ereignisreichen Tag voller Aktivit\u00e4ten in der malerischen Natur Bayerns wieder auff\u00fcllen. Genie\u00dfen Sie eine vielf\u00e4ltige Auswahl an Gerichten, die speziell auf die Bed\u00fcrfnisse von Aktivurlaubern zugeschnitten sind und Ihrem Aufenthalt im <\/span><span data-contrast=\"none\">Aktivhotel im Bayerischen Wald<\/span><span data-contrast=\"none\"> eine genussvolle Note verleihen.<\/span><span data-ccp-props=\"{&quot;134233117&quot;:false,&quot;134233118&quot;:false,&quot;201341983&quot;:0,&quot;335551550&quot;:6,&quot;335551620&quot;:6,&quot;335559685&quot;:1416,&quot;335559737&quot;:0,&quot;335559738&quot;:0,&quot;335559739&quot;:0,&quot;335559740&quot;:259}\">\u00a0<\/span><\/p><h2><b><span data-contrast=\"none\">Jetzt <\/span><\/b><b><span data-contrast=\"none\">Aktivurlaub im Bayerischen Wald <\/span><\/b><b><span data-contrast=\"none\">buchen<\/span><\/b><span data-ccp-props=\"{&quot;335551550&quot;:6,&quot;335551620&quot;:6,&quot;335559731&quot;:708}\">\u00a0<\/span><\/h2><p><span data-contrast=\"none\">Im <a href=\"https:\/\/hotel-zedernhof.de\/en\/3-sterne-hotel-bayerischer-wald\/\">3 Sterne Hotel Zedernhof im Bayerischen Wald<\/a> vereinen sich Komfort und Erholung, um Ihren <\/span><span data-contrast=\"none\">Aktivurlaub im Bayerischen Wald <\/span><span data-contrast=\"none\">perfekt abzurunden.\u00a0<\/span><span data-contrast=\"none\">Kontaktieren Sie uns gerne, um mehr \u00fcber unser <\/span><a href=\"https:\/\/hotel-zedernhof.de\/en\/wellnessangebote-im-bayerischen-wald-jetzt-im-3s-hotel-zedernhof-im-bayerischen-wald\/\"><span data-contrast=\"none\">Angebot<\/span><\/a><span data-contrast=\"none\">\u00a0im<\/span> <a href=\"https:\/\/hotel-zedernhof.de\/en\/gesundheitshotel\/\"><span data-contrast=\"auto\">Gesundheitshotel<\/span><\/a><span data-contrast=\"auto\">\u00a0<\/span><span data-contrast=\"none\">Zedernhof zu erfahren und Ihren Aufenthalt im <\/span><span data-contrast=\"none\">Aktivhotel Zedernhof im Bayerischen Wald <\/span><span data-contrast=\"none\">zu buchen.<\/span><span data-ccp-props=\"{&quot;335551550&quot;:6,&quot;335551620&quot;:6,&quot;335559685&quot;:708}\">\u00a0<\/span><\/p>\t\t\t\t\t\t<\/div>\n\t\t\t\t<\/div>\n\t\t\t\t<div class=\"elementor-element elementor-element-86aefe0 elementor-widget elementor-widget-spacer\" data-id=\"86aefe0\" data-element_type=\"widget\" data-widget_type=\"spacer.default\">\n\t\t\t\t<div class=\"elementor-widget-container\">\n\t\t\t\t\t<div class=\"elementor-spacer\">\n\t\t\t<div class=\"elementor-spacer-inner\"><\/div>\n\t\t<\/div>\n\t\t\t\t<\/div>\n\t\t\t\t<\/div>\n\t\t\t\t\t<\/div>\n\t\t<\/div>\n\t\t\t\t\t\t\t<\/div>\n\t\t<\/section>\n\t\t\t\t<section class=\"elementor-section elementor-top-section elementor-element elementor-element-8d24083 elementor-section-height-min-height elementor-section-boxed elementor-section-height-default elementor-section-items-middle\" data-id=\"8d24083\" data-element_type=\"section\">\n\t\t\t\t\t\t<div class=\"elementor-container elementor-column-gap-default\">\n\t\t\t\t\t<div class=\"elementor-column elementor-col-100 elementor-top-column elementor-element elementor-element-a39c044\" data-id=\"a39c044\" data-element_type=\"column\">\n\t\t\t<div class=\"elementor-widget-wrap elementor-element-populated\">\n\t\t\t\t\t\t\t\t<div class=\"elementor-element elementor-element-055058a elementor-widget elementor-widget-button\" data-id=\"055058a\" data-element_type=\"widget\" data-widget_type=\"button.default\">\n\t\t\t\t<div class=\"elementor-widget-container\">\n\t\t\t\t\t<div class=\"elementor-button-wrapper\">\n\t\t\t<a class=\"elementor-button elementor-button-link elementor-size-sm\" href=\"https:\/\/ibev5.hotels-online-buchen.de\/ibe\/Stamsriedzedernhof\">\n\t\t\t\t\t\t<span class=\"elementor-button-content-wrapper\">\n\t\t\t\t\t\t<span class=\"elementor-button-text\">Jetzt Aktivurlaub im Bayerischen Wald buchen! <\/span>\n\t\t<\/span>\n\t\t\t\t\t<\/a>\n\t\t<\/div>\n\t\t\t\t<\/div>\n\t\t\t\t<\/div>\n\t\t\t\t\t<\/div>\n\t\t<\/div>\n\t\t\t\t\t\t\t<\/div>\n\t\t<\/section>\n\t\t\t\t\t\t\t<\/div>","protected":false},"excerpt":{"rendered":"<p>Aktivurlaub in Bayern Ihr 3* S Aktivhotel Zedernhof Planen Sie Ihren n\u00e4chsten Aktivurlaub im Bayerischen Wald und erleben Sie die unz\u00e4hligen M\u00f6glichkeiten im Aktivhotel Zedernhof. Ob Wandern, Radfahren\u00a0oder entspannte Tage in der Natur \u2013 unser Aults only Aktivhotel im Bayerischen [&hellip;]<\/p>","protected":false},"author":2,"featured_media":0,"parent":0,"menu_order":0,"comment_status":"closed","ping_status":"closed","template":"elementor_header_footer","meta":{"footnotes":""},"yoast_head":"<!-- This site is optimized with the Yoast SEO plugin v21.5 - https:\/\/yoast.com\/wordpress\/plugins\/seo\/ -->\n<title>Aktivurlaub in Bayern - 3 Sterne Aktivhotel Zedernhof<\/title>\n<meta name=\"description\" content=\"Genie\u00dfen Sie einen traumhaften Aktivurlaub in Bayern \u2713Wandern &amp; Fahrradfahren \u2713Wellness \u2713inmitten der Natur des Bayerischen Wald - Jetzt Angebote entdecken!\" \/>\n<meta name=\"robots\" content=\"index, follow, max-snippet:-1, max-image-preview:large, max-video-preview:-1\" \/>\n<link rel=\"canonical\" href=\"https:\/\/hotel-zedernhof.de\/en\/wohnen-preise\/\" \/>\n<meta property=\"og:locale\" content=\"en_GB\" \/>\n<meta property=\"og:type\" content=\"article\" \/>\n<meta property=\"og:title\" content=\"Aktivurlaub in Bayern - 3 Sterne Aktivhotel Zedernhof\" \/>\n<meta property=\"og:description\" content=\"Genie\u00dfen Sie einen traumhaften Aktivurlaub in Bayern \u2713Wandern &amp; Fahrradfahren \u2713Wellness \u2713inmitten der Natur des Bayerischen Wald - Jetzt Angebote entdecken!\" \/>\n<meta property=\"og:url\" content=\"https:\/\/hotel-zedernhof.de\/en\/wohnen-preise\/\" \/>\n<meta property=\"og:site_name\" content=\"Hotel Zedernhof\" \/>\n<meta property=\"article:modified_time\" content=\"2024-10-15T13:22:02+00:00\" \/>\n<meta name=\"twitter:card\" content=\"summary_large_image\" \/>\n<meta name=\"twitter:label1\" content=\"Estimated reading time\" \/>\n\t<meta name=\"twitter:data1\" content=\"3 minutes\" \/>\n<script type=\"application\/ld+json\" class=\"yoast-schema-graph\">{\"@context\":\"https:\/\/schema.org\",\"@graph\":[{\"@type\":\"WebPage\",\"@id\":\"https:\/\/hotel-zedernhof.de\/aktivurlaub-bayern\/\",\"url\":\"https:\/\/hotel-zedernhof.de\/wohnen-preise\/\",\"name\":\"Aktivurlaub in Bayern - 3 Sterne Aktivhotel Zedernhof\",\"isPartOf\":{\"@id\":\"https:\/\/hotel-zedernhof.de\/#website\"},\"datePublished\":\"2024-04-26T08:31:58+00:00\",\"dateModified\":\"2024-10-15T13:22:02+00:00\",\"description\":\"Genie\u00dfen Sie einen traumhaften Aktivurlaub in Bayern \u2713Wandern & Fahrradfahren \u2713Wellness \u2713inmitten der Natur des Bayerischen Wald - Jetzt Angebote entdecken!\",\"breadcrumb\":{\"@id\":\"https:\/\/hotel-zedernhof.de\/wohnen-preise\/#breadcrumb\"},\"inLanguage\":\"en-GB\",\"potentialAction\":[{\"@type\":\"ReadAction\",\"target\":[\"https:\/\/hotel-zedernhof.de\/wohnen-preise\/\"]}]},{\"@type\":\"BreadcrumbList\",\"@id\":\"https:\/\/hotel-zedernhof.de\/wohnen-preise\/#breadcrumb\",\"itemListElement\":[{\"@type\":\"ListItem\",\"position\":1,\"name\":\"Startseite\",\"item\":\"https:\/\/hotel-zedernhof.de\/\"},{\"@type\":\"ListItem\",\"position\":2,\"name\":\"Aktivurlaub Bayern\"}]},{\"@type\":\"WebSite\",\"@id\":\"https:\/\/hotel-zedernhof.de\/#website\",\"url\":\"https:\/\/hotel-zedernhof.de\/\",\"name\":\"Hotel Zedernhof\",\"description\":\"Hotel Zedernhof\",\"potentialAction\":[{\"@type\":\"SearchAction\",\"target\":{\"@type\":\"EntryPoint\",\"urlTemplate\":\"https:\/\/hotel-zedernhof.de\/?s={search_term_string}\"},\"query-input\":\"required name=search_term_string\"}],\"inLanguage\":\"en-GB\"}]}<\/script>\n<!-- \/ Yoast SEO plugin. -->","yoast_head_json":{"title":"Aktivurlaub in Bayern - 3 Sterne Aktivhotel Zedernhof","description":"Genie\u00dfen Sie einen traumhaften Aktivurlaub in Bayern \u2713Wandern & Fahrradfahren \u2713Wellness \u2713inmitten der Natur des Bayerischen Wald - Jetzt Angebote entdecken!","robots":{"index":"index","follow":"follow","max-snippet":"max-snippet:-1","max-image-preview":"max-image-preview:large","max-video-preview":"max-video-preview:-1"},"canonical":"https:\/\/hotel-zedernhof.de\/en\/wohnen-preise\/","og_locale":"en_GB","og_type":"article","og_title":"Aktivurlaub in Bayern - 3 Sterne Aktivhotel Zedernhof","og_description":"Genie\u00dfen Sie einen traumhaften Aktivurlaub in Bayern \u2713Wandern & Fahrradfahren \u2713Wellness \u2713inmitten der Natur des Bayerischen Wald - Jetzt Angebote entdecken!","og_url":"https:\/\/hotel-zedernhof.de\/en\/wohnen-preise\/","og_site_name":"Hotel Zedernhof","article_modified_time":"2024-10-15T13:22:02+00:00","twitter_card":"summary_large_image","twitter_misc":{"Estimated reading time":"3 minutes"},"schema":{"@context":"https:\/\/schema.org","@graph":[{"@type":"WebPage","@id":"https:\/\/hotel-zedernhof.de\/aktivurlaub-bayern\/","url":"https:\/\/hotel-zedernhof.de\/wohnen-preise\/","name":"Aktivurlaub in Bayern - 3 Sterne Aktivhotel Zedernhof","isPartOf":{"@id":"https:\/\/hotel-zedernhof.de\/#website"},"datePublished":"2024-04-26T08:31:58+00:00","dateModified":"2024-10-15T13:22:02+00:00","description":"Genie\u00dfen Sie einen traumhaften Aktivurlaub in Bayern \u2713Wandern & Fahrradfahren \u2713Wellness \u2713inmitten der Natur des Bayerischen Wald - Jetzt Angebote entdecken!","breadcrumb":{"@id":"https:\/\/hotel-zedernhof.de\/wohnen-preise\/#breadcrumb"},"inLanguage":"en-GB","potentialAction":[{"@type":"ReadAction","target":["https:\/\/hotel-zedernhof.de\/wohnen-preise\/"]}]},{"@type":"BreadcrumbList","@id":"https:\/\/hotel-zedernhof.de\/wohnen-preise\/#breadcrumb","itemListElement":[{"@type":"ListItem","position":1,"name":"Startseite","item":"https:\/\/hotel-zedernhof.de\/"},{"@type":"ListItem","position":2,"name":"Aktivurlaub Bayern"}]},{"@type":"WebSite","@id":"https:\/\/hotel-zedernhof.de\/#website","url":"https:\/\/hotel-zedernhof.de\/","name":"Hotel Zedernhof","description":"Hotel Zedernhof","potentialAction":[{"@type":"SearchAction","target":{"@type":"EntryPoint","urlTemplate":"https:\/\/hotel-zedernhof.de\/?s={search_term_string}"},"query-input":"required name=search_term_string"}],"inLanguage":"en-GB"}]}},"_links":{"self":[{"href":"https:\/\/hotel-zedernhof.de\/en\/wp-json\/wp\/v2\/pages\/4663"}],"collection":[{"href":"https:\/\/hotel-zedernhof.de\/en\/wp-json\/wp\/v2\/pages"}],"about":[{"href":"https:\/\/hotel-zedernhof.de\/en\/wp-json\/wp\/v2\/types\/page"}],"author":[{"embeddable":true,"href":"https:\/\/hotel-zedernhof.de\/en\/wp-json\/wp\/v2\/users\/2"}],"replies":[{"embeddable":true,"href":"https:\/\/hotel-zedernhof.de\/en\/wp-json\/wp\/v2\/comments?post=4663"}],"version-history":[{"count":7,"href":"https:\/\/hotel-zedernhof.de\/en\/wp-json\/wp\/v2\/pages\/4663\/revisions"}],"predecessor-version":[{"id":4749,"href":"https:\/\/hotel-zedernhof.de\/en\/wp-json\/wp\/v2\/pages\/4663\/revisions\/4749"}],"wp:attachment":[{"href":"https:\/\/hotel-zedernhof.de\/en\/wp-json\/wp\/v2\/media?parent=4663"}],"curies":[{"name":"wp","href":"https:\/\/api.w.org\/{rel}","templated":true}]}}