{"id":4703,"date":"2024-08-07T07:36:49","date_gmt":"2024-08-07T07:36:49","guid":{"rendered":"https:\/\/hotel-zedernhof.de\/?page_id=4703"},"modified":"2026-04-27T14:02:49","modified_gmt":"2026-04-27T14:02:49","slug":"hotel-bayern","status":"publish","type":"page","link":"https:\/\/hotel-zedernhof.de\/en\/hotel-bayern\/","title":{"rendered":"Hotel Bayern"},"content":{"rendered":"<div data-elementor-type=\"wp-post\" data-elementor-id=\"4703\" class=\"elementor elementor-4703\" data-elementor-post-type=\"page\">\n\t\t\t\t\t\t\t\t\t<section class=\"elementor-section elementor-top-section elementor-element elementor-element-634dbc5f elementor-section-full_width elementor-section-height-full elementor-section-height-default elementor-section-items-middle\" data-id=\"634dbc5f\" data-element_type=\"section\" data-settings=\"{&quot;background_background&quot;:&quot;classic&quot;}\">\n\t\t\t\t\t\t\t<div class=\"elementor-background-overlay\"><\/div>\n\t\t\t\t\t\t\t<div class=\"elementor-container elementor-column-gap-default\">\n\t\t\t\t\t<div class=\"elementor-column elementor-col-100 elementor-top-column elementor-element elementor-element-31c10fba\" data-id=\"31c10fba\" data-element_type=\"column\">\n\t\t\t<div class=\"elementor-widget-wrap elementor-element-populated\">\n\t\t\t\t\t\t\t\t<div class=\"elementor-element elementor-element-8ec1300 elementor-widget elementor-widget-heading\" data-id=\"8ec1300\" data-element_type=\"widget\" data-widget_type=\"heading.default\">\n\t\t\t\t<div class=\"elementor-widget-container\">\n\t\t\t<h1 class=\"elementor-heading-title elementor-size-xxl\"><span style=\"font-family: Renner, Helvetica, Arial, sans-serif; font-size: 59px; font-style: normal; font-weight: 600; background-color: rgba(0, 0, 0, 0);\">Wellnesshotel in Bayern - <\/span><br><span style=\"font-family: Renner, Helvetica, Arial, sans-serif; font-size: 59px; font-style: normal; font-weight: 600; background-color: rgba(0, 0, 0, 0);\">Hotel Zedernhof <\/span><\/h1>\t\t<\/div>\n\t\t\t\t<\/div>\n\t\t\t\t\t<\/div>\n\t\t<\/div>\n\t\t\t\t\t\t\t<\/div>\n\t\t<\/section>\n\t\t\t\t<section class=\"elementor-section elementor-top-section elementor-element elementor-element-3f69056 elementor-section-boxed elementor-section-height-default elementor-section-height-default\" data-id=\"3f69056\" data-element_type=\"section\">\n\t\t\t\t\t\t<div class=\"elementor-container elementor-column-gap-default\">\n\t\t\t\t\t<div class=\"elementor-column elementor-col-100 elementor-top-column elementor-element elementor-element-bf20222\" data-id=\"bf20222\" data-element_type=\"column\">\n\t\t\t<div class=\"elementor-widget-wrap elementor-element-populated\">\n\t\t\t\t\t\t\t\t<div class=\"elementor-element elementor-element-6498b54 elementor-widget elementor-widget-spacer\" data-id=\"6498b54\" data-element_type=\"widget\" data-widget_type=\"spacer.default\">\n\t\t\t\t<div class=\"elementor-widget-container\">\n\t\t\t\t\t<div class=\"elementor-spacer\">\n\t\t\t<div class=\"elementor-spacer-inner\"><\/div>\n\t\t<\/div>\n\t\t\t\t<\/div>\n\t\t\t\t<\/div>\n\t\t\t\t<div class=\"elementor-element elementor-element-bf1d0da elementor-widget elementor-widget-text-editor\" data-id=\"bf1d0da\" data-element_type=\"widget\" data-widget_type=\"text-editor.default\">\n\t\t\t\t<div class=\"elementor-widget-container\">\n\t\t\t\t\t\t\t<p>Inmitten der wundersch\u00f6nen Natur Bayerns liegt das Wellnesshotel Zedernhof \u2013 eine Oase der Erholung und Ruhe. Unser Wellnesshotel in Bayern kombiniert traditionellen bayerischen Charme mit modernem Luxus und bietet Ihnen somit ein unvergleichliches Urlaubserlebnis, das K\u00f6rper, Geist und Seele verw\u00f6hnt.<\/p><h2><strong>Warum <\/strong><strong>Urlaub im Hotel Zedernhof in Bayern verbingen?<\/strong><\/h2><p>Ein Urlaub im Hotel Zedernhof in Bayern ist die perfekte Wahl f\u00fcr alle, die Erholung, Luxus und unvergleichliche Erlebnisse suchen. Eingebettet in eine malerische Landschaft, bietet das Hotel in Bayern einen erstklassigen <a href=\"https:\/\/hotel-zedernhof.de\/en\/wellness\/\">Wellnessbereich<\/a>, <a href=\"https:\/\/hotel-zedernhof.de\/en\/kulinarik\/\">Culinary<\/a> mit lokalen K\u00f6stlichkeiten und regionalen Zutaten sowie ein umfangreiches Angebot an <a href=\"https:\/\/hotel-zedernhof.de\/en\/aktivurlaub-bayern\/\">Aktivit\u00e4ten<\/a>\u00a0in der wundersch\u00f6nen Natur des Bayerischen Waldes. Zudem sorgen unsere Angebote und der top Service daf\u00fcr, dass Ihr Aufenthalt im Wellnesshotel in Bayern zu einem unvergesslichen Erlebnis wird.<\/p><h2><strong>Wellnessangebote im <\/strong><strong>Hotel <\/strong><strong>Zedernhof in <\/strong><strong>Bayern<\/strong><\/h2><p>Unser luxuri\u00f6ser Spa Bereich des Wellnesshotel in Bayern umfasst einen Badebereich mit <a href=\"https:\/\/hotel-zedernhof.de\/en\/wellness\/#bade\">Indoor-Pool<\/a>\u00a0und eine gro\u00dfe <a href=\"https:\/\/hotel-zedernhof.de\/en\/saunieren-bayerischer-wald\/\">Saunas<\/a> mit verschiedenen Saunen, sodass es f\u00fcr jeden Geschmack die passende Anwendung gibt. Au\u00dferdem verf\u00fcgt das Wellnesshotel in Bayern \u00fcber einen gem\u00fctlichen <a href=\"https:\/\/hotel-zedernhof.de\/en\/whirlpool\/\">Whirlpool<\/a>\u00a0und einen gro\u00dfen Ruhebereich.<\/p><p>Unsere erfahrenen Masseure verw\u00f6hnen Sie mit einer Vielzahl an <a href=\"https:\/\/hotel-zedernhof.de\/en\/wellnessanwendungen\/\">Behandlungen<\/a>, von beruhigenden Massagen bis hin zu revitalisierende Gesichtsbehandlungen.<\/p>\t\t\t\t\t\t<\/div>\n\t\t\t\t<\/div>\n\t\t\t\t<div class=\"elementor-element elementor-element-afef3e4 elementor-widget elementor-widget-spacer\" data-id=\"afef3e4\" data-element_type=\"widget\" data-widget_type=\"spacer.default\">\n\t\t\t\t<div class=\"elementor-widget-container\">\n\t\t\t\t\t<div class=\"elementor-spacer\">\n\t\t\t<div class=\"elementor-spacer-inner\"><\/div>\n\t\t<\/div>\n\t\t\t\t<\/div>\n\t\t\t\t<\/div>\n\t\t\t\t\t<\/div>\n\t\t<\/div>\n\t\t\t\t\t\t\t<\/div>\n\t\t<\/section>\n\t\t\t\t<section class=\"elementor-section elementor-top-section elementor-element elementor-element-5d9600a elementor-section-boxed elementor-section-height-default elementor-section-height-default\" data-id=\"5d9600a\" data-element_type=\"section\">\n\t\t\t\t\t\t<div class=\"elementor-container elementor-column-gap-default\">\n\t\t\t\t\t<div class=\"elementor-column elementor-col-50 elementor-top-column elementor-element elementor-element-01aafef\" data-id=\"01aafef\" data-element_type=\"column\">\n\t\t\t<div class=\"elementor-widget-wrap elementor-element-populated\">\n\t\t\t\t\t\t\t\t<div class=\"elementor-element elementor-element-86aad56 elementor-widget elementor-widget-image\" data-id=\"86aad56\" data-element_type=\"widget\" data-widget_type=\"image.default\">\n\t\t\t\t<div class=\"elementor-widget-container\">\n\t\t\t\t\t\t\t\t\t\t\t\t\t\t\t<img decoding=\"async\" width=\"1024\" height=\"671\" src=\"https:\/\/hotel-zedernhof.de\/wp-content\/uploads\/2020\/10\/Zedernhof-Zimmer-Eberesche2-1024x671.jpg\" class=\"attachment-large size-large wp-image-2207\" alt=\"Zimmer-Eberesche\" srcset=\"https:\/\/hotel-zedernhof.de\/wp-content\/uploads\/2020\/10\/Zedernhof-Zimmer-Eberesche2-1024x671.jpg 1024w, https:\/\/hotel-zedernhof.de\/wp-content\/uploads\/2020\/10\/Zedernhof-Zimmer-Eberesche2-300x197.jpg 300w, https:\/\/hotel-zedernhof.de\/wp-content\/uploads\/2020\/10\/Zedernhof-Zimmer-Eberesche2-768x503.jpg 768w, https:\/\/hotel-zedernhof.de\/wp-content\/uploads\/2020\/10\/Zedernhof-Zimmer-Eberesche2-1536x1006.jpg 1536w, https:\/\/hotel-zedernhof.de\/wp-content\/uploads\/2020\/10\/Zedernhof-Zimmer-Eberesche2-2048x1342.jpg 2048w, https:\/\/hotel-zedernhof.de\/wp-content\/uploads\/2020\/10\/Zedernhof-Zimmer-Eberesche2-440x288.jpg 440w, https:\/\/hotel-zedernhof.de\/wp-content\/uploads\/2020\/10\/Zedernhof-Zimmer-Eberesche2-600x393.jpg 600w, https:\/\/hotel-zedernhof.de\/wp-content\/uploads\/2020\/10\/Zedernhof-Zimmer-Eberesche2-scaled.jpg 1920w\" sizes=\"(max-width: 1024px) 100vw, 1024px\" \/>\t\t\t\t\t\t\t\t\t\t\t\t\t\t\t<\/div>\n\t\t\t\t<\/div>\n\t\t\t\t\t<\/div>\n\t\t<\/div>\n\t\t\t\t<div class=\"elementor-column elementor-col-50 elementor-top-column elementor-element elementor-element-db7dcc0\" data-id=\"db7dcc0\" data-element_type=\"column\">\n\t\t\t<div class=\"elementor-widget-wrap elementor-element-populated\">\n\t\t\t\t\t\t\t\t<div class=\"elementor-element elementor-element-132846f elementor-widget elementor-widget-image\" data-id=\"132846f\" data-element_type=\"widget\" data-widget_type=\"image.default\">\n\t\t\t\t<div class=\"elementor-widget-container\">\n\t\t\t\t\t\t\t\t\t\t\t\t\t\t\t<img decoding=\"async\" width=\"1024\" height=\"679\" src=\"https:\/\/hotel-zedernhof.de\/wp-content\/uploads\/2020\/11\/Hotel-Pusl170619mf113-1024x679.jpg\" class=\"attachment-large size-large wp-image-2611\" alt=\"Schwebeliege\" srcset=\"https:\/\/hotel-zedernhof.de\/wp-content\/uploads\/2020\/11\/Hotel-Pusl170619mf113-1024x679.jpg 1024w, https:\/\/hotel-zedernhof.de\/wp-content\/uploads\/2020\/11\/Hotel-Pusl170619mf113-300x199.jpg 300w, https:\/\/hotel-zedernhof.de\/wp-content\/uploads\/2020\/11\/Hotel-Pusl170619mf113-768x509.jpg 768w, https:\/\/hotel-zedernhof.de\/wp-content\/uploads\/2020\/11\/Hotel-Pusl170619mf113-1536x1019.jpg 1536w, https:\/\/hotel-zedernhof.de\/wp-content\/uploads\/2020\/11\/Hotel-Pusl170619mf113-2048x1359.jpg 2048w, https:\/\/hotel-zedernhof.de\/wp-content\/uploads\/2020\/11\/Hotel-Pusl170619mf113-16x12.jpg 16w, https:\/\/hotel-zedernhof.de\/wp-content\/uploads\/2020\/11\/Hotel-Pusl170619mf113-440x292.jpg 440w, https:\/\/hotel-zedernhof.de\/wp-content\/uploads\/2020\/11\/Hotel-Pusl170619mf113-600x398.jpg 600w\" sizes=\"(max-width: 1024px) 100vw, 1024px\" \/>\t\t\t\t\t\t\t\t\t\t\t\t\t\t\t<\/div>\n\t\t\t\t<\/div>\n\t\t\t\t\t<\/div>\n\t\t<\/div>\n\t\t\t\t\t\t\t<\/div>\n\t\t<\/section>\n\t\t\t\t<section class=\"elementor-section elementor-top-section elementor-element elementor-element-b98793c elementor-section-boxed elementor-section-height-default elementor-section-height-default\" data-id=\"b98793c\" data-element_type=\"section\">\n\t\t\t\t\t\t<div class=\"elementor-container elementor-column-gap-default\">\n\t\t\t\t\t<div class=\"elementor-column elementor-col-100 elementor-top-column elementor-element elementor-element-4777c6d\" data-id=\"4777c6d\" data-element_type=\"column\">\n\t\t\t<div class=\"elementor-widget-wrap elementor-element-populated\">\n\t\t\t\t\t\t\t\t<div class=\"elementor-element elementor-element-4076877 elementor-widget elementor-widget-spacer\" data-id=\"4076877\" data-element_type=\"widget\" data-widget_type=\"spacer.default\">\n\t\t\t\t<div class=\"elementor-widget-container\">\n\t\t\t\t\t<div class=\"elementor-spacer\">\n\t\t\t<div class=\"elementor-spacer-inner\"><\/div>\n\t\t<\/div>\n\t\t\t\t<\/div>\n\t\t\t\t<\/div>\n\t\t\t\t<div class=\"elementor-element elementor-element-c282318 elementor-widget elementor-widget-text-editor\" data-id=\"c282318\" data-element_type=\"widget\" data-widget_type=\"text-editor.default\">\n\t\t\t\t<div class=\"elementor-widget-container\">\n\t\t\t\t\t\t\t<h2><strong>Aktivit\u00e4ten rund um unser Wellnesshotel in Bayern<\/strong><\/h2><h3><strong>Wandern rund ums <\/strong><strong>Hotel in Bayern<\/strong><\/h3><p>W\u00e4hrend Ihres Urlaubs in unserem Wellnesshotel in Bayern k\u00f6nnen Sie die wundersch\u00f6ne Landschaft des Bayerischen Walds genauer entdecken. Aufgrund der zentralen Lage k\u00f6nnen Sie ohne weite Anreise direkt vom Hotel aus tolle <a href=\"https:\/\/hotel-zedernhof.de\/en\/wandern-bayerischer-wald\/\">Wanderungen<\/a> durch die W\u00e4lder des Bayerischen Waldes machen. Auch Abenteuerlustige kommen w\u00e4hrend ihres Urlaubs im Kletterwald oder beim Klettern in der Natur voll auf ihre Kosten. Der Bayerische Wald ist ideal f\u00fcr Outdoor-Enthusiasten und bietet unz\u00e4hlige M\u00f6glichkeiten, die Natur in all ihrer Pracht zu genie\u00dfen.<\/p><h3><strong>Kulturelle Aktivit\u00e4ten<\/strong><\/h3><p>Nat\u00fcrlich bietet das Hotel in Bayern mit seiner idealen Lage auch f\u00fcr Kulturbegeisterte einen Ort f\u00fcr einen erlebnisreichen Urlaub. Sie k\u00f6nnen historische Burgen und traditionelle D\u00f6rfer und Museen nach nur wenigen Fahrminuten besichtigen.<\/p><h3><strong>Unsere exklusiven Angebote<\/strong><\/h3><p>Entdecken Sie unsere <a href=\"https:\/\/hotel-zedernhof.de\/en\/wellnessangebote-im-bayerischen-wald-jetzt-im-3s-hotel-zedernhof-im-bayerischen-wald\/\">Angebote<\/a>\u00a0im Wellnesshotel in Bayern, dem 3*S Hotel Zedernhof. Ob Sie einen Urlaub mit Ihrem <a href=\"https:\/\/hotel-zedernhof.de\/en\/romantikhotel\/\">Partner<\/a> oder einen <a href=\"https:\/\/hotel-zedernhof.de\/en\/freundinnen-wellness\/\">Urlaub mit Freundinnen<\/a>\u00a0verbringen wollen, wir haben das optimale Angebot f\u00fcr Ihre W\u00fcnsche!<\/p>\t\t\t\t\t\t<\/div>\n\t\t\t\t<\/div>\n\t\t\t\t\t<\/div>\n\t\t<\/div>\n\t\t\t\t\t\t\t<\/div>\n\t\t<\/section>\n\t\t\t\t<section class=\"elementor-section elementor-top-section elementor-element elementor-element-b1622c9 elementor-section-boxed elementor-section-height-default elementor-section-height-default\" data-id=\"b1622c9\" data-element_type=\"section\">\n\t\t\t\t\t\t<div class=\"elementor-container elementor-column-gap-default\">\n\t\t\t\t\t<div class=\"elementor-column elementor-col-100 elementor-top-column elementor-element elementor-element-7f67c12\" data-id=\"7f67c12\" data-element_type=\"column\">\n\t\t\t<div class=\"elementor-widget-wrap elementor-element-populated\">\n\t\t\t\t\t\t\t\t<div class=\"elementor-element elementor-element-15d63e7 elementor-widget elementor-widget-button\" data-id=\"15d63e7\" data-element_type=\"widget\" data-widget_type=\"button.default\">\n\t\t\t\t<div class=\"elementor-widget-container\">\n\t\t\t\t\t<div class=\"elementor-button-wrapper\">\n\t\t\t<a class=\"elementor-button elementor-button-link elementor-size-sm\" href=\"https:\/\/ibev5.hotels-online-buchen.de\/ibe\/Stamsriedzedernhof\">\n\t\t\t\t\t\t<span class=\"elementor-button-content-wrapper\">\n\t\t\t\t\t\t<span class=\"elementor-button-text\">Wellnesshotel Bayern buchen!<\/span>\n\t\t<\/span>\n\t\t\t\t\t<\/a>\n\t\t<\/div>\n\t\t\t\t<\/div>\n\t\t\t\t<\/div>\n\t\t\t\t\t<\/div>\n\t\t<\/div>\n\t\t\t\t\t\t\t<\/div>\n\t\t<\/section>\n\t\t\t\t\t\t\t<\/div>","protected":false},"excerpt":{"rendered":"<p>Wellnesshotel in Bayern &#8211; Hotel Zedernhof Inmitten der wundersch\u00f6nen Natur Bayerns liegt das Wellnesshotel Zedernhof \u2013 eine Oase der Erholung und Ruhe. Unser Wellnesshotel in Bayern kombiniert traditionellen bayerischen Charme mit modernem Luxus und bietet Ihnen somit ein unvergleichliches Urlaubserlebnis, [&hellip;]<\/p>","protected":false},"author":2,"featured_media":0,"parent":0,"menu_order":0,"comment_status":"closed","ping_status":"closed","template":"elementor_header_footer","meta":{"footnotes":""},"yoast_head":"<!-- This site is optimized with the Yoast SEO plugin v21.5 - https:\/\/yoast.com\/wordpress\/plugins\/seo\/ -->\n<title>Wellnesshotel in Bayern \u2013 Urlaub im 3*S Hotel Zedernhof<\/title>\n<meta name=\"description\" content=\"Entspannung pur im bayerischen Wellnesshotel Zedernhof \u2713Saunalandschaft \u2713Pools \u2713Massagen \u2713Zahlreiche Aktivit\u00e4ten \u2013 Jetzt Wellnesshotel in Bayern buchen!\" \/>\n<meta name=\"robots\" content=\"index, follow, max-snippet:-1, max-image-preview:large, max-video-preview:-1\" \/>\n<link rel=\"canonical\" href=\"https:\/\/hotel-zedernhof.de\/en\/hotel-bayern\/\" \/>\n<meta property=\"og:locale\" content=\"en_GB\" \/>\n<meta property=\"og:type\" content=\"article\" \/>\n<meta property=\"og:title\" content=\"Wellnesshotel in Bayern \u2013 Urlaub im 3*S Hotel Zedernhof\" \/>\n<meta property=\"og:description\" content=\"Entspannung pur im bayerischen Wellnesshotel Zedernhof \u2713Saunalandschaft \u2713Pools \u2713Massagen \u2713Zahlreiche Aktivit\u00e4ten \u2013 Jetzt Wellnesshotel in Bayern buchen!\" \/>\n<meta property=\"og:url\" content=\"https:\/\/hotel-zedernhof.de\/en\/hotel-bayern\/\" \/>\n<meta property=\"og:site_name\" content=\"Hotel Zedernhof\" \/>\n<meta property=\"article:modified_time\" content=\"2026-04-27T14:02:49+00:00\" \/>\n<meta property=\"og:image\" content=\"https:\/\/hotel-zedernhof.de\/wp-content\/uploads\/2020\/10\/Zedernhof-Zimmer-Eberesche2-1024x671.jpg\" \/>\n<meta name=\"twitter:card\" content=\"summary_large_image\" \/>\n<meta name=\"twitter:label1\" content=\"Estimated reading time\" \/>\n\t<meta name=\"twitter:data1\" content=\"3 minutes\" \/>\n<script type=\"application\/ld+json\" class=\"yoast-schema-graph\">{\"@context\":\"https:\/\/schema.org\",\"@graph\":[{\"@type\":\"WebPage\",\"@id\":\"https:\/\/hotel-zedernhof.de\/hotel-bayern\/\",\"url\":\"https:\/\/hotel-zedernhof.de\/hotel-bayern\/\",\"name\":\"Wellnesshotel in Bayern \u2013 Urlaub im 3*S Hotel Zedernhof\",\"isPartOf\":{\"@id\":\"https:\/\/hotel-zedernhof.de\/#website\"},\"datePublished\":\"2024-08-07T07:36:49+00:00\",\"dateModified\":\"2026-04-27T14:02:49+00:00\",\"description\":\"Entspannung pur im bayerischen Wellnesshotel Zedernhof \u2713Saunalandschaft \u2713Pools \u2713Massagen \u2713Zahlreiche Aktivit\u00e4ten \u2013 Jetzt Wellnesshotel in Bayern buchen!\",\"breadcrumb\":{\"@id\":\"https:\/\/hotel-zedernhof.de\/hotel-bayern\/#breadcrumb\"},\"inLanguage\":\"en-GB\",\"potentialAction\":[{\"@type\":\"ReadAction\",\"target\":[\"https:\/\/hotel-zedernhof.de\/hotel-bayern\/\"]}]},{\"@type\":\"BreadcrumbList\",\"@id\":\"https:\/\/hotel-zedernhof.de\/hotel-bayern\/#breadcrumb\",\"itemListElement\":[{\"@type\":\"ListItem\",\"position\":1,\"name\":\"Startseite\",\"item\":\"https:\/\/hotel-zedernhof.de\/\"},{\"@type\":\"ListItem\",\"position\":2,\"name\":\"Hotel Bayern\"}]},{\"@type\":\"WebSite\",\"@id\":\"https:\/\/hotel-zedernhof.de\/#website\",\"url\":\"https:\/\/hotel-zedernhof.de\/\",\"name\":\"Hotel Zedernhof\",\"description\":\"Hotel Zedernhof\",\"potentialAction\":[{\"@type\":\"SearchAction\",\"target\":{\"@type\":\"EntryPoint\",\"urlTemplate\":\"https:\/\/hotel-zedernhof.de\/?s={search_term_string}\"},\"query-input\":\"required name=search_term_string\"}],\"inLanguage\":\"en-GB\"}]}<\/script>\n<!-- \/ Yoast SEO plugin. -->","yoast_head_json":{"title":"Wellnesshotel in Bayern \u2013 Urlaub im 3*S Hotel Zedernhof","description":"Entspannung pur im bayerischen Wellnesshotel Zedernhof \u2713Saunalandschaft \u2713Pools \u2713Massagen \u2713Zahlreiche Aktivit\u00e4ten \u2013 Jetzt Wellnesshotel in Bayern buchen!","robots":{"index":"index","follow":"follow","max-snippet":"max-snippet:-1","max-image-preview":"max-image-preview:large","max-video-preview":"max-video-preview:-1"},"canonical":"https:\/\/hotel-zedernhof.de\/en\/hotel-bayern\/","og_locale":"en_GB","og_type":"article","og_title":"Wellnesshotel in Bayern \u2013 Urlaub im 3*S Hotel Zedernhof","og_description":"Entspannung pur im bayerischen Wellnesshotel Zedernhof \u2713Saunalandschaft \u2713Pools \u2713Massagen \u2713Zahlreiche Aktivit\u00e4ten \u2013 Jetzt Wellnesshotel in Bayern buchen!","og_url":"https:\/\/hotel-zedernhof.de\/en\/hotel-bayern\/","og_site_name":"Hotel Zedernhof","article_modified_time":"2026-04-27T14:02:49+00:00","og_image":[{"url":"https:\/\/hotel-zedernhof.de\/wp-content\/uploads\/2020\/10\/Zedernhof-Zimmer-Eberesche2-1024x671.jpg"}],"twitter_card":"summary_large_image","twitter_misc":{"Estimated reading time":"3 minutes"},"schema":{"@context":"https:\/\/schema.org","@graph":[{"@type":"WebPage","@id":"https:\/\/hotel-zedernhof.de\/hotel-bayern\/","url":"https:\/\/hotel-zedernhof.de\/hotel-bayern\/","name":"Wellnesshotel in Bayern \u2013 Urlaub im 3*S Hotel Zedernhof","isPartOf":{"@id":"https:\/\/hotel-zedernhof.de\/#website"},"datePublished":"2024-08-07T07:36:49+00:00","dateModified":"2026-04-27T14:02:49+00:00","description":"Entspannung pur im bayerischen Wellnesshotel Zedernhof \u2713Saunalandschaft \u2713Pools \u2713Massagen \u2713Zahlreiche Aktivit\u00e4ten \u2013 Jetzt Wellnesshotel in Bayern buchen!","breadcrumb":{"@id":"https:\/\/hotel-zedernhof.de\/hotel-bayern\/#breadcrumb"},"inLanguage":"en-GB","potentialAction":[{"@type":"ReadAction","target":["https:\/\/hotel-zedernhof.de\/hotel-bayern\/"]}]},{"@type":"BreadcrumbList","@id":"https:\/\/hotel-zedernhof.de\/hotel-bayern\/#breadcrumb","itemListElement":[{"@type":"ListItem","position":1,"name":"Startseite","item":"https:\/\/hotel-zedernhof.de\/"},{"@type":"ListItem","position":2,"name":"Hotel Bayern"}]},{"@type":"WebSite","@id":"https:\/\/hotel-zedernhof.de\/#website","url":"https:\/\/hotel-zedernhof.de\/","name":"Hotel Zedernhof","description":"Hotel Zedernhof","potentialAction":[{"@type":"SearchAction","target":{"@type":"EntryPoint","urlTemplate":"https:\/\/hotel-zedernhof.de\/?s={search_term_string}"},"query-input":"required name=search_term_string"}],"inLanguage":"en-GB"}]}},"_links":{"self":[{"href":"https:\/\/hotel-zedernhof.de\/en\/wp-json\/wp\/v2\/pages\/4703"}],"collection":[{"href":"https:\/\/hotel-zedernhof.de\/en\/wp-json\/wp\/v2\/pages"}],"about":[{"href":"https:\/\/hotel-zedernhof.de\/en\/wp-json\/wp\/v2\/types\/page"}],"author":[{"embeddable":true,"href":"https:\/\/hotel-zedernhof.de\/en\/wp-json\/wp\/v2\/users\/2"}],"replies":[{"embeddable":true,"href":"https:\/\/hotel-zedernhof.de\/en\/wp-json\/wp\/v2\/comments?post=4703"}],"version-history":[{"count":4,"href":"https:\/\/hotel-zedernhof.de\/en\/wp-json\/wp\/v2\/pages\/4703\/revisions"}],"predecessor-version":[{"id":4707,"href":"https:\/\/hotel-zedernhof.de\/en\/wp-json\/wp\/v2\/pages\/4703\/revisions\/4707"}],"wp:attachment":[{"href":"https:\/\/hotel-zedernhof.de\/en\/wp-json\/wp\/v2\/media?parent=4703"}],"curies":[{"name":"wp","href":"https:\/\/api.w.org\/{rel}","templated":true}]}}