{"id":4716,"date":"2024-09-27T12:01:15","date_gmt":"2024-09-27T12:01:15","guid":{"rendered":"https:\/\/hotel-zedernhof.de\/?page_id=4716"},"modified":"2026-04-27T14:08:53","modified_gmt":"2026-04-27T14:08:53","slug":"wellness-bad-koetzing","status":"publish","type":"page","link":"https:\/\/hotel-zedernhof.de\/en\/wellness-bad-koetzing\/","title":{"rendered":"Wellness Bad K\u00f6tzing"},"content":{"rendered":"<div data-elementor-type=\"wp-post\" data-elementor-id=\"4716\" class=\"elementor elementor-4716\" data-elementor-post-type=\"page\">\n\t\t\t\t\t\t\t\t\t<section class=\"elementor-section elementor-top-section elementor-element elementor-element-634dbc5f elementor-section-full_width elementor-section-height-full elementor-section-height-default elementor-section-items-middle\" data-id=\"634dbc5f\" data-element_type=\"section\" data-settings=\"{&quot;background_background&quot;:&quot;classic&quot;}\">\n\t\t\t\t\t\t\t<div class=\"elementor-background-overlay\"><\/div>\n\t\t\t\t\t\t\t<div class=\"elementor-container elementor-column-gap-default\">\n\t\t\t\t\t<div class=\"elementor-column elementor-col-100 elementor-top-column elementor-element elementor-element-31c10fba\" data-id=\"31c10fba\" data-element_type=\"column\">\n\t\t\t<div class=\"elementor-widget-wrap elementor-element-populated\">\n\t\t\t\t\t\t\t\t<div class=\"elementor-element elementor-element-8ec1300 elementor-widget elementor-widget-heading\" data-id=\"8ec1300\" data-element_type=\"widget\" data-widget_type=\"heading.default\">\n\t\t\t\t<div class=\"elementor-widget-container\">\n\t\t\t<h1 class=\"elementor-heading-title elementor-size-xxl\"><span style=\"font-family: Renner, Helvetica, Arial, sans-serif; font-size: 59px; font-style: normal; font-weight: 600; background-color: rgba(0, 0, 0, 0);\">Wellnessauszeit nahe Bad K\u00f6tzing<\/span><\/h1>\t\t<\/div>\n\t\t\t\t<\/div>\n\t\t\t\t\t<\/div>\n\t\t<\/div>\n\t\t\t\t\t\t\t<\/div>\n\t\t<\/section>\n\t\t\t\t<section class=\"elementor-section elementor-top-section elementor-element elementor-element-3f69056 elementor-section-boxed elementor-section-height-default elementor-section-height-default\" data-id=\"3f69056\" data-element_type=\"section\">\n\t\t\t\t\t\t<div class=\"elementor-container elementor-column-gap-default\">\n\t\t\t\t\t<div class=\"elementor-column elementor-col-100 elementor-top-column elementor-element elementor-element-bf20222\" data-id=\"bf20222\" data-element_type=\"column\">\n\t\t\t<div class=\"elementor-widget-wrap elementor-element-populated\">\n\t\t\t\t\t\t\t\t<div class=\"elementor-element elementor-element-6498b54 elementor-widget elementor-widget-spacer\" data-id=\"6498b54\" data-element_type=\"widget\" data-widget_type=\"spacer.default\">\n\t\t\t\t<div class=\"elementor-widget-container\">\n\t\t\t\t\t<div class=\"elementor-spacer\">\n\t\t\t<div class=\"elementor-spacer-inner\"><\/div>\n\t\t<\/div>\n\t\t\t\t<\/div>\n\t\t\t\t<\/div>\n\t\t\t\t<div class=\"elementor-element elementor-element-bf1d0da elementor-widget elementor-widget-text-editor\" data-id=\"bf1d0da\" data-element_type=\"widget\" data-widget_type=\"text-editor.default\">\n\t\t\t\t<div class=\"elementor-widget-container\">\n\t\t\t\t\t\t\t<p><span class=\"EOP SCXW264676482 BCX0\" data-ccp-props=\"{&quot;335551550&quot;:6,&quot;335551620&quot;:6}\"><span class=\"TextRun SCXW151798656 BCX0\" lang=\"DE-DE\" xml:lang=\"DE-DE\" data-contrast=\"none\"><span class=\"NormalTextRun SCXW151798656 BCX0\">Sie brauchen dringend mal wieder eine Auszeit vom Alltag? Sie haben Lust auf ein paar entspannte Wellnesstage? Dann sind Sie bei uns im <a href=\"https:\/\/hotel-zedernhof.de\/en\/3-sterne-hotel-bayerischer-wald\/\">3*S Hotel<\/a> Zedernhof <\/span><span class=\"NormalTextRun SCXW151798656 BCX0\">mit <\/span><\/span><span class=\"TextRun SCXW151798656 BCX0\" lang=\"DE-DE\" xml:lang=\"DE-DE\" data-contrast=\"none\"><span class=\"NormalTextRun SCXW151798656 BCX0\">Wellnessbereich nahe Bad <\/span><span class=\"NormalTextRun SpellingErrorV2Themed SCXW151798656 BCX0\">K\u00f6tzing<\/span><\/span><span class=\"TextRun SCXW151798656 BCX0\" lang=\"DE-DE\" xml:lang=\"DE-DE\" data-contrast=\"none\"> <span class=\"NormalTextRun SCXW151798656 BCX0\">genau richtig!<\/span><\/span><span class=\"EOP SCXW151798656 BCX0\" data-ccp-props=\"{&quot;335551550&quot;:6,&quot;335551620&quot;:6}\">\u00a0<\/span> <\/span><\/p><h2><b><span data-contrast=\"none\">Wellness<\/span><\/b><b><span data-contrast=\"none\">-Oase in <\/span><\/b><b><span data-contrast=\"none\">Bad K\u00f6tzing<\/span><\/b><b><span data-contrast=\"none\"> im Bayerischen Wald<\/span><\/b><span data-ccp-props=\"{&quot;335551550&quot;:6,&quot;335551620&quot;:6,&quot;335559731&quot;:708}\">\u00a0<\/span><\/h2><p><span data-contrast=\"none\">Das Hotel Zedernhof, ein 3-Sterne-Superior Wellnesshotel, bietet Ihnen eine einzigartige Auszeit vom Alltag. Auf 1200 Quadratmetern erwartet Sie eine <a href=\"https:\/\/hotel-zedernhof.de\/en\/wellness\/\">Wellnessbereich<\/a>, der keine W\u00fcnsche offenl\u00e4sst.\u00a0<\/span><span data-ccp-props=\"{&quot;335551550&quot;:6,&quot;335551620&quot;:6,&quot;335559685&quot;:708}\">\u00a0<\/span><\/p><h3><b><span data-contrast=\"none\">Vielf\u00e4ltige <span class=\"TextRun MacChromeBold SCXW41742618 BCX0\" lang=\"DE-DE\" xml:lang=\"DE-DE\" data-contrast=\"none\"><span class=\"NormalTextRun SCXW41742618 BCX0\">Saunas<\/span><\/span><\/span><\/b><\/h3><p><span data-contrast=\"none\">Genie\u00dfen Sie die wohltuende W\u00e4rme in unseren verschiedenen <a href=\"https:\/\/hotel-zedernhof.de\/en\/saunieren-bayerischer-wald\/\">Saunen<\/a>. Von der klassischen finnischen Sauna bis hin zur sanften Biosauna &#8211; hier findet jeder Saunaliebhaber sein perfektes Angebot beim gem\u00fctlichem <\/span><span data-contrast=\"none\">Wellness nahe Bad K\u00f6tzing<\/span><span data-contrast=\"none\">.<\/span><\/p><h3><a href=\"https:\/\/hotel-zedernhof.de\/en\/wellness\/#bade\"><b><span data-contrast=\"none\">Hallenbad<\/span><\/b><\/a><\/h3><p><span data-contrast=\"none\">Unser <a href=\"https:\/\/hotel-zedernhof.de\/en\/wellness\/#bade\">Hotelhallenbad<\/a> mit einer Wassertemperatur von 28\u00b0C l\u00e4dt zum Schwimmen und Entspannen ein. Die Gegenstromanlage bietet sowohl f\u00fcr Sportbegeisterte als auch f\u00fcr Genie\u00dfer optimale Bedingungen. Unser neuer <\/span><a href=\"https:\/\/hotel-zedernhof.de\/en\/whirlpool\/\"><span data-contrast=\"none\">Whirlpool<\/span><\/a><span data-contrast=\"none\">\u00a0verspricht Entspannung f\u00fcr K\u00f6rper und Geist.<\/span><span data-ccp-props=\"{&quot;335551550&quot;:6,&quot;335551620&quot;:6,&quot;335559685&quot;:1416}\">\u00a0<\/span><\/p><h3><b><span data-contrast=\"none\">Regionale K\u00fcche f\u00fcr Genie\u00dfer<\/span><\/b><span data-ccp-props=\"{&quot;335551550&quot;:6,&quot;335551620&quot;:6,&quot;335559685&quot;:1416}\">\u00a0<\/span><\/h3><p><span data-contrast=\"none\">Nat\u00fcrlich wird auch f\u00fcr Ihr leibliches Wohl ist gesorgt. Unsere K\u00fcche verw\u00f6hnt Sie mit frischen, regionalen Produkten von Partnerbetrieben aus der Region. Genie\u00dfen Sie <a href=\"https:\/\/hotel-zedernhof.de\/en\/kulinarik\/\">Culinary<\/a>, die Ihren Aufenthalt mit <\/span><span data-contrast=\"none\">Wellness nahe Bad K\u00f6tzing<\/span><span data-contrast=\"none\"> perfekt abrunden.<\/span><\/p><h2><b><span data-contrast=\"none\">Aktiv und erholt in <\/span><\/b><b><span data-contrast=\"none\">Bad K\u00f6tzing<\/span><\/b><span data-ccp-props=\"{&quot;335551550&quot;:6,&quot;335551620&quot;:6,&quot;335559731&quot;:708}\">\u00a0<\/span><\/h2><p><span data-contrast=\"none\">Bad K\u00f6tzing <\/span><span data-contrast=\"none\">und seine Umgebung bieten zahlreiche M\u00f6glichkeiten, Ihre <\/span><span data-contrast=\"none\">Wellness<\/span><span data-contrast=\"none\">auszeit aktiv zu gestalten.<\/span><span data-ccp-props=\"{&quot;335551550&quot;:6,&quot;335551620&quot;:6,&quot;335559685&quot;:708}\">\u00a0<\/span><\/p><h3><span data-contrast=\"none\">Wandern und Entdecken<\/span><span data-ccp-props=\"{&quot;335551550&quot;:6,&quot;335551620&quot;:6,&quot;335559685&quot;:708,&quot;335559731&quot;:708}\">\u00a0<\/span><\/h3><p><span data-contrast=\"none\">Starten Sie direkt vom <\/span><span data-contrast=\"none\">Wellnesshotel nahe Bad K\u00f6tzing<\/span><span data-contrast=\"none\"> aus zu tollen <\/span><a href=\"https:\/\/hotel-zedernhof.de\/en\/wandern-bayerischer-wald\/\"><span data-contrast=\"none\">Wanderungen durch den Bayerischen Wald<\/span><\/a><span data-contrast=\"none\">. Genie\u00dfen die beeindruckende <a href=\"https:\/\/hotel-zedernhof.de\/en\/waldwipfelweg-bayerischer-wald\/\">Aussicht<\/a> und die wundersch\u00f6ne Natur.<\/span><\/p><h3><span data-contrast=\"none\"> Kultur und Geschichte<\/span><span data-ccp-props=\"{&quot;335551550&quot;:6,&quot;335551620&quot;:6,&quot;335559685&quot;:1416}\">\u00a0<\/span><\/h3><p><span data-contrast=\"none\">F\u00fcr Kulturinteressierte bietet die Region und ein <\/span><span data-contrast=\"none\">Wellnessurlaub<\/span><span data-contrast=\"none\"> um <\/span><span data-contrast=\"none\">Bad K\u00f6tzing <\/span><span data-contrast=\"none\">eine Vielzahl an Sehensw\u00fcrdigkeiten. Erkunden Sie historische St\u00e4dte, Burgen und Kl\u00f6ster, die von der reichen Geschichte der Region zeugen.<\/span><\/p><h3><span data-contrast=\"none\">Ihr pers\u00f6nlicher Wellnessaufenthalt<\/span><span data-ccp-props=\"{&quot;335551550&quot;:6,&quot;335551620&quot;:6,&quot;335559685&quot;:1416}\">\u00a0<\/span><\/h3><p><span data-contrast=\"none\">Im <a href=\"https:\/\/hotel-zedernhof.de\/en\/romantikhotel\/\">Romantikhotel<\/a> Zedernhof erwartet Sie ein ma\u00dfgeschneidertes Wellnesserlebnis. Von <\/span><a href=\"https:\/\/hotel-zedernhof.de\/en\/wellnessanwendungen\/\"><span data-contrast=\"none\">SPA-Behandlungen<\/span><\/a><span data-contrast=\"none\">, entspannenden <\/span><a href=\"https:\/\/hotel-zedernhof.de\/en\/wellnessanwendungen\/\"><span data-contrast=\"none\">Massagen<\/span><\/a><span data-contrast=\"none\">\u00a0bis hin zu revitalisierenden <\/span><a href=\"https:\/\/hotel-zedernhof.de\/en\/wellnessanwendungen\/\"><span data-contrast=\"none\">K\u00f6rperbehandlungen<\/span><\/a><span data-contrast=\"none\">\u00a0&#8211; hier finden Sie Ihre pers\u00f6nliche Auszeit.<\/span><span data-ccp-props=\"{&quot;335551550&quot;:6,&quot;335551620&quot;:6,&quot;335559685&quot;:1416}\">\u00a0<\/span><\/p><h3><span data-contrast=\"none\"><a href=\"https:\/\/hotel-zedernhof.de\/en\/adults-only\/\">Adults Only<\/a><\/span><\/h3><p><span data-contrast=\"none\">Wir garantieren Ihnen eine ruhige und entspannte Atmosph\u00e4re w\u00e4hrend Ihres Aufenthalts mit <\/span><span data-contrast=\"none\">Wellness nahe Bad K\u00f6tzing<\/span><span data-contrast=\"none\">. Genie\u00dfen Sie ungest\u00f6rte Momente der Ruhe in unserem <\/span><a href=\"https:\/\/hotel-zedernhof.de\/en\/wellness\/\"><span data-contrast=\"none\">Wellnessbereich<\/span><\/a><span data-contrast=\"none\">\u00a0oder in Ihrem stilvoll eingerichteten <\/span><a href=\"https:\/\/hotel-zedernhof.de\/en\/wohnen-preise\/\"><span data-contrast=\"none\">Zimmer<\/span><\/a><span data-contrast=\"none\">.<\/span><\/p>\t\t\t\t\t\t<\/div>\n\t\t\t\t<\/div>\n\t\t\t\t<div class=\"elementor-element elementor-element-afef3e4 elementor-widget elementor-widget-spacer\" data-id=\"afef3e4\" data-element_type=\"widget\" data-widget_type=\"spacer.default\">\n\t\t\t\t<div class=\"elementor-widget-container\">\n\t\t\t\t\t<div class=\"elementor-spacer\">\n\t\t\t<div class=\"elementor-spacer-inner\"><\/div>\n\t\t<\/div>\n\t\t\t\t<\/div>\n\t\t\t\t<\/div>\n\t\t\t\t\t<\/div>\n\t\t<\/div>\n\t\t\t\t\t\t\t<\/div>\n\t\t<\/section>\n\t\t\t\t<section class=\"elementor-section elementor-top-section elementor-element elementor-element-260329c elementor-section-boxed elementor-section-height-default elementor-section-height-default\" data-id=\"260329c\" data-element_type=\"section\">\n\t\t\t\t\t\t<div class=\"elementor-container elementor-column-gap-default\">\n\t\t\t\t\t<div class=\"elementor-column elementor-col-33 elementor-top-column elementor-element elementor-element-66bed73\" data-id=\"66bed73\" data-element_type=\"column\">\n\t\t\t<div class=\"elementor-widget-wrap elementor-element-populated\">\n\t\t\t\t\t\t\t\t<div class=\"elementor-element elementor-element-37de6d1 elementor-widget elementor-widget-image\" data-id=\"37de6d1\" data-element_type=\"widget\" data-widget_type=\"image.default\">\n\t\t\t\t<div class=\"elementor-widget-container\">\n\t\t\t\t\t\t\t\t\t\t\t\t\t\t\t<img decoding=\"async\" width=\"700\" height=\"466\" src=\"https:\/\/hotel-zedernhof.de\/wp-content\/uploads\/2020\/09\/Hotel-Pusl170619mf101-700x466.jpg\" class=\"attachment-hoteller-gallery-grid size-hoteller-gallery-grid wp-image-2116\" alt=\"Whirlpool\" \/>\t\t\t\t\t\t\t\t\t\t\t\t\t\t\t<\/div>\n\t\t\t\t<\/div>\n\t\t\t\t\t<\/div>\n\t\t<\/div>\n\t\t\t\t<div class=\"elementor-column elementor-col-33 elementor-top-column elementor-element elementor-element-f54b357\" data-id=\"f54b357\" data-element_type=\"column\">\n\t\t\t<div class=\"elementor-widget-wrap elementor-element-populated\">\n\t\t\t\t\t\t\t\t<div class=\"elementor-element elementor-element-63a637e elementor-widget elementor-widget-image\" data-id=\"63a637e\" data-element_type=\"widget\" data-widget_type=\"image.default\">\n\t\t\t\t<div class=\"elementor-widget-container\">\n\t\t\t\t\t\t\t\t\t\t\t\t\t\t\t<img decoding=\"async\" width=\"700\" height=\"466\" src=\"https:\/\/hotel-zedernhof.de\/wp-content\/uploads\/2020\/11\/nordic-walking-parcour-titelbild-700x466.jpg\" class=\"attachment-hoteller-gallery-grid size-hoteller-gallery-grid wp-image-2737\" alt=\"Nordic-Walking\" srcset=\"https:\/\/hotel-zedernhof.de\/wp-content\/uploads\/2020\/11\/nordic-walking-parcour-titelbild-700x466.jpg 700w, https:\/\/hotel-zedernhof.de\/wp-content\/uploads\/2020\/11\/nordic-walking-parcour-titelbild-16x12.jpg 16w\" sizes=\"(max-width: 700px) 100vw, 700px\" \/>\t\t\t\t\t\t\t\t\t\t\t\t\t\t\t<\/div>\n\t\t\t\t<\/div>\n\t\t\t\t\t<\/div>\n\t\t<\/div>\n\t\t\t\t<div class=\"elementor-column elementor-col-33 elementor-top-column elementor-element elementor-element-8278a87\" data-id=\"8278a87\" data-element_type=\"column\">\n\t\t\t<div class=\"elementor-widget-wrap elementor-element-populated\">\n\t\t\t\t\t\t\t\t<div class=\"elementor-element elementor-element-b27c476 elementor-widget elementor-widget-image\" data-id=\"b27c476\" data-element_type=\"widget\" data-widget_type=\"image.default\">\n\t\t\t\t<div class=\"elementor-widget-container\">\n\t\t\t\t\t\t\t\t\t\t\t\t\t\t\t<img decoding=\"async\" width=\"700\" height=\"466\" src=\"https:\/\/hotel-zedernhof.de\/wp-content\/uploads\/2020\/10\/Zedernhof-Zimmer-Haselnuss3-700x466.jpg\" class=\"attachment-hoteller-gallery-grid size-hoteller-gallery-grid wp-image-2230\" alt=\"Zimmer-Haselnuss\" srcset=\"https:\/\/hotel-zedernhof.de\/wp-content\/uploads\/2020\/10\/Zedernhof-Zimmer-Haselnuss3-700x466.jpg 700w, https:\/\/hotel-zedernhof.de\/wp-content\/uploads\/2020\/10\/Zedernhof-Zimmer-Haselnuss3-300x199.jpg 300w, https:\/\/hotel-zedernhof.de\/wp-content\/uploads\/2020\/10\/Zedernhof-Zimmer-Haselnuss3-2048x1359.jpg 2048w, https:\/\/hotel-zedernhof.de\/wp-content\/uploads\/2020\/10\/Zedernhof-Zimmer-Haselnuss3-440x292.jpg 440w, https:\/\/hotel-zedernhof.de\/wp-content\/uploads\/2020\/10\/Zedernhof-Zimmer-Haselnuss3-600x398.jpg 600w\" sizes=\"(max-width: 700px) 100vw, 700px\" \/>\t\t\t\t\t\t\t\t\t\t\t\t\t\t\t<\/div>\n\t\t\t\t<\/div>\n\t\t\t\t\t<\/div>\n\t\t<\/div>\n\t\t\t\t\t\t\t<\/div>\n\t\t<\/section>\n\t\t\t\t<section class=\"elementor-section elementor-top-section elementor-element elementor-element-b98793c elementor-section-boxed elementor-section-height-default elementor-section-height-default\" data-id=\"b98793c\" data-element_type=\"section\">\n\t\t\t\t\t\t<div class=\"elementor-container elementor-column-gap-default\">\n\t\t\t\t\t<div class=\"elementor-column elementor-col-100 elementor-top-column elementor-element elementor-element-4777c6d\" data-id=\"4777c6d\" data-element_type=\"column\">\n\t\t\t<div class=\"elementor-widget-wrap elementor-element-populated\">\n\t\t\t\t\t\t\t\t<div class=\"elementor-element elementor-element-4076877 elementor-widget elementor-widget-spacer\" data-id=\"4076877\" data-element_type=\"widget\" data-widget_type=\"spacer.default\">\n\t\t\t\t<div class=\"elementor-widget-container\">\n\t\t\t\t\t<div class=\"elementor-spacer\">\n\t\t\t<div class=\"elementor-spacer-inner\"><\/div>\n\t\t<\/div>\n\t\t\t\t<\/div>\n\t\t\t\t<\/div>\n\t\t\t\t<div class=\"elementor-element elementor-element-c282318 elementor-widget elementor-widget-text-editor\" data-id=\"c282318\" data-element_type=\"widget\" data-widget_type=\"text-editor.default\">\n\t\t\t\t<div class=\"elementor-widget-container\">\n\t\t\t\t\t\t\t<h2><b><span data-contrast=\"none\">Ihr Hotel mit zuhause Faktor im Bayerischen Wald<\/span><\/b><span data-ccp-props=\"{&quot;335551550&quot;:6,&quot;335551620&quot;:6,&quot;335559685&quot;:708}\">\u00a0<\/span><\/h2><p><span data-contrast=\"none\">Das <a href=\"https:\/\/hotel-zedernhof.de\/en\/gesundheitshotel\/\">Gesundheitshotel<\/a> Zedernhof ist mehr als nur ein Wellnesshotel &#8211; es ist eine Ruhe Oase mit Wohlf\u00fchl-Faktor im Bayerischen Wald. Unsere modernen <\/span><a href=\"https:\/\/hotel-zedernhof.de\/en\/wohnen-preise\/\"><span data-contrast=\"none\">Holzzimmer<\/span><\/a><span data-contrast=\"none\">\u00a0bieten Ihnen einen gem\u00fctlichen R\u00fcckzugsort. Hier k\u00f6nnen Sie den Tag Revue passieren lassen und neue Kraft f\u00fcr den Alltag tanken.<\/span><span data-ccp-props=\"{&quot;335551550&quot;:6,&quot;335551620&quot;:6,&quot;335559685&quot;:708}\">\u00a0<\/span><\/p><p><span data-contrast=\"none\">Erleben Sie <\/span><span data-contrast=\"none\">Wellness<\/span><span data-contrast=\"none\"> nahe <\/span><span data-contrast=\"none\">Bad K\u00f6tzing auch ganz spontan mit einem <a href=\"https:\/\/hotel-zedernhof.de\/en\/last-minute-urlaub\/\">last Minute Urlaub<\/a> oder auch mit Ihrer <a href=\"https:\/\/hotel-zedernhof.de\/en\/freundinnen-wellness\/\">besten Freundin<\/a><\/span><span data-contrast=\"none\">. Wir freuen uns darauf, Sie zu verw\u00f6hnen und Ihnen unvergessliche Momente der Entspannung zu bereiten. Tauchen Sie ein in eine Welt der Ruhe, des Wohlbefindens und der Naturverbundenheit. Ihr <\/span><span data-contrast=\"none\">Wellnessurlaub<\/span><span data-contrast=\"none\"> im Bayerischen Wald beginnt hier!<\/span><span data-ccp-props=\"{&quot;335551550&quot;:6,&quot;335551620&quot;:6,&quot;335559685&quot;:708}\">\u00a0<\/span><\/p>\t\t\t\t\t\t<\/div>\n\t\t\t\t<\/div>\n\t\t\t\t\t<\/div>\n\t\t<\/div>\n\t\t\t\t\t\t\t<\/div>\n\t\t<\/section>\n\t\t\t\t<section class=\"elementor-section elementor-top-section elementor-element elementor-element-b1622c9 elementor-section-boxed elementor-section-height-default elementor-section-height-default\" data-id=\"b1622c9\" data-element_type=\"section\">\n\t\t\t\t\t\t<div class=\"elementor-container elementor-column-gap-default\">\n\t\t\t\t\t<div class=\"elementor-column elementor-col-100 elementor-top-column elementor-element elementor-element-7f67c12\" data-id=\"7f67c12\" data-element_type=\"column\">\n\t\t\t<div class=\"elementor-widget-wrap elementor-element-populated\">\n\t\t\t\t\t\t\t\t<div class=\"elementor-element elementor-element-15d63e7 elementor-widget elementor-widget-button\" data-id=\"15d63e7\" data-element_type=\"widget\" data-widget_type=\"button.default\">\n\t\t\t\t<div class=\"elementor-widget-container\">\n\t\t\t\t\t<div class=\"elementor-button-wrapper\">\n\t\t\t<a class=\"elementor-button elementor-button-link elementor-size-sm\" href=\"https:\/\/ibev5.hotels-online-buchen.de\/ibe\/Stamsriedzedernhof\/\">\n\t\t\t\t\t\t<span class=\"elementor-button-content-wrapper\">\n\t\t\t\t\t\t<span class=\"elementor-button-text\">Wellnessurlaub nahe Bad K\u00f6tzing buchen<\/span>\n\t\t<\/span>\n\t\t\t\t\t<\/a>\n\t\t<\/div>\n\t\t\t\t<\/div>\n\t\t\t\t<\/div>\n\t\t\t\t\t<\/div>\n\t\t<\/div>\n\t\t\t\t\t\t\t<\/div>\n\t\t<\/section>\n\t\t\t\t\t\t\t<\/div>","protected":false},"excerpt":{"rendered":"<p>Wellnessauszeit nahe Bad K\u00f6tzing Sie brauchen dringend mal wieder eine Auszeit vom Alltag? Sie haben Lust auf ein paar entspannte Wellnesstage? Dann sind Sie bei uns im 3*S Hotel Zedernhof mit Wellnessbereich nahe Bad K\u00f6tzing genau richtig!\u00a0 Wellness-Oase in Bad [&hellip;]<\/p>","protected":false},"author":2,"featured_media":0,"parent":0,"menu_order":0,"comment_status":"closed","ping_status":"closed","template":"elementor_header_footer","meta":{"footnotes":""},"yoast_head":"<!-- This site is optimized with the Yoast SEO plugin v21.5 - https:\/\/yoast.com\/wordpress\/plugins\/seo\/ -->\n<title>Wellnessurlaub im Hotel Zedernhof nahe Bad K\u00f6tzing<\/title>\n<meta name=\"description\" content=\"Entspannung pur mit Wellness nahe Bad K\u00f6tzing - \u2713Saunalandschaft \u2713Wellnessanwendungen \u2713Kulinarische K\u00f6stlichkeiten \u2013 Jetzt Wellnessauszeit sichern!\" \/>\n<meta name=\"robots\" content=\"index, follow, max-snippet:-1, max-image-preview:large, max-video-preview:-1\" \/>\n<link rel=\"canonical\" href=\"https:\/\/hotel-zedernhof.de\/en\/wellness-bad-koetzing\/\" \/>\n<meta property=\"og:locale\" content=\"en_GB\" \/>\n<meta property=\"og:type\" content=\"article\" \/>\n<meta property=\"og:title\" content=\"Wellnessurlaub im Hotel Zedernhof nahe Bad K\u00f6tzing\" \/>\n<meta property=\"og:description\" content=\"Entspannung pur mit Wellness nahe Bad K\u00f6tzing - \u2713Saunalandschaft \u2713Wellnessanwendungen \u2713Kulinarische K\u00f6stlichkeiten \u2013 Jetzt Wellnessauszeit sichern!\" \/>\n<meta property=\"og:url\" content=\"https:\/\/hotel-zedernhof.de\/en\/wellness-bad-koetzing\/\" \/>\n<meta property=\"og:site_name\" content=\"Hotel Zedernhof\" \/>\n<meta property=\"article:modified_time\" content=\"2026-04-27T14:08:53+00:00\" \/>\n<meta property=\"og:image\" content=\"https:\/\/hotel-zedernhof.de\/wp-content\/uploads\/2020\/09\/Hotel-Pusl170619mf101-700x466.jpg\" \/>\n<meta name=\"twitter:card\" content=\"summary_large_image\" \/>\n<meta name=\"twitter:label1\" content=\"Estimated reading time\" \/>\n\t<meta name=\"twitter:data1\" content=\"3 minutes\" \/>\n<script type=\"application\/ld+json\" class=\"yoast-schema-graph\">{\"@context\":\"https:\/\/schema.org\",\"@graph\":[{\"@type\":\"WebPage\",\"@id\":\"https:\/\/hotel-zedernhof.de\/wellness-bad-koetzing\/\",\"url\":\"https:\/\/hotel-zedernhof.de\/wellness-bad-koetzing\/\",\"name\":\"Wellnessurlaub im Hotel Zedernhof nahe Bad K\u00f6tzing\",\"isPartOf\":{\"@id\":\"https:\/\/hotel-zedernhof.de\/#website\"},\"datePublished\":\"2024-09-27T12:01:15+00:00\",\"dateModified\":\"2026-04-27T14:08:53+00:00\",\"description\":\"Entspannung pur mit Wellness nahe Bad K\u00f6tzing - \u2713Saunalandschaft \u2713Wellnessanwendungen \u2713Kulinarische K\u00f6stlichkeiten \u2013 Jetzt Wellnessauszeit sichern!\",\"breadcrumb\":{\"@id\":\"https:\/\/hotel-zedernhof.de\/wellness-bad-koetzing\/#breadcrumb\"},\"inLanguage\":\"en-GB\",\"potentialAction\":[{\"@type\":\"ReadAction\",\"target\":[\"https:\/\/hotel-zedernhof.de\/wellness-bad-koetzing\/\"]}]},{\"@type\":\"BreadcrumbList\",\"@id\":\"https:\/\/hotel-zedernhof.de\/wellness-bad-koetzing\/#breadcrumb\",\"itemListElement\":[{\"@type\":\"ListItem\",\"position\":1,\"name\":\"Startseite\",\"item\":\"https:\/\/hotel-zedernhof.de\/\"},{\"@type\":\"ListItem\",\"position\":2,\"name\":\"Wellness Bad K\u00f6tzing\"}]},{\"@type\":\"WebSite\",\"@id\":\"https:\/\/hotel-zedernhof.de\/#website\",\"url\":\"https:\/\/hotel-zedernhof.de\/\",\"name\":\"Hotel Zedernhof\",\"description\":\"Hotel Zedernhof\",\"potentialAction\":[{\"@type\":\"SearchAction\",\"target\":{\"@type\":\"EntryPoint\",\"urlTemplate\":\"https:\/\/hotel-zedernhof.de\/?s={search_term_string}\"},\"query-input\":\"required name=search_term_string\"}],\"inLanguage\":\"en-GB\"}]}<\/script>\n<!-- \/ Yoast SEO plugin. -->","yoast_head_json":{"title":"Wellnessurlaub im Hotel Zedernhof nahe Bad K\u00f6tzing","description":"Entspannung pur mit Wellness nahe Bad K\u00f6tzing - \u2713Saunalandschaft \u2713Wellnessanwendungen \u2713Kulinarische K\u00f6stlichkeiten \u2013 Jetzt Wellnessauszeit sichern!","robots":{"index":"index","follow":"follow","max-snippet":"max-snippet:-1","max-image-preview":"max-image-preview:large","max-video-preview":"max-video-preview:-1"},"canonical":"https:\/\/hotel-zedernhof.de\/en\/wellness-bad-koetzing\/","og_locale":"en_GB","og_type":"article","og_title":"Wellnessurlaub im Hotel Zedernhof nahe Bad K\u00f6tzing","og_description":"Entspannung pur mit Wellness nahe Bad K\u00f6tzing - \u2713Saunalandschaft \u2713Wellnessanwendungen \u2713Kulinarische K\u00f6stlichkeiten \u2013 Jetzt Wellnessauszeit sichern!","og_url":"https:\/\/hotel-zedernhof.de\/en\/wellness-bad-koetzing\/","og_site_name":"Hotel Zedernhof","article_modified_time":"2026-04-27T14:08:53+00:00","og_image":[{"url":"https:\/\/hotel-zedernhof.de\/wp-content\/uploads\/2020\/09\/Hotel-Pusl170619mf101-700x466.jpg"}],"twitter_card":"summary_large_image","twitter_misc":{"Estimated reading time":"3 minutes"},"schema":{"@context":"https:\/\/schema.org","@graph":[{"@type":"WebPage","@id":"https:\/\/hotel-zedernhof.de\/wellness-bad-koetzing\/","url":"https:\/\/hotel-zedernhof.de\/wellness-bad-koetzing\/","name":"Wellnessurlaub im Hotel Zedernhof nahe Bad K\u00f6tzing","isPartOf":{"@id":"https:\/\/hotel-zedernhof.de\/#website"},"datePublished":"2024-09-27T12:01:15+00:00","dateModified":"2026-04-27T14:08:53+00:00","description":"Entspannung pur mit Wellness nahe Bad K\u00f6tzing - \u2713Saunalandschaft \u2713Wellnessanwendungen \u2713Kulinarische K\u00f6stlichkeiten \u2013 Jetzt Wellnessauszeit sichern!","breadcrumb":{"@id":"https:\/\/hotel-zedernhof.de\/wellness-bad-koetzing\/#breadcrumb"},"inLanguage":"en-GB","potentialAction":[{"@type":"ReadAction","target":["https:\/\/hotel-zedernhof.de\/wellness-bad-koetzing\/"]}]},{"@type":"BreadcrumbList","@id":"https:\/\/hotel-zedernhof.de\/wellness-bad-koetzing\/#breadcrumb","itemListElement":[{"@type":"ListItem","position":1,"name":"Startseite","item":"https:\/\/hotel-zedernhof.de\/"},{"@type":"ListItem","position":2,"name":"Wellness Bad K\u00f6tzing"}]},{"@type":"WebSite","@id":"https:\/\/hotel-zedernhof.de\/#website","url":"https:\/\/hotel-zedernhof.de\/","name":"Hotel Zedernhof","description":"Hotel Zedernhof","potentialAction":[{"@type":"SearchAction","target":{"@type":"EntryPoint","urlTemplate":"https:\/\/hotel-zedernhof.de\/?s={search_term_string}"},"query-input":"required name=search_term_string"}],"inLanguage":"en-GB"}]}},"_links":{"self":[{"href":"https:\/\/hotel-zedernhof.de\/en\/wp-json\/wp\/v2\/pages\/4716"}],"collection":[{"href":"https:\/\/hotel-zedernhof.de\/en\/wp-json\/wp\/v2\/pages"}],"about":[{"href":"https:\/\/hotel-zedernhof.de\/en\/wp-json\/wp\/v2\/types\/page"}],"author":[{"embeddable":true,"href":"https:\/\/hotel-zedernhof.de\/en\/wp-json\/wp\/v2\/users\/2"}],"replies":[{"embeddable":true,"href":"https:\/\/hotel-zedernhof.de\/en\/wp-json\/wp\/v2\/comments?post=4716"}],"version-history":[{"count":7,"href":"https:\/\/hotel-zedernhof.de\/en\/wp-json\/wp\/v2\/pages\/4716\/revisions"}],"predecessor-version":[{"id":4775,"href":"https:\/\/hotel-zedernhof.de\/en\/wp-json\/wp\/v2\/pages\/4716\/revisions\/4775"}],"wp:attachment":[{"href":"https:\/\/hotel-zedernhof.de\/en\/wp-json\/wp\/v2\/media?parent=4716"}],"curies":[{"name":"wp","href":"https:\/\/api.w.org\/{rel}","templated":true}]}}