{"id":4722,"date":"2024-09-27T12:10:22","date_gmt":"2024-09-27T12:10:22","guid":{"rendered":"https:\/\/hotel-zedernhof.de\/?page_id=4722"},"modified":"2026-04-27T14:11:31","modified_gmt":"2026-04-27T14:11:31","slug":"wellnessurlaub-bayerischer-wald","status":"publish","type":"page","link":"https:\/\/hotel-zedernhof.de\/en\/wellnessurlaub-bayerischer-wald\/","title":{"rendered":"Wellnessurlaub Bayerischer Wald"},"content":{"rendered":"<div data-elementor-type=\"wp-post\" data-elementor-id=\"4722\" class=\"elementor elementor-4722\" data-elementor-post-type=\"page\">\n\t\t\t\t\t\t\t\t\t<section class=\"elementor-section elementor-top-section elementor-element elementor-element-634dbc5f elementor-section-full_width elementor-section-height-full elementor-section-height-default elementor-section-items-middle\" data-id=\"634dbc5f\" data-element_type=\"section\" data-settings=\"{&quot;background_background&quot;:&quot;classic&quot;}\">\n\t\t\t\t\t\t\t<div class=\"elementor-background-overlay\"><\/div>\n\t\t\t\t\t\t\t<div class=\"elementor-container elementor-column-gap-default\">\n\t\t\t\t\t<div class=\"elementor-column elementor-col-100 elementor-top-column elementor-element elementor-element-31c10fba\" data-id=\"31c10fba\" data-element_type=\"column\">\n\t\t\t<div class=\"elementor-widget-wrap elementor-element-populated\">\n\t\t\t\t\t\t\t\t<div class=\"elementor-element elementor-element-8ec1300 elementor-widget elementor-widget-heading\" data-id=\"8ec1300\" data-element_type=\"widget\" data-widget_type=\"heading.default\">\n\t\t\t\t<div class=\"elementor-widget-container\">\n\t\t\t<h1 class=\"elementor-heading-title elementor-size-xxl\">Ihr Wellnessurlaub im Bayerischen Wald<\/h1>\t\t<\/div>\n\t\t\t\t<\/div>\n\t\t\t\t\t<\/div>\n\t\t<\/div>\n\t\t\t\t\t\t\t<\/div>\n\t\t<\/section>\n\t\t\t\t<section class=\"elementor-section elementor-top-section elementor-element elementor-element-48aa0ee elementor-section-boxed elementor-section-height-default elementor-section-height-default\" data-id=\"48aa0ee\" data-element_type=\"section\">\n\t\t\t\t\t\t<div class=\"elementor-container elementor-column-gap-default\">\n\t\t\t\t\t<div class=\"elementor-column elementor-col-100 elementor-top-column elementor-element elementor-element-7dff3eb\" data-id=\"7dff3eb\" data-element_type=\"column\">\n\t\t\t<div class=\"elementor-widget-wrap elementor-element-populated\">\n\t\t\t\t\t\t\t\t<div class=\"elementor-element elementor-element-711fdcb elementor-widget elementor-widget-spacer\" data-id=\"711fdcb\" data-element_type=\"widget\" data-widget_type=\"spacer.default\">\n\t\t\t\t<div class=\"elementor-widget-container\">\n\t\t\t\t\t<div class=\"elementor-spacer\">\n\t\t\t<div class=\"elementor-spacer-inner\"><\/div>\n\t\t<\/div>\n\t\t\t\t<\/div>\n\t\t\t\t<\/div>\n\t\t\t\t<div class=\"elementor-element elementor-element-622332f elementor-widget elementor-widget-text-editor\" data-id=\"622332f\" data-element_type=\"widget\" data-widget_type=\"text-editor.default\">\n\t\t\t\t<div class=\"elementor-widget-container\">\n\t\t\t\t\t\t\t<p><span class=\"TextRun SCXW173890253 BCX0\" lang=\"DE-DE\" xml:lang=\"DE-DE\" data-contrast=\"none\"><span class=\"NormalTextRun SCXW173890253 BCX0\">Sie sind auf der Suche nach einer Wellnessauszeit im Bayerischen Wald? Dann sind Sie bei uns im 3*S Wellnesshotel Zedernhof genau richtig! Genie\u00dfen S<\/span><span class=\"NormalTextRun SCXW173890253 BCX0\">ie erholsame Tage in unserem <\/span><\/span><a href=\"https:\/\/hotel-zedernhof.de\/en\/adults-only\/\"><span class=\"TextRun Underlined SCXW173890253 BCX0\" lang=\"DE-DE\" xml:lang=\"DE-DE\" data-contrast=\"none\"><span class=\"NormalTextRun SCXW173890253 BCX0\">Adults<\/span> <span class=\"NormalTextRun SCXW173890253 BCX0\">Only<\/span><span class=\"NormalTextRun SCXW173890253 BCX0\"> Hotel<\/span><\/span><\/a><span class=\"TextRun SCXW173890253 BCX0\" lang=\"DE-DE\" xml:lang=\"DE-DE\" data-contrast=\"none\"><span class=\"NormalTextRun SCXW173890253 BCX0\">\u00a0<\/span><span class=\"NormalTextRun SCXW173890253 BCX0\">und <\/span><span class=\"NormalTextRun SCXW173890253 BCX0\">lassen Sie <\/span><span class=\"NormalTextRun SCXW173890253 BCX0\">d<\/span><span class=\"NormalTextRun SCXW173890253 BCX0\">ie Seele baumeln.<\/span><\/span><\/p><h2><b><span data-contrast=\"none\">Das perfektes Ziel f\u00fcr Ihren <\/span><\/b><b><span data-contrast=\"none\">Wellness Kurzurlaub im Bayerischen Wald<\/span><\/b><span data-ccp-props=\"{&quot;335551550&quot;:6,&quot;335551620&quot;:6,&quot;335559685&quot;:708}\">\u00a0<\/span><\/h2><p><span data-contrast=\"none\">Im Hotel Zedernhof erwartet Sie ein umfangreiches <\/span><a href=\"https:\/\/hotel-zedernhof.de\/en\/wellness\/\"><span data-contrast=\"none\">Wellnessangebot<\/span><\/a><span data-contrast=\"none\">, um Ihnen eine unvergessliche Zeit w\u00e4hrend Ihres <\/span><span data-contrast=\"none\">Wellnessurlaubs im Bayerischen Wald <\/span><span data-contrast=\"none\">zu bieten.<\/span><\/p><p><span data-contrast=\"none\">Zu den Highlights geh\u00f6ren:<\/span><span data-ccp-props=\"{&quot;335551550&quot;:6,&quot;335551620&quot;:6,&quot;335559685&quot;:708}\">\u00a0<\/span><\/p><ul><li data-leveltext=\"-\" data-font=\"Calibri\" data-listid=\"11\" data-list-defn-props=\"{&quot;335551671&quot;:0,&quot;335552541&quot;:1,&quot;335559685&quot;:1068,&quot;335559991&quot;:360,&quot;469769226&quot;:&quot;Calibri&quot;,&quot;469769242&quot;:[8226],&quot;469777803&quot;:&quot;left&quot;,&quot;469777804&quot;:&quot;-&quot;,&quot;469777815&quot;:&quot;hybridMultilevel&quot;}\" aria-setsize=\"-1\" data-aria-posinset=\"0\" data-aria-level=\"1\"><a href=\"https:\/\/hotel-zedernhof.de\/en\/saunieren-bayerischer-wald\/\"><span data-contrast=\"none\">Saunas<\/span><\/a><span data-contrast=\"none\">: Entspannen Sie in verschiedenen Saunen, darunter eine finnische Sauna und ein Dampfbad, die f\u00fcr Ihr Wohlbefinden sorgen.<\/span><span data-ccp-props=\"{&quot;335551550&quot;:6,&quot;335551620&quot;:6}\">\u00a0<\/span><\/li><\/ul><ul><li data-leveltext=\"-\" data-font=\"Calibri\" data-listid=\"11\" data-list-defn-props=\"{&quot;335551671&quot;:0,&quot;335552541&quot;:1,&quot;335559685&quot;:1068,&quot;335559991&quot;:360,&quot;469769226&quot;:&quot;Calibri&quot;,&quot;469769242&quot;:[8226],&quot;469777803&quot;:&quot;left&quot;,&quot;469777804&quot;:&quot;-&quot;,&quot;469777815&quot;:&quot;hybridMultilevel&quot;}\" aria-setsize=\"-1\" data-aria-posinset=\"1\" data-aria-level=\"1\"><a href=\"https:\/\/hotel-zedernhof.de\/en\/wellness\/#bade\"><span data-contrast=\"none\">Schwimmbad<\/span><\/a><span data-contrast=\"none\">: Genie\u00dfen Sie den beheizten Innenpool mit Gegenstromanlage, ideal zum Entspannen nach einem aktiven Tag.<\/span><span data-ccp-props=\"{&quot;335551550&quot;:6,&quot;335551620&quot;:6}\">\u00a0<\/span><\/li><\/ul><ul><li data-leveltext=\"-\" data-font=\"Calibri\" data-listid=\"11\" data-list-defn-props=\"{&quot;335551671&quot;:0,&quot;335552541&quot;:1,&quot;335559685&quot;:1068,&quot;335559991&quot;:360,&quot;469769226&quot;:&quot;Calibri&quot;,&quot;469769242&quot;:[8226],&quot;469777803&quot;:&quot;left&quot;,&quot;469777804&quot;:&quot;-&quot;,&quot;469777815&quot;:&quot;hybridMultilevel&quot;}\" aria-setsize=\"-1\" data-aria-posinset=\"2\" data-aria-level=\"1\"><a href=\"https:\/\/hotel-zedernhof.de\/en\/whirlpool\/\"><span data-contrast=\"none\">Whirlpool<\/span><\/a><span data-contrast=\"none\">: Entspannung pur mit perfekter Aussicht \u00fcber Wiesen und W\u00e4lder sowie den Sattelberg in unserem Whirlpool.<\/span><span data-ccp-props=\"{&quot;335551550&quot;:6,&quot;335551620&quot;:6}\">\u00a0<\/span><\/li><\/ul><ul><li data-leveltext=\"-\" data-font=\"Calibri\" data-listid=\"11\" data-list-defn-props=\"{&quot;335551671&quot;:0,&quot;335552541&quot;:1,&quot;335559685&quot;:1068,&quot;335559991&quot;:360,&quot;469769226&quot;:&quot;Calibri&quot;,&quot;469769242&quot;:[8226],&quot;469777803&quot;:&quot;left&quot;,&quot;469777804&quot;:&quot;-&quot;,&quot;469777815&quot;:&quot;hybridMultilevel&quot;}\" aria-setsize=\"-1\" data-aria-posinset=\"3\" data-aria-level=\"1\"><span data-contrast=\"none\">Massagen und Behandlungen<\/span><span data-contrast=\"none\">: Lassen Sie sich von unseren erfahrenen Therapeuten mit klassischen Massagen, Aromatherapie oder Hot-Stone-Massagen verw\u00f6hnen.<\/span><span data-ccp-props=\"{&quot;335551550&quot;:6,&quot;335551620&quot;:6}\">\u00a0<\/span><\/li><\/ul><p><span class=\"TextRun SCXW39203860 BCX0\" lang=\"DE-DE\" xml:lang=\"DE-DE\" data-contrast=\"none\"><span class=\"NormalTextRun SCXW39203860 BCX0\">Zus\u00e4tzlich bieten wir spezielle <\/span><\/span><a href=\"https:\/\/hotel-zedernhof.de\/en\/wellnessangebote-im-bayerischen-wald-jetzt-im-3s-hotel-zedernhof-im-bayerischen-wald\/\"><span class=\"TextRun Underlined SCXW39203860 BCX0\" lang=\"DE-DE\" xml:lang=\"DE-DE\" data-contrast=\"none\"><span class=\"NormalTextRun SCXW39203860 BCX0\">Angebote<\/span><\/span><\/a><span class=\"TextRun SCXW39203860 BCX0\" lang=\"DE-DE\" xml:lang=\"DE-DE\" data-contrast=\"none\"><span class=\"NormalTextRun SCXW39203860 BCX0\">\u00a0<\/span><span class=\"NormalTextRun SCXW39203860 BCX0\">an<\/span><span class=\"NormalTextRun SCXW39203860 BCX0\">, die sich perfekt f\u00fcr einen <\/span><\/span><span class=\"TextRun SCXW39203860 BCX0\" lang=\"DE-DE\" xml:lang=\"DE-DE\" data-contrast=\"none\"><span class=\"NormalTextRun SCXW39203860 BCX0\">Wellness<\/span><\/span> <span class=\"TextRun SCXW39203860 BCX0\" lang=\"DE-DE\" xml:lang=\"DE-DE\" data-contrast=\"none\"><span class=\"NormalTextRun SCXW39203860 BCX0\">Kurzurlaub im Bayerischen Wald <\/span><\/span><span class=\"TextRun SCXW39203860 BCX0\" lang=\"DE-DE\" xml:lang=\"DE-DE\" data-contrast=\"none\"><span class=\"NormalTextRun SCXW39203860 BCX0\">eignen. <\/span><span class=\"NormalTextRun SCXW39203860 BCX0\">Erleben Sie das Hotel mit unserem <\/span><\/span><a href=\"https:\/\/hotel-zedernhof.de\/en\/accommodation\/kennlernpackerl\/\"><span class=\"TextRun Underlined SCXW39203860 BCX0\" lang=\"DE-DE\" xml:lang=\"DE-DE\" data-contrast=\"none\"><span class=\"NormalTextRun SCXW39203860 BCX0\">Get to know Zedernhof<\/span><\/span><\/a><span class=\"TextRun SCXW39203860 BCX0\" lang=\"DE-DE\" xml:lang=\"DE-DE\" data-contrast=\"none\"><span class=\"NormalTextRun SCXW39203860 BCX0\">\u00a0oder buchen Sie Ihre <\/span><\/span><a href=\"https:\/\/hotel-zedernhof.de\/en\/accommodation\/perfekte-auszeit\/\"><span class=\"TextRun Underlined SCXW39203860 BCX0\" lang=\"DE-DE\" xml:lang=\"DE-DE\" data-contrast=\"none\"><span class=\"NormalTextRun SCXW39203860 BCX0\">perfekte A<\/span><span class=\"NormalTextRun SCXW39203860 BCX0\">u<\/span><span class=\"NormalTextRun SCXW39203860 BCX0\">szeit<\/span><\/span><\/a><span class=\"TextRun SCXW39203860 BCX0\" lang=\"DE-DE\" xml:lang=\"DE-DE\" data-contrast=\"none\"><span class=\"NormalTextRun SCXW39203860 BCX0\">.<\/span><span class=\"NormalTextRun SCXW39203860 BCX0\">\u00a0<\/span><span class=\"NormalTextRun SCXW39203860 BCX0\">Diese Pakete kombinieren verschiedene Behandlungen mit \u00dcbernachtungen und <\/span><\/span><a href=\"https:\/\/hotel-zedernhof.de\/en\/kulinarik\/\"><span class=\"TextRun Underlined SCXW39203860 BCX0\" lang=\"DE-DE\" xml:lang=\"DE-DE\" data-contrast=\"none\"><span class=\"NormalTextRun SCXW39203860 BCX0\">kulinarischen Highlights<\/span><\/span><\/a><span class=\"TextRun SCXW39203860 BCX0\" lang=\"DE-DE\" xml:lang=\"DE-DE\" data-contrast=\"none\"><span class=\"NormalTextRun SCXW39203860 BCX0\">, damit es Ihnen w\u00e4hrend Ihres <\/span><\/span><span class=\"TextRun SCXW39203860 BCX0\" lang=\"DE-DE\" xml:lang=\"DE-DE\" data-contrast=\"none\"><span class=\"NormalTextRun SCXW39203860 BCX0\">Wellness<\/span><\/span> <span class=\"TextRun SCXW39203860 BCX0\" lang=\"DE-DE\" xml:lang=\"DE-DE\" data-contrast=\"none\"><span class=\"NormalTextRun SCXW39203860 BCX0\">Kurzurlaubs im Bayerischen Wald <\/span><\/span><span class=\"TextRun SCXW39203860 BCX0\" lang=\"DE-DE\" xml:lang=\"DE-DE\" data-contrast=\"none\"><span class=\"NormalTextRun SCXW39203860 BCX0\">an nichts fehlt.<\/span><\/span><span class=\"EOP SCXW39203860 BCX0\" data-ccp-props=\"{&quot;335551550&quot;:6,&quot;335551620&quot;:6,&quot;335559685&quot;:708}\">\u00a0<\/span><\/p><h3><b><span data-contrast=\"none\">Natur &amp; Wellness ein einem Paket\u00a0<\/span><\/b><span data-ccp-props=\"{&quot;335551550&quot;:6,&quot;335551620&quot;:6,&quot;335559685&quot;:708,&quot;335559731&quot;:708}\">\u00a0<\/span><\/h3><p><span data-contrast=\"none\">Der Bayerische Wald ist bekannt f\u00fcr seine unber\u00fchrte Natur, dichte W\u00e4lder und sanften H\u00fcgel. Bei einem <\/span><span data-contrast=\"none\">Wellnessurlaub im Bayerischen Wald<\/span><span data-contrast=\"none\"> k\u00f6nnen Sie die frische Luft genie\u00dfen und die Ruhe der Natur erleben. Ob beim <\/span><a href=\"https:\/\/hotel-zedernhof.de\/en\/wandern-bayerischer-wald\/\"><span data-contrast=\"none\">Wandern<\/span><\/a> <span data-contrast=\"none\">auf den zahlreichen Wanderwegen oder beim <\/span><a href=\"https:\/\/hotel-zedernhof.de\/en\/fahrradurlaub\/\"><span data-contrast=\"none\">Radfahren<\/span><\/a><span data-contrast=\"none\">\u00a0durch die sch\u00f6ne Landschaft \u2013 hier finden Sie zahlreiche M\u00f6glichkeiten, <\/span><a href=\"https:\/\/hotel-zedernhof.de\/en\/aktivurlaub-bayern\/\"><span data-contrast=\"none\">aktiv<\/span><\/a><span data-contrast=\"none\">\u00a0zu sein und gleichzeitig zu entspannen. Die Region bietet auch viele Sehensw\u00fcrdigkeiten, darunter historische St\u00e4dte, kulturelle Highlights und beeindruckende <a href=\"https:\/\/hotel-zedernhof.de\/en\/waldwipfelweg-bayerischer-wald\/\">Aussichtspunkte<\/a>, die Ihren <\/span><span data-contrast=\"none\">Wellnessurlaub im Bayerischen Wald<\/span><span data-contrast=\"none\"> bereichern.<\/span><\/p>\t\t\t\t\t\t<\/div>\n\t\t\t\t<\/div>\n\t\t\t\t<div class=\"elementor-element elementor-element-92c3042 elementor-widget elementor-widget-button\" data-id=\"92c3042\" data-element_type=\"widget\" data-widget_type=\"button.default\">\n\t\t\t\t<div class=\"elementor-widget-container\">\n\t\t\t\t\t<div class=\"elementor-button-wrapper\">\n\t\t\t<a class=\"elementor-button elementor-button-link elementor-size-sm\" href=\"https:\/\/ibev5.hotels-online-buchen.de\/ibe\/Stamsriedzedernhof\/\">\n\t\t\t\t\t\t<span class=\"elementor-button-content-wrapper\">\n\t\t\t\t\t\t<span class=\"elementor-button-text\">Wellnessurlaub im Bayerischen Wald buchen<\/span>\n\t\t<\/span>\n\t\t\t\t\t<\/a>\n\t\t<\/div>\n\t\t\t\t<\/div>\n\t\t\t\t<\/div>\n\t\t\t\t<div class=\"elementor-element elementor-element-86aefe0 elementor-widget elementor-widget-spacer\" data-id=\"86aefe0\" data-element_type=\"widget\" data-widget_type=\"spacer.default\">\n\t\t\t\t<div class=\"elementor-widget-container\">\n\t\t\t\t\t<div class=\"elementor-spacer\">\n\t\t\t<div class=\"elementor-spacer-inner\"><\/div>\n\t\t<\/div>\n\t\t\t\t<\/div>\n\t\t\t\t<\/div>\n\t\t\t\t\t<\/div>\n\t\t<\/div>\n\t\t\t\t\t\t\t<\/div>\n\t\t<\/section>\n\t\t\t\t<section class=\"elementor-section elementor-top-section elementor-element elementor-element-90e5f1e elementor-section-boxed elementor-section-height-default elementor-section-height-default\" data-id=\"90e5f1e\" data-element_type=\"section\">\n\t\t\t\t\t\t<div class=\"elementor-container elementor-column-gap-default\">\n\t\t\t\t\t<div class=\"elementor-column elementor-col-50 elementor-top-column elementor-element elementor-element-eebe01f\" data-id=\"eebe01f\" data-element_type=\"column\">\n\t\t\t<div class=\"elementor-widget-wrap elementor-element-populated\">\n\t\t\t\t\t\t\t\t<div class=\"elementor-element elementor-element-8c3a235 elementor-widget elementor-widget-image\" data-id=\"8c3a235\" data-element_type=\"widget\" data-widget_type=\"image.default\">\n\t\t\t\t<div class=\"elementor-widget-container\">\n\t\t\t\t\t\t\t\t\t\t\t\t\t\t\t<img decoding=\"async\" width=\"960\" height=\"604\" src=\"https:\/\/hotel-zedernhof.de\/wp-content\/uploads\/2020\/10\/Hotel-Pusl170619mf097-960x604.jpg\" class=\"attachment-hoteller-blog size-hoteller-blog wp-image-2257\" alt=\"Personen im Whirlpool\" \/>\t\t\t\t\t\t\t\t\t\t\t\t\t\t\t<\/div>\n\t\t\t\t<\/div>\n\t\t\t\t\t<\/div>\n\t\t<\/div>\n\t\t\t\t<div class=\"elementor-column elementor-col-50 elementor-top-column elementor-element elementor-element-3d37519\" data-id=\"3d37519\" data-element_type=\"column\">\n\t\t\t<div class=\"elementor-widget-wrap elementor-element-populated\">\n\t\t\t\t\t\t\t\t<div class=\"elementor-element elementor-element-dc75a81 elementor-widget elementor-widget-image\" data-id=\"dc75a81\" data-element_type=\"widget\" data-widget_type=\"image.default\">\n\t\t\t\t<div class=\"elementor-widget-container\">\n\t\t\t\t\t\t\t\t\t\t\t\t\t\t\t<img decoding=\"async\" width=\"960\" height=\"604\" src=\"https:\/\/hotel-zedernhof.de\/wp-content\/uploads\/2020\/11\/nordic-walking-parcour-titelbild-960x604.jpg\" class=\"attachment-hoteller-blog size-hoteller-blog wp-image-2737\" alt=\"Nordic-Walking\" \/>\t\t\t\t\t\t\t\t\t\t\t\t\t\t\t<\/div>\n\t\t\t\t<\/div>\n\t\t\t\t\t<\/div>\n\t\t<\/div>\n\t\t\t\t\t\t\t<\/div>\n\t\t<\/section>\n\t\t\t\t<section class=\"elementor-section elementor-top-section elementor-element elementor-element-4ecef0c elementor-section-boxed elementor-section-height-default elementor-section-height-default\" data-id=\"4ecef0c\" data-element_type=\"section\">\n\t\t\t\t\t\t<div class=\"elementor-container elementor-column-gap-default\">\n\t\t\t\t\t<div class=\"elementor-column elementor-col-100 elementor-top-column elementor-element elementor-element-8c2d1b2\" data-id=\"8c2d1b2\" data-element_type=\"column\">\n\t\t\t<div class=\"elementor-widget-wrap\">\n\t\t\t\t\t\t\t\t\t<\/div>\n\t\t<\/div>\n\t\t\t\t\t\t\t<\/div>\n\t\t<\/section>\n\t\t\t\t\t\t\t<\/div>","protected":false},"excerpt":{"rendered":"<p>Ihr Wellnessurlaub im Bayerischen Wald Sie sind auf der Suche nach einer Wellnessauszeit im Bayerischen Wald? Dann sind Sie bei uns im 3*S Wellnesshotel Zedernhof genau richtig! Genie\u00dfen Sie erholsame Tage in unserem Adults Only Hotel\u00a0und lassen Sie die Seele [&hellip;]<\/p>","protected":false},"author":2,"featured_media":0,"parent":0,"menu_order":0,"comment_status":"closed","ping_status":"closed","template":"elementor_header_footer","meta":{"footnotes":""},"yoast_head":"<!-- This site is optimized with the Yoast SEO plugin v21.5 - https:\/\/yoast.com\/wordpress\/plugins\/seo\/ -->\n<title>Wellnessurlaub im 3*S Hotel Zedernhof im Bayerischen Wald<\/title>\n<meta name=\"description\" content=\"Entspannung pur beim Wellnessurlaub im Bayerischen Wald \u2013 Saunalandschaft \u2713Whirlpool \u2713Schwimmbad \u2713Massage- &amp; Beautybehandlungen \u2013 Angebote entdecken!\" \/>\n<meta name=\"robots\" content=\"index, follow, max-snippet:-1, max-image-preview:large, max-video-preview:-1\" \/>\n<link rel=\"canonical\" href=\"https:\/\/hotel-zedernhof.de\/en\/wellnessurlaub-bayerischer-wald\/\" \/>\n<meta property=\"og:locale\" content=\"en_GB\" \/>\n<meta property=\"og:type\" content=\"article\" \/>\n<meta property=\"og:title\" content=\"Wellnessurlaub im 3*S Hotel Zedernhof im Bayerischen Wald\" \/>\n<meta property=\"og:description\" content=\"Entspannung pur beim Wellnessurlaub im Bayerischen Wald \u2013 Saunalandschaft \u2713Whirlpool \u2713Schwimmbad \u2713Massage- &amp; Beautybehandlungen \u2013 Angebote entdecken!\" \/>\n<meta property=\"og:url\" content=\"https:\/\/hotel-zedernhof.de\/en\/wellnessurlaub-bayerischer-wald\/\" \/>\n<meta property=\"og:site_name\" content=\"Hotel Zedernhof\" \/>\n<meta property=\"article:modified_time\" content=\"2026-04-27T14:11:31+00:00\" \/>\n<meta property=\"og:image\" content=\"https:\/\/hotel-zedernhof.de\/wp-content\/uploads\/2020\/10\/Hotel-Pusl170619mf097-960x604.jpg\" \/>\n<meta name=\"twitter:card\" content=\"summary_large_image\" \/>\n<meta name=\"twitter:label1\" content=\"Estimated reading time\" \/>\n\t<meta name=\"twitter:data1\" content=\"2 minutes\" \/>\n<script type=\"application\/ld+json\" class=\"yoast-schema-graph\">{\"@context\":\"https:\/\/schema.org\",\"@graph\":[{\"@type\":\"WebPage\",\"@id\":\"https:\/\/hotel-zedernhof.de\/wellnessurlaub-bayerischer-wald\/\",\"url\":\"https:\/\/hotel-zedernhof.de\/wellnessurlaub-bayerischer-wald\/\",\"name\":\"Wellnessurlaub im 3*S Hotel Zedernhof im Bayerischen Wald\",\"isPartOf\":{\"@id\":\"https:\/\/hotel-zedernhof.de\/#website\"},\"datePublished\":\"2024-09-27T12:10:22+00:00\",\"dateModified\":\"2026-04-27T14:11:31+00:00\",\"description\":\"Entspannung pur beim Wellnessurlaub im Bayerischen Wald \u2013 Saunalandschaft \u2713Whirlpool \u2713Schwimmbad \u2713Massage- & Beautybehandlungen \u2013 Angebote entdecken!\",\"breadcrumb\":{\"@id\":\"https:\/\/hotel-zedernhof.de\/wellnessurlaub-bayerischer-wald\/#breadcrumb\"},\"inLanguage\":\"en-GB\",\"potentialAction\":[{\"@type\":\"ReadAction\",\"target\":[\"https:\/\/hotel-zedernhof.de\/wellnessurlaub-bayerischer-wald\/\"]}]},{\"@type\":\"BreadcrumbList\",\"@id\":\"https:\/\/hotel-zedernhof.de\/wellnessurlaub-bayerischer-wald\/#breadcrumb\",\"itemListElement\":[{\"@type\":\"ListItem\",\"position\":1,\"name\":\"Startseite\",\"item\":\"https:\/\/hotel-zedernhof.de\/\"},{\"@type\":\"ListItem\",\"position\":2,\"name\":\"Wellnessurlaub Bayerischer Wald\"}]},{\"@type\":\"WebSite\",\"@id\":\"https:\/\/hotel-zedernhof.de\/#website\",\"url\":\"https:\/\/hotel-zedernhof.de\/\",\"name\":\"Hotel Zedernhof\",\"description\":\"Hotel Zedernhof\",\"potentialAction\":[{\"@type\":\"SearchAction\",\"target\":{\"@type\":\"EntryPoint\",\"urlTemplate\":\"https:\/\/hotel-zedernhof.de\/?s={search_term_string}\"},\"query-input\":\"required name=search_term_string\"}],\"inLanguage\":\"en-GB\"}]}<\/script>\n<!-- \/ Yoast SEO plugin. -->","yoast_head_json":{"title":"Wellnessurlaub im 3*S Hotel Zedernhof im Bayerischen Wald","description":"Entspannung pur beim Wellnessurlaub im Bayerischen Wald \u2013 Saunalandschaft \u2713Whirlpool \u2713Schwimmbad \u2713Massage- & Beautybehandlungen \u2013 Angebote entdecken!","robots":{"index":"index","follow":"follow","max-snippet":"max-snippet:-1","max-image-preview":"max-image-preview:large","max-video-preview":"max-video-preview:-1"},"canonical":"https:\/\/hotel-zedernhof.de\/en\/wellnessurlaub-bayerischer-wald\/","og_locale":"en_GB","og_type":"article","og_title":"Wellnessurlaub im 3*S Hotel Zedernhof im Bayerischen Wald","og_description":"Entspannung pur beim Wellnessurlaub im Bayerischen Wald \u2013 Saunalandschaft \u2713Whirlpool \u2713Schwimmbad \u2713Massage- & Beautybehandlungen \u2013 Angebote entdecken!","og_url":"https:\/\/hotel-zedernhof.de\/en\/wellnessurlaub-bayerischer-wald\/","og_site_name":"Hotel Zedernhof","article_modified_time":"2026-04-27T14:11:31+00:00","og_image":[{"url":"https:\/\/hotel-zedernhof.de\/wp-content\/uploads\/2020\/10\/Hotel-Pusl170619mf097-960x604.jpg"}],"twitter_card":"summary_large_image","twitter_misc":{"Estimated reading time":"2 minutes"},"schema":{"@context":"https:\/\/schema.org","@graph":[{"@type":"WebPage","@id":"https:\/\/hotel-zedernhof.de\/wellnessurlaub-bayerischer-wald\/","url":"https:\/\/hotel-zedernhof.de\/wellnessurlaub-bayerischer-wald\/","name":"Wellnessurlaub im 3*S Hotel Zedernhof im Bayerischen Wald","isPartOf":{"@id":"https:\/\/hotel-zedernhof.de\/#website"},"datePublished":"2024-09-27T12:10:22+00:00","dateModified":"2026-04-27T14:11:31+00:00","description":"Entspannung pur beim Wellnessurlaub im Bayerischen Wald \u2013 Saunalandschaft \u2713Whirlpool \u2713Schwimmbad \u2713Massage- & Beautybehandlungen \u2013 Angebote entdecken!","breadcrumb":{"@id":"https:\/\/hotel-zedernhof.de\/wellnessurlaub-bayerischer-wald\/#breadcrumb"},"inLanguage":"en-GB","potentialAction":[{"@type":"ReadAction","target":["https:\/\/hotel-zedernhof.de\/wellnessurlaub-bayerischer-wald\/"]}]},{"@type":"BreadcrumbList","@id":"https:\/\/hotel-zedernhof.de\/wellnessurlaub-bayerischer-wald\/#breadcrumb","itemListElement":[{"@type":"ListItem","position":1,"name":"Startseite","item":"https:\/\/hotel-zedernhof.de\/"},{"@type":"ListItem","position":2,"name":"Wellnessurlaub Bayerischer Wald"}]},{"@type":"WebSite","@id":"https:\/\/hotel-zedernhof.de\/#website","url":"https:\/\/hotel-zedernhof.de\/","name":"Hotel Zedernhof","description":"Hotel Zedernhof","potentialAction":[{"@type":"SearchAction","target":{"@type":"EntryPoint","urlTemplate":"https:\/\/hotel-zedernhof.de\/?s={search_term_string}"},"query-input":"required name=search_term_string"}],"inLanguage":"en-GB"}]}},"_links":{"self":[{"href":"https:\/\/hotel-zedernhof.de\/en\/wp-json\/wp\/v2\/pages\/4722"}],"collection":[{"href":"https:\/\/hotel-zedernhof.de\/en\/wp-json\/wp\/v2\/pages"}],"about":[{"href":"https:\/\/hotel-zedernhof.de\/en\/wp-json\/wp\/v2\/types\/page"}],"author":[{"embeddable":true,"href":"https:\/\/hotel-zedernhof.de\/en\/wp-json\/wp\/v2\/users\/2"}],"replies":[{"embeddable":true,"href":"https:\/\/hotel-zedernhof.de\/en\/wp-json\/wp\/v2\/comments?post=4722"}],"version-history":[{"count":8,"href":"https:\/\/hotel-zedernhof.de\/en\/wp-json\/wp\/v2\/pages\/4722\/revisions"}],"predecessor-version":[{"id":4732,"href":"https:\/\/hotel-zedernhof.de\/en\/wp-json\/wp\/v2\/pages\/4722\/revisions\/4732"}],"wp:attachment":[{"href":"https:\/\/hotel-zedernhof.de\/en\/wp-json\/wp\/v2\/media?parent=4722"}],"curies":[{"name":"wp","href":"https:\/\/api.w.org\/{rel}","templated":true}]}}