{"id":4733,"date":"2024-10-10T13:08:40","date_gmt":"2024-10-10T13:08:40","guid":{"rendered":"https:\/\/hotel-zedernhof.de\/?page_id=4733"},"modified":"2026-04-27T14:13:08","modified_gmt":"2026-04-27T14:13:08","slug":"winterurlaub","status":"publish","type":"page","link":"https:\/\/hotel-zedernhof.de\/en\/winterurlaub\/","title":{"rendered":"Winterurlaub"},"content":{"rendered":"<div data-elementor-type=\"wp-post\" data-elementor-id=\"4733\" class=\"elementor elementor-4733\" data-elementor-post-type=\"page\">\n\t\t\t\t\t\t\t\t\t<section class=\"elementor-section elementor-top-section elementor-element elementor-element-634dbc5f elementor-section-full_width elementor-section-height-full elementor-section-height-default elementor-section-items-middle\" data-id=\"634dbc5f\" data-element_type=\"section\" data-settings=\"{&quot;background_background&quot;:&quot;classic&quot;}\">\n\t\t\t\t\t\t\t<div class=\"elementor-background-overlay\"><\/div>\n\t\t\t\t\t\t\t<div class=\"elementor-container elementor-column-gap-default\">\n\t\t\t\t\t<div class=\"elementor-column elementor-col-100 elementor-top-column elementor-element elementor-element-31c10fba\" data-id=\"31c10fba\" data-element_type=\"column\">\n\t\t\t<div class=\"elementor-widget-wrap elementor-element-populated\">\n\t\t\t\t\t\t\t\t<div class=\"elementor-element elementor-element-8ec1300 elementor-widget elementor-widget-heading\" data-id=\"8ec1300\" data-element_type=\"widget\" data-widget_type=\"heading.default\">\n\t\t\t\t<div class=\"elementor-widget-container\">\n\t\t\t<h1 class=\"elementor-heading-title elementor-size-xxl\">Ihr Winterurlaub im Bayerischen Wald<\/h1>\t\t<\/div>\n\t\t\t\t<\/div>\n\t\t\t\t\t<\/div>\n\t\t<\/div>\n\t\t\t\t\t\t\t<\/div>\n\t\t<\/section>\n\t\t\t\t<section class=\"elementor-section elementor-top-section elementor-element elementor-element-48aa0ee elementor-section-boxed elementor-section-height-default elementor-section-height-default\" data-id=\"48aa0ee\" data-element_type=\"section\">\n\t\t\t\t\t\t<div class=\"elementor-container elementor-column-gap-default\">\n\t\t\t\t\t<div class=\"elementor-column elementor-col-100 elementor-top-column elementor-element elementor-element-7dff3eb\" data-id=\"7dff3eb\" data-element_type=\"column\">\n\t\t\t<div class=\"elementor-widget-wrap elementor-element-populated\">\n\t\t\t\t\t\t\t\t<div class=\"elementor-element elementor-element-711fdcb elementor-widget elementor-widget-spacer\" data-id=\"711fdcb\" data-element_type=\"widget\" data-widget_type=\"spacer.default\">\n\t\t\t\t<div class=\"elementor-widget-container\">\n\t\t\t\t\t<div class=\"elementor-spacer\">\n\t\t\t<div class=\"elementor-spacer-inner\"><\/div>\n\t\t<\/div>\n\t\t\t\t<\/div>\n\t\t\t\t<\/div>\n\t\t\t\t<div class=\"elementor-element elementor-element-622332f elementor-widget elementor-widget-text-editor\" data-id=\"622332f\" data-element_type=\"widget\" data-widget_type=\"text-editor.default\">\n\t\t\t\t<div class=\"elementor-widget-container\">\n\t\t\t\t\t\t\t<p><span data-contrast=\"none\">Verbringen Sie einen unvergesslichen <\/span><span data-contrast=\"none\">Winterurlaub im Bayerischen Wald <\/span><span data-contrast=\"none\">im 3*S Hotel Zedernhof. Eingebettet in die wundersch\u00f6ne Natur, bietet unser 3-Sterne-Superior-Hotel in Stamsried die perfekte Kombination aus Erholung und Aktivit\u00e4ten. Genie\u00dfen Sie die winterliche Landschaft und lassen Sie sich von unseren vielf\u00e4ltigen Angeboten w\u00e4hrend Ihres <\/span><span data-contrast=\"none\">Winterurlaubs in Bayern <\/span><span data-contrast=\"none\">verw\u00f6hnen. Ob <\/span><a href=\"https:\/\/hotel-zedernhof.de\/en\/romantikhotel\/\"><span data-contrast=\"none\">romantische Auszeit<\/span><\/a><span data-contrast=\"none\">&nbsp;oder <\/span><span data-contrast=\"none\"><a href=\"https:\/\/hotel-zedernhof.de\/en\/aktivurlaub-bayern\/\">sportlich aktiv<\/a> sein<\/span><span data-contrast=\"none\">&nbsp;\u2013 bei uns finden Sie das perfekte Angebot f\u00fcr jeden.<\/span><span data-ccp-props=\"{&quot;335551550&quot;:6,&quot;335551620&quot;:6}\">&nbsp;<\/span><\/p>\n<h2><b><span data-contrast=\"none\">Unsere <\/span><\/b><b><span data-contrast=\"none\">Winter<\/span><\/b><b><span data-contrast=\"none\">angebote im Hotel<\/span><\/b><span data-ccp-props=\"{&quot;335551550&quot;:6,&quot;335551620&quot;:6,&quot;335559731&quot;:708}\">&nbsp;<\/span><\/h2>\n<h3><b><span data-contrast=\"none\">Gem\u00fctliche Zimmer f\u00fcr Ihren <\/span><\/b><b><span data-contrast=\"none\">Winterurlaub im Bayerischen Wald<\/span><\/b><span data-ccp-props=\"{&quot;335551550&quot;:6,&quot;335551620&quot;:6,&quot;335559685&quot;:708,&quot;335559731&quot;:708}\">&nbsp;<\/span><\/h3>\n<p><span data-contrast=\"none\">Unsere komfortablen <a href=\"https:\/\/hotel-zedernhof.de\/en\/wohnen-preise\/\">Zimmer<\/a><\/span><span data-contrast=\"none\">&nbsp;sind mit modernen Annehmlichkeiten ausgestattet und bieten Ihnen einen herrlichen Blick auf die Umgebung.&nbsp;<\/span><span data-ccp-props=\"{&quot;335551550&quot;:6,&quot;335551620&quot;:6,&quot;335559685&quot;:1416}\">&nbsp;<\/span><\/p>\n<p><span data-contrast=\"none\">Die liebevoll gestalteten Zimmer schaffen eine gem\u00fctliche Atmosph\u00e4re, in der Sie nach einem aufregenden Tag in der Natur entspannen k\u00f6nnen. Genie\u00dfen Sie den Komfort und die Ruhe, die unser Hotel f\u00fcr Ihren <\/span><span data-contrast=\"none\">Winterurlaub im bayerischen Wald<\/span><span data-contrast=\"none\"> bietet und lassen Sie den Alltag hinter sich.<\/span><span data-ccp-props=\"{&quot;335551550&quot;:6,&quot;335551620&quot;:6,&quot;335559685&quot;:1416}\">&nbsp;<\/span><\/p>\n<h3><b><span data-contrast=\"none\">Wellness-Oase: Entspannung pur<\/span><\/b><span data-ccp-props=\"{&quot;335551550&quot;:6,&quot;335551620&quot;:6,&quot;335559685&quot;:708,&quot;335559731&quot;:708}\">&nbsp;<\/span><\/h3>\n<p><span data-contrast=\"none\">Der gro\u00dfz\u00fcgige <\/span><a href=\"https:\/\/hotel-zedernhof.de\/en\/wellness\/\"><span data-contrast=\"none\">Wellnessbereich<\/span><\/a><span data-contrast=\"none\">&nbsp;von \u00fcber 1200 m\u00b2 l\u00e4dt dazu ein, K\u00f6rper und Geist zu regenerieren. Zu unseren Wellness-Angeboten geh\u00f6ren:<\/span><span data-ccp-props=\"{&quot;335551550&quot;:6,&quot;335551620&quot;:6,&quot;335559685&quot;:1416}\">&nbsp;<\/span><\/p>\n<ul>\n<li data-leveltext=\"-\" data-font=\"Calibri\" data-listid=\"11\" data-list-defn-props=\"{&quot;335551671&quot;:0,&quot;335552541&quot;:1,&quot;335559685&quot;:1776,&quot;335559991&quot;:360,&quot;469769226&quot;:&quot;Calibri&quot;,&quot;469769242&quot;:[8226],&quot;469777803&quot;:&quot;left&quot;,&quot;469777804&quot;:&quot;-&quot;,&quot;469777815&quot;:&quot;hybridMultilevel&quot;}\" aria-setsize=\"-1\" data-aria-posinset=\"0\" data-aria-level=\"1\"><a href=\"https:\/\/hotel-zedernhof.de\/en\/saunieren-bayerischer-wald\/\"><span data-contrast=\"none\">Finnische Sauna, Bio-Sauna &amp; Dampfsauna<\/span><\/a><\/li>\n<\/ul>\n<ul>\n<li data-leveltext=\"-\" data-font=\"Calibri\" data-listid=\"11\" data-list-defn-props=\"{&quot;335551671&quot;:0,&quot;335552541&quot;:1,&quot;335559685&quot;:1776,&quot;335559991&quot;:360,&quot;469769226&quot;:&quot;Calibri&quot;,&quot;469769242&quot;:[8226],&quot;469777803&quot;:&quot;left&quot;,&quot;469777804&quot;:&quot;-&quot;,&quot;469777815&quot;:&quot;hybridMultilevel&quot;}\" aria-setsize=\"-1\" data-aria-posinset=\"1\" data-aria-level=\"1\"><a href=\"https:\/\/hotel-zedernhof.de\/en\/whirlpool\/\"><span data-contrast=\"none\">Whirlpool<\/span><\/a><span data-contrast=\"none\">&nbsp;zum Relaxen nach einem aktiven Tag<\/span><span data-ccp-props=\"{&quot;335551550&quot;:6,&quot;335551620&quot;:6}\">&nbsp;<\/span><\/li>\n<\/ul>\n<ul>\n<li data-leveltext=\"-\" data-font=\"Calibri\" data-listid=\"11\" data-list-defn-props=\"{&quot;335551671&quot;:0,&quot;335552541&quot;:1,&quot;335559685&quot;:1776,&quot;335559991&quot;:360,&quot;469769226&quot;:&quot;Calibri&quot;,&quot;469769242&quot;:[8226],&quot;469777803&quot;:&quot;left&quot;,&quot;469777804&quot;:&quot;-&quot;,&quot;469777815&quot;:&quot;hybridMultilevel&quot;}\" aria-setsize=\"-1\" data-aria-posinset=\"2\" data-aria-level=\"1\"><a href=\"https:\/\/hotel-zedernhof.de\/en\/wellness\/#bade\"><span data-contrast=\"none\">Pools<\/span><\/a><span data-contrast=\"none\">&nbsp;mit Gegenstromanlage<\/span><span data-ccp-props=\"{&quot;335551550&quot;:6,&quot;335551620&quot;:6}\">&nbsp;<\/span><\/li>\n<\/ul>\n<p><span data-contrast=\"none\">Zus\u00e4tzlich bieten wir eine Vielzahl von Massagen und Kosmetikbehandlungen an, um Ihnen ein Rundum-Wohlf\u00fchlpaket zu bieten. Unsere professionellen Therapeuten sorgen daf\u00fcr, dass Sie sich rundum erfrischt f\u00fchlen.&nbsp;<\/span><span data-ccp-props=\"{&quot;335551550&quot;:6,&quot;335551620&quot;:6,&quot;335559685&quot;:1416}\">&nbsp;<\/span><\/p>\n<h3><b><span data-contrast=\"none\">Kulinarische Gen\u00fcsse: Verw\u00f6hnung f\u00fcr den Gaumen<\/span><\/b><span data-ccp-props=\"{&quot;335551550&quot;:6,&quot;335551620&quot;:6,&quot;335559685&quot;:1416}\">&nbsp;<\/span><\/h3>\n<p><span data-contrast=\"none\">Mit unserer \u00be-Pension beginnen Sie Ihren Tag im <\/span><span data-contrast=\"none\">Winterurlaub<\/span> <span data-contrast=\"none\">in Bayern<\/span><span data-contrast=\"none\"> mit einem reichhaltigen Fr\u00fchst\u00fccksbuffet, das regionale Spezialit\u00e4ten umfasst. Abends erwartet Sie eine abwechslungsreiche Men\u00fcauswahl in unserer hauseigenen <\/span><a href=\"https:\/\/hotel-zedernhof.de\/en\/kulinarik\/\"><span data-contrast=\"none\">Gastronomie<\/span><\/a><span data-contrast=\"none\">. Wir servieren sowohl traditionelle bayerische als auch internationale Gerichte, zubereitet aus frischen Zutaten der Region.<\/span><span data-ccp-props=\"{&quot;335551550&quot;:6,&quot;335551620&quot;:6,&quot;335559685&quot;:1416}\">&nbsp;<\/span><\/p>\n<h2><b><span data-contrast=\"none\">Aktivit\u00e4ten w\u00e4hrend Ihres <\/span><\/b><b><span data-contrast=\"none\">Winterurlaubs in Bayern<\/span><\/b> <span data-ccp-props=\"{&quot;335551550&quot;:6,&quot;335551620&quot;:6,&quot;335559731&quot;:708}\">&nbsp;<\/span><\/h2>\n<p><span data-contrast=\"none\">Der Bayerische Wald ist bekannt f\u00fcr seine zahlreichen Freizeitm\u00f6glichkeiten im <\/span><span data-contrast=\"none\">Winter<\/span><span data-contrast=\"none\">. In der Umgebung des Hotels Zedernhof k\u00f6nnen Sie:<\/span><span data-ccp-props=\"{&quot;335551550&quot;:6,&quot;335551620&quot;:6,&quot;335559685&quot;:708}\">&nbsp;<\/span><\/p>\n<h3><b><span data-contrast=\"none\">Skifahren und Snowboarden<\/span><\/b><span data-ccp-props=\"{&quot;335551550&quot;:6,&quot;335551620&quot;:6,&quot;335559685&quot;:708,&quot;335559731&quot;:708}\">&nbsp;<\/span><\/h3>\n<p><span data-contrast=\"none\">Die nahegelegenen Skigebiete bieten Pisten f\u00fcr jedes K\u00f6nnen \u2013 vom Anf\u00e4nger bis zum Profi. Skischulen stehen bereit, um Ihnen die Grundlagen des Skifahrens beizubringen oder Ihre Technik zu verfeinern. Genie\u00dfen Sie die frische Bergluft und die atemberaubende Aussicht auf die verschneiten Gipfel.<\/span><span data-ccp-props=\"{&quot;335551550&quot;:6,&quot;335551620&quot;:6,&quot;335559685&quot;:1416}\">&nbsp;<\/span><\/p>\n<h3><b><span data-contrast=\"none\"> Langlaufen<\/span><\/b><span data-ccp-props=\"{&quot;335551550&quot;:6,&quot;335551620&quot;:6,&quot;335559685&quot;:708,&quot;335559731&quot;:708}\">&nbsp;<\/span><\/h3>\n<p><span data-contrast=\"none\">F\u00fcr Langlaufbegeisterte gibt es ein weitl\u00e4ufiges Netz an pr\u00e4parierten Loipen, die durch idyllische W\u00e4lder und \u00fcber sanfte H\u00fcgel f\u00fchren.&nbsp;<\/span><span data-ccp-props=\"{&quot;335551550&quot;:6,&quot;335551620&quot;:6,&quot;335559685&quot;:1416}\">&nbsp;<\/span><\/p>\n<h3><b><span data-contrast=\"none\">Winterwandern<\/span><\/b><span data-ccp-props=\"{&quot;335551550&quot;:6,&quot;335551620&quot;:6,&quot;335559685&quot;:708,&quot;335559731&quot;:708}\">&nbsp;<\/span><\/h3>\n<p><span data-contrast=\"none\">Entdecken Sie die Sch\u00f6nheit der winterlichen Landschaft auf ausgewiesenen Winterwanderwegen w\u00e4hrend Ihres <\/span><span data-contrast=\"none\">Winterurlaubs im Bayerischen Wald<\/span><span data-contrast=\"none\">. Die ruhige Natur l\u00e4dt dazu ein, die Seele baumeln zu lassen und den Alltagsstress hinter sich zu lassen. Machen Sie eine gef\u00fchrte Schneeschuhwanderung oder erkunden Sie die verschneiten Wege.<\/span><span data-ccp-props=\"{&quot;335551550&quot;:6,&quot;335551620&quot;:6,&quot;335559685&quot;:1416}\">&nbsp;<\/span><\/p>\n<h3><b><span data-contrast=\"none\">Rodeln und Eislaufen<\/span><\/b><span data-ccp-props=\"{&quot;335551550&quot;:6,&quot;335551620&quot;:6,&quot;335559685&quot;:708,&quot;335559731&quot;:708}\">&nbsp;<\/span><\/h3>\n<p><span data-contrast=\"none\">F\u00fcr Familien gibt es zahlreiche Rodelbahnen in der Umgebung, die Spa\u00df f\u00fcr Gro\u00df und Klein garantieren. Auch Eislaufm\u00f6glichkeiten sind vorhanden \u2013 genie\u00dfen Sie eine Runde auf dem Eis oder entspannen Sie einfach bei einer hei\u00dfen Schokolade in einer der gem\u00fctlichen H\u00fctten.<\/span><span data-ccp-props=\"{&quot;335551550&quot;:6,&quot;335551620&quot;:6,&quot;335559685&quot;:1416}\">&nbsp;<\/span><\/p>\n<h2><b><span data-contrast=\"none\">Der <\/span><\/b><b><span data-contrast=\"none\">Bayerische Wald &#8211; Ideal f\u00fcr Ihren<\/span><\/b><b><span data-contrast=\"none\">&nbsp;<\/span><\/b><b><span data-contrast=\"none\">Winterurlaub<\/span><\/b><span data-ccp-props=\"{&quot;335551550&quot;:6,&quot;335551620&quot;:6,&quot;335559731&quot;:708}\">&nbsp;<\/span><\/h2>\n<p><span data-contrast=\"none\">Das 3* Hotel Zedernhof ist der ideale Ort f\u00fcr einen erholsamen und aktiven <\/span><span data-contrast=\"none\">Winterurlaub<\/span><span data-contrast=\"none\">. Genie\u00dfen Sie die Kombination aus Wellness, Naturerlebnissen und kulinarischen Highlights. Buchen Sie jetzt Ihren Aufenthalt bei uns und erleben Sie unvergessliche Tage im <\/span><span data-contrast=\"none\">Bayerischen Wald<\/span><span data-contrast=\"none\">!<\/span><span data-ccp-props=\"{&quot;335551550&quot;:6,&quot;335551620&quot;:6,&quot;335559685&quot;:708}\">&nbsp;<\/span><\/p>\t\t\t\t\t\t<\/div>\n\t\t\t\t<\/div>\n\t\t\t\t<div class=\"elementor-element elementor-element-86aefe0 elementor-widget elementor-widget-spacer\" data-id=\"86aefe0\" data-element_type=\"widget\" data-widget_type=\"spacer.default\">\n\t\t\t\t<div class=\"elementor-widget-container\">\n\t\t\t\t\t<div class=\"elementor-spacer\">\n\t\t\t<div class=\"elementor-spacer-inner\"><\/div>\n\t\t<\/div>\n\t\t\t\t<\/div>\n\t\t\t\t<\/div>\n\t\t\t\t\t<\/div>\n\t\t<\/div>\n\t\t\t\t\t\t\t<\/div>\n\t\t<\/section>\n\t\t\t\t<section class=\"elementor-section elementor-top-section elementor-element elementor-element-90e5f1e elementor-section-boxed elementor-section-height-default elementor-section-height-default\" data-id=\"90e5f1e\" data-element_type=\"section\">\n\t\t\t\t\t\t<div class=\"elementor-container elementor-column-gap-default\">\n\t\t\t\t\t<div class=\"elementor-column elementor-col-50 elementor-top-column elementor-element elementor-element-eebe01f\" data-id=\"eebe01f\" data-element_type=\"column\">\n\t\t\t<div class=\"elementor-widget-wrap elementor-element-populated\">\n\t\t\t\t\t\t\t\t<div class=\"elementor-element elementor-element-8c3a235 elementor-widget elementor-widget-image\" data-id=\"8c3a235\" data-element_type=\"widget\" data-widget_type=\"image.default\">\n\t\t\t\t<div class=\"elementor-widget-container\">\n\t\t\t\t\t\t\t\t\t\t\t\t\t\t\t<img decoding=\"async\" width=\"960\" height=\"604\" src=\"https:\/\/hotel-zedernhof.de\/wp-content\/uploads\/2020\/10\/sparkler-677774_1920-960x604.jpg\" class=\"attachment-hoteller-blog size-hoteller-blog wp-image-2306\" alt=\"Wunderkerze\" \/>\t\t\t\t\t\t\t\t\t\t\t\t\t\t\t<\/div>\n\t\t\t\t<\/div>\n\t\t\t\t\t<\/div>\n\t\t<\/div>\n\t\t\t\t<div class=\"elementor-column elementor-col-50 elementor-top-column elementor-element elementor-element-3d37519\" data-id=\"3d37519\" data-element_type=\"column\">\n\t\t\t<div class=\"elementor-widget-wrap elementor-element-populated\">\n\t\t\t\t\t\t\t\t<div class=\"elementor-element elementor-element-dc75a81 elementor-widget elementor-widget-image\" data-id=\"dc75a81\" data-element_type=\"widget\" data-widget_type=\"image.default\">\n\t\t\t\t<div class=\"elementor-widget-container\">\n\t\t\t\t\t\t\t\t\t\t\t\t\t\t\t<img decoding=\"async\" width=\"960\" height=\"604\" src=\"https:\/\/hotel-zedernhof.de\/wp-content\/uploads\/2020\/10\/Hotel-Pusl170619mf093-960x604.jpg\" class=\"attachment-hoteller-blog size-hoteller-blog wp-image-2288\" alt=\"Personen in Sauna\" srcset=\"https:\/\/hotel-zedernhof.de\/wp-content\/uploads\/2020\/10\/Hotel-Pusl170619mf093-960x604.jpg 960w, https:\/\/hotel-zedernhof.de\/wp-content\/uploads\/2020\/10\/Hotel-Pusl170619mf093-16x10.jpg 16w\" sizes=\"(max-width: 960px) 100vw, 960px\" \/>\t\t\t\t\t\t\t\t\t\t\t\t\t\t\t<\/div>\n\t\t\t\t<\/div>\n\t\t\t\t\t<\/div>\n\t\t<\/div>\n\t\t\t\t\t\t\t<\/div>\n\t\t<\/section>\n\t\t\t\t<section class=\"elementor-section elementor-top-section elementor-element elementor-element-8d4b630 elementor-section-boxed elementor-section-height-default elementor-section-height-default\" data-id=\"8d4b630\" data-element_type=\"section\">\n\t\t\t\t\t\t<div class=\"elementor-container elementor-column-gap-default\">\n\t\t\t\t\t<div class=\"elementor-column elementor-col-50 elementor-top-column elementor-element elementor-element-0c31be1\" data-id=\"0c31be1\" data-element_type=\"column\">\n\t\t\t<div class=\"elementor-widget-wrap elementor-element-populated\">\n\t\t\t\t\t\t\t\t<div class=\"elementor-element elementor-element-7ab4945 elementor-widget elementor-widget-button\" data-id=\"7ab4945\" data-element_type=\"widget\" data-widget_type=\"button.default\">\n\t\t\t\t<div class=\"elementor-widget-container\">\n\t\t\t\t\t<div class=\"elementor-button-wrapper\">\n\t\t\t<a class=\"elementor-button elementor-button-link elementor-size-sm\" href=\"https:\/\/hotel-zedernhof.de\/en\/silvesterangebote\/\">\n\t\t\t\t\t\t<span class=\"elementor-button-content-wrapper\">\n\t\t\t\t\t\t<span class=\"elementor-button-text\">Jetzt Silvesterangebote entdecken!<\/span>\n\t\t<\/span>\n\t\t\t\t\t<\/a>\n\t\t<\/div>\n\t\t\t\t<\/div>\n\t\t\t\t<\/div>\n\t\t\t\t\t<\/div>\n\t\t<\/div>\n\t\t\t\t<div class=\"elementor-column elementor-col-50 elementor-top-column elementor-element elementor-element-d00e019\" data-id=\"d00e019\" data-element_type=\"column\">\n\t\t\t<div class=\"elementor-widget-wrap elementor-element-populated\">\n\t\t\t\t\t\t\t\t<div class=\"elementor-element elementor-element-f2be67e elementor-widget elementor-widget-button\" data-id=\"f2be67e\" data-element_type=\"widget\" data-widget_type=\"button.default\">\n\t\t\t\t<div class=\"elementor-widget-container\">\n\t\t\t\t\t<div class=\"elementor-button-wrapper\">\n\t\t\t<a class=\"elementor-button elementor-button-link elementor-size-sm\" href=\"https:\/\/ibev5.hotels-online-buchen.de\/ibe\/Stamsriedzedernhof\/\">\n\t\t\t\t\t\t<span class=\"elementor-button-content-wrapper\">\n\t\t\t\t\t\t<span class=\"elementor-button-text\">Jetzt Winterurlaub in Bayern buchen!<\/span>\n\t\t<\/span>\n\t\t\t\t\t<\/a>\n\t\t<\/div>\n\t\t\t\t<\/div>\n\t\t\t\t<\/div>\n\t\t\t\t\t<\/div>\n\t\t<\/div>\n\t\t\t\t\t\t\t<\/div>\n\t\t<\/section>\n\t\t\t\t\t\t\t<\/div>","protected":false},"excerpt":{"rendered":"<p>Ihr Winterurlaub im Bayerischen Wald Verbringen Sie einen unvergesslichen Winterurlaub im Bayerischen Wald im 3*S Hotel Zedernhof. Eingebettet in die wundersch\u00f6ne Natur, bietet unser 3-Sterne-Superior-Hotel in Stamsried die perfekte Kombination aus Erholung und Aktivit\u00e4ten. Genie\u00dfen Sie die winterliche Landschaft und [&hellip;]<\/p>","protected":false},"author":2,"featured_media":0,"parent":0,"menu_order":0,"comment_status":"closed","ping_status":"closed","template":"elementor_header_footer","meta":{"footnotes":""},"yoast_head":"<!-- This site is optimized with the Yoast SEO plugin v21.5 - https:\/\/yoast.com\/wordpress\/plugins\/seo\/ -->\n<title>Winterurlaub im Bayerischen Wald im 3*S Hotel Zedernhof<\/title>\n<meta name=\"description\" content=\"Traumhafter Winterurlaub in wundersch\u00f6ner Landschaft des Bayerischen Waldes. \u2713Schneeschuhwanderungen \u2713Skifahren \u2713gem\u00fctliche Abende am Kamin - Jetzt buchen!\" \/>\n<meta name=\"robots\" content=\"index, follow, max-snippet:-1, max-image-preview:large, max-video-preview:-1\" \/>\n<link rel=\"canonical\" href=\"https:\/\/hotel-zedernhof.de\/en\/winterurlaub\/\" \/>\n<meta property=\"og:locale\" content=\"en_GB\" \/>\n<meta property=\"og:type\" content=\"article\" \/>\n<meta property=\"og:title\" content=\"Winterurlaub im Bayerischen Wald im 3*S Hotel Zedernhof\" \/>\n<meta property=\"og:description\" content=\"Traumhafter Winterurlaub in wundersch\u00f6ner Landschaft des Bayerischen Waldes. \u2713Schneeschuhwanderungen \u2713Skifahren \u2713gem\u00fctliche Abende am Kamin - Jetzt buchen!\" \/>\n<meta property=\"og:url\" content=\"https:\/\/hotel-zedernhof.de\/en\/winterurlaub\/\" \/>\n<meta property=\"og:site_name\" content=\"Hotel Zedernhof\" \/>\n<meta property=\"article:modified_time\" content=\"2026-04-27T14:13:08+00:00\" \/>\n<meta property=\"og:image\" content=\"https:\/\/hotel-zedernhof.de\/wp-content\/uploads\/2020\/10\/sparkler-677774_1920-960x604.jpg\" \/>\n<meta name=\"twitter:card\" content=\"summary_large_image\" \/>\n<meta name=\"twitter:label1\" content=\"Estimated reading time\" \/>\n\t<meta name=\"twitter:data1\" content=\"4 minutes\" \/>\n<script type=\"application\/ld+json\" class=\"yoast-schema-graph\">{\"@context\":\"https:\/\/schema.org\",\"@graph\":[{\"@type\":\"WebPage\",\"@id\":\"https:\/\/hotel-zedernhof.de\/winterurlaub\/\",\"url\":\"https:\/\/hotel-zedernhof.de\/winterurlaub\/\",\"name\":\"Winterurlaub im Bayerischen Wald im 3*S Hotel Zedernhof\",\"isPartOf\":{\"@id\":\"https:\/\/hotel-zedernhof.de\/#website\"},\"datePublished\":\"2024-10-10T13:08:40+00:00\",\"dateModified\":\"2026-04-27T14:13:08+00:00\",\"description\":\"Traumhafter Winterurlaub in wundersch\u00f6ner Landschaft des Bayerischen Waldes. \u2713Schneeschuhwanderungen \u2713Skifahren \u2713gem\u00fctliche Abende am Kamin - Jetzt buchen!\",\"breadcrumb\":{\"@id\":\"https:\/\/hotel-zedernhof.de\/winterurlaub\/#breadcrumb\"},\"inLanguage\":\"en-GB\",\"potentialAction\":[{\"@type\":\"ReadAction\",\"target\":[\"https:\/\/hotel-zedernhof.de\/winterurlaub\/\"]}]},{\"@type\":\"BreadcrumbList\",\"@id\":\"https:\/\/hotel-zedernhof.de\/winterurlaub\/#breadcrumb\",\"itemListElement\":[{\"@type\":\"ListItem\",\"position\":1,\"name\":\"Startseite\",\"item\":\"https:\/\/hotel-zedernhof.de\/\"},{\"@type\":\"ListItem\",\"position\":2,\"name\":\"Winterurlaub\"}]},{\"@type\":\"WebSite\",\"@id\":\"https:\/\/hotel-zedernhof.de\/#website\",\"url\":\"https:\/\/hotel-zedernhof.de\/\",\"name\":\"Hotel Zedernhof\",\"description\":\"Hotel Zedernhof\",\"potentialAction\":[{\"@type\":\"SearchAction\",\"target\":{\"@type\":\"EntryPoint\",\"urlTemplate\":\"https:\/\/hotel-zedernhof.de\/?s={search_term_string}\"},\"query-input\":\"required name=search_term_string\"}],\"inLanguage\":\"en-GB\"}]}<\/script>\n<!-- \/ Yoast SEO plugin. -->","yoast_head_json":{"title":"Winterurlaub im Bayerischen Wald im 3*S Hotel Zedernhof","description":"Traumhafter Winterurlaub in wundersch\u00f6ner Landschaft des Bayerischen Waldes. \u2713Schneeschuhwanderungen \u2713Skifahren \u2713gem\u00fctliche Abende am Kamin - Jetzt buchen!","robots":{"index":"index","follow":"follow","max-snippet":"max-snippet:-1","max-image-preview":"max-image-preview:large","max-video-preview":"max-video-preview:-1"},"canonical":"https:\/\/hotel-zedernhof.de\/en\/winterurlaub\/","og_locale":"en_GB","og_type":"article","og_title":"Winterurlaub im Bayerischen Wald im 3*S Hotel Zedernhof","og_description":"Traumhafter Winterurlaub in wundersch\u00f6ner Landschaft des Bayerischen Waldes. \u2713Schneeschuhwanderungen \u2713Skifahren \u2713gem\u00fctliche Abende am Kamin - Jetzt buchen!","og_url":"https:\/\/hotel-zedernhof.de\/en\/winterurlaub\/","og_site_name":"Hotel Zedernhof","article_modified_time":"2026-04-27T14:13:08+00:00","og_image":[{"url":"https:\/\/hotel-zedernhof.de\/wp-content\/uploads\/2020\/10\/sparkler-677774_1920-960x604.jpg"}],"twitter_card":"summary_large_image","twitter_misc":{"Estimated reading time":"4 minutes"},"schema":{"@context":"https:\/\/schema.org","@graph":[{"@type":"WebPage","@id":"https:\/\/hotel-zedernhof.de\/winterurlaub\/","url":"https:\/\/hotel-zedernhof.de\/winterurlaub\/","name":"Winterurlaub im Bayerischen Wald im 3*S Hotel Zedernhof","isPartOf":{"@id":"https:\/\/hotel-zedernhof.de\/#website"},"datePublished":"2024-10-10T13:08:40+00:00","dateModified":"2026-04-27T14:13:08+00:00","description":"Traumhafter Winterurlaub in wundersch\u00f6ner Landschaft des Bayerischen Waldes. \u2713Schneeschuhwanderungen \u2713Skifahren \u2713gem\u00fctliche Abende am Kamin - Jetzt buchen!","breadcrumb":{"@id":"https:\/\/hotel-zedernhof.de\/winterurlaub\/#breadcrumb"},"inLanguage":"en-GB","potentialAction":[{"@type":"ReadAction","target":["https:\/\/hotel-zedernhof.de\/winterurlaub\/"]}]},{"@type":"BreadcrumbList","@id":"https:\/\/hotel-zedernhof.de\/winterurlaub\/#breadcrumb","itemListElement":[{"@type":"ListItem","position":1,"name":"Startseite","item":"https:\/\/hotel-zedernhof.de\/"},{"@type":"ListItem","position":2,"name":"Winterurlaub"}]},{"@type":"WebSite","@id":"https:\/\/hotel-zedernhof.de\/#website","url":"https:\/\/hotel-zedernhof.de\/","name":"Hotel Zedernhof","description":"Hotel Zedernhof","potentialAction":[{"@type":"SearchAction","target":{"@type":"EntryPoint","urlTemplate":"https:\/\/hotel-zedernhof.de\/?s={search_term_string}"},"query-input":"required name=search_term_string"}],"inLanguage":"en-GB"}]}},"_links":{"self":[{"href":"https:\/\/hotel-zedernhof.de\/en\/wp-json\/wp\/v2\/pages\/4733"}],"collection":[{"href":"https:\/\/hotel-zedernhof.de\/en\/wp-json\/wp\/v2\/pages"}],"about":[{"href":"https:\/\/hotel-zedernhof.de\/en\/wp-json\/wp\/v2\/types\/page"}],"author":[{"embeddable":true,"href":"https:\/\/hotel-zedernhof.de\/en\/wp-json\/wp\/v2\/users\/2"}],"replies":[{"embeddable":true,"href":"https:\/\/hotel-zedernhof.de\/en\/wp-json\/wp\/v2\/comments?post=4733"}],"version-history":[{"count":4,"href":"https:\/\/hotel-zedernhof.de\/en\/wp-json\/wp\/v2\/pages\/4733\/revisions"}],"predecessor-version":[{"id":4737,"href":"https:\/\/hotel-zedernhof.de\/en\/wp-json\/wp\/v2\/pages\/4733\/revisions\/4737"}],"wp:attachment":[{"href":"https:\/\/hotel-zedernhof.de\/en\/wp-json\/wp\/v2\/media?parent=4733"}],"curies":[{"name":"wp","href":"https:\/\/api.w.org\/{rel}","templated":true}]}}